{"id":16477,"date":"2024-10-23T15:31:25","date_gmt":"2024-10-23T12:31:25","guid":{"rendered":"https:\/\/wp.vooluekspert.ee\/?page_id=16477"},"modified":"2026-03-04T13:08:18","modified_gmt":"2026-03-04T11:08:18","slug":"hinnakiri","status":"publish","type":"page","link":"https:\/\/ninaplastika.eu\/en\/hinnakiri\/","title":{"rendered":"Price list"},"content":{"rendered":"<div data-elementor-type=\"wp-page\" data-elementor-id=\"16477\" class=\"elementor elementor-16477\" data-elementor-post-type=\"page\">\n\t\t\t\t\t\t<section class=\"elementor-section elementor-top-section elementor-element elementor-element-2c21b36 elementor-section-height-min-height elementor-section-boxed elementor-section-height-default elementor-section-items-middle\" data-id=\"2c21b36\" data-element_type=\"section\" data-settings=\"{&quot;background_background&quot;:&quot;gradient&quot;}\">\n\t\t\t\t\t\t\t<div class=\"elementor-background-overlay\"><\/div>\n\t\t\t\t\t\t\t<div class=\"elementor-container elementor-column-gap-default\">\n\t\t\t\t\t<div class=\"elementor-column elementor-col-100 elementor-top-column elementor-element elementor-element-3f70983\" data-id=\"3f70983\" data-element_type=\"column\">\n\t\t\t<div class=\"elementor-widget-wrap elementor-element-populated\">\n\t\t\t\t\t\t<div class=\"elementor-element elementor-element-b1599d4 elementor-widget__width-initial elementor-widget elementor-widget-heading\" data-id=\"b1599d4\" data-element_type=\"widget\" data-widget_type=\"heading.default\">\n\t\t\t\t<div class=\"elementor-widget-container\">\n\t\t\t\t\t<h1 class=\"elementor-heading-title elementor-size-default\">Rhinoplasty and nose surgery price<\/h1>\t\t\t\t<\/div>\n\t\t\t\t<\/div>\n\t\t\t\t<div class=\"elementor-element elementor-element-7179fe7 elementor-widget__width-auto elementor-widget elementor-widget-button\" data-id=\"7179fe7\" data-element_type=\"widget\" data-widget_type=\"button.default\">\n\t\t\t\t<div class=\"elementor-widget-container\">\n\t\t\t\t\t\t\t\t\t<div class=\"elementor-button-wrapper\">\n\t\t\t\t\t<a class=\"elementor-button elementor-button-link elementor-size-sm\" href=\"#kontakt\">\n\t\t\t\t\t\t<span class=\"elementor-button-content-wrapper\">\n\t\t\t\t\t\t\t\t\t<span class=\"elementor-button-text\">Contact us<\/span>\n\t\t\t\t\t<\/span>\n\t\t\t\t\t<\/a>\n\t\t\t\t<\/div>\n\t\t\t\t\t\t\t\t<\/div>\n\t\t\t\t<\/div>\n\t\t\t\t<div class=\"elementor-element elementor-element-09ff6b2 elementor-widget__width-auto elementor-widget elementor-widget-button\" data-id=\"09ff6b2\" data-element_type=\"widget\" data-widget_type=\"button.default\">\n\t\t\t\t<div class=\"elementor-widget-container\">\n\t\t\t\t\t\t\t\t\t<div class=\"elementor-button-wrapper\">\n\t\t\t\t\t<a class=\"elementor-button elementor-button-link elementor-size-sm\" href=\"https:\/\/www.veebiregistratuur.ee\/fertilitas\/?employee=RrNyOpOr6o\" target=\"_blank\" rel=\"noopener\">\n\t\t\t\t\t\t<span class=\"elementor-button-content-wrapper\">\n\t\t\t\t\t\t\t\t\t<span class=\"elementor-button-text\">Book an appointment<\/span>\n\t\t\t\t\t<\/span>\n\t\t\t\t\t<\/a>\n\t\t\t\t<\/div>\n\t\t\t\t\t\t\t\t<\/div>\n\t\t\t\t<\/div>\n\t\t\t\t\t<\/div>\n\t\t<\/div>\n\t\t\t\t\t<\/div>\n\t\t<\/section>\n\t\t\t\t<section class=\"elementor-section elementor-top-section elementor-element elementor-element-3938f38 elementor-section-boxed elementor-section-height-default elementor-section-height-default\" data-id=\"3938f38\" data-element_type=\"section\">\n\t\t\t\t\t\t<div class=\"elementor-container elementor-column-gap-default\">\n\t\t\t\t\t<div class=\"elementor-column elementor-col-100 elementor-top-column elementor-element elementor-element-88d5e85\" data-id=\"88d5e85\" data-element_type=\"column\">\n\t\t\t<div class=\"elementor-widget-wrap elementor-element-populated\">\n\t\t\t\t\t\t<div class=\"elementor-element elementor-element-4c4eca1 elementor-widget__width-initial elementor-widget elementor-widget-text-editor\" data-id=\"4c4eca1\" data-element_type=\"widget\" data-widget_type=\"text-editor.default\">\n\t\t\t\t<div class=\"elementor-widget-container\">\n\t\t\t\t\t\t\t\t\t<p><span style=\"font-weight: 400;\">Rhinoplasty is a very varied type of surgery. The scope of the nose surgery, <\/span><span style=\"font-weight: 400;\">and thus the price of nose surgery<\/span><span style=\"font-weight: 400;\">, depends on many individual factors, as well as the surgeon&#039;s technical preferences. Therefore, prior consultation is necessary to determine the price. <\/span><span style=\"font-weight: 400;\">consultation. The final price of rhinoplasty will be determined after <\/span><span style=\"font-weight: 400;\">initial visit, aesthetic analysis and preparation of the initial surgical plan.<\/span><\/p><p><span style=\"font-weight: 400;\">The price list for rhinoplasty may vary from clinic to clinic and depends on the complexity of the operation, the materials and techniques used. The price of rhinoplasty usually includes the cost of the operation itself, anesthesia, aftercare in the hospital, home medications and follow-up check-ups. You will find out the exact cost after a consultation with me, the surgeon, who will assess your individual needs and wishes and create a surgical plan.<\/span><\/p>\t\t\t\t\t\t\t\t<\/div>\n\t\t\t\t<\/div>\n\t\t\t\t<div class=\"elementor-element elementor-element-0ac4078 elementor-hidden-desktop elementor-hidden-tablet elementor-widget__width-auto elementor-widget elementor-widget-button\" data-id=\"0ac4078\" data-element_type=\"widget\" data-widget_type=\"button.default\">\n\t\t\t\t<div class=\"elementor-widget-container\">\n\t\t\t\t\t\t\t\t\t<div class=\"elementor-button-wrapper\">\n\t\t\t\t\t<a class=\"elementor-button elementor-button-link elementor-size-sm\" href=\"#kontakt\">\n\t\t\t\t\t\t<span class=\"elementor-button-content-wrapper\">\n\t\t\t\t\t\t\t\t\t<span class=\"elementor-button-text\">Contact us<\/span>\n\t\t\t\t\t<\/span>\n\t\t\t\t\t<\/a>\n\t\t\t\t<\/div>\n\t\t\t\t\t\t\t\t<\/div>\n\t\t\t\t<\/div>\n\t\t\t\t<div class=\"elementor-element elementor-element-c05f769 elementor-widget__width-initial elementor-widget elementor-widget-text-editor\" data-id=\"c05f769\" data-element_type=\"widget\" data-widget_type=\"text-editor.default\">\n\t\t\t\t<div class=\"elementor-widget-container\">\n\t\t\t\t\t\t\t\t\t<table><tbody><tr><td>Correction of a minor defect (e.g. small hump, skin defect)<\/td><td>3500 \u2013 4500\u20ac<\/td><\/tr><tr><td>Rhinoplasty<\/td><td>4000 \u2013 5000\u20ac<\/td><\/tr><tr><td>Straightening a crooked nose<\/td><td>3000 \u2013 7000\u20ac<\/td><\/tr><tr><td>Nose tip + bridge of nose<\/td><td>5000 \u2013 6000\u20ac<\/td><\/tr><tr><td>Correction of a complex defect<\/td><td>6000 \u2013 7000\u20ac<\/td><\/tr><\/tbody><\/table>\t\t\t\t\t\t\t\t<\/div>\n\t\t\t\t<\/div>\n\t\t\t\t<div class=\"elementor-element elementor-element-478ca89 elementor-widget elementor-widget-text-editor\" data-id=\"478ca89\" data-element_type=\"widget\" data-widget_type=\"text-editor.default\">\n\t\t\t\t<div class=\"elementor-widget-container\">\n\t\t\t\t\t\t\t\t\t<p><span style=\"font-weight: 400;\">If you think <\/span><a href=\"https:\/\/ninaplastika.eu\/en\"><span style=\"font-weight: 400;\">for rhinoplasty<\/span><\/a><span style=\"font-weight: 400;\"> or nose surgery, it is recommended to thoroughly <\/span><span style=\"font-weight: 400;\">consider all important aspects of rhinoplasty<\/span><span style=\"font-weight: 400;\">. Dating can help you make a decision. <\/span><a href=\"https:\/\/ninaplastika.eu\/en\/portfoolio\/\"><span style=\"font-weight: 400;\">with pre- and post-operative photos<\/span><\/a><span style=\"font-weight: 400;\"> and <\/span><a href=\"https:\/\/ninaplastika.eu\/en\/hinnakiri\/\"><span style=\"font-weight: 400;\">with the price list for nose surgery<\/span><\/a><span style=\"font-weight: 400;\">If you would like to move forward with planning your nose surgery, you can book <\/span><a href=\"https:\/\/www.veebiregistratuur.ee\/fertilitas\/?employee=RrNyOpOr6o\" target=\"_blank\" rel=\"noopener\"><span style=\"font-weight: 400;\">consultation time for reception<\/span><\/a><span style=\"font-weight: 400;\"> or write a letter and <a href=\"https:\/\/ninaplastika.eu\/en\/kontakt\/\">book <\/a><\/span><a href=\"https:\/\/ninaplastika.eu\/en\/kontakt\/\"><span style=\"font-weight: 400;\">e-consultation<\/span><span style=\"font-weight: 400;\">. <\/span><\/a><\/p>\t\t\t\t\t\t\t\t<\/div>\n\t\t\t\t<\/div>\n\t\t\t\t<div class=\"elementor-element elementor-element-267a747 elementor-widget__width-auto elementor-widget elementor-widget-button\" data-id=\"267a747\" data-element_type=\"widget\" data-widget_type=\"button.default\">\n\t\t\t\t<div class=\"elementor-widget-container\">\n\t\t\t\t\t\t\t\t\t<div class=\"elementor-button-wrapper\">\n\t\t\t\t\t<a class=\"elementor-button elementor-button-link elementor-size-sm\" href=\"#kontakt\">\n\t\t\t\t\t\t<span class=\"elementor-button-content-wrapper\">\n\t\t\t\t\t\t\t\t\t<span class=\"elementor-button-text\">Contact us<\/span>\n\t\t\t\t\t<\/span>\n\t\t\t\t\t<\/a>\n\t\t\t\t<\/div>\n\t\t\t\t\t\t\t\t<\/div>\n\t\t\t\t<\/div>\n\t\t\t\t<div class=\"elementor-element elementor-element-5f6e762 elementor-widget__width-auto elementor-widget elementor-widget-button\" data-id=\"5f6e762\" data-element_type=\"widget\" data-widget_type=\"button.default\">\n\t\t\t\t<div class=\"elementor-widget-container\">\n\t\t\t\t\t\t\t\t\t<div class=\"elementor-button-wrapper\">\n\t\t\t\t\t<a class=\"elementor-button elementor-button-link elementor-size-sm\" href=\"https:\/\/www.veebiregistratuur.ee\/fertilitas\/?employee=RrNyOpOr6o\" target=\"_blank\" rel=\"noopener\">\n\t\t\t\t\t\t<span class=\"elementor-button-content-wrapper\">\n\t\t\t\t\t\t\t\t\t<span class=\"elementor-button-text\">Book an appointment<\/span>\n\t\t\t\t\t<\/span>\n\t\t\t\t\t<\/a>\n\t\t\t\t<\/div>\n\t\t\t\t\t\t\t\t<\/div>\n\t\t\t\t<\/div>\n\t\t\t\t\t<\/div>\n\t\t<\/div>\n\t\t\t\t\t<\/div>\n\t\t<\/section>\n\t\t\t\t<\/div>","protected":false},"excerpt":{"rendered":"<p>Rinoplastika ja ninaoperatsiooni hind V\u00f5ta \u00fchendust Broneeri vastuv\u00f5tt Ninaplastika on v\u00e4ga variatsioonirikas kirurgia liik. Ninaoperatsiooni maht, ja seel\u00e4bi ninaoperatsiooni hind, s\u00f5ltub paljudest individuaalsetest faktoritest, aga ka kirurgi tehnilistest eelistustest. Seet\u00f5ttu on hinna kujundamiseks vajalik eelnev konsultatsioon. L\u00f5plik rinoplastika hind kujuneb peale esmast visiiti, esteetilist anal\u00fc\u00fcsi ja algse operatsiooniplaani koostamist. Ninaoperatsiooni hinnakiri v\u00f5ib erineda kliinikuti ning [&hellip;]<\/p>\n","protected":false},"author":4,"featured_media":0,"parent":0,"menu_order":0,"comment_status":"closed","ping_status":"closed","template":"elementor_header_footer","meta":{"footnotes":""},"categories":[],"tags":[],"class_list":["post-16477","page","type-page","status-publish","hentry"],"_links":{"self":[{"href":"https:\/\/ninaplastika.eu\/en\/wp-json\/wp\/v2\/pages\/16477","targetHints":{"allow":["GET"]}}],"collection":[{"href":"https:\/\/ninaplastika.eu\/en\/wp-json\/wp\/v2\/pages"}],"about":[{"href":"https:\/\/ninaplastika.eu\/en\/wp-json\/wp\/v2\/types\/page"}],"author":[{"embeddable":true,"href":"https:\/\/ninaplastika.eu\/en\/wp-json\/wp\/v2\/users\/4"}],"replies":[{"embeddable":true,"href":"https:\/\/ninaplastika.eu\/en\/wp-json\/wp\/v2\/comments?post=16477"}],"version-history":[{"count":29,"href":"https:\/\/ninaplastika.eu\/en\/wp-json\/wp\/v2\/pages\/16477\/revisions"}],"predecessor-version":[{"id":17830,"href":"https:\/\/ninaplastika.eu\/en\/wp-json\/wp\/v2\/pages\/16477\/revisions\/17830"}],"wp:attachment":[{"href":"https:\/\/ninaplastika.eu\/en\/wp-json\/wp\/v2\/media?parent=16477"}],"wp:term":[{"taxonomy":"category","embeddable":true,"href":"https:\/\/ninaplastika.eu\/en\/wp-json\/wp\/v2\/categories?post=16477"},{"taxonomy":"post_tag","embeddable":true,"href":"https:\/\/ninaplastika.eu\/en\/wp-json\/wp\/v2\/tags?post=16477"}],"curies":[{"name":"wp","href":"https:\/\/api.w.org\/{rel}","templated":true}]}}