{"id":17150,"date":"2025-01-13T16:56:09","date_gmt":"2025-01-13T14:56:09","guid":{"rendered":"https:\/\/ninaplastika.eu\/v2\/?page_id=17150"},"modified":"2025-01-15T12:22:03","modified_gmt":"2025-01-15T10:22:03","slug":"rinoplastika","status":"publish","type":"page","link":"https:\/\/ninaplastika.eu\/en\/rinoplastika\/","title":{"rendered":"Rhinoplasty"},"content":{"rendered":"<div data-elementor-type=\"wp-page\" data-elementor-id=\"17150\" class=\"elementor elementor-17150\" data-elementor-post-type=\"page\">\n\t\t\t\t\t\t<section class=\"elementor-section elementor-top-section elementor-element elementor-element-2c21b36 elementor-section-height-min-height elementor-section-boxed elementor-section-height-default elementor-section-items-middle\" data-id=\"2c21b36\" data-element_type=\"section\" data-settings=\"{&quot;background_background&quot;:&quot;gradient&quot;}\">\n\t\t\t\t\t\t\t<div class=\"elementor-background-overlay\"><\/div>\n\t\t\t\t\t\t\t<div class=\"elementor-container elementor-column-gap-default\">\n\t\t\t\t\t<div class=\"elementor-column elementor-col-100 elementor-top-column elementor-element elementor-element-3f70983\" data-id=\"3f70983\" data-element_type=\"column\">\n\t\t\t<div class=\"elementor-widget-wrap elementor-element-populated\">\n\t\t\t\t\t\t<div class=\"elementor-element elementor-element-b1599d4 elementor-widget__width-initial elementor-widget elementor-widget-heading\" data-id=\"b1599d4\" data-element_type=\"widget\" data-widget_type=\"heading.default\">\n\t\t\t\t<div class=\"elementor-widget-container\">\n\t\t\t\t\t<h1 class=\"elementor-heading-title elementor-size-default\">Rhinoplasty or nose surgery <\/h1>\t\t\t\t<\/div>\n\t\t\t\t<\/div>\n\t\t\t\t<div class=\"elementor-element elementor-element-52d1287 elementor-widget elementor-widget-text-editor\" data-id=\"52d1287\" data-element_type=\"widget\" data-widget_type=\"text-editor.default\">\n\t\t\t\t<div class=\"elementor-widget-container\">\n\t\t\t\t\t\t\t\t\t<p><a href=\"https:\/\/en.wikipedia.org\/wiki\/Rhinoplasty\" target=\"_blank\" rel=\"noopener\"><span style=\"font-weight: 400;\">Rhinoplasty<\/span><\/a><span style=\"font-weight: 400;\"> as a term, it comes from ancient Greek words <\/span><i><span style=\"font-weight: 400;\">nose + shape.\u00a0<\/span><\/i><span style=\"font-weight: 400;\">Treatments for plastic repair of a broken nose are first mentioned in a papyrus dating back to 3000 to 2500 BC. Today, rhinoplasty is one of the most common plastic surgery procedures performed to change the appearance of the nose.\u00a0<\/span><\/p>\t\t\t\t\t\t\t\t<\/div>\n\t\t\t\t<\/div>\n\t\t\t\t<div class=\"elementor-element elementor-element-7179fe7 elementor-widget__width-auto elementor-widget elementor-widget-button\" data-id=\"7179fe7\" data-element_type=\"widget\" data-widget_type=\"button.default\">\n\t\t\t\t<div class=\"elementor-widget-container\">\n\t\t\t\t\t\t\t\t\t<div class=\"elementor-button-wrapper\">\n\t\t\t\t\t<a class=\"elementor-button elementor-button-link elementor-size-sm\" href=\"https:\/\/ninaplastika.eu\/en\/hinnakiri\/\">\n\t\t\t\t\t\t<span class=\"elementor-button-content-wrapper\">\n\t\t\t\t\t\t\t\t\t<span class=\"elementor-button-text\">Price list<\/span>\n\t\t\t\t\t<\/span>\n\t\t\t\t\t<\/a>\n\t\t\t\t<\/div>\n\t\t\t\t\t\t\t\t<\/div>\n\t\t\t\t<\/div>\n\t\t\t\t<div class=\"elementor-element elementor-element-09ff6b2 elementor-widget__width-auto elementor-widget elementor-widget-button\" data-id=\"09ff6b2\" data-element_type=\"widget\" data-widget_type=\"button.default\">\n\t\t\t\t<div class=\"elementor-widget-container\">\n\t\t\t\t\t\t\t\t\t<div class=\"elementor-button-wrapper\">\n\t\t\t\t\t<a class=\"elementor-button elementor-button-link elementor-size-sm\" href=\"https:\/\/www.veebiregistratuur.ee\/fertilitas\/?employee=RrNyOpOr6o\" target=\"_blank\" rel=\"noopener\">\n\t\t\t\t\t\t<span class=\"elementor-button-content-wrapper\">\n\t\t\t\t\t\t\t\t\t<span class=\"elementor-button-text\">Book an appointment<\/span>\n\t\t\t\t\t<\/span>\n\t\t\t\t\t<\/a>\n\t\t\t\t<\/div>\n\t\t\t\t\t\t\t\t<\/div>\n\t\t\t\t<\/div>\n\t\t\t\t\t<\/div>\n\t\t<\/div>\n\t\t\t\t\t<\/div>\n\t\t<\/section>\n\t\t\t\t<section class=\"elementor-section elementor-top-section elementor-element elementor-element-3046cdb elementor-section-boxed elementor-section-height-default elementor-section-height-default\" data-id=\"3046cdb\" data-element_type=\"section\">\n\t\t\t\t\t\t<div class=\"elementor-container elementor-column-gap-default\">\n\t\t\t\t\t<div class=\"elementor-column elementor-col-50 elementor-top-column elementor-element elementor-element-9a84639\" data-id=\"9a84639\" data-element_type=\"column\">\n\t\t\t<div class=\"elementor-widget-wrap elementor-element-populated\">\n\t\t\t\t\t\t<div class=\"elementor-element elementor-element-32f08ce elementor-widget elementor-widget-text-editor\" data-id=\"32f08ce\" data-element_type=\"widget\" data-widget_type=\"text-editor.default\">\n\t\t\t\t<div class=\"elementor-widget-container\">\n\t\t\t\t\t\t\t\t\t<p><span style=\"font-weight: 400;\">Rhinoplasty surgery is a cosmetic surgery procedure that corrects the shape, size, or proportions of the nose according to the patient&#039;s wishes and facial features. Initial recovery from rhinoplasty usually takes 2-3 weeks, but the final result is not visible until 12 months later. Approximately 15-20% of patients may require revision surgery to correct the result of rhinoplasty.\u00a0<\/span><\/p><p><span style=\"font-weight: 400;\">Before performing rhinoplasty, the surgeon conducts a thorough consultation with the patient. During the conversation, both physical and mental readiness for the operation is determined. It is important to understand the patient&#039;s psychological reasons for the operation. The surgeon assesses whether the patient&#039;s expectations are realistic and whether the operation could really improve his or her quality of life. This helps to avoid later disappointments and ensures greater satisfaction with the results of the operation.<\/span><\/p>\t\t\t\t\t\t\t\t<\/div>\n\t\t\t\t<\/div>\n\t\t\t\t<div class=\"elementor-element elementor-element-2fecd93 elementor-widget elementor-widget-toggle\" data-id=\"2fecd93\" data-element_type=\"widget\" data-widget_type=\"toggle.default\">\n\t\t\t\t<div class=\"elementor-widget-container\">\n\t\t\t\t\t\t\t<div class=\"elementor-toggle\">\n\t\t\t\t\t\t\t<div class=\"elementor-toggle-item\">\n\t\t\t\t\t<h3 id=\"elementor-tab-title-5021\" class=\"elementor-tab-title\" data-tab=\"1\" role=\"button\" aria-controls=\"elementor-tab-content-5021\" aria-expanded=\"false\">\n\t\t\t\t\t\t\t\t\t\t\t\t<span class=\"elementor-toggle-icon elementor-toggle-icon-left\" aria-hidden=\"true\">\n\t\t\t\t\t\t\t\t\t\t\t\t\t\t\t<span class=\"elementor-toggle-icon-closed\"><i class=\"fas fa-caret-right\"><\/i><\/span>\n\t\t\t\t\t\t\t\t<span class=\"elementor-toggle-icon-opened\"><i class=\"elementor-toggle-icon-opened fas fa-caret-up\"><\/i><\/span>\n\t\t\t\t\t\t\t\t\t\t\t\t\t<\/span>\n\t\t\t\t\t\t\t\t\t\t\t\t<a class=\"elementor-toggle-title\" tabindex=\"0\">Difference between rhinoplasty, septoplasty and rhinoseptoplasty<\/a>\n\t\t\t\t\t<\/h3>\n\n\t\t\t\t\t<div id=\"elementor-tab-content-5021\" class=\"elementor-tab-content elementor-clearfix\" data-tab=\"1\" role=\"region\" aria-labelledby=\"elementor-tab-title-5021\"><p><span style=\"font-weight: 400;\">The goal of rhinoplasty is to correct the nose. The correction can be cosmetic or functional.\u00a0<\/span><\/p><p><span style=\"font-weight: 400;\">Rhinoplasty focuses on changing the appearance of the nose and is therefore a cosmetic surgery. Septoplasty, on the other hand, is a functional surgery that corrects a deviated septum, or nasal septum. Rhinoseptoplasty combines both procedures \u2013 both aesthetic nose correction and functional problem resolution. Often, the transition between the two is seamless, and the improvement of nasal breathing function is accompanied by an aesthetic change.\u00a0<\/span><\/p><p><span style=\"font-weight: 400;\">Nasal sinus surgery is a separate procedure with a functional goal \u2013 it focuses on reducing swelling of the nasal mucosa and improving breathing.<\/span><\/p><p><span style=\"font-weight: 400;\">Nasal reconstruction is a surgical procedure that aims to restore the normal appearance and function of the nose by correcting a major congenital defect, or by correcting an acquired defect, such as after trauma or after tumor removal.<\/span><\/p><\/div>\n\t\t\t\t<\/div>\n\t\t\t\t\t\t\t\t<\/div>\n\t\t\t\t\t\t<\/div>\n\t\t\t\t<\/div>\n\t\t\t\t<div class=\"elementor-element elementor-element-2a443a6 elementor-widget__width-auto elementor-widget elementor-widget-button\" data-id=\"2a443a6\" data-element_type=\"widget\" data-widget_type=\"button.default\">\n\t\t\t\t<div class=\"elementor-widget-container\">\n\t\t\t\t\t\t\t\t\t<div class=\"elementor-button-wrapper\">\n\t\t\t\t\t<a class=\"elementor-button elementor-button-link elementor-size-sm\" href=\"https:\/\/www.veebiregistratuur.ee\/fertilitas\/?employee=RrNyOpOr6o\" target=\"_blank\" rel=\"noopener\">\n\t\t\t\t\t\t<span class=\"elementor-button-content-wrapper\">\n\t\t\t\t\t\t\t\t\t<span class=\"elementor-button-text\">Book an appointment<\/span>\n\t\t\t\t\t<\/span>\n\t\t\t\t\t<\/a>\n\t\t\t\t<\/div>\n\t\t\t\t\t\t\t\t<\/div>\n\t\t\t\t<\/div>\n\t\t\t\t<div class=\"elementor-element elementor-element-e18ee5b elementor-widget__width-initial elementor-widget elementor-widget-heading\" data-id=\"e18ee5b\" data-element_type=\"widget\" data-widget_type=\"heading.default\">\n\t\t\t\t<div class=\"elementor-widget-container\">\n\t\t\t\t\t<h2 class=\"elementor-heading-title elementor-size-default\">Rhinoplasty in Tallinn<\/h2>\t\t\t\t<\/div>\n\t\t\t\t<\/div>\n\t\t\t\t<div class=\"elementor-element elementor-element-20a42b1 elementor-widget elementor-widget-text-editor\" data-id=\"20a42b1\" data-element_type=\"widget\" data-widget_type=\"text-editor.default\">\n\t\t\t\t<div class=\"elementor-widget-container\">\n\t\t\t\t\t\t\t\t\t<p><span style=\"font-weight: 400;\">There are several plastic surgeons and clinics that perform nose surgeries in Tallinn. When planning a nose reconstruction or cosmetic surgery, it is worth thoroughly researching the experience and previous work of different surgeons. Many clinics offer the opportunity to view rhinoplasty videos and see <\/span><a href=\"https:\/\/ninaplastika.eu\/en\/portfoolio\/\"><span style=\"font-weight: 400;\">\u201cbefore and after\u201d pictures<\/span><\/a><span style=\"font-weight: 400;\">.\u00a0<\/span><\/p><p><span style=\"font-weight: 400;\">The price of the operation depends on the complexity and scope of the procedure, but the average cost is between 3,000 and 6,000 euros. Before the operation, a thorough consultation takes place, where the patient&#039;s wishes are discussed, a surgical plan is established, and the course of the operation and the recovery process are explained. <\/span><\/p><p><span style=\"font-weight: 400;\">I offer services as a plastic surgeon in Tallinn, performing aesthetic surgeries on both the nose and the earlobes. If you are thinking <\/span><a href=\"https:\/\/ninaplastika.eu\/en\"><span style=\"font-weight: 400;\">for rhinoplasty<\/span><\/a><span style=\"font-weight: 400;\"> or nose surgery, it is recommended to thoroughly <\/span><span style=\"font-weight: 400;\">consider all important aspects of rhinoplasty<\/span><span style=\"font-weight: 400;\">. Dating can help you make a decision. <\/span><a href=\"https:\/\/ninaplastika.eu\/en\/portfoolio\/\"><span style=\"font-weight: 400;\">with pre- and post-operative photos<\/span><\/a><span style=\"font-weight: 400;\"> and <\/span><a href=\"https:\/\/ninaplastika.eu\/en\/hinnakiri\/\"><span style=\"font-weight: 400;\">with the price list for nose surgery<\/span><\/a><span style=\"font-weight: 400;\">If you would like to move forward with planning your nose surgery, you can book <\/span><a href=\"https:\/\/www.veebiregistratuur.ee\/fertilitas\/?employee=RrNyOpOr6o\" target=\"_blank\" rel=\"noopener\"><span style=\"font-weight: 400;\">consultation time for reception<\/span><\/a><span style=\"font-weight: 400;\"> or <a href=\"https:\/\/ninaplastika.eu\/en\/kontakt\/\">write a letter and book an e-consultation<\/a>. <\/span><\/p>\t\t\t\t\t\t\t\t<\/div>\n\t\t\t\t<\/div>\n\t\t\t\t<div class=\"elementor-element elementor-element-d428673 elementor-widget__width-auto elementor-widget elementor-widget-button\" data-id=\"d428673\" data-element_type=\"widget\" data-widget_type=\"button.default\">\n\t\t\t\t<div class=\"elementor-widget-container\">\n\t\t\t\t\t\t\t\t\t<div class=\"elementor-button-wrapper\">\n\t\t\t\t\t<a class=\"elementor-button elementor-button-link elementor-size-sm\" href=\"https:\/\/ninaplastika.eu\/en\/hinnakiri\/\">\n\t\t\t\t\t\t<span class=\"elementor-button-content-wrapper\">\n\t\t\t\t\t\t\t\t\t<span class=\"elementor-button-text\">Price list<\/span>\n\t\t\t\t\t<\/span>\n\t\t\t\t\t<\/a>\n\t\t\t\t<\/div>\n\t\t\t\t\t\t\t\t<\/div>\n\t\t\t\t<\/div>\n\t\t\t\t<div class=\"elementor-element elementor-element-fd6db67 elementor-widget__width-auto elementor-widget elementor-widget-button\" data-id=\"fd6db67\" data-element_type=\"widget\" data-widget_type=\"button.default\">\n\t\t\t\t<div class=\"elementor-widget-container\">\n\t\t\t\t\t\t\t\t\t<div class=\"elementor-button-wrapper\">\n\t\t\t\t\t<a class=\"elementor-button elementor-button-link elementor-size-sm\" href=\"https:\/\/www.veebiregistratuur.ee\/fertilitas\/?employee=RrNyOpOr6o\" target=\"_blank\" rel=\"noopener\">\n\t\t\t\t\t\t<span class=\"elementor-button-content-wrapper\">\n\t\t\t\t\t\t\t\t\t<span class=\"elementor-button-text\">Book an appointment<\/span>\n\t\t\t\t\t<\/span>\n\t\t\t\t\t<\/a>\n\t\t\t\t<\/div>\n\t\t\t\t\t\t\t\t<\/div>\n\t\t\t\t<\/div>\n\t\t\t\t\t<\/div>\n\t\t<\/div>\n\t\t\t\t<div class=\"elementor-column elementor-col-50 elementor-top-column elementor-element elementor-element-d6b7008\" data-id=\"d6b7008\" data-element_type=\"column\">\n\t\t\t<div class=\"elementor-widget-wrap elementor-element-populated\">\n\t\t\t\t\t\t<div class=\"elementor-element elementor-element-082f3ae elementor-widget elementor-widget-gallery\" data-id=\"082f3ae\" data-element_type=\"widget\" data-settings=\"{&quot;columns&quot;:1,&quot;aspect_ratio&quot;:&quot;1:1&quot;,&quot;lazyload&quot;:&quot;yes&quot;,&quot;gallery_layout&quot;:&quot;grid&quot;,&quot;columns_tablet&quot;:2,&quot;columns_mobile&quot;:1,&quot;gap&quot;:{&quot;unit&quot;:&quot;px&quot;,&quot;size&quot;:10,&quot;sizes&quot;:[]},&quot;gap_tablet&quot;:{&quot;unit&quot;:&quot;px&quot;,&quot;size&quot;:10,&quot;sizes&quot;:[]},&quot;gap_mobile&quot;:{&quot;unit&quot;:&quot;px&quot;,&quot;size&quot;:10,&quot;sizes&quot;:[]},&quot;link_to&quot;:&quot;file&quot;,&quot;overlay_background&quot;:&quot;yes&quot;,&quot;content_hover_animation&quot;:&quot;fade-in&quot;}\" data-widget_type=\"gallery.default\">\n\t\t\t\t<div class=\"elementor-widget-container\">\n\t\t\t\t\t\t\t<div class=\"elementor-gallery__container\">\n\t\t\t\t\t\t\t<a class=\"e-gallery-item elementor-gallery-item elementor-animated-content\" href=\"https:\/\/ninaplastika.eu\/wp-content\/uploads\/2025\/01\/Erik-Luht-Portfoolio-241_1.webp\" data-elementor-open-lightbox=\"yes\" data-elementor-lightbox-slideshow=\"082f3ae\" data-elementor-lightbox-title=\"Erik-Luht-Portfoolio-241_(1)\" data-e-action-hash=\"#elementor-action%3Aaction%3Dlightbox%26settings%3DeyJpZCI6MTcxNTMsInVybCI6Imh0dHBzOlwvXC9uaW5hcGxhc3Rpa2EuZXVcL3dwLWNvbnRlbnRcL3VwbG9hZHNcLzIwMjVcLzAxXC9FcmlrLUx1aHQtUG9ydGZvb2xpby0yNDFfMS53ZWJwIiwic2xpZGVzaG93IjoiMDgyZjNhZSJ9\">\n\t\t\t\t\t<div class=\"e-gallery-image elementor-gallery-item__image\" data-thumbnail=\"https:\/\/ninaplastika.eu\/wp-content\/uploads\/2025\/01\/Erik-Luht-Portfoolio-241_1.webp\" data-width=\"1200\" data-height=\"1200\" aria-label=\"\" role=\"img\" ><\/div>\n\t\t\t\t\t\t\t\t\t\t\t<div class=\"elementor-gallery-item__overlay\"><\/div>\n\t\t\t\t\t\t\t\t\t\t\t\t\t\t<\/a>\n\t\t\t\t\t\t\t<a class=\"e-gallery-item elementor-gallery-item elementor-animated-content\" href=\"https:\/\/ninaplastika.eu\/wp-content\/uploads\/2025\/01\/rhinoplasty-surgery-preparation-man-ent-is-touching-nose-consulting-man-final-examination-before-septoplasty-surgery_255847-12913.webp\" data-elementor-open-lightbox=\"yes\" data-elementor-lightbox-slideshow=\"082f3ae\" data-elementor-lightbox-title=\"rhinoplasty-surgery-preparation-man-ent-is-touching-nose-consulting-man-final-examination-before-septoplasty-surgery_255847-12913\" data-e-action-hash=\"#elementor-action%3Aaction%3Dlightbox%26settings%3DeyJpZCI6MTcxNjQsInVybCI6Imh0dHBzOlwvXC9uaW5hcGxhc3Rpa2EuZXVcL3dwLWNvbnRlbnRcL3VwbG9hZHNcLzIwMjVcLzAxXC9yaGlub3BsYXN0eS1zdXJnZXJ5LXByZXBhcmF0aW9uLW1hbi1lbnQtaXMtdG91Y2hpbmctbm9zZS1jb25zdWx0aW5nLW1hbi1maW5hbC1leGFtaW5hdGlvbi1iZWZvcmUtc2VwdG9wbGFzdHktc3VyZ2VyeV8yNTU4NDctMTI5MTMud2VicCIsInNsaWRlc2hvdyI6IjA4MmYzYWUifQ%3D%3D\">\n\t\t\t\t\t<div class=\"e-gallery-image elementor-gallery-item__image\" data-thumbnail=\"https:\/\/ninaplastika.eu\/wp-content\/uploads\/2025\/01\/rhinoplasty-surgery-preparation-man-ent-is-touching-nose-consulting-man-final-examination-before-septoplasty-surgery_255847-12913.webp\" data-width=\"417\" data-height=\"626\" aria-label=\"rhinoplasty\" role=\"img\" ><\/div>\n\t\t\t\t\t\t\t\t\t\t\t<div class=\"elementor-gallery-item__overlay\"><\/div>\n\t\t\t\t\t\t\t\t\t\t\t\t\t\t<\/a>\n\t\t\t\t\t<\/div>\n\t\t\t\t\t<\/div>\n\t\t\t\t<\/div>\n\t\t\t\t\t<\/div>\n\t\t<\/div>\n\t\t\t\t\t<\/div>\n\t\t<\/section>\n\t\t\t\t<\/div>","protected":false},"excerpt":{"rendered":"<p>Rinoplastika ehk ninaoperatsioon Rinoplastika terminina tuleneb vanakreeka keelsetest s\u00f5nadest nina + vormima.\u00a0Murtud nina plastilise parandamise ravimeetodeid mainitakse esmakordselt pap\u00fc\u00fcruses, mis p\u00e4rineb 3000. aastast kuni 2500. aastani eKr. T\u00e4nap\u00e4eval on rinoplastika \u00fcks levinumaid plastilise kirurgia protseduure, mille eesm\u00e4rk on muuta nina v\u00e4limust. Hinnakiri Broneeri vastuv\u00f5tt Nina iluoperatsiooni k\u00e4igus korrigeeritakse nina kuju, suurust v\u00f5i proportsioone vastavalt patsiendi [&hellip;]<\/p>\n","protected":false},"author":4,"featured_media":0,"parent":0,"menu_order":0,"comment_status":"closed","ping_status":"closed","template":"","meta":{"footnotes":""},"categories":[],"tags":[],"class_list":["post-17150","page","type-page","status-publish","hentry"],"_links":{"self":[{"href":"https:\/\/ninaplastika.eu\/en\/wp-json\/wp\/v2\/pages\/17150","targetHints":{"allow":["GET"]}}],"collection":[{"href":"https:\/\/ninaplastika.eu\/en\/wp-json\/wp\/v2\/pages"}],"about":[{"href":"https:\/\/ninaplastika.eu\/en\/wp-json\/wp\/v2\/types\/page"}],"author":[{"embeddable":true,"href":"https:\/\/ninaplastika.eu\/en\/wp-json\/wp\/v2\/users\/4"}],"replies":[{"embeddable":true,"href":"https:\/\/ninaplastika.eu\/en\/wp-json\/wp\/v2\/comments?post=17150"}],"version-history":[{"count":29,"href":"https:\/\/ninaplastika.eu\/en\/wp-json\/wp\/v2\/pages\/17150\/revisions"}],"predecessor-version":[{"id":17270,"href":"https:\/\/ninaplastika.eu\/en\/wp-json\/wp\/v2\/pages\/17150\/revisions\/17270"}],"wp:attachment":[{"href":"https:\/\/ninaplastika.eu\/en\/wp-json\/wp\/v2\/media?parent=17150"}],"wp:term":[{"taxonomy":"category","embeddable":true,"href":"https:\/\/ninaplastika.eu\/en\/wp-json\/wp\/v2\/categories?post=17150"},{"taxonomy":"post_tag","embeddable":true,"href":"https:\/\/ninaplastika.eu\/en\/wp-json\/wp\/v2\/tags?post=17150"}],"curies":[{"name":"wp","href":"https:\/\/api.w.org\/{rel}","templated":true}]}}