{"id":16477,"date":"2024-10-23T15:31:25","date_gmt":"2024-10-23T12:31:25","guid":{"rendered":"https:\/\/wp.vooluekspert.ee\/?page_id=16477"},"modified":"2026-04-17T07:21:19","modified_gmt":"2026-04-17T04:21:19","slug":"hinnasto","status":"publish","type":"page","link":"https:\/\/ninaplastika.eu\/fi\/hinnasto\/","title":{"rendered":"Hinnasto"},"content":{"rendered":"<div data-elementor-type=\"wp-page\" data-elementor-id=\"16477\" class=\"elementor elementor-16477\" data-elementor-post-type=\"page\">\n\t\t\t\t\t\t<section class=\"elementor-section elementor-top-section elementor-element elementor-element-2c21b36 elementor-section-height-min-height elementor-section-boxed elementor-section-height-default elementor-section-items-middle\" data-id=\"2c21b36\" data-element_type=\"section\" data-settings=\"{&quot;background_background&quot;:&quot;gradient&quot;}\">\n\t\t\t\t\t\t\t<div class=\"elementor-background-overlay\"><\/div>\n\t\t\t\t\t\t\t<div class=\"elementor-container elementor-column-gap-default\">\n\t\t\t\t\t<div class=\"elementor-column elementor-col-100 elementor-top-column elementor-element elementor-element-3f70983\" data-id=\"3f70983\" data-element_type=\"column\">\n\t\t\t<div class=\"elementor-widget-wrap elementor-element-populated\">\n\t\t\t\t\t\t<div class=\"elementor-element elementor-element-b1599d4 elementor-widget__width-initial elementor-widget elementor-widget-heading\" data-id=\"b1599d4\" data-element_type=\"widget\" data-widget_type=\"heading.default\">\n\t\t\t\t<div class=\"elementor-widget-container\">\n\t\t\t\t\t<h1 class=\"elementor-heading-title elementor-size-default\">Nen\u00e4leikkauksen ja nen\u00e4leikkauksen kustannukset<\/h1>\t\t\t\t<\/div>\n\t\t\t\t<\/div>\n\t\t\t\t<div class=\"elementor-element elementor-element-7179fe7 elementor-widget__width-auto elementor-widget elementor-widget-button\" data-id=\"7179fe7\" data-element_type=\"widget\" data-widget_type=\"button.default\">\n\t\t\t\t<div class=\"elementor-widget-container\">\n\t\t\t\t\t\t\t\t\t<div class=\"elementor-button-wrapper\">\n\t\t\t\t\t<a class=\"elementor-button elementor-button-link elementor-size-sm\" href=\"#kontakt\">\n\t\t\t\t\t\t<span class=\"elementor-button-content-wrapper\">\n\t\t\t\t\t\t\t\t\t<span class=\"elementor-button-text\">Ota yhteytt\u00e4<\/span>\n\t\t\t\t\t<\/span>\n\t\t\t\t\t<\/a>\n\t\t\t\t<\/div>\n\t\t\t\t\t\t\t\t<\/div>\n\t\t\t\t<\/div>\n\t\t\t\t<div class=\"elementor-element elementor-element-09ff6b2 elementor-widget__width-auto elementor-widget elementor-widget-button\" data-id=\"09ff6b2\" data-element_type=\"widget\" data-widget_type=\"button.default\">\n\t\t\t\t<div class=\"elementor-widget-container\">\n\t\t\t\t\t\t\t\t\t<div class=\"elementor-button-wrapper\">\n\t\t\t\t\t<a class=\"elementor-button elementor-button-link elementor-size-sm\" href=\"https:\/\/www.veebiregistratuur.ee\/fertilitas\/?employee=RrNyOpOr6o\" target=\"_blank\" rel=\"noopener\">\n\t\t\t\t\t\t<span class=\"elementor-button-content-wrapper\">\n\t\t\t\t\t\t\t\t\t<span class=\"elementor-button-text\">Varaa vastaanotto<\/span>\n\t\t\t\t\t<\/span>\n\t\t\t\t\t<\/a>\n\t\t\t\t<\/div>\n\t\t\t\t\t\t\t\t<\/div>\n\t\t\t\t<\/div>\n\t\t\t\t\t<\/div>\n\t\t<\/div>\n\t\t\t\t\t<\/div>\n\t\t<\/section>\n\t\t\t\t<section class=\"elementor-section elementor-top-section elementor-element elementor-element-3938f38 elementor-section-boxed elementor-section-height-default elementor-section-height-default\" data-id=\"3938f38\" data-element_type=\"section\">\n\t\t\t\t\t\t<div class=\"elementor-container elementor-column-gap-default\">\n\t\t\t\t\t<div class=\"elementor-column elementor-col-100 elementor-top-column elementor-element elementor-element-88d5e85\" data-id=\"88d5e85\" data-element_type=\"column\">\n\t\t\t<div class=\"elementor-widget-wrap elementor-element-populated\">\n\t\t\t\t\t\t<div class=\"elementor-element elementor-element-4c4eca1 elementor-widget__width-initial elementor-widget elementor-widget-text-editor\" data-id=\"4c4eca1\" data-element_type=\"widget\" data-widget_type=\"text-editor.default\">\n\t\t\t\t<div class=\"elementor-widget-container\">\n\t\t\t\t\t\t\t\t\t<p><span style=\"font-weight: 400;\">Rhinoplastia on hyvin monipuolinen leikkaustyyppi. Nen\u00e4leikkauksen tilavuus, <\/span><span style=\"font-weight: 400;\">ja siten nen\u00e4leikkauksen hinta<\/span><span style=\"font-weight: 400;\">, riippuu monista yksitt\u00e4isist\u00e4 tekij\u00f6ist\u00e4 sek\u00e4 kirurgin teknisist\u00e4 mieltymyksist\u00e4. Siksi yll\u00e4 oleva on v\u00e4ltt\u00e4m\u00e4t\u00f6nt\u00e4 hinnan muodostamiseksi <\/span><span style=\"font-weight: 400;\">konsultointi. Lopullinen nen\u00e4leikkauksen hinta m\u00e4\u00e4r\u00e4ytyy <\/span><span style=\"font-weight: 400;\">ensik\u00e4ynti, esteettinen analyysi ja alkuper\u00e4isen leikkaussuunnitelman laatiminen.<\/span><\/p><p><span style=\"font-weight: 400;\">Nen\u00e4leikkauksen hinnasto voi vaihdella klinikoittain ja riippuu leikkauksen monimutkaisuudesta, k\u00e4ytetyist\u00e4 materiaaleista ja tekniikoista. Nen\u00e4leikkauksen hinta sis\u00e4lt\u00e4\u00e4 yleens\u00e4 itse leikkauksen, anestesian, jatkohoidon sairaalassa, kotihoidot ja seurantatutkimukset. Tarkemman hinnan saat selville neuvoteltuani kanssani kirurgina, joka arvioi yksil\u00f6lliset tarpeesi ja toiveesi sek\u00e4 laatii leikkaussuunnitelman.<\/span><\/p>\t\t\t\t\t\t\t\t<\/div>\n\t\t\t\t<\/div>\n\t\t\t\t<div class=\"elementor-element elementor-element-0ac4078 elementor-hidden-desktop elementor-hidden-tablet elementor-widget__width-auto elementor-widget elementor-widget-button\" data-id=\"0ac4078\" data-element_type=\"widget\" data-widget_type=\"button.default\">\n\t\t\t\t<div class=\"elementor-widget-container\">\n\t\t\t\t\t\t\t\t\t<div class=\"elementor-button-wrapper\">\n\t\t\t\t\t<a class=\"elementor-button elementor-button-link elementor-size-sm\" href=\"#kontakt\">\n\t\t\t\t\t\t<span class=\"elementor-button-content-wrapper\">\n\t\t\t\t\t\t\t\t\t<span class=\"elementor-button-text\">Ota yhteytt\u00e4<\/span>\n\t\t\t\t\t<\/span>\n\t\t\t\t\t<\/a>\n\t\t\t\t<\/div>\n\t\t\t\t\t\t\t\t<\/div>\n\t\t\t\t<\/div>\n\t\t\t\t<div class=\"elementor-element elementor-element-c05f769 elementor-widget__width-initial elementor-widget elementor-widget-text-editor\" data-id=\"c05f769\" data-element_type=\"widget\" data-widget_type=\"text-editor.default\">\n\t\t\t\t<div class=\"elementor-widget-container\">\n\t\t\t\t\t\t\t\t\t<table>\n<tbody>\n<tr>\n<td>Pienen vian (esim. pieni kyhmy, ihovaurio) korjaus<\/td>\n<td>3500\u20134500 \u20ac<\/td>\n<\/tr>\n<tr>\n<td>Nen\u00e4k\u00e4rki muovia<\/td>\n<td>4000\u20135000 \u20ac<\/td>\n<\/tr>\n<tr>\n<td>Vino nen\u00e4n suoristaminen<\/td>\n<td>3000\u20137000 \u20ac<\/td>\n<\/tr>\n<tr>\n<td>Nen\u00e4k\u00e4rki + nen\u00e4silta<\/td>\n<td>5000-6000\u20ac<\/td>\n<\/tr>\n<tr>\n<td>Monimutkainen vian korjaus<\/td>\n<td>6500 \u20ac \u2013&nbsp;<\/td>\n<\/tr>\n<\/tbody>\n<\/table>\t\t\t\t\t\t\t\t<\/div>\n\t\t\t\t<\/div>\n\t\t\t\t<div class=\"elementor-element elementor-element-478ca89 elementor-widget elementor-widget-text-editor\" data-id=\"478ca89\" data-element_type=\"widget\" data-widget_type=\"text-editor.default\">\n\t\t\t\t<div class=\"elementor-widget-container\">\n\t\t\t\t\t\t\t\t\t<p><span style=\"font-weight: 400;\">Jos luulet <\/span><a href=\"https:\/\/ninaplastika.eu\/fi\"><span style=\"font-weight: 400;\">nen\u00e4leikkausta varten<\/span><\/a><span style=\"font-weight: 400;\"> eli nen\u00e4leikkausta suositellaan perusteellisesti <\/span><span style=\"font-weight: 400;\">harkitse kaikkia nen\u00e4plastian t\u00e4rkeit\u00e4 n\u00e4k\u00f6kohtia<\/span><span style=\"font-weight: 400;\">. Treffit voivat auttaa sinua p\u00e4\u00e4t\u00f6ksenteossa <\/span><a href=\"https:\/\/ninaplastika.eu\/fi\/portfoolio\/\"><span style=\"font-weight: 400;\">ennen ja postoperatiivisia kuvia<\/span><\/a><span style=\"font-weight: 400;\"> ja <\/span><a href=\"https:\/\/ninaplastika.eu\/fi\/hinnasto\/\"><span style=\"font-weight: 400;\">nen\u00e4leikkauksen hinnaston kanssa<\/span><\/a><span style=\"font-weight: 400;\">. Jos haluat edet\u00e4 nen\u00e4leikkauksen suunnittelussa, on mahdollista tehd\u00e4 varaus <\/span><a href=\"https:\/\/www.veebiregistratuur.ee\/fertilitas\/?employee=RrNyOpOr6o\" target=\"_blank\" rel=\"noopener\"><span style=\"font-weight: 400;\">konsultaatioaika vastaanotolle<\/span><\/a><span style=\"font-weight: 400;\"> tai kirjoita kirje ja <a href=\"https:\/\/ninaplastika.eu\/fi\/kontakt\/\">kirja <\/a><\/span><a href=\"https:\/\/ninaplastika.eu\/fi\/kontakt\/\"><span style=\"font-weight: 400;\">s\u00e4hk\u00f6inen konsultointi<\/span><span style=\"font-weight: 400;\">. <\/span><\/a><\/p>\t\t\t\t\t\t\t\t<\/div>\n\t\t\t\t<\/div>\n\t\t\t\t<div class=\"elementor-element elementor-element-267a747 elementor-widget__width-auto elementor-widget elementor-widget-button\" data-id=\"267a747\" data-element_type=\"widget\" data-widget_type=\"button.default\">\n\t\t\t\t<div class=\"elementor-widget-container\">\n\t\t\t\t\t\t\t\t\t<div class=\"elementor-button-wrapper\">\n\t\t\t\t\t<a class=\"elementor-button elementor-button-link elementor-size-sm\" href=\"#kontakt\">\n\t\t\t\t\t\t<span class=\"elementor-button-content-wrapper\">\n\t\t\t\t\t\t\t\t\t<span class=\"elementor-button-text\">Ota yhteytt\u00e4<\/span>\n\t\t\t\t\t<\/span>\n\t\t\t\t\t<\/a>\n\t\t\t\t<\/div>\n\t\t\t\t\t\t\t\t<\/div>\n\t\t\t\t<\/div>\n\t\t\t\t<div class=\"elementor-element elementor-element-5f6e762 elementor-widget__width-auto elementor-widget elementor-widget-button\" data-id=\"5f6e762\" data-element_type=\"widget\" data-widget_type=\"button.default\">\n\t\t\t\t<div class=\"elementor-widget-container\">\n\t\t\t\t\t\t\t\t\t<div class=\"elementor-button-wrapper\">\n\t\t\t\t\t<a class=\"elementor-button elementor-button-link elementor-size-sm\" href=\"https:\/\/www.veebiregistratuur.ee\/fertilitas\/?employee=RrNyOpOr6o\" target=\"_blank\" rel=\"noopener\">\n\t\t\t\t\t\t<span class=\"elementor-button-content-wrapper\">\n\t\t\t\t\t\t\t\t\t<span class=\"elementor-button-text\">Varaa vastaanotto<\/span>\n\t\t\t\t\t<\/span>\n\t\t\t\t\t<\/a>\n\t\t\t\t<\/div>\n\t\t\t\t\t\t\t\t<\/div>\n\t\t\t\t<\/div>\n\t\t\t\t\t<\/div>\n\t\t<\/div>\n\t\t\t\t\t<\/div>\n\t\t<\/section>\n\t\t\t\t<\/div>","protected":false},"excerpt":{"rendered":"<p>Rinoplastika ja ninaoperatsiooni hind V\u00f5ta \u00fchendust Broneeri vastuv\u00f5tt Ninaplastika on v\u00e4ga variatsioonirikas kirurgia liik. Ninaoperatsiooni maht, ja seel\u00e4bi ninaoperatsiooni hind, s\u00f5ltub paljudest individuaalsetest faktoritest, aga ka kirurgi tehnilistest eelistustest. Seet\u00f5ttu on hinna kujundamiseks vajalik eelnev konsultatsioon. L\u00f5plik rinoplastika hind kujuneb peale esmast visiiti, esteetilist anal\u00fc\u00fcsi ja algse operatsiooniplaani koostamist. Ninaoperatsiooni hinnakiri v\u00f5ib erineda kliinikuti ning [&hellip;]<\/p>\n","protected":false},"author":4,"featured_media":0,"parent":0,"menu_order":0,"comment_status":"closed","ping_status":"closed","template":"elementor_header_footer","meta":{"footnotes":""},"categories":[],"tags":[],"class_list":["post-16477","page","type-page","status-publish","hentry"],"_links":{"self":[{"href":"https:\/\/ninaplastika.eu\/fi\/wp-json\/wp\/v2\/pages\/16477","targetHints":{"allow":["GET"]}}],"collection":[{"href":"https:\/\/ninaplastika.eu\/fi\/wp-json\/wp\/v2\/pages"}],"about":[{"href":"https:\/\/ninaplastika.eu\/fi\/wp-json\/wp\/v2\/types\/page"}],"author":[{"embeddable":true,"href":"https:\/\/ninaplastika.eu\/fi\/wp-json\/wp\/v2\/users\/4"}],"replies":[{"embeddable":true,"href":"https:\/\/ninaplastika.eu\/fi\/wp-json\/wp\/v2\/comments?post=16477"}],"version-history":[{"count":32,"href":"https:\/\/ninaplastika.eu\/fi\/wp-json\/wp\/v2\/pages\/16477\/revisions"}],"predecessor-version":[{"id":17858,"href":"https:\/\/ninaplastika.eu\/fi\/wp-json\/wp\/v2\/pages\/16477\/revisions\/17858"}],"wp:attachment":[{"href":"https:\/\/ninaplastika.eu\/fi\/wp-json\/wp\/v2\/media?parent=16477"}],"wp:term":[{"taxonomy":"category","embeddable":true,"href":"https:\/\/ninaplastika.eu\/fi\/wp-json\/wp\/v2\/categories?post=16477"},{"taxonomy":"post_tag","embeddable":true,"href":"https:\/\/ninaplastika.eu\/fi\/wp-json\/wp\/v2\/tags?post=16477"}],"curies":[{"name":"wp","href":"https:\/\/api.w.org\/{rel}","templated":true}]}}