{"id":17037,"date":"2025-01-13T14:30:56","date_gmt":"2025-01-13T12:30:56","guid":{"rendered":"https:\/\/ninaplastika.eu\/v2\/?page_id=17037"},"modified":"2025-01-15T12:14:54","modified_gmt":"2025-01-15T10:14:54","slug":"operatsioon","status":"publish","type":"page","link":"https:\/\/ninaplastika.eu\/fi\/operatsioon\/","title":{"rendered":"Toiminta"},"content":{"rendered":"<div data-elementor-type=\"wp-page\" data-elementor-id=\"17037\" class=\"elementor elementor-17037\" data-elementor-post-type=\"page\">\n\t\t\t\t\t\t<section class=\"elementor-section elementor-top-section elementor-element elementor-element-2c21b36 elementor-section-height-min-height elementor-section-boxed elementor-section-height-default elementor-section-items-middle\" data-id=\"2c21b36\" data-element_type=\"section\" data-settings=\"{&quot;background_background&quot;:&quot;gradient&quot;}\">\n\t\t\t\t\t\t\t<div class=\"elementor-background-overlay\"><\/div>\n\t\t\t\t\t\t\t<div class=\"elementor-container elementor-column-gap-default\">\n\t\t\t\t\t<div class=\"elementor-column elementor-col-100 elementor-top-column elementor-element elementor-element-3f70983\" data-id=\"3f70983\" data-element_type=\"column\">\n\t\t\t<div class=\"elementor-widget-wrap elementor-element-populated\">\n\t\t\t\t\t\t<div class=\"elementor-element elementor-element-b1599d4 elementor-widget__width-initial elementor-widget elementor-widget-heading\" data-id=\"b1599d4\" data-element_type=\"widget\" data-widget_type=\"heading.default\">\n\t\t\t\t<div class=\"elementor-widget-container\">\n\t\t\t\t\t<h1 class=\"elementor-heading-title elementor-size-default\">Vinkkej\u00e4 leikkaukseen<\/h1>\t\t\t\t<\/div>\n\t\t\t\t<\/div>\n\t\t\t\t<div class=\"elementor-element elementor-element-a8c07a0 elementor-position-inline-start elementor-mobile-position-inline-start elementor-view-default elementor-widget elementor-widget-icon-box\" data-id=\"a8c07a0\" data-element_type=\"widget\" data-widget_type=\"icon-box.default\">\n\t\t\t\t<div class=\"elementor-widget-container\">\n\t\t\t\t\t\t\t<div class=\"elementor-icon-box-wrapper\">\n\n\t\t\t\t\t\t<div class=\"elementor-icon-box-icon\">\n\t\t\t\t<span  class=\"elementor-icon\">\n\t\t\t\t<i aria-hidden=\"true\" class=\"fas fa-check\"><\/i>\t\t\t\t<\/span>\n\t\t\t<\/div>\n\t\t\t\n\t\t\t\t\t\t<div class=\"elementor-icon-box-content\">\n\n\t\t\t\t\t\t\t\t\t<div class=\"elementor-icon-box-title\">\n\t\t\t\t\t\t<span  >\n\t\t\t\t\t\t\tEsteettiset nen\u00e4- ja sivupolttoleikkaukset\t\t\t\t\t\t<\/span>\n\t\t\t\t\t<\/div>\n\t\t\t\t\n\t\t\t\t\n\t\t\t<\/div>\n\t\t\t\n\t\t<\/div>\n\t\t\t\t\t\t<\/div>\n\t\t\t\t<\/div>\n\t\t\t\t<div class=\"elementor-element elementor-element-d85bcb2 elementor-position-inline-start elementor-mobile-position-inline-start elementor-view-default elementor-widget elementor-widget-icon-box\" data-id=\"d85bcb2\" data-element_type=\"widget\" data-widget_type=\"icon-box.default\">\n\t\t\t\t<div class=\"elementor-widget-container\">\n\t\t\t\t\t\t\t<div class=\"elementor-icon-box-wrapper\">\n\n\t\t\t\t\t\t<div class=\"elementor-icon-box-icon\">\n\t\t\t\t<span  class=\"elementor-icon\">\n\t\t\t\t<i aria-hidden=\"true\" class=\"fas fa-check\"><\/i>\t\t\t\t<\/span>\n\t\t\t<\/div>\n\t\t\t\n\t\t\t\t\t\t<div class=\"elementor-icon-box-content\">\n\n\t\t\t\t\t\t\t\t\t<div class=\"elementor-icon-box-title\">\n\t\t\t\t\t\t<span  >\n\t\t\t\t\t\t\t9 vuoden kokemus\t\t\t\t\t\t<\/span>\n\t\t\t\t\t<\/div>\n\t\t\t\t\n\t\t\t\t\n\t\t\t<\/div>\n\t\t\t\n\t\t<\/div>\n\t\t\t\t\t\t<\/div>\n\t\t\t\t<\/div>\n\t\t\t\t<div class=\"elementor-element elementor-element-7179fe7 elementor-widget__width-auto elementor-widget elementor-widget-button\" data-id=\"7179fe7\" data-element_type=\"widget\" data-widget_type=\"button.default\">\n\t\t\t\t<div class=\"elementor-widget-container\">\n\t\t\t\t\t\t\t\t\t<div class=\"elementor-button-wrapper\">\n\t\t\t\t\t<a class=\"elementor-button elementor-button-link elementor-size-sm\" href=\"https:\/\/ninaplastika.eu\/fi\/hinnasto\/\">\n\t\t\t\t\t\t<span class=\"elementor-button-content-wrapper\">\n\t\t\t\t\t\t\t\t\t<span class=\"elementor-button-text\">Hinnasto<\/span>\n\t\t\t\t\t<\/span>\n\t\t\t\t\t<\/a>\n\t\t\t\t<\/div>\n\t\t\t\t\t\t\t\t<\/div>\n\t\t\t\t<\/div>\n\t\t\t\t<div class=\"elementor-element elementor-element-09ff6b2 elementor-widget__width-auto elementor-widget elementor-widget-button\" data-id=\"09ff6b2\" data-element_type=\"widget\" data-widget_type=\"button.default\">\n\t\t\t\t<div class=\"elementor-widget-container\">\n\t\t\t\t\t\t\t\t\t<div class=\"elementor-button-wrapper\">\n\t\t\t\t\t<a class=\"elementor-button elementor-button-link elementor-size-sm\" href=\"https:\/\/www.veebiregistratuur.ee\/fertilitas\/?service=23_139&#038;employee=RrNyOpOr6o\" target=\"_blank\" rel=\"noopener\">\n\t\t\t\t\t\t<span class=\"elementor-button-content-wrapper\">\n\t\t\t\t\t\t\t\t\t<span class=\"elementor-button-text\">Varaa vastaanotto<\/span>\n\t\t\t\t\t<\/span>\n\t\t\t\t\t<\/a>\n\t\t\t\t<\/div>\n\t\t\t\t\t\t\t\t<\/div>\n\t\t\t\t<\/div>\n\t\t\t\t\t<\/div>\n\t\t<\/div>\n\t\t\t\t\t<\/div>\n\t\t<\/section>\n\t\t\t\t<section class=\"elementor-section elementor-top-section elementor-element elementor-element-3938f38 elementor-section-boxed elementor-section-height-default elementor-section-height-default\" data-id=\"3938f38\" data-element_type=\"section\">\n\t\t\t\t\t\t<div class=\"elementor-container elementor-column-gap-default\">\n\t\t\t\t\t<div class=\"elementor-column elementor-col-100 elementor-top-column elementor-element elementor-element-88d5e85\" data-id=\"88d5e85\" data-element_type=\"column\">\n\t\t\t<div class=\"elementor-widget-wrap elementor-element-populated\">\n\t\t\t\t\t\t<div class=\"elementor-element elementor-element-0c03088 elementor-widget elementor-widget-text-editor\" data-id=\"0c03088\" data-element_type=\"widget\" data-widget_type=\"text-editor.default\">\n\t\t\t\t<div class=\"elementor-widget-container\">\n\t\t\t\t\t\t\t\t\t<h4 class=\"has-text-align-center wp-block-heading\">K\u00e4ytt\u00e4ytymisohjeet ennen leikkausta<\/h4><ul><li style=\"font-weight: 400;\" aria-level=\"1\"><span style=\"font-weight: 400;\">Leikkaukseen pit\u00e4\u00e4 valmistautua sek\u00e4 henkisesti ett\u00e4 fyysisesti. Sy\u00f6 terveellisesti, liiku kohtuudella. Leikkausp\u00e4iv\u00e4n\u00e4 ei saa olla flunssan, kuumeen tai kuukautisten oireita.<\/span><\/li><\/ul><ul><li style=\"font-weight: 400;\" aria-level=\"1\"><span style=\"font-weight: 400;\">Tupakointi aiheuttaa poikkeavuuksia haavan paranemisessa muiden haittavaikutusten lis\u00e4ksi. Erityisesti tupakointi alentaa nen\u00e4n, kurkun ja keuhkojen vastustuskyky\u00e4 bakteeri-infektioita vastaan ja lis\u00e4\u00e4 leikkausriski\u00e4. Tupakkatuotteista on suositeltavaa luopua v\u00e4hint\u00e4\u00e4n kaksi kuukautta ennen suunniteltua leikkausta.<\/span><\/li><\/ul><ul><li style=\"font-weight: 400;\" aria-level=\"1\"><span style=\"font-weight: 400;\">Viimeisest\u00e4 alkoholink\u00e4yt\u00f6st\u00e4 tulee olla kulunut v\u00e4hint\u00e4\u00e4n 24 tuntia leikkausaamuna. Alkoholi voi olla vaarallista vuorovaikutuksessa annettavien l\u00e4\u00e4kkeiden kanssa.<\/span><\/li><\/ul><ul><li style=\"font-weight: 400;\" aria-level=\"1\"><span style=\"font-weight: 400;\">Narkoosin (yleisen anestesian) aikana mahan tulee olla tyhj\u00e4. On kielletty\u00e4 sy\u00f6d\u00e4 v\u00e4hint\u00e4\u00e4n kuusi tuntia ja juoda v\u00e4hint\u00e4\u00e4n nelj\u00e4 tuntia ennen leikkausta. Purukumin pureskelu saa vatsan t\u00e4yttym\u00e4\u00e4n eritteist\u00e4 ja siksi se on kielletty v\u00e4hint\u00e4\u00e4n kaksi tuntia ennen leikkauksen alkua.<\/span><\/li><\/ul><ul><li style=\"font-weight: 400;\" aria-level=\"1\"><span style=\"font-weight: 400;\">Pese p\u00e4\u00e4si leikkausta edelt\u00e4v\u00e4n\u00e4 iltana. \u00c4l\u00e4 k\u00e4yt\u00e4 hiusv\u00e4ri\u00e4, lakkaa tms. pesun j\u00e4lkeen. \u00c4l\u00e4 k\u00e4yt\u00e4 meikki\u00e4, hajusteita tai kasvovoiteita leikkausp\u00e4iv\u00e4n\u00e4. Kosmetologin suorittamasta kasvojen ihonpuhdistuksesta t\u00e4ytyy olla kulunut 2-3 viikkoa.<\/span><\/li><\/ul><ul><li style=\"font-weight: 400;\" aria-level=\"1\"><span style=\"font-weight: 400;\">Jotta pukeutuminen leikkauksen j\u00e4lkeen olisi helpompaa, vaatteet, joissa tulet tilaan, tulee olla napitettuna edest\u00e4, ei p\u00e4\u00e4n yli. Kotiin l\u00e4hdett\u00e4ess\u00e4 sopivat vaatteet (huppu, hattu, huivi) ja aurinkolasit auttavat peitt\u00e4m\u00e4\u00e4n kasvok\u00e4\u00e4reet, mahdolliset mustelmat ja turvotukset.<\/span><\/li><\/ul><ul><li style=\"font-weight: 400;\" aria-level=\"1\"><span style=\"font-weight: 400;\">Ota mukaan henkil\u00f6kohtaiset hygieniatarvikkeet olettaen, ett\u00e4 joudut viett\u00e4m\u00e4\u00e4n yhden y\u00f6n sairaalassa.<\/span><\/li><\/ul><ul><li style=\"font-weight: 400;\" aria-level=\"1\"><span style=\"font-weight: 400;\">Poista ennen leikkausta kellosi, sormukset, rannerenkaat, korvakorut ja kaulakorut. Laita ne laukkuun, jotta ne eiv\u00e4t katoa.<\/span><\/li><\/ul><ul><li style=\"font-weight: 400;\" aria-level=\"1\"><span style=\"font-weight: 400;\">Kotiin p\u00e4\u00e4semiseksi k\u00e4yt\u00e4 mieluummin luotettavaa auton omistajaa, sukulaista tai yst\u00e4v\u00e4\u00e4 taksin sijaan. Mik\u00e4li teill\u00e4 ei ole mahdollisuutta viett\u00e4\u00e4 y\u00f6t\u00e4 leikkauksen j\u00e4lkeen Tallinnassa, tulee t\u00e4st\u00e4 ilmoittaa hoitavalle l\u00e4\u00e4k\u00e4rille, jotta voimme j\u00e4rjest\u00e4\u00e4 leikkauksen j\u00e4lkeisen seurannan eri tavalla kuin tavallisesti.<\/span><\/li><\/ul><ul><li style=\"font-weight: 400;\" aria-level=\"1\"><span style=\"font-weight: 400;\">Ilmoita v\u00e4litt\u00f6m\u00e4sti hoitavalle l\u00e4\u00e4k\u00e4rille, jos et terveydellisist\u00e4 tai muista syist\u00e4 voi osallistua leikkaukseen.<\/span><\/li><\/ul>\t\t\t\t\t\t\t\t<\/div>\n\t\t\t\t<\/div>\n\t\t\t\t<div class=\"elementor-element elementor-element-d324e94 elementor-widget-divider--view-line elementor-widget elementor-widget-divider\" data-id=\"d324e94\" data-element_type=\"widget\" data-widget_type=\"divider.default\">\n\t\t\t\t<div class=\"elementor-widget-container\">\n\t\t\t\t\t\t\t<div class=\"elementor-divider\">\n\t\t\t<span class=\"elementor-divider-separator\">\n\t\t\t\t\t\t<\/span>\n\t\t<\/div>\n\t\t\t\t\t\t<\/div>\n\t\t\t\t<\/div>\n\t\t\t\t<div class=\"elementor-element elementor-element-0743674 elementor-widget elementor-widget-text-editor\" data-id=\"0743674\" data-element_type=\"widget\" data-widget_type=\"text-editor.default\">\n\t\t\t\t<div class=\"elementor-widget-container\">\n\t\t\t\t\t\t\t\t\t<h4 class=\"has-text-align-center wp-block-heading\">K\u00e4ytt\u00e4ytymisohjeet leikkauksen j\u00e4lkeen<\/h4><ul><li style=\"font-weight: 400;\" aria-level=\"1\"><span style=\"font-weight: 400;\">Leikkausp\u00e4iv\u00e4n\u00e4 on vuodelepo, istuminen ja h\u00e4t\u00e4matkoja wc:hen, keitti\u00f6\u00f6n tai kylpyhuoneeseen ei ole kielletty.<\/span><\/li><\/ul><ul><li style=\"font-weight: 400;\" aria-level=\"1\"><span style=\"font-weight: 400;\">Ravinto leikkauksen j\u00e4lkeen on osa toipumisprosessia.<\/span><span style=\"font-weight: 400;\"> Ensimm\u00e4isen 12 tunnin aikana sy\u00f6mist\u00e4 tulee rajoittaa ja suosia kevyemp\u00e4\u00e4 ruokaa. <\/span><span style=\"font-weight: 400;\">Liiallinen postoperatiivinen ravitsemus voi aiheuttaa j\u00e4nnitteit\u00e4 leikkaushaavan alueelle, lis\u00e4t\u00e4 verenvuotoriski\u00e4 ja siten hidastaa paranemisprosessia.<\/span><span style=\"font-weight: 400;\"> Vett\u00e4 tulee juoda runsaasti, 1,5-2 litraa p\u00e4iv\u00e4ss\u00e4.<\/span><\/li><\/ul><ul><li style=\"font-weight: 400;\" aria-level=\"1\"><span style=\"font-weight: 400;\">Leikkauksen luonteesta riippuen, lasta voidaan tarvita nen\u00e4n kiinnitt\u00e4miseksi leikkauksen j\u00e4lkeen. Se on teipattu kasvoihin. Yleens\u00e4 on v\u00e4ltt\u00e4m\u00e4t\u00f6nt\u00e4 k\u00e4ytt\u00e4\u00e4 lastaa 10 p\u00e4iv\u00e4n ajan. Oma-aloitteinen lastan poisto on kielletty. Jos lastaa kiinnitt\u00e4v\u00e4 teippi irtoaa, on irrallinen teippi leikattava kotona ja korvattava uudella.<\/span><\/li><li style=\"font-weight: 400;\" aria-level=\"1\"><span style=\"font-weight: 400;\">Lankapoisto nen\u00e4leikkauksen j\u00e4lkeen tehd\u00e4\u00e4n leikkauksen luonteen ja yksil\u00f6llisen paranemisprosessin mukaan. Tavallinen aika ulkopuolisen ompeleen poistoon on 7-10 p\u00e4iv\u00e4\u00e4 toimenpiteen j\u00e4lkeen. Sis\u00e4ompeleissa k\u00e4ytet\u00e4\u00e4n erityist\u00e4 liukenevaa lankaa, joka imeytyy elimist\u00f6\u00f6n itsest\u00e4\u00e4n 2-3 viikossa.<\/span><\/li><\/ul><ul><li style=\"font-weight: 400;\" aria-level=\"1\"><span style=\"font-weight: 400;\">Nen\u00e4\u00e4 ei saa haistella 7 p\u00e4iv\u00e4\u00e4n leikkauksen j\u00e4lkeen.<\/span><\/li><\/ul><ul><li style=\"font-weight: 400;\" aria-level=\"1\"><span style=\"font-weight: 400;\">Kuormia ja paksuja eritteit\u00e4 ei saa poistaa sormella tai nuuskimalla. T\u00e4m\u00e4 voi aiheuttaa komplikaatioita. Kuormien poistamiseksi nen\u00e4 on huuhdeltava fysiologisella liuoksella tai t\u00e4h\u00e4n tarkoitukseen tarkoitetulla suolaliuoksella. My\u00f6s apteekin suolavesisuihkeet, kuten Quixx, sopivat.<\/span><\/li><\/ul><ul><li style=\"font-weight: 400;\" aria-level=\"1\"><span style=\"font-weight: 400;\">Jos k\u00e4yt\u00e4t silm\u00e4laseja, niit\u00e4 ei pid\u00e4 laittaa nen\u00e4llesi muutamaan viikkoon. Kun olet poistanut nen\u00e4naamion, kiinnit\u00e4 lasit otsaan laastarin avulla. Voit aloittaa piilolinssien k\u00e4yt\u00f6n 10. postoperatiivisesta p\u00e4iv\u00e4st\u00e4 alkaen.<\/span><\/li><\/ul><ul><li style=\"font-weight: 400;\" aria-level=\"1\"><span style=\"font-weight: 400;\">Alkoholi ja tupakkatuotteet ovat kiellettyj\u00e4 14 p\u00e4iv\u00e4\u00e4, koska ne est\u00e4v\u00e4t haavan paranemista.<\/span><span style=\"font-weight: 400;\">\u00a0<\/span><\/li><li style=\"font-weight: 400;\" aria-level=\"1\"><span style=\"font-weight: 400;\">Alkoholi on kielletty v\u00e4hint\u00e4\u00e4n 2 viikkoa leikkauksen j\u00e4lkeen, koska se voi aiheuttaa verenvuotoa, hidastaa haavan paranemista ja lis\u00e4t\u00e4 komplikaatioiden riski\u00e4. Lis\u00e4ksi alkoholi voi vaikuttaa postoperatiivisten l\u00e4\u00e4kkeiden vaikutukseen.<\/span><\/li><li style=\"font-weight: 400;\" aria-level=\"1\"><span style=\"font-weight: 400;\">Tupakointi leikkauksen j\u00e4lkeen on kielletty v\u00e4hint\u00e4\u00e4n 2-3 viikkoa. Tupakointi hidastaa merkitt\u00e4v\u00e4sti paranemisprosessia, huonontaa verenkiertoa ja lis\u00e4\u00e4 infektioriski\u00e4. <\/span><span style=\"font-weight: 400;\">Kasvojen rusketus, sauna ja nen\u00e4n j\u00e4\u00e4tyminen voivat aiheuttaa komplikaatioita, joten niit\u00e4 ei suositella. Riskijakso kest\u00e4\u00e4 noin puoli vuotta. Ensimm\u00e4inen kuukausi on erityisen ratkaiseva.<\/span><\/li><\/ul><ul><li style=\"font-weight: 400;\" aria-level=\"1\"><span style=\"font-weight: 400;\">Kahden kuukauden ajan on pid\u00e4tt\u00e4ydytt\u00e4v\u00e4 kontaktiurheilusta, pallopeleist\u00e4 ja muista harrastuksista, joiden aikana on olemassa nen\u00e4traumariski.<\/span><\/li><\/ul>\t\t\t\t\t\t\t\t<\/div>\n\t\t\t\t<\/div>\n\t\t\t\t<div class=\"elementor-element elementor-element-cc18dfa elementor-widget-divider--view-line elementor-widget elementor-widget-divider\" data-id=\"cc18dfa\" data-element_type=\"widget\" data-widget_type=\"divider.default\">\n\t\t\t\t<div class=\"elementor-widget-container\">\n\t\t\t\t\t\t\t<div class=\"elementor-divider\">\n\t\t\t<span class=\"elementor-divider-separator\">\n\t\t\t\t\t\t<\/span>\n\t\t<\/div>\n\t\t\t\t\t\t<\/div>\n\t\t\t\t<\/div>\n\t\t\t\t<div class=\"elementor-element elementor-element-7d6971c elementor-widget elementor-widget-text-editor\" data-id=\"7d6971c\" data-element_type=\"widget\" id=\"kordus\" data-widget_type=\"text-editor.default\">\n\t\t\t\t<div class=\"elementor-widget-container\">\n\t\t\t\t\t\t\t\t\t<h4 class=\"has-text-align-center wp-block-heading\">Toista toiminnot<\/h4><p><a title=\"http:\/\/ninaplastika.eu\/mis-on-ninaplastika\/(avautuu uuteen v\u00e4lilehteen)\" href=\"https:\/\/ninaplastika.eu\/fi\/mis-on-ninaplastika\/\" target=\"_blank\" rel=\"noreferrer noopener\">Rhinoplastia<\/a> lopputulos ei riipu pelk\u00e4st\u00e4\u00e4n leikkaustekniikasta vaan my\u00f6s paranemisprosessista. Lopullinen arven muodostuminen voi kest\u00e4\u00e4 yli vuoden ja t\u00e4n\u00e4 aikana voi ilmaantua esteettisi\u00e4 vikoja, jotka vaativat uusintaleikkauksen l\u00e4\u00e4k\u00e4rin ja potilaan yhteisell\u00e4 p\u00e4\u00e4t\u00f6ksell\u00e4. Toistoleikkausten tarve jossain m\u00e4\u00e4rin on noin 10-15% nen\u00e4leikkauspotilailla.<\/p><p class=\"wp-block-heading\"><strong>Syyt:<\/strong><\/p><ul><li>J\u00e4ljelle j\u00e4\u00e4neet viat<\/li><li>Ei-toivotut muodonmuutokset, esim. liian pystysuora nen\u00e4k\u00e4rki, ep\u00e4tasaisuus nen\u00e4sel\u00e4ss\u00e4<\/li><li>Muutokset johtuvat arpeutumisprosessista<\/li><li>K\u00e4yr\u00e4t, ep\u00e4symmetria<\/li><li>Nen\u00e4hengityksen est\u00e4minen<\/li><li>Aikaisemmin suunniteltu leikkaus kahdessa vaiheessa<\/li><\/ul><p>Useimmissa tapauksissa uusintaleikkausten m\u00e4\u00e4r\u00e4 on pieni ja rajoittuu yksitt\u00e4isten vikojen korjaamiseen. Vakavammissa tapauksissa uusittava nen\u00e4leikkaus voi kuitenkin olla huomattavasti edellist\u00e4 leikkausta laajempi. Onnistunut uusintaleikkaus voi olla tarpeen siirt\u00e4\u00e4 rustomateriaalia nen\u00e4\u00e4n. T\u00e4ss\u00e4 tapauksessa luovutuskohta on joko sivurusto tai kylkirusto.<\/p><p>Jos et ole tyytyv\u00e4inen aiemmin suoritetun nen\u00e4leikkauksen tulokseen, ole hyv\u00e4 <a title=\"https:\/\/www.veebiregistratuur.ee\/fertilitas\/?employee=RrNyOpOr6o\" href=\"https:\/\/www.veebiregistratuur.ee\/fertilitas\/?employee=RrNyOpOr6o\" target=\"_blank\" rel=\"noreferrer noopener\">varaa aika<\/a>, jotta voimme yhdess\u00e4 l\u00f6yt\u00e4\u00e4 ratkaisun ongelmaasi.<\/p>\t\t\t\t\t\t\t\t<\/div>\n\t\t\t\t<\/div>\n\t\t\t\t<div class=\"elementor-element elementor-element-d19ce7e elementor-widget__width-auto elementor-widget elementor-widget-button\" data-id=\"d19ce7e\" data-element_type=\"widget\" data-widget_type=\"button.default\">\n\t\t\t\t<div class=\"elementor-widget-container\">\n\t\t\t\t\t\t\t\t\t<div class=\"elementor-button-wrapper\">\n\t\t\t\t\t<a class=\"elementor-button elementor-button-link elementor-size-sm\" href=\"#kontakt\">\n\t\t\t\t\t\t<span class=\"elementor-button-content-wrapper\">\n\t\t\t\t\t\t\t\t\t<span class=\"elementor-button-text\">Ota yhteytt\u00e4<\/span>\n\t\t\t\t\t<\/span>\n\t\t\t\t\t<\/a>\n\t\t\t\t<\/div>\n\t\t\t\t\t\t\t\t<\/div>\n\t\t\t\t<\/div>\n\t\t\t\t\t<\/div>\n\t\t<\/div>\n\t\t\t\t\t<\/div>\n\t\t<\/section>\n\t\t\t\t<\/div>","protected":false},"excerpt":{"rendered":"<p>N\u00f5uanded operatsiooniks Nina ja k\u00f5rvalestade esteetilised operatsioonid 9 aastat kogemust Hinnakiri Broneeri vastuv\u00f5tt K\u00e4itumisjuhised enne operatsiooni Operatsiooniks peab valmistuma nii vaimselt kui ka f\u00fc\u00fcsiliselt. Toituge tervislikult, sportige m\u00f5\u00f5dukalt. Operatsioonip\u00e4eval ei tohi esineda k\u00fclmetushaiguse tunnuseid, palavikku ega menstruatsiooni. Suitsetamine p\u00f5hjustab lisaks muudele kahjulikele toimetele haavaparanemise h\u00e4lbeid. Eriliselt alandab suitsetamine nina, kurgu ja kopsude vastupanuv\u00f5imet bakteriaalsetele infektsioonidele [&hellip;]<\/p>\n","protected":false},"author":4,"featured_media":0,"parent":0,"menu_order":0,"comment_status":"closed","ping_status":"closed","template":"elementor_header_footer","meta":{"footnotes":""},"categories":[],"tags":[],"class_list":["post-17037","page","type-page","status-publish","hentry"],"_links":{"self":[{"href":"https:\/\/ninaplastika.eu\/fi\/wp-json\/wp\/v2\/pages\/17037","targetHints":{"allow":["GET"]}}],"collection":[{"href":"https:\/\/ninaplastika.eu\/fi\/wp-json\/wp\/v2\/pages"}],"about":[{"href":"https:\/\/ninaplastika.eu\/fi\/wp-json\/wp\/v2\/types\/page"}],"author":[{"embeddable":true,"href":"https:\/\/ninaplastika.eu\/fi\/wp-json\/wp\/v2\/users\/4"}],"replies":[{"embeddable":true,"href":"https:\/\/ninaplastika.eu\/fi\/wp-json\/wp\/v2\/comments?post=17037"}],"version-history":[{"count":11,"href":"https:\/\/ninaplastika.eu\/fi\/wp-json\/wp\/v2\/pages\/17037\/revisions"}],"predecessor-version":[{"id":17268,"href":"https:\/\/ninaplastika.eu\/fi\/wp-json\/wp\/v2\/pages\/17037\/revisions\/17268"}],"wp:attachment":[{"href":"https:\/\/ninaplastika.eu\/fi\/wp-json\/wp\/v2\/media?parent=17037"}],"wp:term":[{"taxonomy":"category","embeddable":true,"href":"https:\/\/ninaplastika.eu\/fi\/wp-json\/wp\/v2\/categories?post=17037"},{"taxonomy":"post_tag","embeddable":true,"href":"https:\/\/ninaplastika.eu\/fi\/wp-json\/wp\/v2\/tags?post=17037"}],"curies":[{"name":"wp","href":"https:\/\/api.w.org\/{rel}","templated":true}]}}