{"id":17042,"date":"2025-01-13T14:34:46","date_gmt":"2025-01-13T12:34:46","guid":{"rendered":"https:\/\/ninaplastika.eu\/v2\/?page_id=17042"},"modified":"2025-01-15T12:21:48","modified_gmt":"2025-01-15T10:21:48","slug":"teipimine-peale-ninaplastikat","status":"publish","type":"page","link":"https:\/\/ninaplastika.eu\/fi\/teipimine-peale-ninaplastikat\/","title":{"rendered":"Teippaus nen\u00e4leikkauksen j\u00e4lkeen"},"content":{"rendered":"<div data-elementor-type=\"wp-page\" data-elementor-id=\"17042\" class=\"elementor elementor-17042\" data-elementor-post-type=\"page\">\n\t\t\t\t\t\t<section class=\"elementor-section elementor-top-section elementor-element elementor-element-2c21b36 elementor-section-height-min-height elementor-section-boxed elementor-section-height-default elementor-section-items-middle\" data-id=\"2c21b36\" data-element_type=\"section\" data-settings=\"{&quot;background_background&quot;:&quot;gradient&quot;}\">\n\t\t\t\t\t\t\t<div class=\"elementor-background-overlay\"><\/div>\n\t\t\t\t\t\t\t<div class=\"elementor-container elementor-column-gap-default\">\n\t\t\t\t\t<div class=\"elementor-column elementor-col-100 elementor-top-column elementor-element elementor-element-3f70983\" data-id=\"3f70983\" data-element_type=\"column\">\n\t\t\t<div class=\"elementor-widget-wrap elementor-element-populated\">\n\t\t\t\t\t\t<div class=\"elementor-element elementor-element-b1599d4 elementor-widget__width-initial elementor-widget elementor-widget-heading\" data-id=\"b1599d4\" data-element_type=\"widget\" data-widget_type=\"heading.default\">\n\t\t\t\t<div class=\"elementor-widget-container\">\n\t\t\t\t\t<h1 class=\"elementor-heading-title elementor-size-default\">Teippaus nen\u00e4leikkauksen j\u00e4lkeen<\/h1>\t\t\t\t<\/div>\n\t\t\t\t<\/div>\n\t\t\t\t<div class=\"elementor-element elementor-element-7179fe7 elementor-widget__width-auto elementor-widget elementor-widget-button\" data-id=\"7179fe7\" data-element_type=\"widget\" data-widget_type=\"button.default\">\n\t\t\t\t<div class=\"elementor-widget-container\">\n\t\t\t\t\t\t\t\t\t<div class=\"elementor-button-wrapper\">\n\t\t\t\t\t<a class=\"elementor-button elementor-button-link elementor-size-sm\" href=\"https:\/\/ninaplastika.eu\/fi\/portfoolio\/\">\n\t\t\t\t\t\t<span class=\"elementor-button-content-wrapper\">\n\t\t\t\t\t\t\t\t\t<span class=\"elementor-button-text\">Portfolio<\/span>\n\t\t\t\t\t<\/span>\n\t\t\t\t\t<\/a>\n\t\t\t\t<\/div>\n\t\t\t\t\t\t\t\t<\/div>\n\t\t\t\t<\/div>\n\t\t\t\t<div class=\"elementor-element elementor-element-09ff6b2 elementor-widget__width-auto elementor-widget elementor-widget-button\" data-id=\"09ff6b2\" data-element_type=\"widget\" data-widget_type=\"button.default\">\n\t\t\t\t<div class=\"elementor-widget-container\">\n\t\t\t\t\t\t\t\t\t<div class=\"elementor-button-wrapper\">\n\t\t\t\t\t<a class=\"elementor-button elementor-button-link elementor-size-sm\" href=\"https:\/\/www.veebiregistratuur.ee\/fertilitas\/?service=23_139&#038;employee=RrNyOpOr6o\" target=\"_blank\" rel=\"noopener\">\n\t\t\t\t\t\t<span class=\"elementor-button-content-wrapper\">\n\t\t\t\t\t\t\t\t\t<span class=\"elementor-button-text\">Varaa vastaanotto<\/span>\n\t\t\t\t\t<\/span>\n\t\t\t\t\t<\/a>\n\t\t\t\t<\/div>\n\t\t\t\t\t\t\t\t<\/div>\n\t\t\t\t<\/div>\n\t\t\t\t\t<\/div>\n\t\t<\/div>\n\t\t\t\t\t<\/div>\n\t\t<\/section>\n\t\t\t\t<section class=\"elementor-section elementor-top-section elementor-element elementor-element-3938f38 elementor-section-boxed elementor-section-height-default elementor-section-height-default\" data-id=\"3938f38\" data-element_type=\"section\">\n\t\t\t\t\t\t<div class=\"elementor-container elementor-column-gap-default\">\n\t\t\t\t\t<div class=\"elementor-column elementor-col-100 elementor-top-column elementor-element elementor-element-88d5e85\" data-id=\"88d5e85\" data-element_type=\"column\">\n\t\t\t<div class=\"elementor-widget-wrap elementor-element-populated\">\n\t\t\t\t\t\t<div class=\"elementor-element elementor-element-0c03088 elementor-widget elementor-widget-text-editor\" data-id=\"0c03088\" data-element_type=\"widget\" data-widget_type=\"text-editor.default\">\n\t\t\t\t<div class=\"elementor-widget-container\">\n\t\t\t\t\t\t\t\t\t<p>Teippaus nen\u00e4leikkauksen j\u00e4lkeen on v\u00e4ltt\u00e4m\u00e4t\u00f6nt\u00e4 turvotuksen v\u00e4hent\u00e4miseksi. Varhaisessa toipumisjaksossa nen\u00e4n pehmytkudokset voivat turvota, erityisesti nen\u00e4n k\u00e4rjen alueella. Turvotus lis\u00e4\u00e4ntyy yleens\u00e4 illalla ja y\u00f6ll\u00e4 makuulla. Teippi antaa lis\u00e4tukea ja j\u00e4nnityst\u00e4 iholle turvotuksen v\u00e4hent\u00e4miseksi. Nen\u00e4leikkaus muuttaa ihon alla olevien ruston muotoa ja teippaus auttaa pehmytkudoksia kasvamaan paremmin uusien pohjarakenteiden kanssa.\u00a0<\/p><p>Teipit tulee asettaa nen\u00e4lle kevyesti kirist\u00e4m\u00e4ll\u00e4 alla olevan kaavion mukaisesti. Aloita teipill\u00e4, jotka ovat kohtisuorassa nen\u00e4nsuuhun n\u00e4hden, sitten yksi kaareva teippinauha nen\u00e4n k\u00e4rjen ymp\u00e4rille ja lopuksi yksi ylim\u00e4\u00e4r\u00e4inen teippinauha kohtisuoraan nen\u00e4n yl\u00e4osaan.\u00a0<\/p><p>Micropore 12mm leve\u00e4 ihonv\u00e4rinen paperiteippi soveltuu parhaiten teippaukseen, mutta my\u00f6s muut vastaavat teipit sopivat.<\/p><p>Nen\u00e4leikkauksen j\u00e4lkeen nen\u00e4 on yleens\u00e4 teipattava y\u00f6ll\u00e4 2 viikon ajan lastan poistamisen j\u00e4lkeen.<\/p>\t\t\t\t\t\t\t\t<\/div>\n\t\t\t\t<\/div>\n\t\t\t\t<div class=\"elementor-element elementor-element-18bc135 elementor-widget elementor-widget-image\" data-id=\"18bc135\" data-element_type=\"widget\" data-widget_type=\"image.default\">\n\t\t\t\t<div class=\"elementor-widget-container\">\n\t\t\t\t\t\t\t\t\t\t\t\t\t\t\t<img fetchpriority=\"high\" decoding=\"async\" width=\"495\" height=\"1024\" src=\"https:\/\/ninaplastika.eu\/wp-content\/uploads\/2025\/01\/teipimine-1-scaled-1-495x1024.webp\" class=\"attachment-large size-large wp-image-17044\" alt=\"\" srcset=\"https:\/\/ninaplastika.eu\/wp-content\/uploads\/2025\/01\/teipimine-1-scaled-1-495x1024.webp 495w, https:\/\/ninaplastika.eu\/wp-content\/uploads\/2025\/01\/teipimine-1-scaled-1-145x300.webp 145w, https:\/\/ninaplastika.eu\/wp-content\/uploads\/2025\/01\/teipimine-1-scaled-1-768x1587.webp 768w, https:\/\/ninaplastika.eu\/wp-content\/uploads\/2025\/01\/teipimine-1-scaled-1-743x1536.webp 743w, https:\/\/ninaplastika.eu\/wp-content\/uploads\/2025\/01\/teipimine-1-scaled-1.webp 929w\" sizes=\"(max-width: 495px) 100vw, 495px\" \/>\t\t\t\t\t\t\t\t\t\t\t\t\t\t\t<\/div>\n\t\t\t\t<\/div>\n\t\t\t\t\t<\/div>\n\t\t<\/div>\n\t\t\t\t\t<\/div>\n\t\t<\/section>\n\t\t\t\t<\/div>","protected":false},"excerpt":{"rendered":"<p>Teipimine peale ninaplastikat Tehtud t\u00f6\u00f6d Broneeri vastuv\u00f5tt Teipimine peale ninaoperatsiooni on vajalik tursete v\u00e4hendamiseks. Varajases taastumisperioodis v\u00f5ivad nina pehmed koed tursuda, eriti ninatipu piirkonnas. Paistetus suureneb tavaliselt \u00f5htul ja \u00f6\u00f6sel pikali asendis. Teip annab nahale t\u00e4iendavat tuge ja pinget, et tursumist toimuks v\u00e4hem. Ninaoperatsioon muudab nahaaluste k\u00f5hrede kuju ning teipimine aitab pehmel koel paremini uute [&hellip;]<\/p>\n","protected":false},"author":4,"featured_media":0,"parent":0,"menu_order":0,"comment_status":"closed","ping_status":"closed","template":"elementor_header_footer","meta":{"footnotes":""},"categories":[],"tags":[],"class_list":["post-17042","page","type-page","status-publish","hentry"],"_links":{"self":[{"href":"https:\/\/ninaplastika.eu\/fi\/wp-json\/wp\/v2\/pages\/17042","targetHints":{"allow":["GET"]}}],"collection":[{"href":"https:\/\/ninaplastika.eu\/fi\/wp-json\/wp\/v2\/pages"}],"about":[{"href":"https:\/\/ninaplastika.eu\/fi\/wp-json\/wp\/v2\/types\/page"}],"author":[{"embeddable":true,"href":"https:\/\/ninaplastika.eu\/fi\/wp-json\/wp\/v2\/users\/4"}],"replies":[{"embeddable":true,"href":"https:\/\/ninaplastika.eu\/fi\/wp-json\/wp\/v2\/comments?post=17042"}],"version-history":[{"count":14,"href":"https:\/\/ninaplastika.eu\/fi\/wp-json\/wp\/v2\/pages\/17042\/revisions"}],"predecessor-version":[{"id":17272,"href":"https:\/\/ninaplastika.eu\/fi\/wp-json\/wp\/v2\/pages\/17042\/revisions\/17272"}],"wp:attachment":[{"href":"https:\/\/ninaplastika.eu\/fi\/wp-json\/wp\/v2\/media?parent=17042"}],"wp:term":[{"taxonomy":"category","embeddable":true,"href":"https:\/\/ninaplastika.eu\/fi\/wp-json\/wp\/v2\/categories?post=17042"},{"taxonomy":"post_tag","embeddable":true,"href":"https:\/\/ninaplastika.eu\/fi\/wp-json\/wp\/v2\/tags?post=17042"}],"curies":[{"name":"wp","href":"https:\/\/api.w.org\/{rel}","templated":true}]}}