{"id":17051,"date":"2025-01-13T14:38:09","date_gmt":"2025-01-13T12:38:09","guid":{"rendered":"https:\/\/ninaplastika.eu\/v2\/?page_id=17051"},"modified":"2025-01-22T13:01:51","modified_gmt":"2025-01-22T11:01:51","slug":"ninaplastika-kkk","status":"publish","type":"page","link":"https:\/\/ninaplastika.eu\/fi\/ninaplastika-kkk\/","title":{"rendered":"FAQ"},"content":{"rendered":"<div data-elementor-type=\"wp-page\" data-elementor-id=\"17051\" class=\"elementor elementor-17051\" data-elementor-post-type=\"page\">\n\t\t\t\t\t\t<section class=\"elementor-section elementor-top-section elementor-element elementor-element-2c21b36 elementor-section-height-min-height elementor-section-boxed elementor-section-height-default elementor-section-items-middle\" data-id=\"2c21b36\" data-element_type=\"section\" data-settings=\"{&quot;background_background&quot;:&quot;gradient&quot;}\">\n\t\t\t\t\t\t\t<div class=\"elementor-background-overlay\"><\/div>\n\t\t\t\t\t\t\t<div class=\"elementor-container elementor-column-gap-default\">\n\t\t\t\t\t<div class=\"elementor-column elementor-col-100 elementor-top-column elementor-element elementor-element-3f70983\" data-id=\"3f70983\" data-element_type=\"column\">\n\t\t\t<div class=\"elementor-widget-wrap elementor-element-populated\">\n\t\t\t\t\t\t<div class=\"elementor-element elementor-element-b1599d4 elementor-widget__width-initial elementor-widget elementor-widget-heading\" data-id=\"b1599d4\" data-element_type=\"widget\" data-widget_type=\"heading.default\">\n\t\t\t\t<div class=\"elementor-widget-container\">\n\t\t\t\t\t<h1 class=\"elementor-heading-title elementor-size-default\">Rhinoplasty FAQ<\/h1>\t\t\t\t<\/div>\n\t\t\t\t<\/div>\n\t\t\t\t<div class=\"elementor-element elementor-element-7179fe7 elementor-widget__width-auto elementor-widget elementor-widget-button\" data-id=\"7179fe7\" data-element_type=\"widget\" data-widget_type=\"button.default\">\n\t\t\t\t<div class=\"elementor-widget-container\">\n\t\t\t\t\t\t\t\t\t<div class=\"elementor-button-wrapper\">\n\t\t\t\t\t<a class=\"elementor-button elementor-button-link elementor-size-sm\" href=\"https:\/\/ninaplastika.eu\/fi\/portfoolio\/\">\n\t\t\t\t\t\t<span class=\"elementor-button-content-wrapper\">\n\t\t\t\t\t\t\t\t\t<span class=\"elementor-button-text\">Portfolio<\/span>\n\t\t\t\t\t<\/span>\n\t\t\t\t\t<\/a>\n\t\t\t\t<\/div>\n\t\t\t\t\t\t\t\t<\/div>\n\t\t\t\t<\/div>\n\t\t\t\t<div class=\"elementor-element elementor-element-09ff6b2 elementor-widget__width-auto elementor-widget elementor-widget-button\" data-id=\"09ff6b2\" data-element_type=\"widget\" data-widget_type=\"button.default\">\n\t\t\t\t<div class=\"elementor-widget-container\">\n\t\t\t\t\t\t\t\t\t<div class=\"elementor-button-wrapper\">\n\t\t\t\t\t<a class=\"elementor-button elementor-button-link elementor-size-sm\" href=\"https:\/\/www.veebiregistratuur.ee\/fertilitas\/?service=23_139&#038;employee=RrNyOpOr6o\" target=\"_blank\" rel=\"noopener\">\n\t\t\t\t\t\t<span class=\"elementor-button-content-wrapper\">\n\t\t\t\t\t\t\t\t\t<span class=\"elementor-button-text\">Varaa vastaanotto<\/span>\n\t\t\t\t\t<\/span>\n\t\t\t\t\t<\/a>\n\t\t\t\t<\/div>\n\t\t\t\t\t\t\t\t<\/div>\n\t\t\t\t<\/div>\n\t\t\t\t\t<\/div>\n\t\t<\/div>\n\t\t\t\t\t<\/div>\n\t\t<\/section>\n\t\t\t\t<section class=\"elementor-section elementor-top-section elementor-element elementor-element-168a3e4 elementor-section-boxed elementor-section-height-default elementor-section-height-default\" data-id=\"168a3e4\" data-element_type=\"section\">\n\t\t\t\t\t\t<div class=\"elementor-container elementor-column-gap-default\">\n\t\t\t\t\t<div class=\"elementor-column elementor-col-66 elementor-top-column elementor-element elementor-element-24d22f4\" data-id=\"24d22f4\" data-element_type=\"column\">\n\t\t\t<div class=\"elementor-widget-wrap elementor-element-populated\">\n\t\t\t\t\t\t<div class=\"elementor-element elementor-element-5fddbd1 elementor-widget elementor-widget-accordion\" data-id=\"5fddbd1\" data-element_type=\"widget\" data-widget_type=\"accordion.default\">\n\t\t\t\t<div class=\"elementor-widget-container\">\n\t\t\t\t\t\t\t<div class=\"elementor-accordion\">\n\t\t\t\t\t\t\t<div class=\"elementor-accordion-item\">\n\t\t\t\t\t<div id=\"elementor-tab-title-1001\" class=\"elementor-tab-title\" data-tab=\"1\" role=\"button\" aria-controls=\"elementor-tab-content-1001\" aria-expanded=\"false\">\n\t\t\t\t\t\t\t\t\t\t\t\t<a class=\"elementor-accordion-title\" tabindex=\"0\">Kuinka kauan kest\u00e4\u00e4 parantua nen\u00e4leikkauksesta?<\/a>\n\t\t\t\t\t<\/div>\n\t\t\t\t\t<div id=\"elementor-tab-content-1001\" class=\"elementor-tab-content elementor-clearfix\" data-tab=\"1\" role=\"region\" aria-labelledby=\"elementor-tab-title-1001\"><p>Paranemisprosessin nopeus riippuu viillossa k\u00e4ytetyst\u00e4 tekniikasta, mutta yleens\u00e4 teipit ja muovilasta nen\u00e4sel\u00e4ss\u00e4 ja k\u00e4rjess\u00e4 ovat 10 p\u00e4iv\u00e4\u00e4. T\u00e4n\u00e4 aikana nen\u00e4 ei ehk\u00e4 hengit\u00e4 normaalisti. Silmien ymp\u00e4rill\u00e4 voi esiinty\u00e4 turvotusta ja mustelmia. Ne ovat yleens\u00e4 poissa 14 p\u00e4iv\u00e4\u00e4 leikkauksen j\u00e4lkeen. Liev\u00e4\u00e4 turvotusta nen\u00e4n k\u00e4rjess\u00e4 ja nen\u00e4nsel\u00e4ss\u00e4 voi esiinty\u00e4 jopa useita kuukausia nen\u00e4leikkauksen j\u00e4lkeen. Paranemisprosessi kest\u00e4\u00e4 noin 12 kuukautta.<\/p><\/div>\n\t\t\t\t<\/div>\n\t\t\t\t\t\t\t<div class=\"elementor-accordion-item\">\n\t\t\t\t\t<div id=\"elementor-tab-title-1002\" class=\"elementor-tab-title\" data-tab=\"2\" role=\"button\" aria-controls=\"elementor-tab-content-1002\" aria-expanded=\"false\">\n\t\t\t\t\t\t\t\t\t\t\t\t<a class=\"elementor-accordion-title\" tabindex=\"0\">Mit\u00e4 ei pit\u00e4isi tehd\u00e4 heti nen\u00e4leikkauksen j\u00e4lkeen?<\/a>\n\t\t\t\t\t<\/div>\n\t\t\t\t\t<div id=\"elementor-tab-content-1002\" class=\"elementor-tab-content elementor-clearfix\" data-tab=\"2\" role=\"region\" aria-labelledby=\"elementor-tab-title-1002\"><p>\u00c4l\u00e4 haista nen\u00e4\u00e4si 7 p\u00e4iv\u00e4\u00e4n. 14 p\u00e4iv\u00e4\u00e4 nen\u00e4leikkauksen j\u00e4lkeen ei saa harjoittaa kovaa fyysist\u00e4 rasitusta, alkoholin ja tupakkatuotteiden k\u00e4ytt\u00f6 on kielletty. \u00c4l\u00e4 k\u00e4yt\u00e4 laseja nen\u00e4sel\u00e4ss\u00e4 4 viikkoon. Saunassa k\u00e4ynti\u00e4 ei suositella 1-6 kuukauteen. Yleens\u00e4 alkupalautusajan kotona tulisi olla 14 p\u00e4iv\u00e4\u00e4. Sen j\u00e4lkeen on mahdollista palata normaaliin el\u00e4m\u00e4\u00e4n pienin rajoituksin.<\/p><\/div>\n\t\t\t\t<\/div>\n\t\t\t\t\t\t\t<div class=\"elementor-accordion-item\">\n\t\t\t\t\t<div id=\"elementor-tab-title-1003\" class=\"elementor-tab-title\" data-tab=\"3\" role=\"button\" aria-controls=\"elementor-tab-content-1003\" aria-expanded=\"false\">\n\t\t\t\t\t\t\t\t\t\t\t\t<a class=\"elementor-accordion-title\" tabindex=\"0\">Kuinka paljon nen\u00e4\u00e4n sattuu leikkauksen j\u00e4lkeen?<\/a>\n\t\t\t\t\t<\/div>\n\t\t\t\t\t<div id=\"elementor-tab-content-1003\" class=\"elementor-tab-content elementor-clearfix\" data-tab=\"3\" role=\"region\" aria-labelledby=\"elementor-tab-title-1003\"><p>Useimmissa tapauksissa nen\u00e4 ei satu juurikaan leikkauksen j\u00e4lkeen, ja riitt\u00e4\u00e4, ett\u00e4 k\u00e4yt\u00e4t reseptivapaata kipul\u00e4\u00e4kkeit\u00e4, kuten parasetamolia ja ibuprofeenia tarvittaessa. Toistuvissa leikkauksissa ja suurten nen\u00e4vammojen j\u00e4lkeen voi olla tarpeen k\u00e4ytt\u00e4\u00e4 kylkilustosiirrett\u00e4 leikkauksen aikana - silloin rintakeh\u00e4 voi sattua ja vaatia vahvempia kipul\u00e4\u00e4kkeit\u00e4.<\/p><p>Yleens\u00e4 potilaillani ei ole kipuongelmia, enemm\u00e4n kutinaa nen\u00e4lastan alla ja ep\u00e4mukavuuden tunnetta nen\u00e4hengityksen ja kastelun tukkeutumisesta, mit\u00e4 voi esiinty\u00e4 ensimm\u00e4isten viikkojen aikana.<\/p><\/div>\n\t\t\t\t<\/div>\n\t\t\t\t\t\t\t<div class=\"elementor-accordion-item\">\n\t\t\t\t\t<div id=\"elementor-tab-title-1004\" class=\"elementor-tab-title\" data-tab=\"4\" role=\"button\" aria-controls=\"elementor-tab-content-1004\" aria-expanded=\"false\">\n\t\t\t\t\t\t\t\t\t\t\t\t<a class=\"elementor-accordion-title\" tabindex=\"0\">Jos en ole tyytyv\u00e4inen nen\u00e4leikkauksen tulokseen, mit\u00e4 tapahtuu seuraavaksi?<\/a>\n\t\t\t\t\t<\/div>\n\t\t\t\t\t<div id=\"elementor-tab-content-1004\" class=\"elementor-tab-content elementor-clearfix\" data-tab=\"4\" role=\"region\" aria-labelledby=\"elementor-tab-title-1004\"><p>Arvioimme nen\u00e4leikkauksen tuloksen vastaanotolla 10 p\u00e4iv\u00e4\u00e4, 1 kuukausi, 6 kuukautta ja 12 kuukautta leikkauksen j\u00e4lkeen. Pienemm\u00e4t kosmeettiset viat voidaan korjata lis\u00e4toimenpiteell\u00e4, joka tehd\u00e4\u00e4n paikallispuudutuksessa, mutta noin 15-20%-potilaat saattavat tarvita toistuvan leikkauksen nen\u00e4leikkaustuloksen korjaamiseksi. Uudelleenleikkaus tapahtuu p\u00e4\u00e4s\u00e4\u00e4nt\u00f6isesti aikaisintaan vuoden kuluttua alkuper\u00e4isest\u00e4 leikkauksesta, koska arpeutumisprosessien on t\u00e4ytynyt tapahtua loppuun asti. Lue uusintaleikkauksesta <a href=\"https:\/\/ninaplastika.eu\/fi\/operatsioon\/#kordus\" target=\"_blank\" rel=\"noreferrer noopener\">t\u00e4\u00e4lt\u00e4<\/a>.<\/p><\/div>\n\t\t\t\t<\/div>\n\t\t\t\t\t\t\t<div class=\"elementor-accordion-item\">\n\t\t\t\t\t<div id=\"elementor-tab-title-1005\" class=\"elementor-tab-title\" data-tab=\"5\" role=\"button\" aria-controls=\"elementor-tab-content-1005\" aria-expanded=\"false\">\n\t\t\t\t\t\t\t\t\t\t\t\t<a class=\"elementor-accordion-title\" tabindex=\"0\">Milloin n\u00e4en lopullisen tuloksen?<\/a>\n\t\t\t\t\t<\/div>\n\t\t\t\t\t<div id=\"elementor-tab-content-1005\" class=\"elementor-tab-content elementor-clearfix\" data-tab=\"5\" role=\"region\" aria-labelledby=\"elementor-tab-title-1005\"><p>12 kuukautta leikkauksen j\u00e4lkeen voimme arvioida lopputuloksen. Mit\u00e4 v\u00e4hemm\u00e4n aikaa on kulunut nen\u00e4leikkauksesta, sit\u00e4 enemm\u00e4n pehmytkudosten turvotus piilottaa lopputuloksen eik\u00e4 arpeutumiseen liittyvi\u00e4 muutoksia ole viel\u00e4 tapahtunut. Liev\u00e4\u00e4 turvotusta voi esiinty\u00e4 my\u00f6s yli kuukauden kuluttua leikkauksesta.<\/p><\/div>\n\t\t\t\t<\/div>\n\t\t\t\t\t\t\t<div class=\"elementor-accordion-item\">\n\t\t\t\t\t<div id=\"elementor-tab-title-1006\" class=\"elementor-tab-title\" data-tab=\"6\" role=\"button\" aria-controls=\"elementor-tab-content-1006\" aria-expanded=\"false\">\n\t\t\t\t\t\t\t\t\t\t\t\t<a class=\"elementor-accordion-title\" tabindex=\"0\">Voiko kauneutta ja toiminnallista nen\u00e4plastia yhdist\u00e4\u00e4?<\/a>\n\t\t\t\t\t<\/div>\n\t\t\t\t\t<div id=\"elementor-tab-content-1006\" class=\"elementor-tab-content elementor-clearfix\" data-tab=\"6\" role=\"region\" aria-labelledby=\"elementor-tab-title-1006\"><p>Kyll\u00e4, n\u00e4m\u00e4 toiminnot voidaan ja jopa pit\u00e4isi yhdist\u00e4\u00e4 toisiinsa. Esimerkiksi yleinen toiminnallinen ongelma on nen\u00e4n v\u00e4lisein\u00e4n kaarevuus. Samalla v\u00e4lisein\u00e4n kasvot ovat t\u00e4rke\u00e4 tukielementti nen\u00e4n k\u00e4rjelle ja luovuttajaruston l\u00e4hde muille nen\u00e4n alueille plastiikkakirurgian aikana. Jos v\u00e4lisein\u00e4 on aiemmin leikattu erikseen, se voi tehd\u00e4 karhunpalveluksen my\u00f6hemm\u00e4lle esteettiselle nen\u00e4leikkaukselle. Siksi kauneus- ja toimintaongelmat tulisi ratkaista yhdell\u00e4 nen\u00e4leikkauksella.<\/p><\/div>\n\t\t\t\t<\/div>\n\t\t\t\t\t\t\t<div class=\"elementor-accordion-item\">\n\t\t\t\t\t<div id=\"elementor-tab-title-1007\" class=\"elementor-tab-title\" data-tab=\"7\" role=\"button\" aria-controls=\"elementor-tab-content-1007\" aria-expanded=\"false\">\n\t\t\t\t\t\t\t\t\t\t\t\t<a class=\"elementor-accordion-title\" tabindex=\"0\">Kuinka kauan joudun olemaan sairaalassa?<\/a>\n\t\t\t\t\t<\/div>\n\t\t\t\t\t<div id=\"elementor-tab-content-1007\" class=\"elementor-tab-content elementor-clearfix\" data-tab=\"7\" role=\"region\" aria-labelledby=\"elementor-tab-title-1007\"><p>Pienemmiss\u00e4 nen\u00e4leikkauksissa on mahdollista l\u00e4hte\u00e4 kotiin leikkausp\u00e4iv\u00e4n iltana, mutta useimmiten joudut viett\u00e4m\u00e4\u00e4n yhden y\u00f6n sairaalassa leikkauksen j\u00e4lkeen.<\/p><\/div>\n\t\t\t\t<\/div>\n\t\t\t\t\t\t\t<div class=\"elementor-accordion-item\">\n\t\t\t\t\t<div id=\"elementor-tab-title-1008\" class=\"elementor-tab-title\" data-tab=\"8\" role=\"button\" aria-controls=\"elementor-tab-content-1008\" aria-expanded=\"false\">\n\t\t\t\t\t\t\t\t\t\t\t\t<a class=\"elementor-accordion-title\" tabindex=\"0\">En ole tyytyv\u00e4inen nenaani. Mit\u00e4 mahdollisuuksia nen\u00e4leikkaus tarjoaa ja miten se voi auttaa minua?<\/a>\n\t\t\t\t\t<\/div>\n\t\t\t\t\t<div id=\"elementor-tab-content-1008\" class=\"elementor-tab-content elementor-clearfix\" data-tab=\"8\" role=\"region\" aria-labelledby=\"elementor-tab-title-1008\"><p>Ihmisten nen\u00e4t ovat muodoltaan hyvin erilaisia, samoin kuin nen\u00e4leikkausleikkaustekniikat. T\u00e4st\u00e4 aiheesta kirjoitetaan kymmeni\u00e4 tuhansia sivuja tieteellist\u00e4 kirjallisuutta, j\u00e4rjestet\u00e4\u00e4n lukuisia ammattikonferensseja - t\u00e4h\u00e4n kysymykseen ei ole mahdollista vastata yhdell\u00e4 lauseella. Avuksi oleminen alkaa konsultaatiosta, jonka aikana otamme sarjan kunnon kuvia nen\u00e4st\u00e4 ja voin antaa alustavan yleiskatsauksen nen\u00e4leikkauksen laajuudesta. T\u00e4m\u00e4n j\u00e4lkeen potilaalle tehd\u00e4\u00e4n pieni kotiteht\u00e4v\u00e4 oman nen\u00e4ns\u00e4 analysointiin ja jatkokeskustelu leikkauksen yksityiskohdista s\u00e4hk\u00f6postitse, puhelimitse tai lis\u00e4k\u00e4ynnill\u00e4.<\/p><\/div>\n\t\t\t\t<\/div>\n\t\t\t\t\t\t\t<div class=\"elementor-accordion-item\">\n\t\t\t\t\t<div id=\"elementor-tab-title-1009\" class=\"elementor-tab-title\" data-tab=\"9\" role=\"button\" aria-controls=\"elementor-tab-content-1009\" aria-expanded=\"false\">\n\t\t\t\t\t\t\t\t\t\t\t\t<a class=\"elementor-accordion-title\" tabindex=\"0\">Mitk\u00e4 ovat nen\u00e4leikkauksen riskit ja vaarat?<\/a>\n\t\t\t\t\t<\/div>\n\t\t\t\t\t<div id=\"elementor-tab-content-1009\" class=\"elementor-tab-content elementor-clearfix\" data-tab=\"9\" role=\"region\" aria-labelledby=\"elementor-tab-title-1009\"><p>Kuten kaikki leikkaukset, nen\u00e4leikkaukseen liittyy tiettyjen komplikaatioiden riski. Joskus leikkauksen j\u00e4lkeisin\u00e4 p\u00e4ivin\u00e4 esiintyy liev\u00e4\u00e4 verenvuotoa. Voi olla toiminnallisia ongelmia - nen\u00e4 ei hengit\u00e4 niin kuin pit\u00e4isi leikkauksen j\u00e4lkeen. Ja voi olla kosmeettisia vikoja, jotka joskus vaativat toista leikkausta. Preoperatiivisessa konsultaatiossa kerron potilaille n\u00e4ist\u00e4 riskeist\u00e4 tarkemmin. P\u00e4\u00e4s\u00e4\u00e4nt\u00f6isesti olen potilaiden k\u00e4ytett\u00e4viss\u00e4 leikkauksen j\u00e4lkeisen\u00e4 aikana ja tarvittaessa ratkaisemme ongelmia yhdess\u00e4.<\/p><\/div>\n\t\t\t\t<\/div>\n\t\t\t\t\t\t\t<div class=\"elementor-accordion-item\">\n\t\t\t\t\t<div id=\"elementor-tab-title-10010\" class=\"elementor-tab-title\" data-tab=\"10\" role=\"button\" aria-controls=\"elementor-tab-content-10010\" aria-expanded=\"false\">\n\t\t\t\t\t\t\t\t\t\t\t\t<a class=\"elementor-accordion-title\" tabindex=\"0\">Mit\u00e4 minun pit\u00e4isi tiet\u00e4\u00e4 ennen vastaanotolle tuloa?<\/a>\n\t\t\t\t\t<\/div>\n\t\t\t\t\t<div id=\"elementor-tab-content-10010\" class=\"elementor-tab-content elementor-clearfix\" data-tab=\"10\" role=\"region\" aria-labelledby=\"elementor-tab-title-10010\"><p>Kannattaa mietti\u00e4 itse, mit\u00e4 yksityiskohtia nen\u00e4ss\u00e4 on muutettava. On muistettava, ett\u00e4 jokainen nen\u00e4- ja nen\u00e4leikkaus on ainutlaatuinen ja yksil\u00f6llinen - leikkauksella ei yleens\u00e4 voida j\u00e4ljitell\u00e4 jonkun toisen nen\u00e4\u00e4. Voimme parantaa nen\u00e4n muotoa, mutta emme t\u00e4ydellist\u00e4. Toive nen\u00e4leikkaukseen tulee olla sinun oma, eik\u00e4 sit\u00e4 tule tehd\u00e4 jonkun muun aloitteesta tai suostumuksella. Paremman n\u00e4k\u00f6inen voi lis\u00e4t\u00e4 itseluottamustasi hieman, mutta se ei ratkaise useimpia el\u00e4m\u00e4n muita ongelmia. \u00a0<\/p><\/div>\n\t\t\t\t<\/div>\n\t\t\t\t\t\t\t<div class=\"elementor-accordion-item\">\n\t\t\t\t\t<div id=\"elementor-tab-title-10011\" class=\"elementor-tab-title\" data-tab=\"11\" role=\"button\" aria-controls=\"elementor-tab-content-10011\" aria-expanded=\"false\">\n\t\t\t\t\t\t\t\t\t\t\t\t<a class=\"elementor-accordion-title\" tabindex=\"0\">Mit\u00e4 kustannuksia minun pit\u00e4isi ottaa huomioon nen\u00e4leikkauksesta?<\/a>\n\t\t\t\t\t<\/div>\n\t\t\t\t\t<div id=\"elementor-tab-content-10011\" class=\"elementor-tab-content elementor-clearfix\" data-tab=\"11\" role=\"region\" aria-labelledby=\"elementor-tab-title-10011\"><p>Jokainen nen\u00e4leikkaus on yksil\u00f6llinen ja teen jokaiselle potilaalle henkil\u00f6kohtaisen hintatarjouksen ensik\u00e4ynnin ja valokuva-analyysin j\u00e4lkeen. Katso likim\u00e4\u00e4r\u00e4iset hinnat <a href=\"https:\/\/ninaplastika.eu\/fi\/hinnasto\/\" target=\"_blank\" rel=\"noreferrer noopener\">t\u00e4\u00e4lt\u00e4<\/a>. Leikkaukseen voidaan lis\u00e4t\u00e4 lis\u00e4maksut sairaalavuodep\u00e4ivist\u00e4 ja lis\u00e4palveluista <a href=\"https:\/\/www.fertilitas.ee\/hinnad\/haiglaravi-hinnad\/voodipaeva-maksumus\/\" target=\"_blank\" rel=\"noreferrer noopener\">Fertilitas yksityissairaalan hinnasto<\/a> perusteella<\/p><\/div>\n\t\t\t\t<\/div>\n\t\t\t\t\t\t\t<div class=\"elementor-accordion-item\">\n\t\t\t\t\t<div id=\"elementor-tab-title-10012\" class=\"elementor-tab-title\" data-tab=\"12\" role=\"button\" aria-controls=\"elementor-tab-content-10012\" aria-expanded=\"false\">\n\t\t\t\t\t\t\t\t\t\t\t\t<a class=\"elementor-accordion-title\" tabindex=\"0\">Julkaistaanko kuvani leikkauksen j\u00e4lkeen ilman lupaani?<\/a>\n\t\t\t\t\t<\/div>\n\t\t\t\t\t<div id=\"elementor-tab-content-10012\" class=\"elementor-tab-content elementor-clearfix\" data-tab=\"12\" role=\"region\" aria-labelledby=\"elementor-tab-title-10012\"><p>Ei, kuvia ei julkaista ilman potilaan ennakkolupaa.<\/p><\/div>\n\t\t\t\t<\/div>\n\t\t\t\t\t\t\t<div class=\"elementor-accordion-item\">\n\t\t\t\t\t<div id=\"elementor-tab-title-10013\" class=\"elementor-tab-title\" data-tab=\"13\" role=\"button\" aria-controls=\"elementor-tab-content-10013\" aria-expanded=\"false\">\n\t\t\t\t\t\t\t\t\t\t\t\t<a class=\"elementor-accordion-title\" tabindex=\"0\">Miss\u00e4 voin tutustua tehtyyn ty\u00f6h\u00f6n (&quot;ennen&quot; ja &quot;j\u00e4lkeen&quot; -kuvat)?<\/a>\n\t\t\t\t\t<\/div>\n\t\t\t\t\t<div id=\"elementor-tab-content-10013\" class=\"elementor-tab-content elementor-clearfix\" data-tab=\"13\" role=\"region\" aria-labelledby=\"elementor-tab-title-10013\"><p>Katso nen\u00e4plastia <a href=\"https:\/\/ninaplastika.eu\/fi\/portfoolio\/\">galleriat<\/a> tai kuvia <a href=\"https:\/\/www.instagram.com\/dr_erik_luht_ninaplastika\/\" target=\"_blank\" rel=\"noreferrer noopener\">instagramissa<\/a><\/p><\/div>\n\t\t\t\t<\/div>\n\t\t\t\t\t\t\t\t<\/div>\n\t\t\t\t\t\t<\/div>\n\t\t\t\t<\/div>\n\t\t\t\t<div class=\"elementor-element elementor-element-d19ce7e elementor-widget__width-auto elementor-widget elementor-widget-button\" data-id=\"d19ce7e\" data-element_type=\"widget\" data-widget_type=\"button.default\">\n\t\t\t\t<div class=\"elementor-widget-container\">\n\t\t\t\t\t\t\t\t\t<div class=\"elementor-button-wrapper\">\n\t\t\t\t\t<a class=\"elementor-button elementor-button-link elementor-size-sm\" href=\"#kontakt\">\n\t\t\t\t\t\t<span class=\"elementor-button-content-wrapper\">\n\t\t\t\t\t\t\t\t\t<span class=\"elementor-button-text\">Ota yhteytt\u00e4<\/span>\n\t\t\t\t\t<\/span>\n\t\t\t\t\t<\/a>\n\t\t\t\t<\/div>\n\t\t\t\t\t\t\t\t<\/div>\n\t\t\t\t<\/div>\n\t\t\t\t\t<\/div>\n\t\t<\/div>\n\t\t\t\t<div class=\"elementor-column elementor-col-33 elementor-top-column elementor-element elementor-element-60bd37f\" data-id=\"60bd37f\" data-element_type=\"column\">\n\t\t\t<div class=\"elementor-widget-wrap elementor-element-populated\">\n\t\t\t\t\t\t<div class=\"elementor-element elementor-element-f19acc4 elementor-widget elementor-widget-image\" data-id=\"f19acc4\" data-element_type=\"widget\" data-widget_type=\"image.default\">\n\t\t\t\t<div class=\"elementor-widget-container\">\n\t\t\t\t\t\t\t\t\t\t\t\t\t\t\t<img fetchpriority=\"high\" decoding=\"async\" width=\"800\" height=\"600\" src=\"https:\/\/ninaplastika.eu\/wp-content\/uploads\/2025\/01\/IMG_7088-1030x773-1-1024x768.webp\" class=\"attachment-large size-large wp-image-17057\" alt=\"\" srcset=\"https:\/\/ninaplastika.eu\/wp-content\/uploads\/2025\/01\/IMG_7088-1030x773-1-1024x768.webp 1024w, https:\/\/ninaplastika.eu\/wp-content\/uploads\/2025\/01\/IMG_7088-1030x773-1-300x225.webp 300w, https:\/\/ninaplastika.eu\/wp-content\/uploads\/2025\/01\/IMG_7088-1030x773-1-768x576.webp 768w, https:\/\/ninaplastika.eu\/wp-content\/uploads\/2025\/01\/IMG_7088-1030x773-1.webp 1030w\" sizes=\"(max-width: 800px) 100vw, 800px\" \/>\t\t\t\t\t\t\t\t\t\t\t\t\t\t\t<\/div>\n\t\t\t\t<\/div>\n\t\t\t\t<div class=\"elementor-element elementor-element-abd1180 elementor-widget elementor-widget-image\" data-id=\"abd1180\" data-element_type=\"widget\" data-widget_type=\"image.default\">\n\t\t\t\t<div class=\"elementor-widget-container\">\n\t\t\t\t\t\t\t\t\t\t\t\t\t\t\t<img decoding=\"async\" width=\"626\" height=\"417\" src=\"https:\/\/ninaplastika.eu\/wp-content\/uploads\/2024\/12\/doctor-protective-suit-taking-throat-nasal-swab-from-patient-test-possible_130111-5803.webp\" class=\"attachment-large size-large wp-image-16725\" alt=\"\" srcset=\"https:\/\/ninaplastika.eu\/wp-content\/uploads\/2024\/12\/doctor-protective-suit-taking-throat-nasal-swab-from-patient-test-possible_130111-5803.webp 626w, https:\/\/ninaplastika.eu\/wp-content\/uploads\/2024\/12\/doctor-protective-suit-taking-throat-nasal-swab-from-patient-test-possible_130111-5803-300x200.webp 300w\" sizes=\"(max-width: 626px) 100vw, 626px\" \/>\t\t\t\t\t\t\t\t\t\t\t\t\t\t\t<\/div>\n\t\t\t\t<\/div>\n\t\t\t\t\t<\/div>\n\t\t<\/div>\n\t\t\t\t\t<\/div>\n\t\t<\/section>\n\t\t\t\t<\/div>","protected":false},"excerpt":{"rendered":"<p>Ninaplastika KKK Tehtud t\u00f6\u00f6d Broneeri vastuv\u00f5tt Kui pikalt v\u00f5tab aega ninaplastikast paranemine? Paranemisprotsessi kiirus s\u00f5ltub konkreetsel l\u00f5ikusel kasutatud tehnikast, kuid \u00fcldjuhul on ninaseljal ja -tipul teibid ja plastiklahas 10 p\u00e4eva. Selle aja jooksul ei pruugi nina normaalselt hingata. Silmade \u00fcmbruses v\u00f5ivad tekkida turse ja verevalumid. Tavaliselt on need 14 p\u00e4eva peale operatsiooni suures osas taandunud. [&hellip;]<\/p>\n","protected":false},"author":4,"featured_media":0,"parent":0,"menu_order":0,"comment_status":"closed","ping_status":"closed","template":"elementor_header_footer","meta":{"footnotes":""},"categories":[],"tags":[],"class_list":["post-17051","page","type-page","status-publish","hentry"],"_links":{"self":[{"href":"https:\/\/ninaplastika.eu\/fi\/wp-json\/wp\/v2\/pages\/17051","targetHints":{"allow":["GET"]}}],"collection":[{"href":"https:\/\/ninaplastika.eu\/fi\/wp-json\/wp\/v2\/pages"}],"about":[{"href":"https:\/\/ninaplastika.eu\/fi\/wp-json\/wp\/v2\/types\/page"}],"author":[{"embeddable":true,"href":"https:\/\/ninaplastika.eu\/fi\/wp-json\/wp\/v2\/users\/4"}],"replies":[{"embeddable":true,"href":"https:\/\/ninaplastika.eu\/fi\/wp-json\/wp\/v2\/comments?post=17051"}],"version-history":[{"count":13,"href":"https:\/\/ninaplastika.eu\/fi\/wp-json\/wp\/v2\/pages\/17051\/revisions"}],"predecessor-version":[{"id":17088,"href":"https:\/\/ninaplastika.eu\/fi\/wp-json\/wp\/v2\/pages\/17051\/revisions\/17088"}],"wp:attachment":[{"href":"https:\/\/ninaplastika.eu\/fi\/wp-json\/wp\/v2\/media?parent=17051"}],"wp:term":[{"taxonomy":"category","embeddable":true,"href":"https:\/\/ninaplastika.eu\/fi\/wp-json\/wp\/v2\/categories?post=17051"},{"taxonomy":"post_tag","embeddable":true,"href":"https:\/\/ninaplastika.eu\/fi\/wp-json\/wp\/v2\/tags?post=17051"}],"curies":[{"name":"wp","href":"https:\/\/api.w.org\/{rel}","templated":true}]}}