{"id":17150,"date":"2025-01-13T16:56:09","date_gmt":"2025-01-13T14:56:09","guid":{"rendered":"https:\/\/ninaplastika.eu\/v2\/?page_id=17150"},"modified":"2025-01-15T12:22:03","modified_gmt":"2025-01-15T10:22:03","slug":"rinoplastika","status":"publish","type":"page","link":"https:\/\/ninaplastika.eu\/fi\/rinoplastika\/","title":{"rendered":"Rhinoplasty"},"content":{"rendered":"<div data-elementor-type=\"wp-page\" data-elementor-id=\"17150\" class=\"elementor elementor-17150\" data-elementor-post-type=\"page\">\n\t\t\t\t\t\t<section class=\"elementor-section elementor-top-section elementor-element elementor-element-2c21b36 elementor-section-height-min-height elementor-section-boxed elementor-section-height-default elementor-section-items-middle\" data-id=\"2c21b36\" data-element_type=\"section\" data-settings=\"{&quot;background_background&quot;:&quot;gradient&quot;}\">\n\t\t\t\t\t\t\t<div class=\"elementor-background-overlay\"><\/div>\n\t\t\t\t\t\t\t<div class=\"elementor-container elementor-column-gap-default\">\n\t\t\t\t\t<div class=\"elementor-column elementor-col-100 elementor-top-column elementor-element elementor-element-3f70983\" data-id=\"3f70983\" data-element_type=\"column\">\n\t\t\t<div class=\"elementor-widget-wrap elementor-element-populated\">\n\t\t\t\t\t\t<div class=\"elementor-element elementor-element-b1599d4 elementor-widget__width-initial elementor-widget elementor-widget-heading\" data-id=\"b1599d4\" data-element_type=\"widget\" data-widget_type=\"heading.default\">\n\t\t\t\t<div class=\"elementor-widget-container\">\n\t\t\t\t\t<h1 class=\"elementor-heading-title elementor-size-default\">Nen\u00e4leikkaus tai nen\u00e4leikkaus <\/h1>\t\t\t\t<\/div>\n\t\t\t\t<\/div>\n\t\t\t\t<div class=\"elementor-element elementor-element-52d1287 elementor-widget elementor-widget-text-editor\" data-id=\"52d1287\" data-element_type=\"widget\" data-widget_type=\"text-editor.default\">\n\t\t\t\t<div class=\"elementor-widget-container\">\n\t\t\t\t\t\t\t\t\t<p><a href=\"https:\/\/en.wikipedia.org\/wiki\/Rhinoplasty\" target=\"_blank\" rel=\"noopener\"><span style=\"font-weight: 400;\">Rhinoplasty<\/span><\/a><span style=\"font-weight: 400;\"> termi on per\u00e4isin antiikin kreikkalaisista sanoista <\/span><i><span style=\"font-weight: 400;\">nen\u00e4 + muoto.\u00a0<\/span><\/i><span style=\"font-weight: 400;\">Murtuneen nen\u00e4n plastiseen korjaamiseen tarkoitetut hoidot mainitaan ensimm\u00e4isen kerran papyruksessa, joka on per\u00e4isin 3000-2500 eKr. Nyky\u00e4\u00e4n nen\u00e4leikkaus on yksi yleisimmist\u00e4 plastiikkakirurgisista toimenpiteist\u00e4 nen\u00e4n ulkon\u00e4\u00f6n muuttamiseksi.\u00a0<\/span><\/p>\t\t\t\t\t\t\t\t<\/div>\n\t\t\t\t<\/div>\n\t\t\t\t<div class=\"elementor-element elementor-element-7179fe7 elementor-widget__width-auto elementor-widget elementor-widget-button\" data-id=\"7179fe7\" data-element_type=\"widget\" data-widget_type=\"button.default\">\n\t\t\t\t<div class=\"elementor-widget-container\">\n\t\t\t\t\t\t\t\t\t<div class=\"elementor-button-wrapper\">\n\t\t\t\t\t<a class=\"elementor-button elementor-button-link elementor-size-sm\" href=\"https:\/\/ninaplastika.eu\/fi\/hinnasto\/\">\n\t\t\t\t\t\t<span class=\"elementor-button-content-wrapper\">\n\t\t\t\t\t\t\t\t\t<span class=\"elementor-button-text\">Hinnasto<\/span>\n\t\t\t\t\t<\/span>\n\t\t\t\t\t<\/a>\n\t\t\t\t<\/div>\n\t\t\t\t\t\t\t\t<\/div>\n\t\t\t\t<\/div>\n\t\t\t\t<div class=\"elementor-element elementor-element-09ff6b2 elementor-widget__width-auto elementor-widget elementor-widget-button\" data-id=\"09ff6b2\" data-element_type=\"widget\" data-widget_type=\"button.default\">\n\t\t\t\t<div class=\"elementor-widget-container\">\n\t\t\t\t\t\t\t\t\t<div class=\"elementor-button-wrapper\">\n\t\t\t\t\t<a class=\"elementor-button elementor-button-link elementor-size-sm\" href=\"https:\/\/www.veebiregistratuur.ee\/fertilitas\/?employee=RrNyOpOr6o\" target=\"_blank\" rel=\"noopener\">\n\t\t\t\t\t\t<span class=\"elementor-button-content-wrapper\">\n\t\t\t\t\t\t\t\t\t<span class=\"elementor-button-text\">Varaa vastaanotto<\/span>\n\t\t\t\t\t<\/span>\n\t\t\t\t\t<\/a>\n\t\t\t\t<\/div>\n\t\t\t\t\t\t\t\t<\/div>\n\t\t\t\t<\/div>\n\t\t\t\t\t<\/div>\n\t\t<\/div>\n\t\t\t\t\t<\/div>\n\t\t<\/section>\n\t\t\t\t<section class=\"elementor-section elementor-top-section elementor-element elementor-element-3046cdb elementor-section-boxed elementor-section-height-default elementor-section-height-default\" data-id=\"3046cdb\" data-element_type=\"section\">\n\t\t\t\t\t\t<div class=\"elementor-container elementor-column-gap-default\">\n\t\t\t\t\t<div class=\"elementor-column elementor-col-50 elementor-top-column elementor-element elementor-element-9a84639\" data-id=\"9a84639\" data-element_type=\"column\">\n\t\t\t<div class=\"elementor-widget-wrap elementor-element-populated\">\n\t\t\t\t\t\t<div class=\"elementor-element elementor-element-32f08ce elementor-widget elementor-widget-text-editor\" data-id=\"32f08ce\" data-element_type=\"widget\" data-widget_type=\"text-editor.default\">\n\t\t\t\t<div class=\"elementor-widget-container\">\n\t\t\t\t\t\t\t\t\t<p><span style=\"font-weight: 400;\">Nen\u00e4leikkauksen aikana nen\u00e4n muotoa, kokoa tai mittasuhteita korjataan potilaan toiveiden ja kasvonpiirteiden mukaan. Ensimm\u00e4inen toipuminen nen\u00e4leikkauksesta kest\u00e4\u00e4 yleens\u00e4 2-3 viikkoa, mutta lopputulos n\u00e4kyy vasta 12 kuukauden kuluttua. Noin 15-20%-potilaat saattavat tarvita uusintaleikkausta nen\u00e4leikkauksen tuloksen korjaamiseksi.\u00a0<\/span><\/p><p><span style=\"font-weight: 400;\">Ennen nen\u00e4plastian suorittamista kirurgi kuulee perusteellisesti potilasta. Keskustelun aikana selvitet\u00e4\u00e4n sek\u00e4 fyysinen ett\u00e4 henkinen valmius leikkaukseen. On t\u00e4rke\u00e4\u00e4 ymm\u00e4rt\u00e4\u00e4 potilaan psykologiset syyt leikkaukseen. Kirurgi arvioi, ovatko potilaan odotukset realistisia ja voisiko leikkaus todella parantaa h\u00e4nen el\u00e4m\u00e4nlaatuaan. T\u00e4m\u00e4 auttaa v\u00e4ltt\u00e4m\u00e4\u00e4n my\u00f6hempi\u00e4 pettymyksi\u00e4 ja takaa paremman tyytyv\u00e4isyyden leikkauksen tuloksiin.<\/span><\/p>\t\t\t\t\t\t\t\t<\/div>\n\t\t\t\t<\/div>\n\t\t\t\t<div class=\"elementor-element elementor-element-2fecd93 elementor-widget elementor-widget-toggle\" data-id=\"2fecd93\" data-element_type=\"widget\" data-widget_type=\"toggle.default\">\n\t\t\t\t<div class=\"elementor-widget-container\">\n\t\t\t\t\t\t\t<div class=\"elementor-toggle\">\n\t\t\t\t\t\t\t<div class=\"elementor-toggle-item\">\n\t\t\t\t\t<h3 id=\"elementor-tab-title-5021\" class=\"elementor-tab-title\" data-tab=\"1\" role=\"button\" aria-controls=\"elementor-tab-content-5021\" aria-expanded=\"false\">\n\t\t\t\t\t\t\t\t\t\t\t\t<span class=\"elementor-toggle-icon elementor-toggle-icon-left\" aria-hidden=\"true\">\n\t\t\t\t\t\t\t\t\t\t\t\t\t\t\t<span class=\"elementor-toggle-icon-closed\"><i class=\"fas fa-caret-right\"><\/i><\/span>\n\t\t\t\t\t\t\t\t<span class=\"elementor-toggle-icon-opened\"><i class=\"elementor-toggle-icon-opened fas fa-caret-up\"><\/i><\/span>\n\t\t\t\t\t\t\t\t\t\t\t\t\t<\/span>\n\t\t\t\t\t\t\t\t\t\t\t\t<a class=\"elementor-toggle-title\" tabindex=\"0\">Ero nen\u00e4plastian, septoplastian ja rhinoseptoplastian v\u00e4lill\u00e4<\/a>\n\t\t\t\t\t<\/h3>\n\n\t\t\t\t\t<div id=\"elementor-tab-content-5021\" class=\"elementor-tab-content elementor-clearfix\" data-tab=\"1\" role=\"region\" aria-labelledby=\"elementor-tab-title-5021\"><p><span style=\"font-weight: 400;\">Nen\u00e4leikkauksen tarkoituksena on korjata nen\u00e4. Korjaus voi olla kosmeettista tai toiminnallista.\u00a0<\/span><\/p><p><span style=\"font-weight: 400;\">Rhinoplasty keskittyy nen\u00e4n ulkon\u00e4\u00f6n muuttamiseen ja on siksi kauneusleikkaus. Septoplastia puolestaan on toiminnallinen leikkaus, jonka aikana nen\u00e4n v\u00e4lisein\u00e4n poikkeamaa eli nen\u00e4n v\u00e4lisein\u00e4n kaarevuutta korjataan. Rhinoseptoplasty yhdist\u00e4\u00e4 molemmat toimenpiteet - sek\u00e4 nen\u00e4n esteettisen korjauksen ett\u00e4 toiminnallisten ongelmien ratkaisemisen. Usein siirtyminen n\u00e4iden kahden v\u00e4lill\u00e4 on sujuvaa, ja nen\u00e4n hengitystoiminnan paranemiseen liittyy esteettinen muutos.\u00a0<\/span><\/p><p><span style=\"font-weight: 400;\">Nen\u00e4onteloiden leikkaus on itsen\u00e4inen toimenpide, jolla on toiminnallinen tavoite \u2013 se keskittyy nen\u00e4n limakalvon turvotuksen v\u00e4hent\u00e4miseen ja hengityksen parantamiseen.<\/span><\/p><p><span style=\"font-weight: 400;\">Nen\u00e4n rekonstruktio on kirurginen toimenpide, jolla pyrit\u00e4\u00e4n palauttamaan nen\u00e4n normaali ulkon\u00e4k\u00f6 ja toiminta poistamalla merkitt\u00e4v\u00e4 synnynn\u00e4inen vika tai korjaamalla hankittu vika, kuten trauman tai kasvaimen poiston j\u00e4lkeen.<\/span><\/p><\/div>\n\t\t\t\t<\/div>\n\t\t\t\t\t\t\t\t<\/div>\n\t\t\t\t\t\t<\/div>\n\t\t\t\t<\/div>\n\t\t\t\t<div class=\"elementor-element elementor-element-2a443a6 elementor-widget__width-auto elementor-widget elementor-widget-button\" data-id=\"2a443a6\" data-element_type=\"widget\" data-widget_type=\"button.default\">\n\t\t\t\t<div class=\"elementor-widget-container\">\n\t\t\t\t\t\t\t\t\t<div class=\"elementor-button-wrapper\">\n\t\t\t\t\t<a class=\"elementor-button elementor-button-link elementor-size-sm\" href=\"https:\/\/www.veebiregistratuur.ee\/fertilitas\/?employee=RrNyOpOr6o\" target=\"_blank\" rel=\"noopener\">\n\t\t\t\t\t\t<span class=\"elementor-button-content-wrapper\">\n\t\t\t\t\t\t\t\t\t<span class=\"elementor-button-text\">Varaa vastaanotto<\/span>\n\t\t\t\t\t<\/span>\n\t\t\t\t\t<\/a>\n\t\t\t\t<\/div>\n\t\t\t\t\t\t\t\t<\/div>\n\t\t\t\t<\/div>\n\t\t\t\t<div class=\"elementor-element elementor-element-e18ee5b elementor-widget__width-initial elementor-widget elementor-widget-heading\" data-id=\"e18ee5b\" data-element_type=\"widget\" data-widget_type=\"heading.default\">\n\t\t\t\t<div class=\"elementor-widget-container\">\n\t\t\t\t\t<h2 class=\"elementor-heading-title elementor-size-default\">Nen\u00e4leikkaus Tallinnassa<\/h2>\t\t\t\t<\/div>\n\t\t\t\t<\/div>\n\t\t\t\t<div class=\"elementor-element elementor-element-20a42b1 elementor-widget elementor-widget-text-editor\" data-id=\"20a42b1\" data-element_type=\"widget\" data-widget_type=\"text-editor.default\">\n\t\t\t\t<div class=\"elementor-widget-container\">\n\t\t\t\t\t\t\t\t\t<p><span style=\"font-weight: 400;\">Useat plastiikkakirurgit ja klinikat tekev\u00e4t nen\u00e4leikkauksia Tallinnassa. Nen\u00e4remonttia tai kauneusleikkausta suunnitellessa kannattaa tutustua perusteellisesti eri kirurgien kokemuksiin ja aikaisempiin t\u00f6ihin. Monet klinikat tarjoavat mahdollisuuden tutustua nen\u00e4leikkauksen videomateriaaleihin ja n\u00e4hd\u00e4 <\/span><a href=\"https:\/\/ninaplastika.eu\/fi\/portfoolio\/\"><span style=\"font-weight: 400;\">&quot;ennen ja j\u00e4lkeen&quot; kuvia<\/span><\/a><span style=\"font-weight: 400;\">.\u00a0<\/span><\/p><p><span style=\"font-weight: 400;\">Leikkauksen hinta riippuu toimenpiteen monimutkaisuudesta ja m\u00e4\u00e4r\u00e4st\u00e4, mutta keskim\u00e4\u00e4r\u00e4inen hinta on 3000-6000 euroa. Ennen leikkausta k\u00e4yd\u00e4\u00e4n kattava konsultaatio, jossa keskustellaan potilaan toiveista, laaditaan leikkaussuunnitelma sek\u00e4 selvitet\u00e4\u00e4n leikkauksen kulku ja toipumisprosessi. <\/span><\/p><p><span style=\"font-weight: 400;\">Tarjoan palveluita plastiikkakirurgina Tallinnassa, tehden sek\u00e4 nen\u00e4- ett\u00e4 pulisonnan esteettisi\u00e4 leikkauksia. Jos luulet <\/span><a href=\"https:\/\/ninaplastika.eu\/fi\"><span style=\"font-weight: 400;\">nen\u00e4leikkausta varten<\/span><\/a><span style=\"font-weight: 400;\"> eli nen\u00e4leikkausta suositellaan perusteellisesti <\/span><span style=\"font-weight: 400;\">harkitse kaikkia nen\u00e4plastian t\u00e4rkeit\u00e4 n\u00e4k\u00f6kohtia<\/span><span style=\"font-weight: 400;\">. Treffit voivat auttaa sinua p\u00e4\u00e4t\u00f6ksenteossa <\/span><a href=\"https:\/\/ninaplastika.eu\/fi\/portfoolio\/\"><span style=\"font-weight: 400;\">ennen ja postoperatiivisia kuvia<\/span><\/a><span style=\"font-weight: 400;\"> ja <\/span><a href=\"https:\/\/ninaplastika.eu\/fi\/hinnasto\/\"><span style=\"font-weight: 400;\">nen\u00e4leikkauksen hinnaston kanssa<\/span><\/a><span style=\"font-weight: 400;\">. Jos haluat edet\u00e4 nen\u00e4leikkauksen suunnittelussa, on mahdollista tehd\u00e4 varaus <\/span><a href=\"https:\/\/www.veebiregistratuur.ee\/fertilitas\/?employee=RrNyOpOr6o\" target=\"_blank\" rel=\"noopener\"><span style=\"font-weight: 400;\">konsultaatioaika vastaanotolle<\/span><\/a><span style=\"font-weight: 400;\"> tai <a href=\"https:\/\/ninaplastika.eu\/fi\/kontakt\/\">kirjoita kirje ja varaa s\u00e4hk\u00f6inen konsultaatio<\/a>. <\/span><\/p>\t\t\t\t\t\t\t\t<\/div>\n\t\t\t\t<\/div>\n\t\t\t\t<div class=\"elementor-element elementor-element-d428673 elementor-widget__width-auto elementor-widget elementor-widget-button\" data-id=\"d428673\" data-element_type=\"widget\" data-widget_type=\"button.default\">\n\t\t\t\t<div class=\"elementor-widget-container\">\n\t\t\t\t\t\t\t\t\t<div class=\"elementor-button-wrapper\">\n\t\t\t\t\t<a class=\"elementor-button elementor-button-link elementor-size-sm\" href=\"https:\/\/ninaplastika.eu\/fi\/hinnasto\/\">\n\t\t\t\t\t\t<span class=\"elementor-button-content-wrapper\">\n\t\t\t\t\t\t\t\t\t<span class=\"elementor-button-text\">Hinnasto<\/span>\n\t\t\t\t\t<\/span>\n\t\t\t\t\t<\/a>\n\t\t\t\t<\/div>\n\t\t\t\t\t\t\t\t<\/div>\n\t\t\t\t<\/div>\n\t\t\t\t<div class=\"elementor-element elementor-element-fd6db67 elementor-widget__width-auto elementor-widget elementor-widget-button\" data-id=\"fd6db67\" data-element_type=\"widget\" data-widget_type=\"button.default\">\n\t\t\t\t<div class=\"elementor-widget-container\">\n\t\t\t\t\t\t\t\t\t<div class=\"elementor-button-wrapper\">\n\t\t\t\t\t<a class=\"elementor-button elementor-button-link elementor-size-sm\" href=\"https:\/\/www.veebiregistratuur.ee\/fertilitas\/?employee=RrNyOpOr6o\" target=\"_blank\" rel=\"noopener\">\n\t\t\t\t\t\t<span class=\"elementor-button-content-wrapper\">\n\t\t\t\t\t\t\t\t\t<span class=\"elementor-button-text\">Varaa vastaanotto<\/span>\n\t\t\t\t\t<\/span>\n\t\t\t\t\t<\/a>\n\t\t\t\t<\/div>\n\t\t\t\t\t\t\t\t<\/div>\n\t\t\t\t<\/div>\n\t\t\t\t\t<\/div>\n\t\t<\/div>\n\t\t\t\t<div class=\"elementor-column elementor-col-50 elementor-top-column elementor-element elementor-element-d6b7008\" data-id=\"d6b7008\" data-element_type=\"column\">\n\t\t\t<div class=\"elementor-widget-wrap elementor-element-populated\">\n\t\t\t\t\t\t<div class=\"elementor-element elementor-element-082f3ae elementor-widget elementor-widget-gallery\" data-id=\"082f3ae\" data-element_type=\"widget\" data-settings=\"{&quot;columns&quot;:1,&quot;aspect_ratio&quot;:&quot;1:1&quot;,&quot;lazyload&quot;:&quot;yes&quot;,&quot;gallery_layout&quot;:&quot;grid&quot;,&quot;columns_tablet&quot;:2,&quot;columns_mobile&quot;:1,&quot;gap&quot;:{&quot;unit&quot;:&quot;px&quot;,&quot;size&quot;:10,&quot;sizes&quot;:[]},&quot;gap_tablet&quot;:{&quot;unit&quot;:&quot;px&quot;,&quot;size&quot;:10,&quot;sizes&quot;:[]},&quot;gap_mobile&quot;:{&quot;unit&quot;:&quot;px&quot;,&quot;size&quot;:10,&quot;sizes&quot;:[]},&quot;link_to&quot;:&quot;file&quot;,&quot;overlay_background&quot;:&quot;yes&quot;,&quot;content_hover_animation&quot;:&quot;fade-in&quot;}\" data-widget_type=\"gallery.default\">\n\t\t\t\t<div class=\"elementor-widget-container\">\n\t\t\t\t\t\t\t<div class=\"elementor-gallery__container\">\n\t\t\t\t\t\t\t<a class=\"e-gallery-item elementor-gallery-item elementor-animated-content\" href=\"https:\/\/ninaplastika.eu\/wp-content\/uploads\/2025\/01\/Erik-Luht-Portfoolio-241_1.webp\" data-elementor-open-lightbox=\"yes\" data-elementor-lightbox-slideshow=\"082f3ae\" data-elementor-lightbox-title=\"Erik-Luht-Portfoolio-241_(1)\" data-e-action-hash=\"#elementor-action%3Aaction%3Dlightbox%26settings%3DeyJpZCI6MTcxNTMsInVybCI6Imh0dHBzOlwvXC9uaW5hcGxhc3Rpa2EuZXVcL3dwLWNvbnRlbnRcL3VwbG9hZHNcLzIwMjVcLzAxXC9FcmlrLUx1aHQtUG9ydGZvb2xpby0yNDFfMS53ZWJwIiwic2xpZGVzaG93IjoiMDgyZjNhZSJ9\">\n\t\t\t\t\t<div class=\"e-gallery-image elementor-gallery-item__image\" data-thumbnail=\"https:\/\/ninaplastika.eu\/wp-content\/uploads\/2025\/01\/Erik-Luht-Portfoolio-241_1.webp\" data-width=\"1200\" data-height=\"1200\" aria-label=\"\" role=\"img\" ><\/div>\n\t\t\t\t\t\t\t\t\t\t\t<div class=\"elementor-gallery-item__overlay\"><\/div>\n\t\t\t\t\t\t\t\t\t\t\t\t\t\t<\/a>\n\t\t\t\t\t\t\t<a class=\"e-gallery-item elementor-gallery-item elementor-animated-content\" href=\"https:\/\/ninaplastika.eu\/wp-content\/uploads\/2025\/01\/rhinoplasty-surgery-preparation-man-ent-is-touching-nose-consulting-man-final-examination-before-septoplasty-surgery_255847-12913.webp\" data-elementor-open-lightbox=\"yes\" data-elementor-lightbox-slideshow=\"082f3ae\" data-elementor-lightbox-title=\"rhinoplasty-surgery-preparation-man-ent-is-touching-nose-consulting-man-final-examination-before-septoplasty-surgery_255847-12913\" data-e-action-hash=\"#elementor-action%3Aaction%3Dlightbox%26settings%3DeyJpZCI6MTcxNjQsInVybCI6Imh0dHBzOlwvXC9uaW5hcGxhc3Rpa2EuZXVcL3dwLWNvbnRlbnRcL3VwbG9hZHNcLzIwMjVcLzAxXC9yaGlub3BsYXN0eS1zdXJnZXJ5LXByZXBhcmF0aW9uLW1hbi1lbnQtaXMtdG91Y2hpbmctbm9zZS1jb25zdWx0aW5nLW1hbi1maW5hbC1leGFtaW5hdGlvbi1iZWZvcmUtc2VwdG9wbGFzdHktc3VyZ2VyeV8yNTU4NDctMTI5MTMud2VicCIsInNsaWRlc2hvdyI6IjA4MmYzYWUifQ%3D%3D\">\n\t\t\t\t\t<div class=\"e-gallery-image elementor-gallery-item__image\" data-thumbnail=\"https:\/\/ninaplastika.eu\/wp-content\/uploads\/2025\/01\/rhinoplasty-surgery-preparation-man-ent-is-touching-nose-consulting-man-final-examination-before-septoplasty-surgery_255847-12913.webp\" data-width=\"417\" data-height=\"626\" aria-label=\"nen\u00e4leikkaus\" role=\"img\" ><\/div>\n\t\t\t\t\t\t\t\t\t\t\t<div class=\"elementor-gallery-item__overlay\"><\/div>\n\t\t\t\t\t\t\t\t\t\t\t\t\t\t<\/a>\n\t\t\t\t\t<\/div>\n\t\t\t\t\t<\/div>\n\t\t\t\t<\/div>\n\t\t\t\t\t<\/div>\n\t\t<\/div>\n\t\t\t\t\t<\/div>\n\t\t<\/section>\n\t\t\t\t<\/div>","protected":false},"excerpt":{"rendered":"<p>Rinoplastika ehk ninaoperatsioon Rinoplastika terminina tuleneb vanakreeka keelsetest s\u00f5nadest nina + vormima.\u00a0Murtud nina plastilise parandamise ravimeetodeid mainitakse esmakordselt pap\u00fc\u00fcruses, mis p\u00e4rineb 3000. aastast kuni 2500. aastani eKr. T\u00e4nap\u00e4eval on rinoplastika \u00fcks levinumaid plastilise kirurgia protseduure, mille eesm\u00e4rk on muuta nina v\u00e4limust. Hinnakiri Broneeri vastuv\u00f5tt Nina iluoperatsiooni k\u00e4igus korrigeeritakse nina kuju, suurust v\u00f5i proportsioone vastavalt patsiendi [&hellip;]<\/p>\n","protected":false},"author":4,"featured_media":0,"parent":0,"menu_order":0,"comment_status":"closed","ping_status":"closed","template":"","meta":{"footnotes":""},"categories":[],"tags":[],"class_list":["post-17150","page","type-page","status-publish","hentry"],"_links":{"self":[{"href":"https:\/\/ninaplastika.eu\/fi\/wp-json\/wp\/v2\/pages\/17150","targetHints":{"allow":["GET"]}}],"collection":[{"href":"https:\/\/ninaplastika.eu\/fi\/wp-json\/wp\/v2\/pages"}],"about":[{"href":"https:\/\/ninaplastika.eu\/fi\/wp-json\/wp\/v2\/types\/page"}],"author":[{"embeddable":true,"href":"https:\/\/ninaplastika.eu\/fi\/wp-json\/wp\/v2\/users\/4"}],"replies":[{"embeddable":true,"href":"https:\/\/ninaplastika.eu\/fi\/wp-json\/wp\/v2\/comments?post=17150"}],"version-history":[{"count":29,"href":"https:\/\/ninaplastika.eu\/fi\/wp-json\/wp\/v2\/pages\/17150\/revisions"}],"predecessor-version":[{"id":17270,"href":"https:\/\/ninaplastika.eu\/fi\/wp-json\/wp\/v2\/pages\/17150\/revisions\/17270"}],"wp:attachment":[{"href":"https:\/\/ninaplastika.eu\/fi\/wp-json\/wp\/v2\/media?parent=17150"}],"wp:term":[{"taxonomy":"category","embeddable":true,"href":"https:\/\/ninaplastika.eu\/fi\/wp-json\/wp\/v2\/categories?post=17150"},{"taxonomy":"post_tag","embeddable":true,"href":"https:\/\/ninaplastika.eu\/fi\/wp-json\/wp\/v2\/tags?post=17150"}],"curies":[{"name":"wp","href":"https:\/\/api.w.org\/{rel}","templated":true}]}}