{"id":17175,"date":"2025-01-13T17:42:14","date_gmt":"2025-01-13T15:42:14","guid":{"rendered":"https:\/\/ninaplastika.eu\/v2\/?page_id=17175"},"modified":"2025-01-15T12:22:18","modified_gmt":"2025-01-15T10:22:18","slug":"septoplastia","status":"publish","type":"page","link":"https:\/\/ninaplastika.eu\/fi\/septoplastia\/","title":{"rendered":"Septoplastia"},"content":{"rendered":"<div data-elementor-type=\"wp-page\" data-elementor-id=\"17175\" class=\"elementor elementor-17175\" data-elementor-post-type=\"page\">\n\t\t\t\t\t\t<section class=\"elementor-section elementor-top-section elementor-element elementor-element-2c21b36 elementor-section-height-min-height elementor-section-boxed elementor-section-height-default elementor-section-items-middle\" data-id=\"2c21b36\" data-element_type=\"section\" data-settings=\"{&quot;background_background&quot;:&quot;gradient&quot;}\">\n\t\t\t\t\t\t\t<div class=\"elementor-background-overlay\"><\/div>\n\t\t\t\t\t\t\t<div class=\"elementor-container elementor-column-gap-default\">\n\t\t\t\t\t<div class=\"elementor-column elementor-col-100 elementor-top-column elementor-element elementor-element-3f70983\" data-id=\"3f70983\" data-element_type=\"column\">\n\t\t\t<div class=\"elementor-widget-wrap elementor-element-populated\">\n\t\t\t\t\t\t<div class=\"elementor-element elementor-element-b1599d4 elementor-widget__width-initial elementor-widget elementor-widget-heading\" data-id=\"b1599d4\" data-element_type=\"widget\" data-widget_type=\"heading.default\">\n\t\t\t\t<div class=\"elementor-widget-container\">\n\t\t\t\t\t<h1 class=\"elementor-heading-title elementor-size-default\">Nen\u00e4n v\u00e4lisein\u00e4n leikkaus<\/h1>\t\t\t\t<\/div>\n\t\t\t\t<\/div>\n\t\t\t\t<div class=\"elementor-element elementor-element-52d1287 elementor-widget elementor-widget-text-editor\" data-id=\"52d1287\" data-element_type=\"widget\" data-widget_type=\"text-editor.default\">\n\t\t\t\t<div class=\"elementor-widget-container\">\n\t\t\t\t\t\t\t\t\t<p><a href=\"https:\/\/www.healthline.com\/health\/septoplasty\" target=\"_blank\" rel=\"noopener\"><span style=\"font-weight: 400;\">Septoplastia<\/span><\/a><span style=\"font-weight: 400;\">, joka tunnetaan my\u00f6s nimell\u00e4 v\u00e4lisein\u00e4n leikkaus, on kirurginen toimenpide, joka on suunniteltu korjaamaan poikkeavaa v\u00e4lisein\u00e4\u00e4.<\/span><\/p>\t\t\t\t\t\t\t\t<\/div>\n\t\t\t\t<\/div>\n\t\t\t\t<div class=\"elementor-element elementor-element-7179fe7 elementor-widget__width-auto elementor-widget elementor-widget-button\" data-id=\"7179fe7\" data-element_type=\"widget\" data-widget_type=\"button.default\">\n\t\t\t\t<div class=\"elementor-widget-container\">\n\t\t\t\t\t\t\t\t\t<div class=\"elementor-button-wrapper\">\n\t\t\t\t\t<a class=\"elementor-button elementor-button-link elementor-size-sm\" href=\"https:\/\/ninaplastika.eu\/fi\/hinnasto\/\">\n\t\t\t\t\t\t<span class=\"elementor-button-content-wrapper\">\n\t\t\t\t\t\t\t\t\t<span class=\"elementor-button-text\">Hinnasto<\/span>\n\t\t\t\t\t<\/span>\n\t\t\t\t\t<\/a>\n\t\t\t\t<\/div>\n\t\t\t\t\t\t\t\t<\/div>\n\t\t\t\t<\/div>\n\t\t\t\t<div class=\"elementor-element elementor-element-09ff6b2 elementor-widget__width-auto elementor-widget elementor-widget-button\" data-id=\"09ff6b2\" data-element_type=\"widget\" data-widget_type=\"button.default\">\n\t\t\t\t<div class=\"elementor-widget-container\">\n\t\t\t\t\t\t\t\t\t<div class=\"elementor-button-wrapper\">\n\t\t\t\t\t<a class=\"elementor-button elementor-button-link elementor-size-sm\" href=\"https:\/\/www.veebiregistratuur.ee\/fertilitas\/?employee=RrNyOpOr6o\" target=\"_blank\" rel=\"noopener\">\n\t\t\t\t\t\t<span class=\"elementor-button-content-wrapper\">\n\t\t\t\t\t\t\t\t\t<span class=\"elementor-button-text\">Varaa vastaanotto<\/span>\n\t\t\t\t\t<\/span>\n\t\t\t\t\t<\/a>\n\t\t\t\t<\/div>\n\t\t\t\t\t\t\t\t<\/div>\n\t\t\t\t<\/div>\n\t\t\t\t\t<\/div>\n\t\t<\/div>\n\t\t\t\t\t<\/div>\n\t\t<\/section>\n\t\t\t\t<section class=\"elementor-section elementor-top-section elementor-element elementor-element-3046cdb elementor-section-boxed elementor-section-height-default elementor-section-height-default\" data-id=\"3046cdb\" data-element_type=\"section\">\n\t\t\t\t\t\t<div class=\"elementor-container elementor-column-gap-default\">\n\t\t\t\t\t<div class=\"elementor-column elementor-col-50 elementor-top-column elementor-element elementor-element-9a84639\" data-id=\"9a84639\" data-element_type=\"column\">\n\t\t\t<div class=\"elementor-widget-wrap elementor-element-populated\">\n\t\t\t\t\t\t<div class=\"elementor-element elementor-element-32f08ce elementor-widget elementor-widget-text-editor\" data-id=\"32f08ce\" data-element_type=\"widget\" data-widget_type=\"text-editor.default\">\n\t\t\t\t<div class=\"elementor-widget-container\">\n\t\t\t\t\t\t\t\t\t<p><span style=\"font-weight: 400;\">Nen\u00e4n v\u00e4lisein\u00e4 on ohut luu- ja rustorakenne, joka erottaa nen\u00e4n kahteen kanavaan. Jos se on v\u00e4\u00e4ntynyt tai sijoiltaan siirtynyt, se voi aiheuttaa hengitysvaikeuksia ja muita ep\u00e4mukavuutta. Septoplastia on yleinen leikkaus, jolla parannetaan nen\u00e4n toimintaa ja siten potilaan el\u00e4m\u00e4nlaatua.<\/span><\/p>\t\t\t\t\t\t\t\t<\/div>\n\t\t\t\t<\/div>\n\t\t\t\t<div class=\"elementor-element elementor-element-2fecd93 elementor-widget elementor-widget-toggle\" data-id=\"2fecd93\" data-element_type=\"widget\" data-widget_type=\"toggle.default\">\n\t\t\t\t<div class=\"elementor-widget-container\">\n\t\t\t\t\t\t\t<div class=\"elementor-toggle\">\n\t\t\t\t\t\t\t<div class=\"elementor-toggle-item\">\n\t\t\t\t\t<h3 id=\"elementor-tab-title-5021\" class=\"elementor-tab-title\" data-tab=\"1\" role=\"button\" aria-controls=\"elementor-tab-content-5021\" aria-expanded=\"false\">\n\t\t\t\t\t\t\t\t\t\t\t\t<span class=\"elementor-toggle-icon elementor-toggle-icon-left\" aria-hidden=\"true\">\n\t\t\t\t\t\t\t\t\t\t\t\t\t\t\t<span class=\"elementor-toggle-icon-closed\"><i class=\"fas fa-caret-right\"><\/i><\/span>\n\t\t\t\t\t\t\t\t<span class=\"elementor-toggle-icon-opened\"><i class=\"elementor-toggle-icon-opened fas fa-caret-up\"><\/i><\/span>\n\t\t\t\t\t\t\t\t\t\t\t\t\t<\/span>\n\t\t\t\t\t\t\t\t\t\t\t\t<a class=\"elementor-toggle-title\" tabindex=\"0\">Oireet poikkeavasta v\u00e4lisein\u00e4st\u00e4<\/a>\n\t\t\t\t\t<\/h3>\n\n\t\t\t\t\t<div id=\"elementor-tab-content-5021\" class=\"elementor-tab-content elementor-clearfix\" data-tab=\"1\" role=\"region\" aria-labelledby=\"elementor-tab-title-5021\"><p><span style=\"font-weight: 400;\">Poikkeava nen\u00e4n v\u00e4lisein\u00e4 voi aiheuttaa useita ep\u00e4miellytt\u00e4vi\u00e4 oireita, jotka voivat vaikuttaa merkitt\u00e4v\u00e4sti ihmisen jokap\u00e4iv\u00e4iseen el\u00e4m\u00e4\u00e4n. T\u00e4rkeimm\u00e4t oireet ovat:<\/span><\/p><ul><li style=\"font-weight: 400;\" aria-level=\"1\"><span style=\"font-weight: 400;\">Krooninen nen\u00e4n tukkoisuus \u2013 toinen tai molemmat sieraimet voivat tuntua jatkuvasti tukossa;<\/span><\/li><li style=\"font-weight: 400;\" aria-level=\"1\"><span style=\"font-weight: 400;\">Suun kautta hengitys \u2013 ilman liikkuminen nen\u00e4n l\u00e4pi on estynyt, mink\u00e4 vuoksi on jatkuvasti tarpeen hengitt\u00e4\u00e4 suun kautta;<\/span><\/li><li style=\"font-weight: 400;\" aria-level=\"1\"><span style=\"font-weight: 400;\">Toistuva nen\u00e4verenvuoto - poikkeava nen\u00e4n v\u00e4lisein\u00e4 voi aiheuttaa nen\u00e4n limakalvon kuivumista ja haurautta;<\/span><\/li><li style=\"font-weight: 400;\" aria-level=\"1\"><span style=\"font-weight: 400;\">P\u00e4\u00e4ns\u00e4rky - Jos nen\u00e4n v\u00e4lisein\u00e4 on hyvin kaareva, se voi joutua kosketuksiin nen\u00e4n sivusein\u00e4m\u00e4n rakenteiden kanssa ja aiheuttaa usein p\u00e4\u00e4ns\u00e4rky\u00e4.<\/span><\/li><li style=\"font-weight: 400;\" aria-level=\"1\"><span style=\"font-weight: 400;\">Kuorsaus ja uniapnea \u2013 Ilmankiertoh\u00e4iri\u00f6t voivat aiheuttaa kuorsausta ja joissakin tapauksissa jopa uniapneaa.<\/span><\/li><\/ul><p><span style=\"font-weight: 400;\">Jos on yll\u00e4 kuvattuja valituksia ja l\u00e4\u00e4k\u00e4ri vahvistaa v\u00e4lisein\u00e4n kaarevuuden, nen\u00e4n v\u00e4lisein\u00e4n leikkaus voi olla tarpeen.<\/span><\/p><\/div>\n\t\t\t\t<\/div>\n\t\t\t\t\t\t\t<div class=\"elementor-toggle-item\">\n\t\t\t\t\t<h3 id=\"elementor-tab-title-5022\" class=\"elementor-tab-title\" data-tab=\"2\" role=\"button\" aria-controls=\"elementor-tab-content-5022\" aria-expanded=\"false\">\n\t\t\t\t\t\t\t\t\t\t\t\t<span class=\"elementor-toggle-icon elementor-toggle-icon-left\" aria-hidden=\"true\">\n\t\t\t\t\t\t\t\t\t\t\t\t\t\t\t<span class=\"elementor-toggle-icon-closed\"><i class=\"fas fa-caret-right\"><\/i><\/span>\n\t\t\t\t\t\t\t\t<span class=\"elementor-toggle-icon-opened\"><i class=\"elementor-toggle-icon-opened fas fa-caret-up\"><\/i><\/span>\n\t\t\t\t\t\t\t\t\t\t\t\t\t<\/span>\n\t\t\t\t\t\t\t\t\t\t\t\t<a class=\"elementor-toggle-title\" tabindex=\"0\">Septoplastia nen\u00e4leikkauksella<\/a>\n\t\t\t\t\t<\/h3>\n\n\t\t\t\t\t<div id=\"elementor-tab-content-5022\" class=\"elementor-tab-content elementor-clearfix\" data-tab=\"2\" role=\"region\" aria-labelledby=\"elementor-tab-title-5022\"><p><span style=\"font-weight: 400;\">Jos potilas haluaa muuttaa nen\u00e4ns\u00e4 ulkon\u00e4k\u00f6\u00e4, mutta on my\u00f6s nen\u00e4n v\u00e4lisein\u00e4n kaarevuuden aiheuttamia nen\u00e4n hengitysvaikeuksia, nen\u00e4n v\u00e4lisein\u00e4n leikkausta ei suositella etuk\u00e4teen sairausvakuutuskassan rahoituksella. V\u00e4lisein\u00e4n rustoosa on nimitt\u00e4in my\u00f6s t\u00e4rke\u00e4 tukimateriaali ulkonen\u00e4n rakenteille, ja aiemmin tehty septoplastia voi vahingoittaa rustoa. T\u00e4m\u00e4 puolestaan voi tehd\u00e4 esteettisest\u00e4 nen\u00e4leikkauksesta tulevaisuudessa huomattavasti monimutkaisempaa ja kalliimpaa.<\/span><\/p><p><span style=\"font-weight: 400;\">Jos suunnittelet nen\u00e4leikkausta kosmeettisiin tarkoituksiin, mutta sinulla on my\u00f6s hengitysvaikeuksia, on j\u00e4rkev\u00e4\u00e4 neuvotella kauneuskirurgin kanssa ennen toimintaleikkausta ja tarvittaessa tehd\u00e4 n\u00e4m\u00e4 leikkaukset yhdess\u00e4. Yleens\u00e4 t\u00e4m\u00e4 ei tee maksetusta leikkauksesta sinulle kalliimpaa, p\u00e4invastoin. <\/span><\/p><\/div>\n\t\t\t\t<\/div>\n\t\t\t\t\t\t\t<div class=\"elementor-toggle-item\">\n\t\t\t\t\t<h3 id=\"elementor-tab-title-5023\" class=\"elementor-tab-title\" data-tab=\"3\" role=\"button\" aria-controls=\"elementor-tab-content-5023\" aria-expanded=\"false\">\n\t\t\t\t\t\t\t\t\t\t\t\t<span class=\"elementor-toggle-icon elementor-toggle-icon-left\" aria-hidden=\"true\">\n\t\t\t\t\t\t\t\t\t\t\t\t\t\t\t<span class=\"elementor-toggle-icon-closed\"><i class=\"fas fa-caret-right\"><\/i><\/span>\n\t\t\t\t\t\t\t\t<span class=\"elementor-toggle-icon-opened\"><i class=\"elementor-toggle-icon-opened fas fa-caret-up\"><\/i><\/span>\n\t\t\t\t\t\t\t\t\t\t\t\t\t<\/span>\n\t\t\t\t\t\t\t\t\t\t\t\t<a class=\"elementor-toggle-title\" tabindex=\"0\">Septoplastian valmistelu ja palautuminen<\/a>\n\t\t\t\t\t<\/h3>\n\n\t\t\t\t\t<div id=\"elementor-tab-content-5023\" class=\"elementor-tab-content elementor-clearfix\" data-tab=\"3\" role=\"region\" aria-labelledby=\"elementor-tab-title-5023\"><p><span style=\"font-weight: 400;\">Ennen leikkausta on suoritettava perusteellinen l\u00e4\u00e4k\u00e4rintarkastus ja tarvittavat testit. L\u00e4\u00e4k\u00e4ri arvioi nen\u00e4n anatomian ja voi tarvittaessa tehd\u00e4 nen\u00e4n endoskopian ja tietokonetomografian. Leikkausta edelt\u00e4v\u00e4n\u00e4 ja sen j\u00e4lkeisen\u00e4 aikana on noudatettava l\u00e4\u00e4k\u00e4rin antamia ohjeita, jotta leikkaus ja siit\u00e4 toipuminen sujuu mahdollisimman sujuvasti. Esimerkiksi tupakoinnin lopettamista suositellaan v\u00e4hint\u00e4\u00e4n kaksi viikkoa ennen leikkausta.<\/span><\/p><p><span style=\"font-weight: 400;\">Ensimm\u00e4inen toipuminen septoplastiasta kest\u00e4\u00e4 yleens\u00e4 1-2 viikkoa. T\u00e4n\u00e4 aikana sinun tulee v\u00e4ltt\u00e4\u00e4 fyysist\u00e4 rasitusta ja olla menem\u00e4tt\u00e4 saunaan. Ensimm\u00e4isin\u00e4 p\u00e4ivin\u00e4 leikkauksen j\u00e4lkeen saatat kokea nen\u00e4n tukkoisuutta, kipua ja ep\u00e4mukavuutta. Valitusta leikkaustekniikasta riippuen nen\u00e4k\u00e4yt\u00e4viin voi j\u00e4\u00e4d\u00e4 septumia tukevia muovi- tai silikonilevyj\u00e4, jotka poistetaan 4-7 p\u00e4iv\u00e4n kuluttua leikkauksesta. Nen\u00e4n toiminnan t\u00e4ydellinen stabiloituminen ja palautuminen voi kest\u00e4\u00e4 3-6 kuukautta.<\/span><\/p><\/div>\n\t\t\t\t<\/div>\n\t\t\t\t\t\t\t\t<\/div>\n\t\t\t\t\t\t<\/div>\n\t\t\t\t<\/div>\n\t\t\t\t<div class=\"elementor-element elementor-element-2a443a6 elementor-widget__width-auto elementor-widget elementor-widget-button\" data-id=\"2a443a6\" data-element_type=\"widget\" data-widget_type=\"button.default\">\n\t\t\t\t<div class=\"elementor-widget-container\">\n\t\t\t\t\t\t\t\t\t<div class=\"elementor-button-wrapper\">\n\t\t\t\t\t<a class=\"elementor-button elementor-button-link elementor-size-sm\" href=\"https:\/\/www.veebiregistratuur.ee\/fertilitas\/?employee=RrNyOpOr6o\" target=\"_blank\" rel=\"noopener\">\n\t\t\t\t\t\t<span class=\"elementor-button-content-wrapper\">\n\t\t\t\t\t\t\t\t\t<span class=\"elementor-button-text\">Varaa vastaanotto<\/span>\n\t\t\t\t\t<\/span>\n\t\t\t\t\t<\/a>\n\t\t\t\t<\/div>\n\t\t\t\t\t\t\t\t<\/div>\n\t\t\t\t<\/div>\n\t\t\t\t<div class=\"elementor-element elementor-element-e18ee5b elementor-widget__width-initial elementor-widget elementor-widget-heading\" data-id=\"e18ee5b\" data-element_type=\"widget\" data-widget_type=\"heading.default\">\n\t\t\t\t<div class=\"elementor-widget-container\">\n\t\t\t\t\t<h2 class=\"elementor-heading-title elementor-size-default\">Septoplastian hinta<\/h2>\t\t\t\t<\/div>\n\t\t\t\t<\/div>\n\t\t\t\t<div class=\"elementor-element elementor-element-20a42b1 elementor-widget elementor-widget-text-editor\" data-id=\"20a42b1\" data-element_type=\"widget\" data-widget_type=\"text-editor.default\">\n\t\t\t\t<div class=\"elementor-widget-container\">\n\t\t\t\t\t\t\t\t\t<p><span style=\"font-weight: 400;\">Nen\u00e4n v\u00e4lisein\u00e4n leikkauksen hinta voi vaihdella useista tekij\u00f6ist\u00e4 riippuen. Virossa nen\u00e4n v\u00e4lisein\u00e4n leikkaus tai septoplastia korvaa yleens\u00e4 sairausvakuutuskassa, jos se on l\u00e4\u00e4ketieteellisesti perusteltua. T\u00e4m\u00e4 tarkoittaa, ett\u00e4 potilaan, jolla on diagnosoitu nen\u00e4n v\u00e4lisein\u00e4n poikkeama ja siit\u00e4 johtuvat terveysongelmat, ei tarvitse maksaa leikkausta itse. Yksityisill\u00e4 klinikoilla septoplastia voi olla maksullinen toimenpide.<\/span><\/p><p><span style=\"font-weight: 400;\">Jos leikkaus tehd\u00e4\u00e4n yksityisell\u00e4 klinikalla ilman sairausvakuutusrahaston rahoitusta, nen\u00e4n v\u00e4lisein\u00e4n leikkauksen hinta voi vaihdella 1 500 - 3 000 eurosta. Tarkka hinta riippuu tapauksesta ja valitusta kirurgista.<\/span><\/p><p><span style=\"font-weight: 400;\">On t\u00e4rke\u00e4\u00e4 muistaa, ett\u00e4 septoplastia on l\u00e4\u00e4ketieteellinen toimenpide, ei kauneuskirurgia. Sen tarkoituksena on parantaa nen\u00e4n toimintaa, ei muuttaa nen\u00e4n ulkon\u00e4k\u00f6\u00e4.<\/span><\/p>\t\t\t\t\t\t\t\t<\/div>\n\t\t\t\t<\/div>\n\t\t\t\t<div class=\"elementor-element elementor-element-d428673 elementor-widget__width-auto elementor-widget elementor-widget-button\" data-id=\"d428673\" data-element_type=\"widget\" data-widget_type=\"button.default\">\n\t\t\t\t<div class=\"elementor-widget-container\">\n\t\t\t\t\t\t\t\t\t<div class=\"elementor-button-wrapper\">\n\t\t\t\t\t<a class=\"elementor-button elementor-button-link elementor-size-sm\" href=\"https:\/\/ninaplastika.eu\/fi\/hinnasto\/\">\n\t\t\t\t\t\t<span class=\"elementor-button-content-wrapper\">\n\t\t\t\t\t\t\t\t\t<span class=\"elementor-button-text\">Hinnasto<\/span>\n\t\t\t\t\t<\/span>\n\t\t\t\t\t<\/a>\n\t\t\t\t<\/div>\n\t\t\t\t\t\t\t\t<\/div>\n\t\t\t\t<\/div>\n\t\t\t\t<div class=\"elementor-element elementor-element-fd6db67 elementor-widget__width-auto elementor-widget elementor-widget-button\" data-id=\"fd6db67\" data-element_type=\"widget\" data-widget_type=\"button.default\">\n\t\t\t\t<div class=\"elementor-widget-container\">\n\t\t\t\t\t\t\t\t\t<div class=\"elementor-button-wrapper\">\n\t\t\t\t\t<a class=\"elementor-button elementor-button-link elementor-size-sm\" href=\"https:\/\/www.veebiregistratuur.ee\/fertilitas\/?employee=RrNyOpOr6o\" target=\"_blank\" rel=\"noopener\">\n\t\t\t\t\t\t<span class=\"elementor-button-content-wrapper\">\n\t\t\t\t\t\t\t\t\t<span class=\"elementor-button-text\">Varaa vastaanotto<\/span>\n\t\t\t\t\t<\/span>\n\t\t\t\t\t<\/a>\n\t\t\t\t<\/div>\n\t\t\t\t\t\t\t\t<\/div>\n\t\t\t\t<\/div>\n\t\t\t\t\t<\/div>\n\t\t<\/div>\n\t\t\t\t<div class=\"elementor-column elementor-col-50 elementor-top-column elementor-element elementor-element-d6b7008\" data-id=\"d6b7008\" data-element_type=\"column\">\n\t\t\t<div class=\"elementor-widget-wrap elementor-element-populated\">\n\t\t\t\t\t\t<div class=\"elementor-element elementor-element-082f3ae elementor-widget elementor-widget-gallery\" data-id=\"082f3ae\" data-element_type=\"widget\" data-settings=\"{&quot;columns&quot;:1,&quot;aspect_ratio&quot;:&quot;4:3&quot;,&quot;lazyload&quot;:&quot;yes&quot;,&quot;gallery_layout&quot;:&quot;grid&quot;,&quot;columns_tablet&quot;:2,&quot;columns_mobile&quot;:1,&quot;gap&quot;:{&quot;unit&quot;:&quot;px&quot;,&quot;size&quot;:10,&quot;sizes&quot;:[]},&quot;gap_tablet&quot;:{&quot;unit&quot;:&quot;px&quot;,&quot;size&quot;:10,&quot;sizes&quot;:[]},&quot;gap_mobile&quot;:{&quot;unit&quot;:&quot;px&quot;,&quot;size&quot;:10,&quot;sizes&quot;:[]},&quot;link_to&quot;:&quot;file&quot;,&quot;overlay_background&quot;:&quot;yes&quot;,&quot;content_hover_animation&quot;:&quot;fade-in&quot;}\" data-widget_type=\"gallery.default\">\n\t\t\t\t<div class=\"elementor-widget-container\">\n\t\t\t\t\t\t\t<div class=\"elementor-gallery__container\">\n\t\t\t\t\t\t\t<a class=\"e-gallery-item elementor-gallery-item elementor-animated-content\" href=\"https:\/\/ninaplastika.eu\/wp-content\/uploads\/2024\/12\/Erik-Luht-Portfoolio-301.webp\" data-elementor-open-lightbox=\"yes\" data-elementor-lightbox-slideshow=\"082f3ae\" data-elementor-lightbox-title=\"1 aasta peale operatsiooni\" data-e-action-hash=\"#elementor-action%3Aaction%3Dlightbox%26settings%3DeyJpZCI6MTY3NTcsInVybCI6Imh0dHBzOlwvXC9uaW5hcGxhc3Rpa2EuZXVcL3dwLWNvbnRlbnRcL3VwbG9hZHNcLzIwMjRcLzEyXC9FcmlrLUx1aHQtUG9ydGZvb2xpby0zMDEud2VicCIsInNsaWRlc2hvdyI6IjA4MmYzYWUifQ%3D%3D\">\n\t\t\t\t\t<div class=\"e-gallery-image elementor-gallery-item__image\" data-thumbnail=\"https:\/\/ninaplastika.eu\/wp-content\/uploads\/2024\/12\/Erik-Luht-Portfoolio-301.webp\" data-width=\"1800\" data-height=\"1800\" aria-label=\"\" role=\"img\" ><\/div>\n\t\t\t\t\t\t\t\t\t\t\t<div class=\"elementor-gallery-item__overlay\"><\/div>\n\t\t\t\t\t\t\t\t\t\t\t\t\t\t<\/a>\n\t\t\t\t\t\t\t<a class=\"e-gallery-item elementor-gallery-item elementor-animated-content\" href=\"https:\/\/ninaplastika.eu\/wp-content\/uploads\/2024\/12\/Erik-Luht-Portfoolio-334.webp\" data-elementor-open-lightbox=\"yes\" data-elementor-lightbox-slideshow=\"082f3ae\" data-elementor-lightbox-title=\"3 kuud peale operatsiooni\" data-e-action-hash=\"#elementor-action%3Aaction%3Dlightbox%26settings%3DeyJpZCI6MTY3NzgsInVybCI6Imh0dHBzOlwvXC9uaW5hcGxhc3Rpa2EuZXVcL3dwLWNvbnRlbnRcL3VwbG9hZHNcLzIwMjRcLzEyXC9FcmlrLUx1aHQtUG9ydGZvb2xpby0zMzQud2VicCIsInNsaWRlc2hvdyI6IjA4MmYzYWUifQ%3D%3D\">\n\t\t\t\t\t<div class=\"e-gallery-image elementor-gallery-item__image\" data-thumbnail=\"https:\/\/ninaplastika.eu\/wp-content\/uploads\/2024\/12\/Erik-Luht-Portfoolio-334.webp\" data-width=\"1800\" data-height=\"1800\" aria-label=\"\" role=\"img\" ><\/div>\n\t\t\t\t\t\t\t\t\t\t\t<div class=\"elementor-gallery-item__overlay\"><\/div>\n\t\t\t\t\t\t\t\t\t\t\t\t\t\t<\/a>\n\t\t\t\t\t<\/div>\n\t\t\t\t\t<\/div>\n\t\t\t\t<\/div>\n\t\t\t\t\t<\/div>\n\t\t<\/div>\n\t\t\t\t\t<\/div>\n\t\t<\/section>\n\t\t\t\t<\/div>","protected":false},"excerpt":{"rendered":"<p>Ninavaheseina operatsioon Septoplastika, teise nimega ninavaheseina operatsioon, on kirurgiline protseduur, mille eesm\u00e4rk on korrigeerida k\u00f5rvalekaldunud ninavaheseina. Hinnakiri Broneeri vastuv\u00f5tt Ninavahesein on \u00f5huke luust ja k\u00f5hrest koosnev struktuur, mis eraldab nina kaheks k\u00e4iguks. Kui see on k\u00f5verdunud v\u00f5i nihkunud, v\u00f5ib see p\u00f5hjustada hingamisraskusi ja muid ebamugavusi. Septoplastika on levinud operatsioon, et parandada nina funktsiooni ja seel\u00e4bi [&hellip;]<\/p>\n","protected":false},"author":4,"featured_media":0,"parent":0,"menu_order":0,"comment_status":"closed","ping_status":"closed","template":"","meta":{"footnotes":""},"categories":[],"tags":[],"class_list":["post-17175","page","type-page","status-publish","hentry"],"_links":{"self":[{"href":"https:\/\/ninaplastika.eu\/fi\/wp-json\/wp\/v2\/pages\/17175","targetHints":{"allow":["GET"]}}],"collection":[{"href":"https:\/\/ninaplastika.eu\/fi\/wp-json\/wp\/v2\/pages"}],"about":[{"href":"https:\/\/ninaplastika.eu\/fi\/wp-json\/wp\/v2\/types\/page"}],"author":[{"embeddable":true,"href":"https:\/\/ninaplastika.eu\/fi\/wp-json\/wp\/v2\/users\/4"}],"replies":[{"embeddable":true,"href":"https:\/\/ninaplastika.eu\/fi\/wp-json\/wp\/v2\/comments?post=17175"}],"version-history":[{"count":17,"href":"https:\/\/ninaplastika.eu\/fi\/wp-json\/wp\/v2\/pages\/17175\/revisions"}],"predecessor-version":[{"id":17271,"href":"https:\/\/ninaplastika.eu\/fi\/wp-json\/wp\/v2\/pages\/17175\/revisions\/17271"}],"wp:attachment":[{"href":"https:\/\/ninaplastika.eu\/fi\/wp-json\/wp\/v2\/media?parent=17175"}],"wp:term":[{"taxonomy":"category","embeddable":true,"href":"https:\/\/ninaplastika.eu\/fi\/wp-json\/wp\/v2\/categories?post=17175"},{"taxonomy":"post_tag","embeddable":true,"href":"https:\/\/ninaplastika.eu\/fi\/wp-json\/wp\/v2\/tags?post=17175"}],"curies":[{"name":"wp","href":"https:\/\/api.w.org\/{rel}","templated":true}]}}