{"id":17204,"date":"2025-01-14T10:57:43","date_gmt":"2025-01-14T08:57:43","guid":{"rendered":"https:\/\/ninaplastika.eu\/v2\/?page_id=17204"},"modified":"2025-01-15T12:16:36","modified_gmt":"2025-01-15T10:16:36","slug":"otoplastika","status":"publish","type":"page","link":"https:\/\/ninaplastika.eu\/fi\/otoplastika\/","title":{"rendered":"Otoplastia"},"content":{"rendered":"<div data-elementor-type=\"wp-page\" data-elementor-id=\"17204\" class=\"elementor elementor-17204\" data-elementor-post-type=\"page\">\n\t\t\t\t\t\t<section class=\"elementor-section elementor-top-section elementor-element elementor-element-2c21b36 elementor-section-height-min-height elementor-section-boxed elementor-section-height-default elementor-section-items-middle\" data-id=\"2c21b36\" data-element_type=\"section\" data-settings=\"{&quot;background_background&quot;:&quot;gradient&quot;}\">\n\t\t\t\t\t\t\t<div class=\"elementor-background-overlay\"><\/div>\n\t\t\t\t\t\t\t<div class=\"elementor-container elementor-column-gap-default\">\n\t\t\t\t\t<div class=\"elementor-column elementor-col-100 elementor-top-column elementor-element elementor-element-3f70983\" data-id=\"3f70983\" data-element_type=\"column\">\n\t\t\t<div class=\"elementor-widget-wrap elementor-element-populated\">\n\t\t\t\t\t\t<div class=\"elementor-element elementor-element-b1599d4 elementor-widget__width-initial elementor-widget elementor-widget-heading\" data-id=\"b1599d4\" data-element_type=\"widget\" data-widget_type=\"heading.default\">\n\t\t\t\t<div class=\"elementor-widget-container\">\n\t\t\t\t\t<h1 class=\"elementor-heading-title elementor-size-default\">Otoplastia tai korvankorjausleikkaus<\/h1>\t\t\t\t<\/div>\n\t\t\t\t<\/div>\n\t\t\t\t<div class=\"elementor-element elementor-element-7179fe7 elementor-widget__width-auto elementor-widget elementor-widget-button\" data-id=\"7179fe7\" data-element_type=\"widget\" data-widget_type=\"button.default\">\n\t\t\t\t<div class=\"elementor-widget-container\">\n\t\t\t\t\t\t\t\t\t<div class=\"elementor-button-wrapper\">\n\t\t\t\t\t<a class=\"elementor-button elementor-button-link elementor-size-sm\" href=\"https:\/\/ninaplastika.eu\/fi\/hinnasto\/\">\n\t\t\t\t\t\t<span class=\"elementor-button-content-wrapper\">\n\t\t\t\t\t\t\t\t\t<span class=\"elementor-button-text\">Hinnasto<\/span>\n\t\t\t\t\t<\/span>\n\t\t\t\t\t<\/a>\n\t\t\t\t<\/div>\n\t\t\t\t\t\t\t\t<\/div>\n\t\t\t\t<\/div>\n\t\t\t\t<div class=\"elementor-element elementor-element-09ff6b2 elementor-widget__width-auto elementor-widget elementor-widget-button\" data-id=\"09ff6b2\" data-element_type=\"widget\" data-widget_type=\"button.default\">\n\t\t\t\t<div class=\"elementor-widget-container\">\n\t\t\t\t\t\t\t\t\t<div class=\"elementor-button-wrapper\">\n\t\t\t\t\t<a class=\"elementor-button elementor-button-link elementor-size-sm\" href=\"https:\/\/www.veebiregistratuur.ee\/fertilitas\/?employee=RrNyOpOr6o\" target=\"_blank\" rel=\"noopener\">\n\t\t\t\t\t\t<span class=\"elementor-button-content-wrapper\">\n\t\t\t\t\t\t\t\t\t<span class=\"elementor-button-text\">Varaa vastaanotto<\/span>\n\t\t\t\t\t<\/span>\n\t\t\t\t\t<\/a>\n\t\t\t\t<\/div>\n\t\t\t\t\t\t\t\t<\/div>\n\t\t\t\t<\/div>\n\t\t\t\t\t<\/div>\n\t\t<\/div>\n\t\t\t\t\t<\/div>\n\t\t<\/section>\n\t\t\t\t<section class=\"elementor-section elementor-top-section elementor-element elementor-element-3046cdb elementor-section-boxed elementor-section-height-default elementor-section-height-default\" data-id=\"3046cdb\" data-element_type=\"section\">\n\t\t\t\t\t\t<div class=\"elementor-container elementor-column-gap-default\">\n\t\t\t\t\t<div class=\"elementor-column elementor-col-50 elementor-top-column elementor-element elementor-element-9a84639\" data-id=\"9a84639\" data-element_type=\"column\">\n\t\t\t<div class=\"elementor-widget-wrap elementor-element-populated\">\n\t\t\t\t\t\t<div class=\"elementor-element elementor-element-32f08ce elementor-widget elementor-widget-text-editor\" data-id=\"32f08ce\" data-element_type=\"widget\" data-widget_type=\"text-editor.default\">\n\t\t\t\t<div class=\"elementor-widget-container\">\n\t\t\t\t\t\t\t\t\t<p><a href=\"https:\/\/en.wikipedia.org\/wiki\/Otoplasty\" target=\"_blank\" rel=\"noopener\"><span style=\"font-weight: 400;\">Otoplastia<\/span><\/a><span style=\"font-weight: 400;\">, joka tunnetaan my\u00f6s nimell\u00e4 korvan korjausleikkaus tai korvan plastiikkakirurgia, on plastiikkakirurginen toimenpide, jonka tarkoituksena on muuttaa korvien muotoa tai sijaintia. Se on yksi yleisimmist\u00e4 kauneuskirurgisista toimenpiteist\u00e4 sek\u00e4 lapsille ett\u00e4 aikuisille. Korvaleikkaus voi parantaa huomattavasti ihmisen ulkon\u00e4k\u00f6\u00e4 ja itseluottamusta, varsinkin jos korvat ovat n\u00e4kyv\u00e4sti kaukana p\u00e4\u00e4st\u00e4 tai niiden muoto on ep\u00e4tavallinen.<\/span><\/p>\t\t\t\t\t\t\t\t<\/div>\n\t\t\t\t<\/div>\n\t\t\t\t<div class=\"elementor-element elementor-element-2fecd93 elementor-widget elementor-widget-toggle\" data-id=\"2fecd93\" data-element_type=\"widget\" data-widget_type=\"toggle.default\">\n\t\t\t\t<div class=\"elementor-widget-container\">\n\t\t\t\t\t\t\t<div class=\"elementor-toggle\">\n\t\t\t\t\t\t\t<div class=\"elementor-toggle-item\">\n\t\t\t\t\t<h3 id=\"elementor-tab-title-5021\" class=\"elementor-tab-title\" data-tab=\"1\" role=\"button\" aria-controls=\"elementor-tab-content-5021\" aria-expanded=\"false\">\n\t\t\t\t\t\t\t\t\t\t\t\t<span class=\"elementor-toggle-icon elementor-toggle-icon-left\" aria-hidden=\"true\">\n\t\t\t\t\t\t\t\t\t\t\t\t\t\t\t<span class=\"elementor-toggle-icon-closed\"><i class=\"fas fa-caret-right\"><\/i><\/span>\n\t\t\t\t\t\t\t\t<span class=\"elementor-toggle-icon-opened\"><i class=\"elementor-toggle-icon-opened fas fa-caret-up\"><\/i><\/span>\n\t\t\t\t\t\t\t\t\t\t\t\t\t<\/span>\n\t\t\t\t\t\t\t\t\t\t\t\t<a class=\"elementor-toggle-title\" tabindex=\"0\">Kosmeettisen korvaleikkauksen syyt<\/a>\n\t\t\t\t\t<\/h3>\n\n\t\t\t\t\t<div id=\"elementor-tab-content-5021\" class=\"elementor-tab-content elementor-clearfix\" data-tab=\"1\" role=\"region\" aria-labelledby=\"elementor-tab-title-5021\"><p><span style=\"font-weight: 400;\">Korvakorjausleikkaukseen p\u00e4\u00e4tet\u00e4\u00e4n useista syist\u00e4. Yksi t\u00e4rkeimmist\u00e4 syist\u00e4 on p\u00e4\u00e4ss\u00e4 roikkuvat korvat, jotka voivat saada ihmisen tuntemaan olonsa ep\u00e4varmaksi. Lapsilla se on usein syyn\u00e4 koulukiusaamiseen, joten lapsi ja h\u00e4nen vanhempansa haluavat korjata korvansa ennen kouluun menoa. N\u00e4in nen\u00e4plastikalla on t\u00e4rke\u00e4 paikka my\u00f6s mielenterveyden kannalta. Muita syit\u00e4 voivat olla:<\/span><\/p><ul><li style=\"font-weight: 400;\" aria-level=\"1\"><span style=\"font-weight: 400;\">h\u00e4vit\u00e4 ep\u00e4normaali muoto tai koko;<\/span><\/li><li style=\"font-weight: 400;\" aria-level=\"1\"><span style=\"font-weight: 400;\">kivesten ep\u00e4symmetria;<\/span><\/li><li style=\"font-weight: 400;\" aria-level=\"1\"><span style=\"font-weight: 400;\">vammojen aiheuttamia muodonmuutoksia.<\/span><\/li><\/ul><p><span style=\"font-weight: 400;\">Korvaleikkauksen tekemiseen on useita erilaisia tekniikoita. Useimmissa tapauksissa rustoa on heikennett\u00e4v\u00e4 tietyist\u00e4 kohdista ja rustolle on asennettava pysyv\u00e4t langat korvan halutun muodon s\u00e4ilytt\u00e4miseksi. On my\u00f6s tekniikoita, joissa pysyvi\u00e4 lankoja ei aseteta ylim\u00e4\u00e4r\u00e4iseen rustoon, vaan tulos voi vaihdella hieman enemm\u00e4n. Kirurgi l\u00f6yt\u00e4\u00e4 sinulle oikean ratkaisun konsultaation aikana.\u00a0<\/span><\/p><p><span style=\"font-weight: 400;\">Korvan plastiikkakirurgia on yleens\u00e4 p\u00e4iv\u00e4kirurginen toimenpide, joka voidaan tehd\u00e4 sek\u00e4 paikallispuudutuksessa ett\u00e4 yleispuudutuksessa. Leikkaus kest\u00e4\u00e4 yleens\u00e4 1-2 tuntia ja potilas p\u00e4\u00e4see yleens\u00e4 kotiin samana p\u00e4iv\u00e4n\u00e4. Valitusta tekniikasta riippuen paranemisjakson pituus voi vaihdella. Alkuper\u00e4inen toipuminen kest\u00e4\u00e4 muutaman viikon. Joissakin tapauksissa voi olla tarpeen k\u00e4ytt\u00e4\u00e4 p\u00e4\u00e4nauhaa 4 viikon ajan leikkauksen j\u00e4lkeen. <\/span><\/p><\/div>\n\t\t\t\t<\/div>\n\t\t\t\t\t\t\t\t<\/div>\n\t\t\t\t\t\t<\/div>\n\t\t\t\t<\/div>\n\t\t\t\t<div class=\"elementor-element elementor-element-2a443a6 elementor-widget__width-auto elementor-widget elementor-widget-button\" data-id=\"2a443a6\" data-element_type=\"widget\" data-widget_type=\"button.default\">\n\t\t\t\t<div class=\"elementor-widget-container\">\n\t\t\t\t\t\t\t\t\t<div class=\"elementor-button-wrapper\">\n\t\t\t\t\t<a class=\"elementor-button elementor-button-link elementor-size-sm\" href=\"https:\/\/www.veebiregistratuur.ee\/fertilitas\/?employee=RrNyOpOr6o\" target=\"_blank\" rel=\"noopener\">\n\t\t\t\t\t\t<span class=\"elementor-button-content-wrapper\">\n\t\t\t\t\t\t\t\t\t<span class=\"elementor-button-text\">Varaa vastaanotto<\/span>\n\t\t\t\t\t<\/span>\n\t\t\t\t\t<\/a>\n\t\t\t\t<\/div>\n\t\t\t\t\t\t\t\t<\/div>\n\t\t\t\t<\/div>\n\t\t\t\t<div class=\"elementor-element elementor-element-e18ee5b elementor-widget__width-initial elementor-widget elementor-widget-heading\" data-id=\"e18ee5b\" data-element_type=\"widget\" data-widget_type=\"heading.default\">\n\t\t\t\t<div class=\"elementor-widget-container\">\n\t\t\t\t\t<h2 class=\"elementor-heading-title elementor-size-default\">Korva muovi hinta<\/h2>\t\t\t\t<\/div>\n\t\t\t\t<\/div>\n\t\t\t\t<div class=\"elementor-element elementor-element-20a42b1 elementor-widget elementor-widget-text-editor\" data-id=\"20a42b1\" data-element_type=\"widget\" data-widget_type=\"text-editor.default\">\n\t\t\t\t<div class=\"elementor-widget-container\">\n\t\t\t\t\t\t\t\t\t<p><span style=\"font-weight: 400;\">Korjausleikkauksen hinta voi vaihdella useiden tekij\u00f6iden mukaan - yleisin on leikkauksen monimutkaisuus ja laajuus. Esteettisen korvakirurgian ja korvakorjauksen hinta on samalla alueella Tartossa, Tallinnassa ja muualla Virossa. Virossa korvan plastiikkakirurgian hinta voi vaihdella 1500-3000 eurosta, mutta tarkka hinta riippuu tapauksesta ja valitusta kirurgista.\u00a0<\/span><\/p><p><span style=\"font-weight: 400;\">On t\u00e4rke\u00e4\u00e4 muistaa, ett\u00e4 halvin hinta ei aina tarkoita parasta laatua. Kosmeettiseen korvaleikkaukseen on t\u00e4rke\u00e4\u00e4 valita kokenut ja luotettava kirurgi, vaikka se tarkoittaisi hieman korkeampaa hintaa.<\/span><\/p><p><span style=\"font-weight: 400;\">Ennen kuin p\u00e4\u00e4t\u00e4t leikkauksesta, on suositeltavaa neuvotella kirurgin kanssa, jotta saat perusteellisen yleiskuvan toimenpiteest\u00e4, mahdollisista riskeist\u00e4 ja odotetuista tuloksista. On my\u00f6s t\u00e4rke\u00e4\u00e4 keskustella hinnan yksityiskohdista, mukaan lukien mit\u00e4 sis\u00e4ltyy hintaan ja mit\u00e4 lis\u00e4kustannuksia voi aiheutua.<\/span><\/p><p><span style=\"font-weight: 400;\">Treffit voivat auttaa sinua p\u00e4\u00e4t\u00f6ksenteossa <\/span><a href=\"https:\/\/ninaplastika.eu\/fi\/portfoolio\/\"><span style=\"font-weight: 400;\">ennen ja postoperatiivisia kuvia<\/span><\/a><span style=\"font-weight: 400;\">. Jos haluat edet\u00e4 nen\u00e4leikkauksen suunnittelussa, on mahdollista tehd\u00e4 varaus<\/span> <a href=\"https:\/\/www.veebiregistratuur.ee\/fertilitas\/?employee=RrNyOpOr6o\" target=\"_blank\" rel=\"noopener\"><span style=\"font-weight: 400;\">konsultaatioaika vastaanotolle<\/span><\/a> <span style=\"font-weight: 400;\">tai kirjoita kirje <\/span><a href=\"https:\/\/ninaplastika.eu\/fi\/kontakt\/\"><span style=\"font-weight: 400;\">s\u00e4hk\u00f6iseen konsultaatioon<\/span><\/a><span style=\"font-weight: 400;\">.<\/span> <\/p>\t\t\t\t\t\t\t\t<\/div>\n\t\t\t\t<\/div>\n\t\t\t\t<div class=\"elementor-element elementor-element-d428673 elementor-widget__width-auto elementor-widget elementor-widget-button\" data-id=\"d428673\" data-element_type=\"widget\" data-widget_type=\"button.default\">\n\t\t\t\t<div class=\"elementor-widget-container\">\n\t\t\t\t\t\t\t\t\t<div class=\"elementor-button-wrapper\">\n\t\t\t\t\t<a class=\"elementor-button elementor-button-link elementor-size-sm\" href=\"https:\/\/ninaplastika.eu\/fi\/hinnasto\/\">\n\t\t\t\t\t\t<span class=\"elementor-button-content-wrapper\">\n\t\t\t\t\t\t\t\t\t<span class=\"elementor-button-text\">Hinnasto<\/span>\n\t\t\t\t\t<\/span>\n\t\t\t\t\t<\/a>\n\t\t\t\t<\/div>\n\t\t\t\t\t\t\t\t<\/div>\n\t\t\t\t<\/div>\n\t\t\t\t<div class=\"elementor-element elementor-element-fd6db67 elementor-widget__width-auto elementor-widget elementor-widget-button\" data-id=\"fd6db67\" data-element_type=\"widget\" data-widget_type=\"button.default\">\n\t\t\t\t<div class=\"elementor-widget-container\">\n\t\t\t\t\t\t\t\t\t<div class=\"elementor-button-wrapper\">\n\t\t\t\t\t<a class=\"elementor-button elementor-button-link elementor-size-sm\" href=\"https:\/\/www.veebiregistratuur.ee\/fertilitas\/?employee=RrNyOpOr6o\" target=\"_blank\" rel=\"noopener\">\n\t\t\t\t\t\t<span class=\"elementor-button-content-wrapper\">\n\t\t\t\t\t\t\t\t\t<span class=\"elementor-button-text\">Varaa vastaanotto<\/span>\n\t\t\t\t\t<\/span>\n\t\t\t\t\t<\/a>\n\t\t\t\t<\/div>\n\t\t\t\t\t\t\t\t<\/div>\n\t\t\t\t<\/div>\n\t\t\t\t\t<\/div>\n\t\t<\/div>\n\t\t\t\t<div class=\"elementor-column elementor-col-50 elementor-top-column elementor-element elementor-element-d6b7008\" data-id=\"d6b7008\" data-element_type=\"column\">\n\t\t\t<div class=\"elementor-widget-wrap elementor-element-populated\">\n\t\t\t\t\t\t<div class=\"elementor-element elementor-element-082f3ae elementor-widget elementor-widget-gallery\" data-id=\"082f3ae\" data-element_type=\"widget\" data-settings=\"{&quot;columns&quot;:1,&quot;aspect_ratio&quot;:&quot;4:3&quot;,&quot;lazyload&quot;:&quot;yes&quot;,&quot;gallery_layout&quot;:&quot;grid&quot;,&quot;columns_tablet&quot;:2,&quot;columns_mobile&quot;:1,&quot;gap&quot;:{&quot;unit&quot;:&quot;px&quot;,&quot;size&quot;:10,&quot;sizes&quot;:[]},&quot;gap_tablet&quot;:{&quot;unit&quot;:&quot;px&quot;,&quot;size&quot;:10,&quot;sizes&quot;:[]},&quot;gap_mobile&quot;:{&quot;unit&quot;:&quot;px&quot;,&quot;size&quot;:10,&quot;sizes&quot;:[]},&quot;link_to&quot;:&quot;file&quot;,&quot;overlay_background&quot;:&quot;yes&quot;,&quot;content_hover_animation&quot;:&quot;fade-in&quot;}\" data-widget_type=\"gallery.default\">\n\t\t\t\t<div class=\"elementor-widget-container\">\n\t\t\t\t\t\t\t<div class=\"elementor-gallery__container\">\n\t\t\t\t\t\t\t<a class=\"e-gallery-item elementor-gallery-item elementor-animated-content\" href=\"https:\/\/ninaplastika.eu\/wp-content\/uploads\/2024\/12\/Erik-Luht-Portfoolio-296.webp\" data-elementor-open-lightbox=\"yes\" data-elementor-lightbox-slideshow=\"082f3ae\" data-elementor-lightbox-title=\"2 kuud peale operatsiooni\" data-e-action-hash=\"#elementor-action%3Aaction%3Dlightbox%26settings%3DeyJpZCI6MTY3NTIsInVybCI6Imh0dHBzOlwvXC9uaW5hcGxhc3Rpa2EuZXVcL3dwLWNvbnRlbnRcL3VwbG9hZHNcLzIwMjRcLzEyXC9FcmlrLUx1aHQtUG9ydGZvb2xpby0yOTYud2VicCIsInNsaWRlc2hvdyI6IjA4MmYzYWUifQ%3D%3D\">\n\t\t\t\t\t<div class=\"e-gallery-image elementor-gallery-item__image\" data-thumbnail=\"https:\/\/ninaplastika.eu\/wp-content\/uploads\/2024\/12\/Erik-Luht-Portfoolio-296.webp\" data-width=\"1800\" data-height=\"1800\" aria-label=\"\" role=\"img\" ><\/div>\n\t\t\t\t\t\t\t\t\t\t\t<div class=\"elementor-gallery-item__overlay\"><\/div>\n\t\t\t\t\t\t\t\t\t\t\t\t\t\t<\/a>\n\t\t\t\t\t\t\t<a class=\"e-gallery-item elementor-gallery-item elementor-animated-content\" href=\"https:\/\/ninaplastika.eu\/wp-content\/uploads\/2025\/01\/Erik-Luht-Portfoolio-253.webp\" data-elementor-open-lightbox=\"yes\" data-elementor-lightbox-slideshow=\"082f3ae\" data-elementor-lightbox-title=\"Erik-Luht-Portfoolio-253\" data-e-action-hash=\"#elementor-action%3Aaction%3Dlightbox%26settings%3DeyJpZCI6MTcyMDYsInVybCI6Imh0dHBzOlwvXC9uaW5hcGxhc3Rpa2EuZXVcL3dwLWNvbnRlbnRcL3VwbG9hZHNcLzIwMjVcLzAxXC9FcmlrLUx1aHQtUG9ydGZvb2xpby0yNTMud2VicCIsInNsaWRlc2hvdyI6IjA4MmYzYWUifQ%3D%3D\">\n\t\t\t\t\t<div class=\"e-gallery-image elementor-gallery-item__image\" data-thumbnail=\"https:\/\/ninaplastika.eu\/wp-content\/uploads\/2025\/01\/Erik-Luht-Portfoolio-253.webp\" data-width=\"1200\" data-height=\"1200\" aria-label=\"\" role=\"img\" ><\/div>\n\t\t\t\t\t\t\t\t\t\t\t<div class=\"elementor-gallery-item__overlay\"><\/div>\n\t\t\t\t\t\t\t\t\t\t\t\t\t\t<\/a>\n\t\t\t\t\t<\/div>\n\t\t\t\t\t<\/div>\n\t\t\t\t<\/div>\n\t\t\t\t\t<\/div>\n\t\t<\/div>\n\t\t\t\t\t<\/div>\n\t\t<\/section>\n\t\t\t\t<\/div>","protected":false},"excerpt":{"rendered":"<p>Otoplastika ehk k\u00f5rvade korrigeerimisoperatsioon Hinnakiri Broneeri vastuv\u00f5tt Otoplastika, tuntud ka kui k\u00f5rvade korrigeerimisoperatsioon v\u00f5i k\u00f5rvade plastika, on plastilise kirurgia protseduur, mille eesm\u00e4rk on muuta k\u00f5rvade kuju v\u00f5i asendit. See on \u00fcks levinumaid esteetilise kirurgia protseduure, mida teostatakse nii lastele kui ka t\u00e4iskasvanutele. K\u00f5rvade iluoperatsioon v\u00f5ib oluliselt parandada inimese v\u00e4limust ja enesekindlust, eriti kui k\u00f5rvad on [&hellip;]<\/p>\n","protected":false},"author":4,"featured_media":0,"parent":0,"menu_order":0,"comment_status":"closed","ping_status":"closed","template":"","meta":{"footnotes":""},"categories":[],"tags":[],"class_list":["post-17204","page","type-page","status-publish","hentry"],"_links":{"self":[{"href":"https:\/\/ninaplastika.eu\/fi\/wp-json\/wp\/v2\/pages\/17204","targetHints":{"allow":["GET"]}}],"collection":[{"href":"https:\/\/ninaplastika.eu\/fi\/wp-json\/wp\/v2\/pages"}],"about":[{"href":"https:\/\/ninaplastika.eu\/fi\/wp-json\/wp\/v2\/types\/page"}],"author":[{"embeddable":true,"href":"https:\/\/ninaplastika.eu\/fi\/wp-json\/wp\/v2\/users\/4"}],"replies":[{"embeddable":true,"href":"https:\/\/ninaplastika.eu\/fi\/wp-json\/wp\/v2\/comments?post=17204"}],"version-history":[{"count":14,"href":"https:\/\/ninaplastika.eu\/fi\/wp-json\/wp\/v2\/pages\/17204\/revisions"}],"predecessor-version":[{"id":17269,"href":"https:\/\/ninaplastika.eu\/fi\/wp-json\/wp\/v2\/pages\/17204\/revisions\/17269"}],"wp:attachment":[{"href":"https:\/\/ninaplastika.eu\/fi\/wp-json\/wp\/v2\/media?parent=17204"}],"wp:term":[{"taxonomy":"category","embeddable":true,"href":"https:\/\/ninaplastika.eu\/fi\/wp-json\/wp\/v2\/categories?post=17204"},{"taxonomy":"post_tag","embeddable":true,"href":"https:\/\/ninaplastika.eu\/fi\/wp-json\/wp\/v2\/tags?post=17204"}],"curies":[{"name":"wp","href":"https:\/\/api.w.org\/{rel}","templated":true}]}}