{"id":17242,"date":"2025-01-15T11:44:50","date_gmt":"2025-01-15T09:44:50","guid":{"rendered":"https:\/\/ninaplastika.eu\/v2\/?page_id=17242"},"modified":"2025-01-15T11:48:09","modified_gmt":"2025-01-15T09:48:09","slug":"blogi","status":"publish","type":"page","link":"https:\/\/ninaplastika.eu\/fi\/blogi\/","title":{"rendered":"Blogi"},"content":{"rendered":"<div data-elementor-type=\"wp-page\" data-elementor-id=\"17242\" class=\"elementor elementor-17242\" data-elementor-post-type=\"page\">\n\t\t\t\t\t\t<section class=\"elementor-section elementor-top-section elementor-element elementor-element-1155e71 elementor-section-height-min-height elementor-section-boxed elementor-section-height-default elementor-section-items-middle\" data-id=\"1155e71\" data-element_type=\"section\" data-settings=\"{&quot;background_background&quot;:&quot;gradient&quot;}\">\n\t\t\t\t\t\t\t<div class=\"elementor-background-overlay\"><\/div>\n\t\t\t\t\t\t\t<div class=\"elementor-container elementor-column-gap-default\">\n\t\t\t\t\t<div class=\"elementor-column elementor-col-100 elementor-top-column elementor-element elementor-element-47777e4\" data-id=\"47777e4\" data-element_type=\"column\">\n\t\t\t<div class=\"elementor-widget-wrap elementor-element-populated\">\n\t\t\t\t\t\t<div class=\"elementor-element elementor-element-f1da2fe elementor-widget__width-initial elementor-widget elementor-widget-heading\" data-id=\"f1da2fe\" data-element_type=\"widget\" data-widget_type=\"heading.default\">\n\t\t\t\t<div class=\"elementor-widget-container\">\n\t\t\t\t\t<h1 class=\"elementor-heading-title elementor-size-default\">Blogi<\/h1>\t\t\t\t<\/div>\n\t\t\t\t<\/div>\n\t\t\t\t\t<\/div>\n\t\t<\/div>\n\t\t\t\t\t<\/div>\n\t\t<\/section>\n\t\t\t\t<section class=\"elementor-section elementor-top-section elementor-element elementor-element-469c12d elementor-section-boxed elementor-section-height-default elementor-section-height-default\" data-id=\"469c12d\" data-element_type=\"section\">\n\t\t\t\t\t\t<div class=\"elementor-container elementor-column-gap-default\">\n\t\t\t\t\t<div class=\"elementor-column elementor-col-100 elementor-top-column elementor-element elementor-element-12a7a0b\" data-id=\"12a7a0b\" data-element_type=\"column\">\n\t\t\t<div class=\"elementor-widget-wrap elementor-element-populated\">\n\t\t\t\t\t\t<div class=\"elementor-element elementor-element-331a3a4 elementor-grid-3 elementor-grid-tablet-2 elementor-grid-mobile-1 elementor-posts--thumbnail-top elementor-widget elementor-widget-posts\" data-id=\"331a3a4\" data-element_type=\"widget\" data-settings=\"{&quot;classic_columns&quot;:&quot;3&quot;,&quot;classic_columns_tablet&quot;:&quot;2&quot;,&quot;classic_columns_mobile&quot;:&quot;1&quot;,&quot;classic_row_gap&quot;:{&quot;unit&quot;:&quot;px&quot;,&quot;size&quot;:35,&quot;sizes&quot;:[]},&quot;classic_row_gap_tablet&quot;:{&quot;unit&quot;:&quot;px&quot;,&quot;size&quot;:&quot;&quot;,&quot;sizes&quot;:[]},&quot;classic_row_gap_mobile&quot;:{&quot;unit&quot;:&quot;px&quot;,&quot;size&quot;:&quot;&quot;,&quot;sizes&quot;:[]}}\" data-widget_type=\"posts.classic\">\n\t\t\t\t<div class=\"elementor-widget-container\">\n\t\t\t\t\t\t\t<div class=\"elementor-posts-container elementor-posts elementor-posts--skin-classic elementor-grid\">\n\t\t\t\t<article class=\"elementor-post elementor-grid-item post-17234 post type-post status-publish format-standard has-post-thumbnail hentry category-kasulik\">\n\t\t\t\t<a class=\"elementor-post__thumbnail__link\" href=\"https:\/\/ninaplastika.eu\/fi\/nina-probleemid\/\" tabindex=\"-1\">\n\t\t\t<div class=\"elementor-post__thumbnail\"><img fetchpriority=\"high\" decoding=\"async\" width=\"300\" height=\"200\" src=\"https:\/\/ninaplastika.eu\/wp-content\/uploads\/2025\/01\/man-suffering-from-sinus-pressure-man-touching-his-nose-isolated-gray-background_322958-1984-300x200.webp\" class=\"attachment-medium size-medium wp-image-17226\" alt=\"nen\u00e4-korva-kurkkul\u00e4\u00e4k\u00e4ri\" srcset=\"https:\/\/ninaplastika.eu\/wp-content\/uploads\/2025\/01\/man-suffering-from-sinus-pressure-man-touching-his-nose-isolated-gray-background_322958-1984-300x200.webp 300w, https:\/\/ninaplastika.eu\/wp-content\/uploads\/2025\/01\/man-suffering-from-sinus-pressure-man-touching-his-nose-isolated-gray-background_322958-1984.webp 626w\" sizes=\"(max-width: 300px) 100vw, 300px\" \/><\/div>\n\t\t<\/a>\n\t\t\t\t<div class=\"elementor-post__text\">\n\t\t\t\t<div class=\"elementor-post__title\">\n\t\t\t<a href=\"https:\/\/ninaplastika.eu\/fi\/nina-probleemid\/\">\n\t\t\t\tOngelmat - suun hengitys, kuorsaus, polyypit, nen\u00e4n tukkoisuus\t\t\t<\/a>\n\t\t<\/div>\n\t\t\t\t<div class=\"elementor-post__meta-data\">\n\t\t\t\t\t<span class=\"elementor-post-date\">\n\t\t\t14. tammikuuta 2025\t\t<\/span>\n\t\t\t\t<\/div>\n\t\t\t\t<div class=\"elementor-post__excerpt\">\n\t\t\t<p>Nen\u00e4 on t\u00e4rke\u00e4 osa hengityselimi\u00e4mme, joka suodattaa, kostuttaa ja l\u00e4mmitt\u00e4\u00e4 hengitt\u00e4m\u00e4mme ilman. Valitettavasti nen\u00e4 on my\u00f6s osa hengityselimi\u00e4,<\/p>\n\t\t<\/div>\n\t\t\n\t\t<a class=\"elementor-post__read-more\" href=\"https:\/\/ninaplastika.eu\/fi\/nina-probleemid\/\" aria-label=\"Lue lis\u00e4\u00e4 ongelmista \u2013 suun kautta hengitt\u00e4minen, kuorsaus, polyypit, nen\u00e4n tukkoisuus\" tabindex=\"-1\">\n\t\t\tLue lis\u00e4\u00e4 \u00bb\t\t<\/a>\n\n\t\t\t\t<\/div>\n\t\t\t\t<\/article>\n\t\t\t\t<article class=\"elementor-post elementor-grid-item post-17225 post type-post status-publish format-standard has-post-thumbnail hentry category-kasulik\">\n\t\t\t\t<a class=\"elementor-post__thumbnail__link\" href=\"https:\/\/ninaplastika.eu\/fi\/ilukirurgia-voimalused\/\" tabindex=\"-1\">\n\t\t\t<div class=\"elementor-post__thumbnail\"><img decoding=\"async\" width=\"300\" height=\"188\" src=\"https:\/\/ninaplastika.eu\/wp-content\/uploads\/2025\/01\/woman-preparing-plastic-surgery-rhinoplasty-operation-doctor-examining-lady-nose-beige_726520-952-300x188.webp\" class=\"attachment-medium size-medium wp-image-17227\" alt=\"kauneuskirurgia\" srcset=\"https:\/\/ninaplastika.eu\/wp-content\/uploads\/2025\/01\/woman-preparing-plastic-surgery-rhinoplasty-operation-doctor-examining-lady-nose-beige_726520-952-300x188.webp 300w, https:\/\/ninaplastika.eu\/wp-content\/uploads\/2025\/01\/woman-preparing-plastic-surgery-rhinoplasty-operation-doctor-examining-lady-nose-beige_726520-952.webp 626w\" sizes=\"(max-width: 300px) 100vw, 300px\" \/><\/div>\n\t\t<\/a>\n\t\t\t\t<div class=\"elementor-post__text\">\n\t\t\t\t<div class=\"elementor-post__title\">\n\t\t\t<a href=\"https:\/\/ninaplastika.eu\/fi\/ilukirurgia-voimalused\/\">\n\t\t\t\tPlastiikkakirurgian mahdollisuudet Virossa\t\t\t<\/a>\n\t\t<\/div>\n\t\t\t\t<div class=\"elementor-post__meta-data\">\n\t\t\t\t\t<span class=\"elementor-post-date\">\n\t\t\t14. tammikuuta 2025\t\t<\/span>\n\t\t\t\t<\/div>\n\t\t\t\t<div class=\"elementor-post__excerpt\">\n\t\t\t<p>Kun kaksikymment\u00e4 vuotta sitten plastiikkakirurgiaa ei ollut Virossa laajalti saatavilla, niin viime vuosikymmenen aikana siit\u00e4 on tullut yh\u00e4 suositumpi. Ihmiset etsiv\u00e4t<\/p>\n\t\t<\/div>\n\t\t\n\t\t<a class=\"elementor-post__read-more\" href=\"https:\/\/ninaplastika.eu\/fi\/ilukirurgia-voimalused\/\" aria-label=\"Lue lis\u00e4\u00e4 plastiikkakirurgian mahdollisuuksista Virossa\" tabindex=\"-1\">\n\t\t\tLue lis\u00e4\u00e4 \u00bb\t\t<\/a>\n\n\t\t\t\t<\/div>\n\t\t\t\t<\/article>\n\t\t\t\t<\/div>\n\t\t\n\t\t\t\t\t\t<\/div>\n\t\t\t\t<\/div>\n\t\t\t\t\t<\/div>\n\t\t<\/div>\n\t\t\t\t\t<\/div>\n\t\t<\/section>\n\t\t\t\t<\/div>","protected":false},"excerpt":{"rendered":"<p>Blogi<\/p>","protected":false},"author":4,"featured_media":0,"parent":0,"menu_order":0,"comment_status":"closed","ping_status":"closed","template":"","meta":{"footnotes":""},"categories":[],"tags":[],"class_list":["post-17242","page","type-page","status-publish","hentry"],"_links":{"self":[{"href":"https:\/\/ninaplastika.eu\/fi\/wp-json\/wp\/v2\/pages\/17242","targetHints":{"allow":["GET"]}}],"collection":[{"href":"https:\/\/ninaplastika.eu\/fi\/wp-json\/wp\/v2\/pages"}],"about":[{"href":"https:\/\/ninaplastika.eu\/fi\/wp-json\/wp\/v2\/types\/page"}],"author":[{"embeddable":true,"href":"https:\/\/ninaplastika.eu\/fi\/wp-json\/wp\/v2\/users\/4"}],"replies":[{"embeddable":true,"href":"https:\/\/ninaplastika.eu\/fi\/wp-json\/wp\/v2\/comments?post=17242"}],"version-history":[{"count":3,"href":"https:\/\/ninaplastika.eu\/fi\/wp-json\/wp\/v2\/pages\/17242\/revisions"}],"predecessor-version":[{"id":17245,"href":"https:\/\/ninaplastika.eu\/fi\/wp-json\/wp\/v2\/pages\/17242\/revisions\/17245"}],"wp:attachment":[{"href":"https:\/\/ninaplastika.eu\/fi\/wp-json\/wp\/v2\/media?parent=17242"}],"wp:term":[{"taxonomy":"category","embeddable":true,"href":"https:\/\/ninaplastika.eu\/fi\/wp-json\/wp\/v2\/categories?post=17242"},{"taxonomy":"post_tag","embeddable":true,"href":"https:\/\/ninaplastika.eu\/fi\/wp-json\/wp\/v2\/tags?post=17242"}],"curies":[{"name":"wp","href":"https:\/\/api.w.org\/{rel}","templated":true}]}}