{"id":16477,"date":"2024-10-23T15:31:25","date_gmt":"2024-10-23T12:31:25","guid":{"rendered":"https:\/\/wp.vooluekspert.ee\/?page_id=16477"},"modified":"2026-04-17T07:21:19","modified_gmt":"2026-04-17T04:21:19","slug":"kainorastis","status":"publish","type":"page","link":"https:\/\/ninaplastika.eu\/lt\/kainorastis\/","title":{"rendered":"Kainora\u0161tis"},"content":{"rendered":"<div data-elementor-type=\"wp-page\" data-elementor-id=\"16477\" class=\"elementor elementor-16477\" data-elementor-post-type=\"page\">\n\t\t\t\t\t\t<section class=\"elementor-section elementor-top-section elementor-element elementor-element-2c21b36 elementor-section-height-min-height elementor-section-boxed elementor-section-height-default elementor-section-items-middle\" data-id=\"2c21b36\" data-element_type=\"section\" data-settings=\"{&quot;background_background&quot;:&quot;gradient&quot;}\">\n\t\t\t\t\t\t\t<div class=\"elementor-background-overlay\"><\/div>\n\t\t\t\t\t\t\t<div class=\"elementor-container elementor-column-gap-default\">\n\t\t\t\t\t<div class=\"elementor-column elementor-col-100 elementor-top-column elementor-element elementor-element-3f70983\" data-id=\"3f70983\" data-element_type=\"column\">\n\t\t\t<div class=\"elementor-widget-wrap elementor-element-populated\">\n\t\t\t\t\t\t<div class=\"elementor-element elementor-element-b1599d4 elementor-widget__width-initial elementor-widget elementor-widget-heading\" data-id=\"b1599d4\" data-element_type=\"widget\" data-widget_type=\"heading.default\">\n\t\t\t\t<div class=\"elementor-widget-container\">\n\t\t\t\t\t<h1 class=\"elementor-heading-title elementor-size-default\">Rinoplastikos ir nosies operacijos kaina<\/h1>\t\t\t\t<\/div>\n\t\t\t\t<\/div>\n\t\t\t\t<div class=\"elementor-element elementor-element-7179fe7 elementor-widget__width-auto elementor-widget elementor-widget-button\" data-id=\"7179fe7\" data-element_type=\"widget\" data-widget_type=\"button.default\">\n\t\t\t\t<div class=\"elementor-widget-container\">\n\t\t\t\t\t\t\t\t\t<div class=\"elementor-button-wrapper\">\n\t\t\t\t\t<a class=\"elementor-button elementor-button-link elementor-size-sm\" href=\"#kontakt\">\n\t\t\t\t\t\t<span class=\"elementor-button-content-wrapper\">\n\t\t\t\t\t\t\t\t\t<span class=\"elementor-button-text\">Susisiekite<\/span>\n\t\t\t\t\t<\/span>\n\t\t\t\t\t<\/a>\n\t\t\t\t<\/div>\n\t\t\t\t\t\t\t\t<\/div>\n\t\t\t\t<\/div>\n\t\t\t\t<div class=\"elementor-element elementor-element-09ff6b2 elementor-widget__width-auto elementor-widget elementor-widget-button\" data-id=\"09ff6b2\" data-element_type=\"widget\" data-widget_type=\"button.default\">\n\t\t\t\t<div class=\"elementor-widget-container\">\n\t\t\t\t\t\t\t\t\t<div class=\"elementor-button-wrapper\">\n\t\t\t\t\t<a class=\"elementor-button elementor-button-link elementor-size-sm\" href=\"https:\/\/www.veebiregistratuur.ee\/fertilitas\/?employee=RrNyOpOr6o\" target=\"_blank\" rel=\"noopener\">\n\t\t\t\t\t\t<span class=\"elementor-button-content-wrapper\">\n\t\t\t\t\t\t\t\t\t<span class=\"elementor-button-text\">U\u017esisakykite pri\u0117mim\u0105<\/span>\n\t\t\t\t\t<\/span>\n\t\t\t\t\t<\/a>\n\t\t\t\t<\/div>\n\t\t\t\t\t\t\t\t<\/div>\n\t\t\t\t<\/div>\n\t\t\t\t\t<\/div>\n\t\t<\/div>\n\t\t\t\t\t<\/div>\n\t\t<\/section>\n\t\t\t\t<section class=\"elementor-section elementor-top-section elementor-element elementor-element-3938f38 elementor-section-boxed elementor-section-height-default elementor-section-height-default\" data-id=\"3938f38\" data-element_type=\"section\">\n\t\t\t\t\t\t<div class=\"elementor-container elementor-column-gap-default\">\n\t\t\t\t\t<div class=\"elementor-column elementor-col-100 elementor-top-column elementor-element elementor-element-88d5e85\" data-id=\"88d5e85\" data-element_type=\"column\">\n\t\t\t<div class=\"elementor-widget-wrap elementor-element-populated\">\n\t\t\t\t\t\t<div class=\"elementor-element elementor-element-4c4eca1 elementor-widget__width-initial elementor-widget elementor-widget-text-editor\" data-id=\"4c4eca1\" data-element_type=\"widget\" data-widget_type=\"text-editor.default\">\n\t\t\t\t<div class=\"elementor-widget-container\">\n\t\t\t\t\t\t\t\t\t<p><span style=\"font-weight: 400;\">Rinoplastika yra labai \u012fvairus operacijos tipas. rinoplastikos apimtis, <\/span><span style=\"font-weight: 400;\">taigi ir nosies operacijos kaina<\/span><span style=\"font-weight: 400;\">, priklauso nuo daugelio individuali\u0173 veiksni\u0173, taip pat nuo chirurgo technini\u0173 pageidavim\u0173. Tod\u0117l tai, kas i\u0161d\u0117styta auk\u0161\u010diau, yra b\u016btina formuojant kain\u0105 <\/span><span style=\"font-weight: 400;\">konsultacija. Galutin\u0117 rinoplastikos kaina bus nustatyta <\/span><span style=\"font-weight: 400;\">pirminis vizitas, estetin\u0117 analiz\u0117 ir pirminio chirurginio plano sudarymas.<\/span><\/p><p><span style=\"font-weight: 400;\">Nosies operacijos kainora\u0161tis \u012fvairiose klinikose gali skirtis ir priklauso nuo operacijos sud\u0117tingumo, naudojam\u0173 med\u017eiag\u0173 ir metod\u0173. \u012e rinoplastikos kain\u0105 da\u017eniausiai \u012feina pa\u010dios operacijos, anestezijos, tolesnio gydymo ligonin\u0117je, nam\u0173 gynimo priemoni\u0173 ir tolesni\u0173 tyrim\u0173 kaina. Tiksli\u0105 kain\u0105 su\u017einosite pasikonsultav\u0119 su manimi, kaip chirurgu, kuris \u012fvertins J\u016bs\u0173 individualius poreikius ir pageidavimus bei sudarys operacijos plan\u0105.<\/span><\/p>\t\t\t\t\t\t\t\t<\/div>\n\t\t\t\t<\/div>\n\t\t\t\t<div class=\"elementor-element elementor-element-0ac4078 elementor-hidden-desktop elementor-hidden-tablet elementor-widget__width-auto elementor-widget elementor-widget-button\" data-id=\"0ac4078\" data-element_type=\"widget\" data-widget_type=\"button.default\">\n\t\t\t\t<div class=\"elementor-widget-container\">\n\t\t\t\t\t\t\t\t\t<div class=\"elementor-button-wrapper\">\n\t\t\t\t\t<a class=\"elementor-button elementor-button-link elementor-size-sm\" href=\"#kontakt\">\n\t\t\t\t\t\t<span class=\"elementor-button-content-wrapper\">\n\t\t\t\t\t\t\t\t\t<span class=\"elementor-button-text\">Susisiekite<\/span>\n\t\t\t\t\t<\/span>\n\t\t\t\t\t<\/a>\n\t\t\t\t<\/div>\n\t\t\t\t\t\t\t\t<\/div>\n\t\t\t\t<\/div>\n\t\t\t\t<div class=\"elementor-element elementor-element-c05f769 elementor-widget__width-initial elementor-widget elementor-widget-text-editor\" data-id=\"c05f769\" data-element_type=\"widget\" data-widget_type=\"text-editor.default\">\n\t\t\t\t<div class=\"elementor-widget-container\">\n\t\t\t\t\t\t\t\t\t<table>\n<tbody>\n<tr>\n<td>Nedidelio defekto (pvz., nedidelio kaubur\u0117lio, odos defekto) i\u0161taisymas<\/td>\n<td>3500\u20134500 \u20ac<\/td>\n<\/tr>\n<tr>\n<td>Nosies galiukas plastikinis<\/td>\n<td>4000\u20135000 \u20ac<\/td>\n<\/tr>\n<tr>\n<td>Kreivos nosies tiesinimas<\/td>\n<td>3000\u20137000 \u20ac<\/td>\n<\/tr>\n<tr>\n<td>Nosies galiukas + nosies tiltelis<\/td>\n<td>5000-6000\u20ac<\/td>\n<\/tr>\n<tr>\n<td>Kompleksinis defekt\u0173 taisymas<\/td>\n<td>6500 \u20ac \u2013&nbsp;<\/td>\n<\/tr>\n<\/tbody>\n<\/table>\t\t\t\t\t\t\t\t<\/div>\n\t\t\t\t<\/div>\n\t\t\t\t<div class=\"elementor-element elementor-element-478ca89 elementor-widget elementor-widget-text-editor\" data-id=\"478ca89\" data-element_type=\"widget\" data-widget_type=\"text-editor.default\">\n\t\t\t\t<div class=\"elementor-widget-container\">\n\t\t\t\t\t\t\t\t\t<p><span style=\"font-weight: 400;\">Jei manote <\/span><a href=\"https:\/\/ninaplastika.eu\/lt\"><span style=\"font-weight: 400;\">rinoplastikai<\/span><\/a><span style=\"font-weight: 400;\"> t.y., rekomenduojama atlikti nosies operacij\u0105 <\/span><span style=\"font-weight: 400;\">apsvarstykite visus svarbius rinoplastikos aspektus<\/span><span style=\"font-weight: 400;\">. Pasimatymai gali pad\u0117ti apsispr\u0119sti <\/span><a href=\"https:\/\/ninaplastika.eu\/lt\/portfeli\/\"><span style=\"font-weight: 400;\">su nuotraukomis prie\u0161 ir po operacijos<\/span><\/a><span style=\"font-weight: 400;\"> ir <\/span><a href=\"https:\/\/ninaplastika.eu\/lt\/kainorastis\/\"><span style=\"font-weight: 400;\">su nosies operacijos kainora\u0161\u010diu<\/span><\/a><span style=\"font-weight: 400;\">. Jei norite pajud\u0117ti planuodami rinoplastik\u0105, galite rezervuoti <\/span><a href=\"https:\/\/www.veebiregistratuur.ee\/fertilitas\/?employee=RrNyOpOr6o\" target=\"_blank\" rel=\"noopener\"><span style=\"font-weight: 400;\">konsultacijos pri\u0117mimo laikas<\/span><\/a><span style=\"font-weight: 400;\"> arba para\u0161yti lai\u0161k\u0105 ir <a href=\"https:\/\/ninaplastika.eu\/lt\/kontakt\/\">knyga <\/a><\/span><a href=\"https:\/\/ninaplastika.eu\/lt\/kontakt\/\"><span style=\"font-weight: 400;\">el. konsultacija<\/span><span style=\"font-weight: 400;\">. <\/span><\/a><\/p>\t\t\t\t\t\t\t\t<\/div>\n\t\t\t\t<\/div>\n\t\t\t\t<div class=\"elementor-element elementor-element-267a747 elementor-widget__width-auto elementor-widget elementor-widget-button\" data-id=\"267a747\" data-element_type=\"widget\" data-widget_type=\"button.default\">\n\t\t\t\t<div class=\"elementor-widget-container\">\n\t\t\t\t\t\t\t\t\t<div class=\"elementor-button-wrapper\">\n\t\t\t\t\t<a class=\"elementor-button elementor-button-link elementor-size-sm\" href=\"#kontakt\">\n\t\t\t\t\t\t<span class=\"elementor-button-content-wrapper\">\n\t\t\t\t\t\t\t\t\t<span class=\"elementor-button-text\">Susisiekite<\/span>\n\t\t\t\t\t<\/span>\n\t\t\t\t\t<\/a>\n\t\t\t\t<\/div>\n\t\t\t\t\t\t\t\t<\/div>\n\t\t\t\t<\/div>\n\t\t\t\t<div class=\"elementor-element elementor-element-5f6e762 elementor-widget__width-auto elementor-widget elementor-widget-button\" data-id=\"5f6e762\" data-element_type=\"widget\" data-widget_type=\"button.default\">\n\t\t\t\t<div class=\"elementor-widget-container\">\n\t\t\t\t\t\t\t\t\t<div class=\"elementor-button-wrapper\">\n\t\t\t\t\t<a class=\"elementor-button elementor-button-link elementor-size-sm\" href=\"https:\/\/www.veebiregistratuur.ee\/fertilitas\/?employee=RrNyOpOr6o\" target=\"_blank\" rel=\"noopener\">\n\t\t\t\t\t\t<span class=\"elementor-button-content-wrapper\">\n\t\t\t\t\t\t\t\t\t<span class=\"elementor-button-text\">U\u017esisakykite pri\u0117mim\u0105<\/span>\n\t\t\t\t\t<\/span>\n\t\t\t\t\t<\/a>\n\t\t\t\t<\/div>\n\t\t\t\t\t\t\t\t<\/div>\n\t\t\t\t<\/div>\n\t\t\t\t\t<\/div>\n\t\t<\/div>\n\t\t\t\t\t<\/div>\n\t\t<\/section>\n\t\t\t\t<\/div>","protected":false},"excerpt":{"rendered":"<p>Rinoplastika ja ninaoperatsiooni hind V\u00f5ta \u00fchendust Broneeri vastuv\u00f5tt Ninaplastika on v\u00e4ga variatsioonirikas kirurgia liik. Ninaoperatsiooni maht, ja seel\u00e4bi ninaoperatsiooni hind, s\u00f5ltub paljudest individuaalsetest faktoritest, aga ka kirurgi tehnilistest eelistustest. Seet\u00f5ttu on hinna kujundamiseks vajalik eelnev konsultatsioon. L\u00f5plik rinoplastika hind kujuneb peale esmast visiiti, esteetilist anal\u00fc\u00fcsi ja algse operatsiooniplaani koostamist. Ninaoperatsiooni hinnakiri v\u00f5ib erineda kliinikuti ning [&hellip;]<\/p>\n","protected":false},"author":4,"featured_media":0,"parent":0,"menu_order":0,"comment_status":"closed","ping_status":"closed","template":"elementor_header_footer","meta":{"footnotes":""},"categories":[],"tags":[],"class_list":["post-16477","page","type-page","status-publish","hentry"],"_links":{"self":[{"href":"https:\/\/ninaplastika.eu\/lt\/wp-json\/wp\/v2\/pages\/16477","targetHints":{"allow":["GET"]}}],"collection":[{"href":"https:\/\/ninaplastika.eu\/lt\/wp-json\/wp\/v2\/pages"}],"about":[{"href":"https:\/\/ninaplastika.eu\/lt\/wp-json\/wp\/v2\/types\/page"}],"author":[{"embeddable":true,"href":"https:\/\/ninaplastika.eu\/lt\/wp-json\/wp\/v2\/users\/4"}],"replies":[{"embeddable":true,"href":"https:\/\/ninaplastika.eu\/lt\/wp-json\/wp\/v2\/comments?post=16477"}],"version-history":[{"count":32,"href":"https:\/\/ninaplastika.eu\/lt\/wp-json\/wp\/v2\/pages\/16477\/revisions"}],"predecessor-version":[{"id":17858,"href":"https:\/\/ninaplastika.eu\/lt\/wp-json\/wp\/v2\/pages\/16477\/revisions\/17858"}],"wp:attachment":[{"href":"https:\/\/ninaplastika.eu\/lt\/wp-json\/wp\/v2\/media?parent=16477"}],"wp:term":[{"taxonomy":"category","embeddable":true,"href":"https:\/\/ninaplastika.eu\/lt\/wp-json\/wp\/v2\/categories?post=16477"},{"taxonomy":"post_tag","embeddable":true,"href":"https:\/\/ninaplastika.eu\/lt\/wp-json\/wp\/v2\/tags?post=16477"}],"curies":[{"name":"wp","href":"https:\/\/api.w.org\/{rel}","templated":true}]}}