{"id":17037,"date":"2025-01-13T14:30:56","date_gmt":"2025-01-13T12:30:56","guid":{"rendered":"https:\/\/ninaplastika.eu\/v2\/?page_id=17037"},"modified":"2025-01-15T12:14:54","modified_gmt":"2025-01-15T10:14:54","slug":"operatsioon","status":"publish","type":"page","link":"https:\/\/ninaplastika.eu\/lt\/operatsioon\/","title":{"rendered":"Operacija"},"content":{"rendered":"<div data-elementor-type=\"wp-page\" data-elementor-id=\"17037\" class=\"elementor elementor-17037\" data-elementor-post-type=\"page\">\n\t\t\t\t\t\t<section class=\"elementor-section elementor-top-section elementor-element elementor-element-2c21b36 elementor-section-height-min-height elementor-section-boxed elementor-section-height-default elementor-section-items-middle\" data-id=\"2c21b36\" data-element_type=\"section\" data-settings=\"{&quot;background_background&quot;:&quot;gradient&quot;}\">\n\t\t\t\t\t\t\t<div class=\"elementor-background-overlay\"><\/div>\n\t\t\t\t\t\t\t<div class=\"elementor-container elementor-column-gap-default\">\n\t\t\t\t\t<div class=\"elementor-column elementor-col-100 elementor-top-column elementor-element elementor-element-3f70983\" data-id=\"3f70983\" data-element_type=\"column\">\n\t\t\t<div class=\"elementor-widget-wrap elementor-element-populated\">\n\t\t\t\t\t\t<div class=\"elementor-element elementor-element-b1599d4 elementor-widget__width-initial elementor-widget elementor-widget-heading\" data-id=\"b1599d4\" data-element_type=\"widget\" data-widget_type=\"heading.default\">\n\t\t\t\t<div class=\"elementor-widget-container\">\n\t\t\t\t\t<h1 class=\"elementor-heading-title elementor-size-default\">Patarimai d\u0117l operacijos<\/h1>\t\t\t\t<\/div>\n\t\t\t\t<\/div>\n\t\t\t\t<div class=\"elementor-element elementor-element-a8c07a0 elementor-position-inline-start elementor-mobile-position-inline-start elementor-view-default elementor-widget elementor-widget-icon-box\" data-id=\"a8c07a0\" data-element_type=\"widget\" data-widget_type=\"icon-box.default\">\n\t\t\t\t<div class=\"elementor-widget-container\">\n\t\t\t\t\t\t\t<div class=\"elementor-icon-box-wrapper\">\n\n\t\t\t\t\t\t<div class=\"elementor-icon-box-icon\">\n\t\t\t\t<span  class=\"elementor-icon\">\n\t\t\t\t<i aria-hidden=\"true\" class=\"fas fa-check\"><\/i>\t\t\t\t<\/span>\n\t\t\t<\/div>\n\t\t\t\n\t\t\t\t\t\t<div class=\"elementor-icon-box-content\">\n\n\t\t\t\t\t\t\t\t\t<div class=\"elementor-icon-box-title\">\n\t\t\t\t\t\t<span  >\n\t\t\t\t\t\t\tEstetin\u0117s nosies ir \u0161onkauli\u0173 operacijos\t\t\t\t\t\t<\/span>\n\t\t\t\t\t<\/div>\n\t\t\t\t\n\t\t\t\t\n\t\t\t<\/div>\n\t\t\t\n\t\t<\/div>\n\t\t\t\t\t\t<\/div>\n\t\t\t\t<\/div>\n\t\t\t\t<div class=\"elementor-element elementor-element-d85bcb2 elementor-position-inline-start elementor-mobile-position-inline-start elementor-view-default elementor-widget elementor-widget-icon-box\" data-id=\"d85bcb2\" data-element_type=\"widget\" data-widget_type=\"icon-box.default\">\n\t\t\t\t<div class=\"elementor-widget-container\">\n\t\t\t\t\t\t\t<div class=\"elementor-icon-box-wrapper\">\n\n\t\t\t\t\t\t<div class=\"elementor-icon-box-icon\">\n\t\t\t\t<span  class=\"elementor-icon\">\n\t\t\t\t<i aria-hidden=\"true\" class=\"fas fa-check\"><\/i>\t\t\t\t<\/span>\n\t\t\t<\/div>\n\t\t\t\n\t\t\t\t\t\t<div class=\"elementor-icon-box-content\">\n\n\t\t\t\t\t\t\t\t\t<div class=\"elementor-icon-box-title\">\n\t\t\t\t\t\t<span  >\n\t\t\t\t\t\t\t9 met\u0173 patirtis\t\t\t\t\t\t<\/span>\n\t\t\t\t\t<\/div>\n\t\t\t\t\n\t\t\t\t\n\t\t\t<\/div>\n\t\t\t\n\t\t<\/div>\n\t\t\t\t\t\t<\/div>\n\t\t\t\t<\/div>\n\t\t\t\t<div class=\"elementor-element elementor-element-7179fe7 elementor-widget__width-auto elementor-widget elementor-widget-button\" data-id=\"7179fe7\" data-element_type=\"widget\" data-widget_type=\"button.default\">\n\t\t\t\t<div class=\"elementor-widget-container\">\n\t\t\t\t\t\t\t\t\t<div class=\"elementor-button-wrapper\">\n\t\t\t\t\t<a class=\"elementor-button elementor-button-link elementor-size-sm\" href=\"https:\/\/ninaplastika.eu\/lt\/kainorastis\/\">\n\t\t\t\t\t\t<span class=\"elementor-button-content-wrapper\">\n\t\t\t\t\t\t\t\t\t<span class=\"elementor-button-text\">Kainora\u0161tis<\/span>\n\t\t\t\t\t<\/span>\n\t\t\t\t\t<\/a>\n\t\t\t\t<\/div>\n\t\t\t\t\t\t\t\t<\/div>\n\t\t\t\t<\/div>\n\t\t\t\t<div class=\"elementor-element elementor-element-09ff6b2 elementor-widget__width-auto elementor-widget elementor-widget-button\" data-id=\"09ff6b2\" data-element_type=\"widget\" data-widget_type=\"button.default\">\n\t\t\t\t<div class=\"elementor-widget-container\">\n\t\t\t\t\t\t\t\t\t<div class=\"elementor-button-wrapper\">\n\t\t\t\t\t<a class=\"elementor-button elementor-button-link elementor-size-sm\" href=\"https:\/\/www.veebiregistratuur.ee\/fertilitas\/?service=23_139&#038;employee=RrNyOpOr6o\" target=\"_blank\" rel=\"noopener\">\n\t\t\t\t\t\t<span class=\"elementor-button-content-wrapper\">\n\t\t\t\t\t\t\t\t\t<span class=\"elementor-button-text\">U\u017esisakykite pri\u0117mim\u0105<\/span>\n\t\t\t\t\t<\/span>\n\t\t\t\t\t<\/a>\n\t\t\t\t<\/div>\n\t\t\t\t\t\t\t\t<\/div>\n\t\t\t\t<\/div>\n\t\t\t\t\t<\/div>\n\t\t<\/div>\n\t\t\t\t\t<\/div>\n\t\t<\/section>\n\t\t\t\t<section class=\"elementor-section elementor-top-section elementor-element elementor-element-3938f38 elementor-section-boxed elementor-section-height-default elementor-section-height-default\" data-id=\"3938f38\" data-element_type=\"section\">\n\t\t\t\t\t\t<div class=\"elementor-container elementor-column-gap-default\">\n\t\t\t\t\t<div class=\"elementor-column elementor-col-100 elementor-top-column elementor-element elementor-element-88d5e85\" data-id=\"88d5e85\" data-element_type=\"column\">\n\t\t\t<div class=\"elementor-widget-wrap elementor-element-populated\">\n\t\t\t\t\t\t<div class=\"elementor-element elementor-element-0c03088 elementor-widget elementor-widget-text-editor\" data-id=\"0c03088\" data-element_type=\"widget\" data-widget_type=\"text-editor.default\">\n\t\t\t\t<div class=\"elementor-widget-container\">\n\t\t\t\t\t\t\t\t\t<h4 class=\"has-text-align-center wp-block-heading\">Elgesio gair\u0117s prie\u0161 operacij\u0105<\/h4><ul><li style=\"font-weight: 400;\" aria-level=\"1\"><span style=\"font-weight: 400;\">Turite pasiruo\u0161ti operacijai tiek dvasi\u0161kai, tiek fizi\u0161kai. Sveikai maitinkit\u0117s, sportuokite saikingai. Operacijos dien\u0105 neturi b\u016bti per\u0161alimo, kar\u0161\u010diavimo ar menstruacij\u0173 simptom\u0173.<\/span><\/li><\/ul><ul><li style=\"font-weight: 400;\" aria-level=\"1\"><span style=\"font-weight: 400;\">Be kit\u0173 neigiam\u0173 padarini\u0173, r\u016bkymas sukelia \u017eaizd\u0173 gijimo sutrikimus. Vis\u0173 pirma, r\u016bkymas suma\u017eina nosies, gerkl\u0117s ir plau\u010di\u0173 atsparum\u0105 bakterin\u0117ms infekcijoms ir padidina operacijos rizik\u0105. Tabako gamini\u0173 rekomenduojama atsisakyti likus bent dviem m\u0117nesiams iki planuojamos operacijos.<\/span><\/li><\/ul><ul><li style=\"font-weight: 400;\" aria-level=\"1\"><span style=\"font-weight: 400;\">Nuo paskutinio alkoholio vartojimo iki operacijos ryto turi b\u016bti pra\u0117j\u0119 ma\u017eiausiai 24 valandos. Alkoholis gali b\u016bti pavojingas s\u0105veikaujant su vartojamais vaistais.<\/span><\/li><\/ul><ul><li style=\"font-weight: 400;\" aria-level=\"1\"><span style=\"font-weight: 400;\">Narkoz\u0117s (bendrosios nejautros) metu skrandis turi b\u016bti tu\u0161\u010dias. Draud\u017eiama valgyti ma\u017eiausiai \u0161e\u0161ias valandas ir gerti ma\u017eiausiai keturias valandas prie\u0161 operacij\u0105. Kramtant gum\u0105, skrandis prisipildo i\u0161skyr\u0173, tod\u0117l likus bent dviem valandoms iki operacijos prad\u017eios draud\u017eiama.<\/span><\/li><\/ul><ul><li style=\"font-weight: 400;\" aria-level=\"1\"><span style=\"font-weight: 400;\">Nuplaukite galv\u0105 nakt\u012f prie\u0161 operacij\u0105. Po plovimo nenaudokite plauk\u0173 da\u017e\u0173, lako ir pan. Operacijos dien\u0105 nenaudokite makia\u017eo, kvepal\u0173 ar veido krem\u0173. Nuo kosmetolog\u0117s atlikto veido odos valymo turi b\u016bti pra\u0117j\u0119 2-3 savait\u0117s.<\/span><\/li><\/ul><ul><li style=\"font-weight: 400;\" aria-level=\"1\"><span style=\"font-weight: 400;\">Kad b\u016bt\u0173 lengviau apsirengti po operacijos, drabu\u017eiai, su kuriais ateisite \u012f \u012fstaig\u0105, turi b\u016bti susisagstyti priekyje, o ne traukti per galv\u0105. Tinkama apranga (gobtuvas, kepur\u0117, \u0161alikas) ir akiniai nuo saul\u0117s pad\u0117s pasl\u0117pti \u012fvyniojimus, galimus sumu\u0161imus ir veido srities patinim\u0105 vykstant namo.<\/span><\/li><\/ul><ul><li style=\"font-weight: 400;\" aria-level=\"1\"><span style=\"font-weight: 400;\">Atsine\u0161kite asmenines higienos priemones, manydami, kad vien\u0105 nakt\u012f tur\u0117site praleisti ligonin\u0117je.<\/span><\/li><\/ul><ul><li style=\"font-weight: 400;\" aria-level=\"1\"><span style=\"font-weight: 400;\">Prie\u0161 operacij\u0105 nusiimkite laikrod\u012f, \u017eiedus, apyrankes, auskarus ir karolius. \u012ed\u0117kite juos \u012f krep\u0161\u012f, kad nepasimest\u0173.<\/span><\/li><\/ul><ul><li style=\"font-weight: 400;\" aria-level=\"1\"><span style=\"font-weight: 400;\">Nor\u0117dami gr\u012f\u017eti namo, ver\u010diau naudokite patikim\u0105 automobilio savinink\u0105, giminait\u012f ar draug\u0105, o ne taksi. Tuo atveju, jei neturite galimyb\u0117s nakvoti po operacijos Taline, apie tai turi b\u016bti informuotas gydantis gydytojas, kad gal\u0117tume organizuoti J\u016bs\u0173 steb\u0117jim\u0105 po operacijos kitaip nei \u012fprastai.<\/span><\/li><\/ul><ul><li style=\"font-weight: 400;\" aria-level=\"1\"><span style=\"font-weight: 400;\">Nedelsdami prane\u0161kite gydan\u010diam gydytojui, jei d\u0117l sveikatos ar kit\u0173 prie\u017eas\u010di\u0173 negalite atvykti \u012f operacij\u0105.<\/span><\/li><\/ul>\t\t\t\t\t\t\t\t<\/div>\n\t\t\t\t<\/div>\n\t\t\t\t<div class=\"elementor-element elementor-element-d324e94 elementor-widget-divider--view-line elementor-widget elementor-widget-divider\" data-id=\"d324e94\" data-element_type=\"widget\" data-widget_type=\"divider.default\">\n\t\t\t\t<div class=\"elementor-widget-container\">\n\t\t\t\t\t\t\t<div class=\"elementor-divider\">\n\t\t\t<span class=\"elementor-divider-separator\">\n\t\t\t\t\t\t<\/span>\n\t\t<\/div>\n\t\t\t\t\t\t<\/div>\n\t\t\t\t<\/div>\n\t\t\t\t<div class=\"elementor-element elementor-element-0743674 elementor-widget elementor-widget-text-editor\" data-id=\"0743674\" data-element_type=\"widget\" data-widget_type=\"text-editor.default\">\n\t\t\t\t<div class=\"elementor-widget-container\">\n\t\t\t\t\t\t\t\t\t<h4 class=\"has-text-align-center wp-block-heading\">Elgesio gair\u0117s po operacijos<\/h4><ul><li style=\"font-weight: 400;\" aria-level=\"1\"><span style=\"font-weight: 400;\">Operacijos dien\u0105 taikomas lovos re\u017eimas, s\u0117d\u0117jimas ir skubios kelion\u0117s \u012f tualet\u0105, virtuv\u0119 ar voni\u0105 n\u0117ra draud\u017eiamos.<\/span><\/li><\/ul><ul><li style=\"font-weight: 400;\" aria-level=\"1\"><span style=\"font-weight: 400;\">Mityba po operacijos yra viena i\u0161 sveikimo proceso dali\u0173.<\/span><span style=\"font-weight: 400;\"> Pirm\u0105sias 12 valand\u0173 valgymas tur\u0117t\u0173 b\u016bti ribotas, pirmenyb\u0119 teikiant lengvesniam maistui. <\/span><span style=\"font-weight: 400;\">Perteklin\u0117 pooperacin\u0117 mityba gali sukelti \u012ftamp\u0105 chirurgin\u0117s \u017eaizdos srityje, padidinti kraujavimo rizik\u0105 ir taip sul\u0117tinti gijimo proces\u0105.<\/span><span style=\"font-weight: 400;\"> Per dien\u0105 reikia gerti daug vandens, 1,5-2 litrus.<\/span><\/li><\/ul><ul><li style=\"font-weight: 400;\" aria-level=\"1\"><span style=\"font-weight: 400;\">Priklausomai nuo operacijos pob\u016bd\u017eio, po operacijos gali prireikti \u012ftvaro nosies fiksavimui. Jis priklijuojamas prie veido. Da\u017eniausiai \u012ftvar\u0105 reikia ne\u0161ioti 10 dien\u0173. Draud\u017eiama savaranki\u0161kai pa\u0161alinti \u012ftvar\u0105. Atsilaisvinus \u012ftvar\u0105 tvirtinan\u010diai juostai, atsipalaidavusi\u0105 juost\u0105 b\u016btina nukirpti namuose ir pakeisti nauja.<\/span><\/li><li style=\"font-weight: 400;\" aria-level=\"1\"><span style=\"font-weight: 400;\">Si\u016bl\u0173 \u0161alinimas po nosies operacijos atliekamas atsi\u017evelgiant \u012f operacijos pob\u016bd\u012f ir individual\u0173 gijimo proces\u0105. \u012eprastas i\u0161orini\u0173 si\u016bl\u0173 pa\u0161alinimo laikotarpis yra 7-10 dien\u0173 po proced\u016bros. Vidin\u0117ms si\u016bl\u0117ms naudojamas specialus tirpstantis si\u016blas, kuris organizme rezorbuojasi savaime per 2-3 savaites.<\/span><\/li><\/ul><ul><li style=\"font-weight: 400;\" aria-level=\"1\"><span style=\"font-weight: 400;\">7 dienas po operacijos negalima uostyti nosies.<\/span><\/li><\/ul><ul><li style=\"font-weight: 400;\" aria-level=\"1\"><span style=\"font-weight: 400;\">Plutos ir tir\u0161t\u0173 sekret\u0173 negalima \u0161alinti pir\u0161tu ar uostant. Tai gali sukelti komplikacij\u0173. Norint pa\u0161alinti pluteles, nos\u012f reikia nuplauti fiziologiniu tirpalu arba tam skirtu druskos tirpalu. Tinka ir s\u016braus vandens pur\u0161kikliai i\u0161 vaistin\u0117s, pavyzd\u017eiui, Quixx.<\/span><\/li><\/ul><ul><li style=\"font-weight: 400;\" aria-level=\"1\"><span style=\"font-weight: 400;\">Jei ne\u0161iojate akinius, kelet\u0105 savai\u010di\u0173 j\u0173 ned\u0117kite ant nosies. Nu\u0117m\u0119 nosies kauk\u0119, akinius pritvirtinkite prie kaktos pleistru. Kontaktinius l\u0119\u0161ius galite prad\u0117ti ne\u0161ioti nuo 10 dienos po operacijos.<\/span><\/li><\/ul><ul><li style=\"font-weight: 400;\" aria-level=\"1\"><span style=\"font-weight: 400;\">Alkoholis ir tabako gaminiai draud\u017eiami 14 dien\u0173, nes jie stabdo \u017eaizd\u0173 gijim\u0105.<\/span><span style=\"font-weight: 400;\">\u00a0<\/span><\/li><li style=\"font-weight: 400;\" aria-level=\"1\"><span style=\"font-weight: 400;\">Alkoholis draud\u017eiamas ma\u017eiausiai 2 savaites po operacijos, nes tai gali sukelti kraujavim\u0105, sul\u0117tinti \u017eaizd\u0173 gijim\u0105 ir padidinti komplikacij\u0173 rizik\u0105. Be to, alkoholis gali tur\u0117ti \u012ftakos pooperacini\u0173 vaist\u0173 poveikiui.<\/span><\/li><li style=\"font-weight: 400;\" aria-level=\"1\"><span style=\"font-weight: 400;\">R\u016bkyti po operacijos draud\u017eiama ma\u017eiausiai 2-3 savaites. R\u016bkymas \u017eymiai sul\u0117tina gijimo proces\u0105, pablogina apr\u016bpinim\u0105 krauju ir padidina infekcijos rizik\u0105. <\/span><span style=\"font-weight: 400;\">Veido deginimasis, pirtis ir nosies \u0161aldymas gali sukelti komplikacij\u0173, tod\u0117l nerekomenduojama. Rizikos laikotarpis trunka apie pus\u0119 met\u0173. Pirmasis m\u0117nuo yra ypa\u010d lemiamas.<\/span><\/li><\/ul><ul><li style=\"font-weight: 400;\" aria-level=\"1\"><span style=\"font-weight: 400;\">Du m\u0117nesius privalote susilaikyti nuo kontaktinio sporto, \u017eaidim\u0173 su kamuoliu ir kit\u0173 pom\u0117gi\u0173, kuri\u0173 metu kyla pavojus traumuoti nos\u012f.<\/span><\/li><\/ul>\t\t\t\t\t\t\t\t<\/div>\n\t\t\t\t<\/div>\n\t\t\t\t<div class=\"elementor-element elementor-element-cc18dfa elementor-widget-divider--view-line elementor-widget elementor-widget-divider\" data-id=\"cc18dfa\" data-element_type=\"widget\" data-widget_type=\"divider.default\">\n\t\t\t\t<div class=\"elementor-widget-container\">\n\t\t\t\t\t\t\t<div class=\"elementor-divider\">\n\t\t\t<span class=\"elementor-divider-separator\">\n\t\t\t\t\t\t<\/span>\n\t\t<\/div>\n\t\t\t\t\t\t<\/div>\n\t\t\t\t<\/div>\n\t\t\t\t<div class=\"elementor-element elementor-element-7d6971c elementor-widget elementor-widget-text-editor\" data-id=\"7d6971c\" data-element_type=\"widget\" id=\"kordus\" data-widget_type=\"text-editor.default\">\n\t\t\t\t<div class=\"elementor-widget-container\">\n\t\t\t\t\t\t\t\t\t<h4 class=\"has-text-align-center wp-block-heading\">Pakartokite operacijas<\/h4><p><a title=\"http:\/\/ninaplastika.eu\/mis-on-ninaplastika\/(atsidaro naujame skirtuke)\" href=\"https:\/\/ninaplastika.eu\/lt\/mis-on-ninaplastika\/\" target=\"_blank\" rel=\"noreferrer noopener\">Rinoplastika<\/a> galutinis rezultatas priklauso ne tik nuo operacijos technikos, bet ir nuo gijimo proceso. Galutinis rando susidarymas gali u\u017etrukti ilgiau nei vienerius metus, o per t\u0105 laik\u0105 gali atsirasti estetini\u0173 defekt\u0173, d\u0117l kuri\u0173 bendru gydytojo ir paciento sprendimu reikia kartoti operacij\u0105. Pacientams, kuriems atlikta rinoplastika, tam tikru mastu kartotini\u0173 operacij\u0173 poreikis yra ma\u017edaug 10-15%.<\/p><p class=\"wp-block-heading\"><strong>Prie\u017eastys:<\/strong><\/p><ul><li>Lik\u0119 defektai<\/li><li>Nepageidaujami formos poky\u010diai, pavyzd\u017eiui, per sta\u010dias nosies galiukas, nelygumai ant nosies tiltelio<\/li><li>Pakitimai d\u0117l rand\u0117jimo proceso<\/li><li>Kreiv\u0117s, asimetrija<\/li><li>Nosies kv\u0117pavimo obstrukcija<\/li><li>Anks\u010diau planuotas kirtimas dviem etapais<\/li><\/ul><p>Daugeliu atvej\u0173 pakartotini\u0173 operacij\u0173 apimtys yra nedidel\u0117s ir apsiriboja pavieni\u0173 defekt\u0173 taisymu. Ta\u010diau sunkesniais atvejais pakartotin\u0117 rinoplastika gali b\u016bti \u017eymiai didesn\u0117 nei ankstesn\u0117 operacija. Kad pakartotin\u0117 operacija b\u016bt\u0173 s\u0117kminga, gali prireikti persodinti kremzl\u0117s med\u017eiag\u0105 \u012f nos\u012f. \u0160iuo atveju donoro vieta yra arba \u0161onin\u0117, arba \u0161onin\u0117 kremzl\u0117.<\/p><p>Jei nesate patenkintas anks\u010diau atliktos rinoplastikos rezultatu, pra\u0161ome <a title=\"https:\/\/www.veebiregistratuur.ee\/fertilitas\/?employee=RrNyOpOr6o\" href=\"https:\/\/www.veebiregistratuur.ee\/fertilitas\/?employee=RrNyOpOr6o\" target=\"_blank\" rel=\"noreferrer noopener\">rezervuoti susitikim\u0105<\/a>, kad gal\u0117tume kartu rasti sprendim\u0105 j\u016bs\u0173 r\u016bpes\u010diui.<\/p>\t\t\t\t\t\t\t\t<\/div>\n\t\t\t\t<\/div>\n\t\t\t\t<div class=\"elementor-element elementor-element-d19ce7e elementor-widget__width-auto elementor-widget elementor-widget-button\" data-id=\"d19ce7e\" data-element_type=\"widget\" data-widget_type=\"button.default\">\n\t\t\t\t<div class=\"elementor-widget-container\">\n\t\t\t\t\t\t\t\t\t<div class=\"elementor-button-wrapper\">\n\t\t\t\t\t<a class=\"elementor-button elementor-button-link elementor-size-sm\" href=\"#kontakt\">\n\t\t\t\t\t\t<span class=\"elementor-button-content-wrapper\">\n\t\t\t\t\t\t\t\t\t<span class=\"elementor-button-text\">Susisiekite<\/span>\n\t\t\t\t\t<\/span>\n\t\t\t\t\t<\/a>\n\t\t\t\t<\/div>\n\t\t\t\t\t\t\t\t<\/div>\n\t\t\t\t<\/div>\n\t\t\t\t\t<\/div>\n\t\t<\/div>\n\t\t\t\t\t<\/div>\n\t\t<\/section>\n\t\t\t\t<\/div>","protected":false},"excerpt":{"rendered":"<p>N\u00f5uanded operatsiooniks Nina ja k\u00f5rvalestade esteetilised operatsioonid 9 aastat kogemust Hinnakiri Broneeri vastuv\u00f5tt K\u00e4itumisjuhised enne operatsiooni Operatsiooniks peab valmistuma nii vaimselt kui ka f\u00fc\u00fcsiliselt. Toituge tervislikult, sportige m\u00f5\u00f5dukalt. Operatsioonip\u00e4eval ei tohi esineda k\u00fclmetushaiguse tunnuseid, palavikku ega menstruatsiooni. Suitsetamine p\u00f5hjustab lisaks muudele kahjulikele toimetele haavaparanemise h\u00e4lbeid. Eriliselt alandab suitsetamine nina, kurgu ja kopsude vastupanuv\u00f5imet bakteriaalsetele infektsioonidele [&hellip;]<\/p>\n","protected":false},"author":4,"featured_media":0,"parent":0,"menu_order":0,"comment_status":"closed","ping_status":"closed","template":"elementor_header_footer","meta":{"footnotes":""},"categories":[],"tags":[],"class_list":["post-17037","page","type-page","status-publish","hentry"],"_links":{"self":[{"href":"https:\/\/ninaplastika.eu\/lt\/wp-json\/wp\/v2\/pages\/17037","targetHints":{"allow":["GET"]}}],"collection":[{"href":"https:\/\/ninaplastika.eu\/lt\/wp-json\/wp\/v2\/pages"}],"about":[{"href":"https:\/\/ninaplastika.eu\/lt\/wp-json\/wp\/v2\/types\/page"}],"author":[{"embeddable":true,"href":"https:\/\/ninaplastika.eu\/lt\/wp-json\/wp\/v2\/users\/4"}],"replies":[{"embeddable":true,"href":"https:\/\/ninaplastika.eu\/lt\/wp-json\/wp\/v2\/comments?post=17037"}],"version-history":[{"count":11,"href":"https:\/\/ninaplastika.eu\/lt\/wp-json\/wp\/v2\/pages\/17037\/revisions"}],"predecessor-version":[{"id":17268,"href":"https:\/\/ninaplastika.eu\/lt\/wp-json\/wp\/v2\/pages\/17037\/revisions\/17268"}],"wp:attachment":[{"href":"https:\/\/ninaplastika.eu\/lt\/wp-json\/wp\/v2\/media?parent=17037"}],"wp:term":[{"taxonomy":"category","embeddable":true,"href":"https:\/\/ninaplastika.eu\/lt\/wp-json\/wp\/v2\/categories?post=17037"},{"taxonomy":"post_tag","embeddable":true,"href":"https:\/\/ninaplastika.eu\/lt\/wp-json\/wp\/v2\/tags?post=17037"}],"curies":[{"name":"wp","href":"https:\/\/api.w.org\/{rel}","templated":true}]}}