{"id":17042,"date":"2025-01-13T14:34:46","date_gmt":"2025-01-13T12:34:46","guid":{"rendered":"https:\/\/ninaplastika.eu\/v2\/?page_id=17042"},"modified":"2025-01-15T12:21:48","modified_gmt":"2025-01-15T10:21:48","slug":"teipimine-peale-ninaplastikat","status":"publish","type":"page","link":"https:\/\/ninaplastika.eu\/lt\/teipimine-peale-ninaplastikat\/","title":{"rendered":"Teipimas po rinoplastikos"},"content":{"rendered":"<div data-elementor-type=\"wp-page\" data-elementor-id=\"17042\" class=\"elementor elementor-17042\" data-elementor-post-type=\"page\">\n\t\t\t\t\t\t<section class=\"elementor-section elementor-top-section elementor-element elementor-element-2c21b36 elementor-section-height-min-height elementor-section-boxed elementor-section-height-default elementor-section-items-middle\" data-id=\"2c21b36\" data-element_type=\"section\" data-settings=\"{&quot;background_background&quot;:&quot;gradient&quot;}\">\n\t\t\t\t\t\t\t<div class=\"elementor-background-overlay\"><\/div>\n\t\t\t\t\t\t\t<div class=\"elementor-container elementor-column-gap-default\">\n\t\t\t\t\t<div class=\"elementor-column elementor-col-100 elementor-top-column elementor-element elementor-element-3f70983\" data-id=\"3f70983\" data-element_type=\"column\">\n\t\t\t<div class=\"elementor-widget-wrap elementor-element-populated\">\n\t\t\t\t\t\t<div class=\"elementor-element elementor-element-b1599d4 elementor-widget__width-initial elementor-widget elementor-widget-heading\" data-id=\"b1599d4\" data-element_type=\"widget\" data-widget_type=\"heading.default\">\n\t\t\t\t<div class=\"elementor-widget-container\">\n\t\t\t\t\t<h1 class=\"elementor-heading-title elementor-size-default\">Teipimas po rinoplastikos<\/h1>\t\t\t\t<\/div>\n\t\t\t\t<\/div>\n\t\t\t\t<div class=\"elementor-element elementor-element-7179fe7 elementor-widget__width-auto elementor-widget elementor-widget-button\" data-id=\"7179fe7\" data-element_type=\"widget\" data-widget_type=\"button.default\">\n\t\t\t\t<div class=\"elementor-widget-container\">\n\t\t\t\t\t\t\t\t\t<div class=\"elementor-button-wrapper\">\n\t\t\t\t\t<a class=\"elementor-button elementor-button-link elementor-size-sm\" href=\"https:\/\/ninaplastika.eu\/lt\/portfeli\/\">\n\t\t\t\t\t\t<span class=\"elementor-button-content-wrapper\">\n\t\t\t\t\t\t\t\t\t<span class=\"elementor-button-text\">Portfelis<\/span>\n\t\t\t\t\t<\/span>\n\t\t\t\t\t<\/a>\n\t\t\t\t<\/div>\n\t\t\t\t\t\t\t\t<\/div>\n\t\t\t\t<\/div>\n\t\t\t\t<div class=\"elementor-element elementor-element-09ff6b2 elementor-widget__width-auto elementor-widget elementor-widget-button\" data-id=\"09ff6b2\" data-element_type=\"widget\" data-widget_type=\"button.default\">\n\t\t\t\t<div class=\"elementor-widget-container\">\n\t\t\t\t\t\t\t\t\t<div class=\"elementor-button-wrapper\">\n\t\t\t\t\t<a class=\"elementor-button elementor-button-link elementor-size-sm\" href=\"https:\/\/www.veebiregistratuur.ee\/fertilitas\/?service=23_139&#038;employee=RrNyOpOr6o\" target=\"_blank\" rel=\"noopener\">\n\t\t\t\t\t\t<span class=\"elementor-button-content-wrapper\">\n\t\t\t\t\t\t\t\t\t<span class=\"elementor-button-text\">U\u017esisakykite pri\u0117mim\u0105<\/span>\n\t\t\t\t\t<\/span>\n\t\t\t\t\t<\/a>\n\t\t\t\t<\/div>\n\t\t\t\t\t\t\t\t<\/div>\n\t\t\t\t<\/div>\n\t\t\t\t\t<\/div>\n\t\t<\/div>\n\t\t\t\t\t<\/div>\n\t\t<\/section>\n\t\t\t\t<section class=\"elementor-section elementor-top-section elementor-element elementor-element-3938f38 elementor-section-boxed elementor-section-height-default elementor-section-height-default\" data-id=\"3938f38\" data-element_type=\"section\">\n\t\t\t\t\t\t<div class=\"elementor-container elementor-column-gap-default\">\n\t\t\t\t\t<div class=\"elementor-column elementor-col-100 elementor-top-column elementor-element elementor-element-88d5e85\" data-id=\"88d5e85\" data-element_type=\"column\">\n\t\t\t<div class=\"elementor-widget-wrap elementor-element-populated\">\n\t\t\t\t\t\t<div class=\"elementor-element elementor-element-0c03088 elementor-widget elementor-widget-text-editor\" data-id=\"0c03088\" data-element_type=\"widget\" data-widget_type=\"text-editor.default\">\n\t\t\t\t<div class=\"elementor-widget-container\">\n\t\t\t\t\t\t\t\t\t<p>Teipimas po nosies operacijos b\u016btinas norint suma\u017einti patinim\u0105. Ankstyvuoju atsigavimo laikotarpiu gali i\u0161sip\u016bsti mink\u0161tieji nosies audiniai, ypa\u010d nosies galiuko srityje. Patinimas da\u017eniausiai did\u0117ja vakare ir nakt\u012f gulint. Juosta suteikia odai papildom\u0105 atram\u0105 ir \u012ftamp\u0105, kad suma\u017eint\u0173 patinim\u0105. Nosies operacija pakei\u010dia po oda esan\u010dios kremzl\u0117s form\u0105, o teipavimas padeda mink\u0161tiesiems audiniams geriau augti su naujomis apatin\u0117mis strukt\u016bromis.\u00a0<\/p><p>Juostos turi b\u016bti dedamos ant nosies \u0161iek tiek \u012ftempus pagal toliau pateikt\u0105 schem\u0105. Prad\u0117kite nuo juosteli\u0173, statmen\u0173 nosies tilteliui, tada vien\u0105 lenkt\u0105 juostos juostel\u0119 aplink nosies galiuk\u0105 ir galiausiai vien\u0105 papildom\u0105 juostel\u0119 statmenai nosies vir\u0161\u016bnei.\u00a0<\/p><p>Klijuoti geriausiai tinka 12 mm plo\u010dio odos spalvos popierin\u0117 juosta Micropore, ta\u010diau tinka ir kitos pana\u0161ios juostos.<\/p><p>Po rinoplastikos, nu\u0117mus \u012ftvar\u0105, nos\u012f da\u017eniausiai reikia klijuoti nak\u010diai 2 savaites.<\/p>\t\t\t\t\t\t\t\t<\/div>\n\t\t\t\t<\/div>\n\t\t\t\t<div class=\"elementor-element elementor-element-18bc135 elementor-widget elementor-widget-image\" data-id=\"18bc135\" data-element_type=\"widget\" data-widget_type=\"image.default\">\n\t\t\t\t<div class=\"elementor-widget-container\">\n\t\t\t\t\t\t\t\t\t\t\t\t\t\t\t<img fetchpriority=\"high\" decoding=\"async\" width=\"495\" height=\"1024\" src=\"https:\/\/ninaplastika.eu\/wp-content\/uploads\/2025\/01\/teipimine-1-scaled-1-495x1024.webp\" class=\"attachment-large size-large wp-image-17044\" alt=\"\" srcset=\"https:\/\/ninaplastika.eu\/wp-content\/uploads\/2025\/01\/teipimine-1-scaled-1-495x1024.webp 495w, https:\/\/ninaplastika.eu\/wp-content\/uploads\/2025\/01\/teipimine-1-scaled-1-145x300.webp 145w, https:\/\/ninaplastika.eu\/wp-content\/uploads\/2025\/01\/teipimine-1-scaled-1-768x1587.webp 768w, https:\/\/ninaplastika.eu\/wp-content\/uploads\/2025\/01\/teipimine-1-scaled-1-743x1536.webp 743w, https:\/\/ninaplastika.eu\/wp-content\/uploads\/2025\/01\/teipimine-1-scaled-1.webp 929w\" sizes=\"(max-width: 495px) 100vw, 495px\" \/>\t\t\t\t\t\t\t\t\t\t\t\t\t\t\t<\/div>\n\t\t\t\t<\/div>\n\t\t\t\t\t<\/div>\n\t\t<\/div>\n\t\t\t\t\t<\/div>\n\t\t<\/section>\n\t\t\t\t<\/div>","protected":false},"excerpt":{"rendered":"<p>Teipimine peale ninaplastikat Tehtud t\u00f6\u00f6d Broneeri vastuv\u00f5tt Teipimine peale ninaoperatsiooni on vajalik tursete v\u00e4hendamiseks. Varajases taastumisperioodis v\u00f5ivad nina pehmed koed tursuda, eriti ninatipu piirkonnas. Paistetus suureneb tavaliselt \u00f5htul ja \u00f6\u00f6sel pikali asendis. Teip annab nahale t\u00e4iendavat tuge ja pinget, et tursumist toimuks v\u00e4hem. Ninaoperatsioon muudab nahaaluste k\u00f5hrede kuju ning teipimine aitab pehmel koel paremini uute [&hellip;]<\/p>\n","protected":false},"author":4,"featured_media":0,"parent":0,"menu_order":0,"comment_status":"closed","ping_status":"closed","template":"elementor_header_footer","meta":{"footnotes":""},"categories":[],"tags":[],"class_list":["post-17042","page","type-page","status-publish","hentry"],"_links":{"self":[{"href":"https:\/\/ninaplastika.eu\/lt\/wp-json\/wp\/v2\/pages\/17042","targetHints":{"allow":["GET"]}}],"collection":[{"href":"https:\/\/ninaplastika.eu\/lt\/wp-json\/wp\/v2\/pages"}],"about":[{"href":"https:\/\/ninaplastika.eu\/lt\/wp-json\/wp\/v2\/types\/page"}],"author":[{"embeddable":true,"href":"https:\/\/ninaplastika.eu\/lt\/wp-json\/wp\/v2\/users\/4"}],"replies":[{"embeddable":true,"href":"https:\/\/ninaplastika.eu\/lt\/wp-json\/wp\/v2\/comments?post=17042"}],"version-history":[{"count":14,"href":"https:\/\/ninaplastika.eu\/lt\/wp-json\/wp\/v2\/pages\/17042\/revisions"}],"predecessor-version":[{"id":17272,"href":"https:\/\/ninaplastika.eu\/lt\/wp-json\/wp\/v2\/pages\/17042\/revisions\/17272"}],"wp:attachment":[{"href":"https:\/\/ninaplastika.eu\/lt\/wp-json\/wp\/v2\/media?parent=17042"}],"wp:term":[{"taxonomy":"category","embeddable":true,"href":"https:\/\/ninaplastika.eu\/lt\/wp-json\/wp\/v2\/categories?post=17042"},{"taxonomy":"post_tag","embeddable":true,"href":"https:\/\/ninaplastika.eu\/lt\/wp-json\/wp\/v2\/tags?post=17042"}],"curies":[{"name":"wp","href":"https:\/\/api.w.org\/{rel}","templated":true}]}}