{"id":17051,"date":"2025-01-13T14:38:09","date_gmt":"2025-01-13T12:38:09","guid":{"rendered":"https:\/\/ninaplastika.eu\/v2\/?page_id=17051"},"modified":"2025-01-22T13:01:51","modified_gmt":"2025-01-22T11:01:51","slug":"ninaplastika-kkk","status":"publish","type":"page","link":"https:\/\/ninaplastika.eu\/lt\/ninaplastika-kkk\/","title":{"rendered":"DUK"},"content":{"rendered":"<div data-elementor-type=\"wp-page\" data-elementor-id=\"17051\" class=\"elementor elementor-17051\" data-elementor-post-type=\"page\">\n\t\t\t\t\t\t<section class=\"elementor-section elementor-top-section elementor-element elementor-element-2c21b36 elementor-section-height-min-height elementor-section-boxed elementor-section-height-default elementor-section-items-middle\" data-id=\"2c21b36\" data-element_type=\"section\" data-settings=\"{&quot;background_background&quot;:&quot;gradient&quot;}\">\n\t\t\t\t\t\t\t<div class=\"elementor-background-overlay\"><\/div>\n\t\t\t\t\t\t\t<div class=\"elementor-container elementor-column-gap-default\">\n\t\t\t\t\t<div class=\"elementor-column elementor-col-100 elementor-top-column elementor-element elementor-element-3f70983\" data-id=\"3f70983\" data-element_type=\"column\">\n\t\t\t<div class=\"elementor-widget-wrap elementor-element-populated\">\n\t\t\t\t\t\t<div class=\"elementor-element elementor-element-b1599d4 elementor-widget__width-initial elementor-widget elementor-widget-heading\" data-id=\"b1599d4\" data-element_type=\"widget\" data-widget_type=\"heading.default\">\n\t\t\t\t<div class=\"elementor-widget-container\">\n\t\t\t\t\t<h1 class=\"elementor-heading-title elementor-size-default\">DUK apie rinoplastik\u0105<\/h1>\t\t\t\t<\/div>\n\t\t\t\t<\/div>\n\t\t\t\t<div class=\"elementor-element elementor-element-7179fe7 elementor-widget__width-auto elementor-widget elementor-widget-button\" data-id=\"7179fe7\" data-element_type=\"widget\" data-widget_type=\"button.default\">\n\t\t\t\t<div class=\"elementor-widget-container\">\n\t\t\t\t\t\t\t\t\t<div class=\"elementor-button-wrapper\">\n\t\t\t\t\t<a class=\"elementor-button elementor-button-link elementor-size-sm\" href=\"https:\/\/ninaplastika.eu\/lt\/portfeli\/\">\n\t\t\t\t\t\t<span class=\"elementor-button-content-wrapper\">\n\t\t\t\t\t\t\t\t\t<span class=\"elementor-button-text\">Portfelis<\/span>\n\t\t\t\t\t<\/span>\n\t\t\t\t\t<\/a>\n\t\t\t\t<\/div>\n\t\t\t\t\t\t\t\t<\/div>\n\t\t\t\t<\/div>\n\t\t\t\t<div class=\"elementor-element elementor-element-09ff6b2 elementor-widget__width-auto elementor-widget elementor-widget-button\" data-id=\"09ff6b2\" data-element_type=\"widget\" data-widget_type=\"button.default\">\n\t\t\t\t<div class=\"elementor-widget-container\">\n\t\t\t\t\t\t\t\t\t<div class=\"elementor-button-wrapper\">\n\t\t\t\t\t<a class=\"elementor-button elementor-button-link elementor-size-sm\" href=\"https:\/\/www.veebiregistratuur.ee\/fertilitas\/?service=23_139&#038;employee=RrNyOpOr6o\" target=\"_blank\" rel=\"noopener\">\n\t\t\t\t\t\t<span class=\"elementor-button-content-wrapper\">\n\t\t\t\t\t\t\t\t\t<span class=\"elementor-button-text\">U\u017esisakykite pri\u0117mim\u0105<\/span>\n\t\t\t\t\t<\/span>\n\t\t\t\t\t<\/a>\n\t\t\t\t<\/div>\n\t\t\t\t\t\t\t\t<\/div>\n\t\t\t\t<\/div>\n\t\t\t\t\t<\/div>\n\t\t<\/div>\n\t\t\t\t\t<\/div>\n\t\t<\/section>\n\t\t\t\t<section class=\"elementor-section elementor-top-section elementor-element elementor-element-168a3e4 elementor-section-boxed elementor-section-height-default elementor-section-height-default\" data-id=\"168a3e4\" data-element_type=\"section\">\n\t\t\t\t\t\t<div class=\"elementor-container elementor-column-gap-default\">\n\t\t\t\t\t<div class=\"elementor-column elementor-col-66 elementor-top-column elementor-element elementor-element-24d22f4\" data-id=\"24d22f4\" data-element_type=\"column\">\n\t\t\t<div class=\"elementor-widget-wrap elementor-element-populated\">\n\t\t\t\t\t\t<div class=\"elementor-element elementor-element-5fddbd1 elementor-widget elementor-widget-accordion\" data-id=\"5fddbd1\" data-element_type=\"widget\" data-widget_type=\"accordion.default\">\n\t\t\t\t<div class=\"elementor-widget-container\">\n\t\t\t\t\t\t\t<div class=\"elementor-accordion\">\n\t\t\t\t\t\t\t<div class=\"elementor-accordion-item\">\n\t\t\t\t\t<div id=\"elementor-tab-title-1001\" class=\"elementor-tab-title\" data-tab=\"1\" role=\"button\" aria-controls=\"elementor-tab-content-1001\" aria-expanded=\"false\">\n\t\t\t\t\t\t\t\t\t\t\t\t<a class=\"elementor-accordion-title\" tabindex=\"0\">Kiek laiko u\u017etrunka pasveikti po rinoplastikos?<\/a>\n\t\t\t\t\t<\/div>\n\t\t\t\t\t<div id=\"elementor-tab-content-1001\" class=\"elementor-tab-content elementor-clearfix\" data-tab=\"1\" role=\"region\" aria-labelledby=\"elementor-tab-title-1001\"><p>Gijimo proceso greitis priklauso nuo konkre\u010diam pj\u016bviui naudojamos technikos, ta\u010diau paprastai juostos ir plastikinis \u012ftvaras ant nosies tiltelio ir galiuko trunka 10 dien\u0173. Per t\u0105 laik\u0105 nosis gali normaliai nekv\u0117puoti. Aplink akis gali atsirasti patinimas ir m\u0117lyn\u0117s. Paprastai jie i\u0161nyksta pra\u0117jus 14 dien\u0173 po operacijos. Nedidelis nosies galiuko ir nosies tiltelio patinimas gali i\u0161likti net kelis m\u0117nesius po rinoplastikos. Gydymo procesas trunka apie 12 m\u0117nesi\u0173.<\/p><\/div>\n\t\t\t\t<\/div>\n\t\t\t\t\t\t\t<div class=\"elementor-accordion-item\">\n\t\t\t\t\t<div id=\"elementor-tab-title-1002\" class=\"elementor-tab-title\" data-tab=\"2\" role=\"button\" aria-controls=\"elementor-tab-content-1002\" aria-expanded=\"false\">\n\t\t\t\t\t\t\t\t\t\t\t\t<a class=\"elementor-accordion-title\" tabindex=\"0\">Ko nereik\u0117t\u0173 daryti i\u0161kart po nosies operacijos?<\/a>\n\t\t\t\t\t<\/div>\n\t\t\t\t\t<div id=\"elementor-tab-content-1002\" class=\"elementor-tab-content elementor-clearfix\" data-tab=\"2\" role=\"region\" aria-labelledby=\"elementor-tab-title-1002\"><p>Neuostykite nosies 7 dienas. 14 dien\u0173 po nosies operacijos negalima daryti didelio fizinio kr\u016bvio, draud\u017eiama vartoti alkohol\u012f ir tabako gaminius. Nene\u0161iokite akini\u0173 ant nosies tiltelio 4 savaites. Nerekomenduojama eiti \u012f pirt\u012f 1-6 m\u0117nesius. Apskritai pradinis atk\u016brimo laikas namuose tur\u0117t\u0173 b\u016bti 14 dien\u0173. Po to galima gr\u012f\u017eti \u012f normal\u0173 gyvenim\u0105 su nedideliais apribojimais.<\/p><\/div>\n\t\t\t\t<\/div>\n\t\t\t\t\t\t\t<div class=\"elementor-accordion-item\">\n\t\t\t\t\t<div id=\"elementor-tab-title-1003\" class=\"elementor-tab-title\" data-tab=\"3\" role=\"button\" aria-controls=\"elementor-tab-content-1003\" aria-expanded=\"false\">\n\t\t\t\t\t\t\t\t\t\t\t\t<a class=\"elementor-accordion-title\" tabindex=\"0\">Kiek skauda nos\u012f po operacijos?<\/a>\n\t\t\t\t\t<\/div>\n\t\t\t\t\t<div id=\"elementor-tab-content-1003\" class=\"elementor-tab-content elementor-clearfix\" data-tab=\"3\" role=\"region\" aria-labelledby=\"elementor-tab-title-1003\"><p>Da\u017eniausiai po operacijos nos\u012f labai neskauda, prireikus pakanka vartoti nereceptinius skausm\u0105 mal\u0161inan\u010dius vaistus, tokius kaip paracetamolis ir ibuprofenas. Atliekant kartotines operacijas ir po dideli\u0173 nosies traum\u0173, operacijos metu gali tekti naudoti \u0161onkauli\u0173 kremzl\u0117s transplantacij\u0105 \u2013 tuomet gali skaud\u0117ti kr\u016btin\u0117s srit\u012f ir prireikti stipresni\u0173 nuskausminam\u0173j\u0173 vaist\u0173.<\/p><p>Apskritai mano pacientai neturi skausmo, labiau nie\u017eti po nosies \u012ftvaru ir diskomforto jausmas d\u0117l nosies kv\u0117pavimo obstrukcijos ir laistymo, kuris gali atsirasti pirmosiomis savait\u0117mis.<\/p><\/div>\n\t\t\t\t<\/div>\n\t\t\t\t\t\t\t<div class=\"elementor-accordion-item\">\n\t\t\t\t\t<div id=\"elementor-tab-title-1004\" class=\"elementor-tab-title\" data-tab=\"4\" role=\"button\" aria-controls=\"elementor-tab-content-1004\" aria-expanded=\"false\">\n\t\t\t\t\t\t\t\t\t\t\t\t<a class=\"elementor-accordion-title\" tabindex=\"0\">Jei man\u0119s netenkina rinoplastikos rezultatas, kas bus toliau?<\/a>\n\t\t\t\t\t<\/div>\n\t\t\t\t\t<div id=\"elementor-tab-content-1004\" class=\"elementor-tab-content elementor-clearfix\" data-tab=\"4\" role=\"region\" aria-labelledby=\"elementor-tab-title-1004\"><p>Rinoplastikos rezultat\u0105 vertiname registrat\u016broje pra\u0117jus 10 dien\u0173, 1 m\u0117n., 6 m\u0117n. ir 12 m\u0117nesi\u0173 po operacijos. Ma\u017eesni kosmetiniai defektai gali b\u016bti koreguojami papildoma proced\u016bra, atliekama taikant vietin\u0119 nejautr\u0105, ta\u010diau ma\u017edaug 15-20% pacientams gali prireikti pakartotin\u0117s operacijos, kad b\u016bt\u0173 pakoreguotas rinoplastikos rezultatas. Paprastai pakartotinis ekscizija nevyksta anks\u010diau kaip po met\u0173 po pirminio i\u0161kirpimo, nes rand\u0117jimo procesai turi b\u016bti \u012fvyk\u0119 iki galo. Skaitykite apie pakartotin\u0119 operacij\u0105 <a href=\"https:\/\/ninaplastika.eu\/lt\/operatsioon\/#kordus\" target=\"_blank\" rel=\"noreferrer noopener\">i\u0161 \u010dia<\/a>.<\/p><\/div>\n\t\t\t\t<\/div>\n\t\t\t\t\t\t\t<div class=\"elementor-accordion-item\">\n\t\t\t\t\t<div id=\"elementor-tab-title-1005\" class=\"elementor-tab-title\" data-tab=\"5\" role=\"button\" aria-controls=\"elementor-tab-content-1005\" aria-expanded=\"false\">\n\t\t\t\t\t\t\t\t\t\t\t\t<a class=\"elementor-accordion-title\" tabindex=\"0\">Kada pamatysiu galutin\u012f rezultat\u0105?<\/a>\n\t\t\t\t\t<\/div>\n\t\t\t\t\t<div id=\"elementor-tab-content-1005\" class=\"elementor-tab-content elementor-clearfix\" data-tab=\"5\" role=\"region\" aria-labelledby=\"elementor-tab-title-1005\"><p>Pra\u0117jus 12 m\u0117nesi\u0173 po pj\u016bvio, galime \u012fvertinti galutin\u012f rezultat\u0105. Kuo ma\u017eiau laiko pra\u0117jo nuo nosies operacijos, tuo labiau mink\u0161t\u0173j\u0173 audini\u0173 pabrinkimas slepia galutin\u012f rezultat\u0105 ir su rand\u0117jimu susijusi\u0173 poky\u010di\u0173 dar ne\u012fvyko. Nedidelis patinimas taip pat gali atsirasti pra\u0117jus daugiau nei 1 m\u0117nesiui po operacijos.<\/p><\/div>\n\t\t\t\t<\/div>\n\t\t\t\t\t\t\t<div class=\"elementor-accordion-item\">\n\t\t\t\t\t<div id=\"elementor-tab-title-1006\" class=\"elementor-tab-title\" data-tab=\"6\" role=\"button\" aria-controls=\"elementor-tab-content-1006\" aria-expanded=\"false\">\n\t\t\t\t\t\t\t\t\t\t\t\t<a class=\"elementor-accordion-title\" tabindex=\"0\">Ar galima derinti gro\u017e\u012f ir funkcin\u0119 rinoplastik\u0105?<\/a>\n\t\t\t\t\t<\/div>\n\t\t\t\t\t<div id=\"elementor-tab-content-1006\" class=\"elementor-tab-content elementor-clearfix\" data-tab=\"6\" role=\"region\" aria-labelledby=\"elementor-tab-title-1006\"><p>Taip, \u0161ios operacijos gali ir netgi tur\u0117t\u0173 b\u016bti susietos viena su kita. Pavyzd\u017eiui, da\u017ena funkcin\u0117 problema yra nosies pertvaros kreivumas. Tuo pa\u010diu metu pertvaros veidas yra svarbus nosies galiuko atramos elementas ir donorin\u0117s kremzl\u0117s \u0161altinis kitoms nosies sritims atliekant plastines operacijas. Jei pertvara anks\u010diau buvo operuota atskirai, tai gali padaryti me\u0161kos paslaug\u0105 v\u0117lesnei estetinei rinoplastikai. Tod\u0117l gro\u017eio ir funkcij\u0173 problemas reik\u0117t\u0173 i\u0161spr\u0119sti viena rinoplastikos operacija.<\/p><\/div>\n\t\t\t\t<\/div>\n\t\t\t\t\t\t\t<div class=\"elementor-accordion-item\">\n\t\t\t\t\t<div id=\"elementor-tab-title-1007\" class=\"elementor-tab-title\" data-tab=\"7\" role=\"button\" aria-controls=\"elementor-tab-content-1007\" aria-expanded=\"false\">\n\t\t\t\t\t\t\t\t\t\t\t\t<a class=\"elementor-accordion-title\" tabindex=\"0\">Kiek laiko tur\u0117siu likti ligonin\u0117je?<\/a>\n\t\t\t\t\t<\/div>\n\t\t\t\t\t<div id=\"elementor-tab-content-1007\" class=\"elementor-tab-content elementor-clearfix\" data-tab=\"7\" role=\"region\" aria-labelledby=\"elementor-tab-title-1007\"><p>Atlikus smulkesn\u0119 rinoplastik\u0105, namo galima vykti operacijos dienos vakar\u0105, ta\u010diau da\u017eniausiai po operacijos tenka praleisti vien\u0105 nakt\u012f ligonin\u0117je.<\/p><\/div>\n\t\t\t\t<\/div>\n\t\t\t\t\t\t\t<div class=\"elementor-accordion-item\">\n\t\t\t\t\t<div id=\"elementor-tab-title-1008\" class=\"elementor-tab-title\" data-tab=\"8\" role=\"button\" aria-controls=\"elementor-tab-content-1008\" aria-expanded=\"false\">\n\t\t\t\t\t\t\t\t\t\t\t\t<a class=\"elementor-accordion-title\" tabindex=\"0\">A\u0161 nepatenkintas savo nosimi. Kokias galimybes si\u016blo rinoplastika ir kaip ji gali man pad\u0117ti?<\/a>\n\t\t\t\t\t<\/div>\n\t\t\t\t\t<div id=\"elementor-tab-content-1008\" class=\"elementor-tab-content elementor-clearfix\" data-tab=\"8\" role=\"region\" aria-labelledby=\"elementor-tab-title-1008\"><p>\u017dmoni\u0173 nosies forma labai skiriasi, kaip ir rinoplastikos chirurgijos metodai. \u0160ia tema ra\u0161oma de\u0161imtys t\u016bkstan\u010di\u0173 puslapi\u0173 mokslin\u0117s literat\u016bros, vyksta daugyb\u0117 profesini\u0173 konferencij\u0173 \u2013 vienu sakiniu \u012f \u0161\u012f klausim\u0105 atsakyti ne\u012fmanoma. B\u016bti paslaugus prasideda nuo konsultacijos, kurios metu padarome eil\u0119 tinkam\u0173 nosies nuotrauk\u0173 ir galiu pateikti pirmin\u0119 nosies operacijos apimties ap\u017evalg\u0105. Po to pacientui atliekami nedideli nam\u0173 darbai savo nosies analizei ir tolesnis operacijos detali\u0173 aptarimas elektroniniu pa\u0161tu, telefonu ar papildomo vizito metu.<\/p><\/div>\n\t\t\t\t<\/div>\n\t\t\t\t\t\t\t<div class=\"elementor-accordion-item\">\n\t\t\t\t\t<div id=\"elementor-tab-title-1009\" class=\"elementor-tab-title\" data-tab=\"9\" role=\"button\" aria-controls=\"elementor-tab-content-1009\" aria-expanded=\"false\">\n\t\t\t\t\t\t\t\t\t\t\t\t<a class=\"elementor-accordion-title\" tabindex=\"0\">Kokia rinoplastikos rizika ir pavojai?<\/a>\n\t\t\t\t\t<\/div>\n\t\t\t\t\t<div id=\"elementor-tab-content-1009\" class=\"elementor-tab-content elementor-clearfix\" data-tab=\"9\" role=\"region\" aria-labelledby=\"elementor-tab-title-1009\"><p>Kaip ir atliekant bet koki\u0105 operacij\u0105, rinoplastika kelia tam tikr\u0173 komplikacij\u0173 rizik\u0105. Kartais kelias dienas po operacijos b\u016bna nedidelis kraujavimas. Gali b\u016bti funkcini\u0173 problem\u0173 \u2013 po operacijos nosis nekv\u0117puoja taip, kaip tur\u0117t\u0173. Ir gali b\u016bti kosmetini\u0173 defekt\u0173, d\u0117l kuri\u0173 kartais prireikia kartoti operacij\u0105. Prie\u0161operacin\u0117s konsultacijos metu pacientus i\u0161samiau informuoju apie \u0161ias rizikas. Apskritai esu prieinamas pacientams pooperaciniu laikotarpiu ir esant reikalui problemas sprend\u017eiame kartu.<\/p><\/div>\n\t\t\t\t<\/div>\n\t\t\t\t\t\t\t<div class=\"elementor-accordion-item\">\n\t\t\t\t\t<div id=\"elementor-tab-title-10010\" class=\"elementor-tab-title\" data-tab=\"10\" role=\"button\" aria-controls=\"elementor-tab-content-10010\" aria-expanded=\"false\">\n\t\t\t\t\t\t\t\t\t\t\t\t<a class=\"elementor-accordion-title\" tabindex=\"0\">K\u0105 tur\u0117\u010diau \u017einoti prie\u0161 atvykstant \u012f pri\u0117mim\u0105?<\/a>\n\t\t\t\t\t<\/div>\n\t\t\t\t\t<div id=\"elementor-tab-content-10010\" class=\"elementor-tab-content elementor-clearfix\" data-tab=\"10\" role=\"region\" aria-labelledby=\"elementor-tab-title-10010\"><p>Verta patiems pagalvoti, kokias detales reikia keisti ant nosies. Reikia atminti, kad kiekviena nosies ir nosies operacija yra unikali ir individuali \u2013 operacija imituoti svetim\u0105 nos\u012f da\u017eniausiai nepavyksta. Galime pagerinti nosies form\u0105, bet ne tobul\u0105. Noras atlikti rinoplastik\u0105 turi b\u016bti j\u016bs\u0173 pa\u010di\u0173 ir netur\u0117t\u0173 b\u016bti daromas ka\u017ekieno paskatintas ar pritarus. Geresn\u0117 i\u0161vaizda gali \u0161iek tiek padidinti j\u016bs\u0173 pasitik\u0117jim\u0105 savimi, ta\u010diau tai nei\u0161sprend\u017eia daugumos kit\u0173 gyvenimo problem\u0173. \u00a0<\/p><\/div>\n\t\t\t\t<\/div>\n\t\t\t\t\t\t\t<div class=\"elementor-accordion-item\">\n\t\t\t\t\t<div id=\"elementor-tab-title-10011\" class=\"elementor-tab-title\" data-tab=\"11\" role=\"button\" aria-controls=\"elementor-tab-content-10011\" aria-expanded=\"false\">\n\t\t\t\t\t\t\t\t\t\t\t\t<a class=\"elementor-accordion-title\" tabindex=\"0\">\u012e kokias i\u0161laidas tur\u0117\u010diau atsi\u017evelgti atliekant rinoplastik\u0105?<\/a>\n\t\t\t\t\t<\/div>\n\t\t\t\t\t<div id=\"elementor-tab-content-10011\" class=\"elementor-tab-content elementor-clearfix\" data-tab=\"11\" role=\"region\" aria-labelledby=\"elementor-tab-title-10011\"><p>Kiekviena nosies operacija yra individuali ir kiekvienam pacientui sudarau asmenin\u0119 kain\u0105 po pirminio vizito ir nuotrauk\u0173 analiz\u0117s. \u017di\u016br\u0117ti apytiksles kainas <a href=\"https:\/\/ninaplastika.eu\/lt\/kainorastis\/\" target=\"_blank\" rel=\"noreferrer noopener\">i\u0161 \u010dia<\/a>. Prie operacijos gali b\u016bti pridedami papildomi mokes\u010diai u\u017e lovos dienas ligonin\u0117je ir papildomas paslaugas <a href=\"https:\/\/www.fertilitas.ee\/hinnad\/haiglaravi-hinnad\/voodipaeva-maksumus\/\" target=\"_blank\" rel=\"noreferrer noopener\">Priva\u010dios ligonin\u0117s Fertilitas kainora\u0161tis<\/a> pagrindu<\/p><\/div>\n\t\t\t\t<\/div>\n\t\t\t\t\t\t\t<div class=\"elementor-accordion-item\">\n\t\t\t\t\t<div id=\"elementor-tab-title-10012\" class=\"elementor-tab-title\" data-tab=\"12\" role=\"button\" aria-controls=\"elementor-tab-content-10012\" aria-expanded=\"false\">\n\t\t\t\t\t\t\t\t\t\t\t\t<a class=\"elementor-accordion-title\" tabindex=\"0\">Ar mano nuotraukos bus paskelbtos po i\u0161kirpimo be mano sutikimo?<\/a>\n\t\t\t\t\t<\/div>\n\t\t\t\t\t<div id=\"elementor-tab-content-10012\" class=\"elementor-tab-content elementor-clearfix\" data-tab=\"12\" role=\"region\" aria-labelledby=\"elementor-tab-title-10012\"><p>Ne, vaizdai nebus skelbiami be i\u0161ankstinio paciento sutikimo.<\/p><\/div>\n\t\t\t\t<\/div>\n\t\t\t\t\t\t\t<div class=\"elementor-accordion-item\">\n\t\t\t\t\t<div id=\"elementor-tab-title-10013\" class=\"elementor-tab-title\" data-tab=\"13\" role=\"button\" aria-controls=\"elementor-tab-content-10013\" aria-expanded=\"false\">\n\t\t\t\t\t\t\t\t\t\t\t\t<a class=\"elementor-accordion-title\" tabindex=\"0\">Kur galima susipa\u017einti su atliktais darbais (\u201eprie\u0161\u201c ir \u201epo\u201c nuotraukos)?<\/a>\n\t\t\t\t\t<\/div>\n\t\t\t\t\t<div id=\"elementor-tab-content-10013\" class=\"elementor-tab-content elementor-clearfix\" data-tab=\"13\" role=\"region\" aria-labelledby=\"elementor-tab-title-10013\"><p>\u017di\u016br\u0117kite rinoplastik\u0105 <a href=\"https:\/\/ninaplastika.eu\/lt\/portfeli\/\">galerijos<\/a> arba nuotraukos <a href=\"https:\/\/www.instagram.com\/dr_erik_luht_ninaplastika\/\" target=\"_blank\" rel=\"noreferrer noopener\">instagrame<\/a><\/p><\/div>\n\t\t\t\t<\/div>\n\t\t\t\t\t\t\t\t<\/div>\n\t\t\t\t\t\t<\/div>\n\t\t\t\t<\/div>\n\t\t\t\t<div class=\"elementor-element elementor-element-d19ce7e elementor-widget__width-auto elementor-widget elementor-widget-button\" data-id=\"d19ce7e\" data-element_type=\"widget\" data-widget_type=\"button.default\">\n\t\t\t\t<div class=\"elementor-widget-container\">\n\t\t\t\t\t\t\t\t\t<div class=\"elementor-button-wrapper\">\n\t\t\t\t\t<a class=\"elementor-button elementor-button-link elementor-size-sm\" href=\"#kontakt\">\n\t\t\t\t\t\t<span class=\"elementor-button-content-wrapper\">\n\t\t\t\t\t\t\t\t\t<span class=\"elementor-button-text\">Susisiekite<\/span>\n\t\t\t\t\t<\/span>\n\t\t\t\t\t<\/a>\n\t\t\t\t<\/div>\n\t\t\t\t\t\t\t\t<\/div>\n\t\t\t\t<\/div>\n\t\t\t\t\t<\/div>\n\t\t<\/div>\n\t\t\t\t<div class=\"elementor-column elementor-col-33 elementor-top-column elementor-element elementor-element-60bd37f\" data-id=\"60bd37f\" data-element_type=\"column\">\n\t\t\t<div class=\"elementor-widget-wrap elementor-element-populated\">\n\t\t\t\t\t\t<div class=\"elementor-element elementor-element-f19acc4 elementor-widget elementor-widget-image\" data-id=\"f19acc4\" data-element_type=\"widget\" data-widget_type=\"image.default\">\n\t\t\t\t<div class=\"elementor-widget-container\">\n\t\t\t\t\t\t\t\t\t\t\t\t\t\t\t<img fetchpriority=\"high\" decoding=\"async\" width=\"800\" height=\"600\" src=\"https:\/\/ninaplastika.eu\/wp-content\/uploads\/2025\/01\/IMG_7088-1030x773-1-1024x768.webp\" class=\"attachment-large size-large wp-image-17057\" alt=\"\" srcset=\"https:\/\/ninaplastika.eu\/wp-content\/uploads\/2025\/01\/IMG_7088-1030x773-1-1024x768.webp 1024w, https:\/\/ninaplastika.eu\/wp-content\/uploads\/2025\/01\/IMG_7088-1030x773-1-300x225.webp 300w, https:\/\/ninaplastika.eu\/wp-content\/uploads\/2025\/01\/IMG_7088-1030x773-1-768x576.webp 768w, https:\/\/ninaplastika.eu\/wp-content\/uploads\/2025\/01\/IMG_7088-1030x773-1.webp 1030w\" sizes=\"(max-width: 800px) 100vw, 800px\" \/>\t\t\t\t\t\t\t\t\t\t\t\t\t\t\t<\/div>\n\t\t\t\t<\/div>\n\t\t\t\t<div class=\"elementor-element elementor-element-abd1180 elementor-widget elementor-widget-image\" data-id=\"abd1180\" data-element_type=\"widget\" data-widget_type=\"image.default\">\n\t\t\t\t<div class=\"elementor-widget-container\">\n\t\t\t\t\t\t\t\t\t\t\t\t\t\t\t<img decoding=\"async\" width=\"626\" height=\"417\" src=\"https:\/\/ninaplastika.eu\/wp-content\/uploads\/2024\/12\/doctor-protective-suit-taking-throat-nasal-swab-from-patient-test-possible_130111-5803.webp\" class=\"attachment-large size-large wp-image-16725\" alt=\"\" srcset=\"https:\/\/ninaplastika.eu\/wp-content\/uploads\/2024\/12\/doctor-protective-suit-taking-throat-nasal-swab-from-patient-test-possible_130111-5803.webp 626w, https:\/\/ninaplastika.eu\/wp-content\/uploads\/2024\/12\/doctor-protective-suit-taking-throat-nasal-swab-from-patient-test-possible_130111-5803-300x200.webp 300w\" sizes=\"(max-width: 626px) 100vw, 626px\" \/>\t\t\t\t\t\t\t\t\t\t\t\t\t\t\t<\/div>\n\t\t\t\t<\/div>\n\t\t\t\t\t<\/div>\n\t\t<\/div>\n\t\t\t\t\t<\/div>\n\t\t<\/section>\n\t\t\t\t<\/div>","protected":false},"excerpt":{"rendered":"<p>Ninaplastika KKK Tehtud t\u00f6\u00f6d Broneeri vastuv\u00f5tt Kui pikalt v\u00f5tab aega ninaplastikast paranemine? Paranemisprotsessi kiirus s\u00f5ltub konkreetsel l\u00f5ikusel kasutatud tehnikast, kuid \u00fcldjuhul on ninaseljal ja -tipul teibid ja plastiklahas 10 p\u00e4eva. Selle aja jooksul ei pruugi nina normaalselt hingata. Silmade \u00fcmbruses v\u00f5ivad tekkida turse ja verevalumid. Tavaliselt on need 14 p\u00e4eva peale operatsiooni suures osas taandunud. [&hellip;]<\/p>\n","protected":false},"author":4,"featured_media":0,"parent":0,"menu_order":0,"comment_status":"closed","ping_status":"closed","template":"elementor_header_footer","meta":{"footnotes":""},"categories":[],"tags":[],"class_list":["post-17051","page","type-page","status-publish","hentry"],"_links":{"self":[{"href":"https:\/\/ninaplastika.eu\/lt\/wp-json\/wp\/v2\/pages\/17051","targetHints":{"allow":["GET"]}}],"collection":[{"href":"https:\/\/ninaplastika.eu\/lt\/wp-json\/wp\/v2\/pages"}],"about":[{"href":"https:\/\/ninaplastika.eu\/lt\/wp-json\/wp\/v2\/types\/page"}],"author":[{"embeddable":true,"href":"https:\/\/ninaplastika.eu\/lt\/wp-json\/wp\/v2\/users\/4"}],"replies":[{"embeddable":true,"href":"https:\/\/ninaplastika.eu\/lt\/wp-json\/wp\/v2\/comments?post=17051"}],"version-history":[{"count":13,"href":"https:\/\/ninaplastika.eu\/lt\/wp-json\/wp\/v2\/pages\/17051\/revisions"}],"predecessor-version":[{"id":17088,"href":"https:\/\/ninaplastika.eu\/lt\/wp-json\/wp\/v2\/pages\/17051\/revisions\/17088"}],"wp:attachment":[{"href":"https:\/\/ninaplastika.eu\/lt\/wp-json\/wp\/v2\/media?parent=17051"}],"wp:term":[{"taxonomy":"category","embeddable":true,"href":"https:\/\/ninaplastika.eu\/lt\/wp-json\/wp\/v2\/categories?post=17051"},{"taxonomy":"post_tag","embeddable":true,"href":"https:\/\/ninaplastika.eu\/lt\/wp-json\/wp\/v2\/tags?post=17051"}],"curies":[{"name":"wp","href":"https:\/\/api.w.org\/{rel}","templated":true}]}}