{"id":17150,"date":"2025-01-13T16:56:09","date_gmt":"2025-01-13T14:56:09","guid":{"rendered":"https:\/\/ninaplastika.eu\/v2\/?page_id=17150"},"modified":"2025-01-15T12:22:03","modified_gmt":"2025-01-15T10:22:03","slug":"rinoplastika","status":"publish","type":"page","link":"https:\/\/ninaplastika.eu\/lt\/rinoplastika\/","title":{"rendered":"Rinoplastika"},"content":{"rendered":"<div data-elementor-type=\"wp-page\" data-elementor-id=\"17150\" class=\"elementor elementor-17150\" data-elementor-post-type=\"page\">\n\t\t\t\t\t\t<section class=\"elementor-section elementor-top-section elementor-element elementor-element-2c21b36 elementor-section-height-min-height elementor-section-boxed elementor-section-height-default elementor-section-items-middle\" data-id=\"2c21b36\" data-element_type=\"section\" data-settings=\"{&quot;background_background&quot;:&quot;gradient&quot;}\">\n\t\t\t\t\t\t\t<div class=\"elementor-background-overlay\"><\/div>\n\t\t\t\t\t\t\t<div class=\"elementor-container elementor-column-gap-default\">\n\t\t\t\t\t<div class=\"elementor-column elementor-col-100 elementor-top-column elementor-element elementor-element-3f70983\" data-id=\"3f70983\" data-element_type=\"column\">\n\t\t\t<div class=\"elementor-widget-wrap elementor-element-populated\">\n\t\t\t\t\t\t<div class=\"elementor-element elementor-element-b1599d4 elementor-widget__width-initial elementor-widget elementor-widget-heading\" data-id=\"b1599d4\" data-element_type=\"widget\" data-widget_type=\"heading.default\">\n\t\t\t\t<div class=\"elementor-widget-container\">\n\t\t\t\t\t<h1 class=\"elementor-heading-title elementor-size-default\">Nosies operacija arba rinoplastika <\/h1>\t\t\t\t<\/div>\n\t\t\t\t<\/div>\n\t\t\t\t<div class=\"elementor-element elementor-element-52d1287 elementor-widget elementor-widget-text-editor\" data-id=\"52d1287\" data-element_type=\"widget\" data-widget_type=\"text-editor.default\">\n\t\t\t\t<div class=\"elementor-widget-container\">\n\t\t\t\t\t\t\t\t\t<p><a href=\"https:\/\/en.wikipedia.org\/wiki\/Rhinoplasty\" target=\"_blank\" rel=\"noopener\"><span style=\"font-weight: 400;\">Rinoplastika<\/span><\/a><span style=\"font-weight: 400;\"> kaip terminas kil\u0119s i\u0161 senov\u0117s graik\u0173 \u017eod\u017ei\u0173 <\/span><i><span style=\"font-weight: 400;\">nosis + forma.\u00a0<\/span><\/i><span style=\"font-weight: 400;\">Sulau\u017eytos nosies plastin\u0117s taisymo priemon\u0117s pirm\u0105 kart\u0105 pamin\u0117tos 3000\u20132500 m. pr. Kr. papiruse. \u0160iandien rinoplastika yra viena i\u0161 labiausiai paplitusi\u0173 plastin\u0117s chirurgijos proced\u016br\u0173, siekiant pakeisti nosies i\u0161vaizd\u0105.\u00a0<\/span><\/p>\t\t\t\t\t\t\t\t<\/div>\n\t\t\t\t<\/div>\n\t\t\t\t<div class=\"elementor-element elementor-element-7179fe7 elementor-widget__width-auto elementor-widget elementor-widget-button\" data-id=\"7179fe7\" data-element_type=\"widget\" data-widget_type=\"button.default\">\n\t\t\t\t<div class=\"elementor-widget-container\">\n\t\t\t\t\t\t\t\t\t<div class=\"elementor-button-wrapper\">\n\t\t\t\t\t<a class=\"elementor-button elementor-button-link elementor-size-sm\" href=\"https:\/\/ninaplastika.eu\/lt\/kainorastis\/\">\n\t\t\t\t\t\t<span class=\"elementor-button-content-wrapper\">\n\t\t\t\t\t\t\t\t\t<span class=\"elementor-button-text\">Kainora\u0161tis<\/span>\n\t\t\t\t\t<\/span>\n\t\t\t\t\t<\/a>\n\t\t\t\t<\/div>\n\t\t\t\t\t\t\t\t<\/div>\n\t\t\t\t<\/div>\n\t\t\t\t<div class=\"elementor-element elementor-element-09ff6b2 elementor-widget__width-auto elementor-widget elementor-widget-button\" data-id=\"09ff6b2\" data-element_type=\"widget\" data-widget_type=\"button.default\">\n\t\t\t\t<div class=\"elementor-widget-container\">\n\t\t\t\t\t\t\t\t\t<div class=\"elementor-button-wrapper\">\n\t\t\t\t\t<a class=\"elementor-button elementor-button-link elementor-size-sm\" href=\"https:\/\/www.veebiregistratuur.ee\/fertilitas\/?employee=RrNyOpOr6o\" target=\"_blank\" rel=\"noopener\">\n\t\t\t\t\t\t<span class=\"elementor-button-content-wrapper\">\n\t\t\t\t\t\t\t\t\t<span class=\"elementor-button-text\">U\u017esisakykite pri\u0117mim\u0105<\/span>\n\t\t\t\t\t<\/span>\n\t\t\t\t\t<\/a>\n\t\t\t\t<\/div>\n\t\t\t\t\t\t\t\t<\/div>\n\t\t\t\t<\/div>\n\t\t\t\t\t<\/div>\n\t\t<\/div>\n\t\t\t\t\t<\/div>\n\t\t<\/section>\n\t\t\t\t<section class=\"elementor-section elementor-top-section elementor-element elementor-element-3046cdb elementor-section-boxed elementor-section-height-default elementor-section-height-default\" data-id=\"3046cdb\" data-element_type=\"section\">\n\t\t\t\t\t\t<div class=\"elementor-container elementor-column-gap-default\">\n\t\t\t\t\t<div class=\"elementor-column elementor-col-50 elementor-top-column elementor-element elementor-element-9a84639\" data-id=\"9a84639\" data-element_type=\"column\">\n\t\t\t<div class=\"elementor-widget-wrap elementor-element-populated\">\n\t\t\t\t\t\t<div class=\"elementor-element elementor-element-32f08ce elementor-widget elementor-widget-text-editor\" data-id=\"32f08ce\" data-element_type=\"widget\" data-widget_type=\"text-editor.default\">\n\t\t\t\t<div class=\"elementor-widget-container\">\n\t\t\t\t\t\t\t\t\t<p><span style=\"font-weight: 400;\">Nosies operacijos metu pagal paciento pageidavimus ir veido bruo\u017eus koreguojama nosies forma, dydis ar proporcijos. Pradinis atsigavimas po rinoplastikos paprastai trunka 2-3 savaites, ta\u010diau galutinis rezultatas matomas tik po 12 m\u0117nesi\u0173. Ma\u017edaug 15-20% pacientams gali prireikti pakartotin\u0117s operacijos, kad b\u016bt\u0173 pakoreguotas rinoplastikos rezultatas.\u00a0<\/span><\/p><p><span style=\"font-weight: 400;\">Prie\u0161 atlikdamas rinoplastik\u0105, chirurgas i\u0161samiai konsultuojasi su pacientu. Pokalbio metu bus nustatytas tiek fizinis, tiek psichinis pasirengimas operacijai. Svarbu suprasti paciento psichologines operacijos prie\u017eastis. Chirurgas \u012fvertina, ar paciento l\u016bkes\u010diai real\u016bs ir ar operacija tikrai gal\u0117t\u0173 pagerinti jo gyvenimo kokyb\u0119. Tai padeda i\u0161vengti v\u0117lesni\u0173 nusivylim\u0173 ir u\u017etikrina didesn\u012f pasitenkinim\u0105 operacijos rezultatais.<\/span><\/p>\t\t\t\t\t\t\t\t<\/div>\n\t\t\t\t<\/div>\n\t\t\t\t<div class=\"elementor-element elementor-element-2fecd93 elementor-widget elementor-widget-toggle\" data-id=\"2fecd93\" data-element_type=\"widget\" data-widget_type=\"toggle.default\">\n\t\t\t\t<div class=\"elementor-widget-container\">\n\t\t\t\t\t\t\t<div class=\"elementor-toggle\">\n\t\t\t\t\t\t\t<div class=\"elementor-toggle-item\">\n\t\t\t\t\t<h3 id=\"elementor-tab-title-5021\" class=\"elementor-tab-title\" data-tab=\"1\" role=\"button\" aria-controls=\"elementor-tab-content-5021\" aria-expanded=\"false\">\n\t\t\t\t\t\t\t\t\t\t\t\t<span class=\"elementor-toggle-icon elementor-toggle-icon-left\" aria-hidden=\"true\">\n\t\t\t\t\t\t\t\t\t\t\t\t\t\t\t<span class=\"elementor-toggle-icon-closed\"><i class=\"fas fa-caret-right\"><\/i><\/span>\n\t\t\t\t\t\t\t\t<span class=\"elementor-toggle-icon-opened\"><i class=\"elementor-toggle-icon-opened fas fa-caret-up\"><\/i><\/span>\n\t\t\t\t\t\t\t\t\t\t\t\t\t<\/span>\n\t\t\t\t\t\t\t\t\t\t\t\t<a class=\"elementor-toggle-title\" tabindex=\"0\">Skirtumas tarp rinoplastikos, septoplastikos ir rinoseptoplastikos<\/a>\n\t\t\t\t\t<\/h3>\n\n\t\t\t\t\t<div id=\"elementor-tab-content-5021\" class=\"elementor-tab-content elementor-clearfix\" data-tab=\"1\" role=\"region\" aria-labelledby=\"elementor-tab-title-5021\"><p><span style=\"font-weight: 400;\">Rinoplastikos tikslas \u2013 koreguoti nos\u012f. Korekcija gali b\u016bti kosmetin\u0117 arba funkcin\u0117.\u00a0<\/span><\/p><p><span style=\"font-weight: 400;\">Rinoplastika orientuota \u012f nosies i\u0161vaizdos keitim\u0105, tod\u0117l yra kosmetin\u0117 chirurgija. Kita vertus, septoplastika yra funkcin\u0117 operacija, kurios metu koreguojamas nosies pertvaros nuokrypis, arba nosies pertvaros i\u0161linkimas. Rinoseptoplastika apjungia abi proced\u016bras \u2013 ir estetin\u0119 nosies korekcij\u0105, ir funkcini\u0173 problem\u0173 sprendim\u0105. Da\u017enai per\u0117jimas tarp j\u0173 vyksta skland\u017eiai, o nosies kv\u0117pavimo funkcijos pager\u0117jim\u0105 lydi estetinis pokytis.\u00a0<\/span><\/p><p><span style=\"font-weight: 400;\">Nosies sinuso operacija \u2013 tai savaranki\u0161ka proced\u016bra, kurios tikslas \u2013 funkcinis tikslas, kurio tikslas \u2013 suma\u017einti nosies gleivin\u0117s paburkim\u0105 ir gerinti kv\u0117pavim\u0105.<\/span><\/p><p><span style=\"font-weight: 400;\">Nosies rekonstrukcija \u2013 tai chirurgin\u0117 proced\u016bra, kuria siekiama atkurti normali\u0105 nosies i\u0161vaizd\u0105 ir funkcij\u0105, pa\u0161alinant didel\u012f \u012fgimt\u0105 defekt\u0105 arba taisant \u012fgyt\u0105 defekt\u0105, pavyzd\u017eiui, po traumos ar pa\u0161alinus augl\u012f.<\/span><\/p><\/div>\n\t\t\t\t<\/div>\n\t\t\t\t\t\t\t\t<\/div>\n\t\t\t\t\t\t<\/div>\n\t\t\t\t<\/div>\n\t\t\t\t<div class=\"elementor-element elementor-element-2a443a6 elementor-widget__width-auto elementor-widget elementor-widget-button\" data-id=\"2a443a6\" data-element_type=\"widget\" data-widget_type=\"button.default\">\n\t\t\t\t<div class=\"elementor-widget-container\">\n\t\t\t\t\t\t\t\t\t<div class=\"elementor-button-wrapper\">\n\t\t\t\t\t<a class=\"elementor-button elementor-button-link elementor-size-sm\" href=\"https:\/\/www.veebiregistratuur.ee\/fertilitas\/?employee=RrNyOpOr6o\" target=\"_blank\" rel=\"noopener\">\n\t\t\t\t\t\t<span class=\"elementor-button-content-wrapper\">\n\t\t\t\t\t\t\t\t\t<span class=\"elementor-button-text\">U\u017esisakykite pri\u0117mim\u0105<\/span>\n\t\t\t\t\t<\/span>\n\t\t\t\t\t<\/a>\n\t\t\t\t<\/div>\n\t\t\t\t\t\t\t\t<\/div>\n\t\t\t\t<\/div>\n\t\t\t\t<div class=\"elementor-element elementor-element-e18ee5b elementor-widget__width-initial elementor-widget elementor-widget-heading\" data-id=\"e18ee5b\" data-element_type=\"widget\" data-widget_type=\"heading.default\">\n\t\t\t\t<div class=\"elementor-widget-container\">\n\t\t\t\t\t<h2 class=\"elementor-heading-title elementor-size-default\">Rinoplastika Taline<\/h2>\t\t\t\t<\/div>\n\t\t\t\t<\/div>\n\t\t\t\t<div class=\"elementor-element elementor-element-20a42b1 elementor-widget elementor-widget-text-editor\" data-id=\"20a42b1\" data-element_type=\"widget\" data-widget_type=\"text-editor.default\">\n\t\t\t\t<div class=\"elementor-widget-container\">\n\t\t\t\t\t\t\t\t\t<p><span style=\"font-weight: 400;\">Taline nosies operacijas atlieka keli plastikos chirurgai ir klinikos. Planuojant nosies rekonstrukcij\u0105 ar kosmetin\u0119 operacij\u0105, verta nuodugniai i\u0161tirti skirting\u0173 chirurg\u0173 patirt\u012f ir ankstesnius darbus. Daugelis klinik\u0173 si\u016blo galimyb\u0119 susipa\u017einti su rinoplastikos vaizdo med\u017eiaga ir pamatyti <\/span><a href=\"https:\/\/ninaplastika.eu\/lt\/portfeli\/\"><span style=\"font-weight: 400;\">&quot;prie\u0161 ir po&quot; nuotraukos<\/span><\/a><span style=\"font-weight: 400;\">.\u00a0<\/span><\/p><p><span style=\"font-weight: 400;\">Operacijos kaina priklauso nuo proced\u016bros sud\u0117tingumo ir apimties, ta\u010diau vidutin\u0117 kaina svyruoja tarp 3000-6000 eur\u0173. Prie\u0161 operacij\u0105 vyksta i\u0161sami konsultacija, kurioje aptariami paciento pageidavimai, sudaromas operacijos planas, paai\u0161kinama operacijos eiga ir sveikimo procesas. <\/span><\/p><p><span style=\"font-weight: 400;\">Si\u016blau plastikos chirurgo paslaugas Taline, atlieku ir nosies, ir \u0161onkaulio estetines operacijas. Jei manote <\/span><a href=\"https:\/\/ninaplastika.eu\/lt\"><span style=\"font-weight: 400;\">rinoplastikai<\/span><\/a><span style=\"font-weight: 400;\"> t.y., rekomenduojama atlikti nosies operacij\u0105 <\/span><span style=\"font-weight: 400;\">apsvarstykite visus svarbius rinoplastikos aspektus<\/span><span style=\"font-weight: 400;\">. Pasimatymai gali pad\u0117ti apsispr\u0119sti <\/span><a href=\"https:\/\/ninaplastika.eu\/lt\/portfeli\/\"><span style=\"font-weight: 400;\">su nuotraukomis prie\u0161 ir po operacijos<\/span><\/a><span style=\"font-weight: 400;\"> ir <\/span><a href=\"https:\/\/ninaplastika.eu\/lt\/kainorastis\/\"><span style=\"font-weight: 400;\">su nosies operacijos kainora\u0161\u010diu<\/span><\/a><span style=\"font-weight: 400;\">. Jei norite pajud\u0117ti planuodami rinoplastik\u0105, galite rezervuoti <\/span><a href=\"https:\/\/www.veebiregistratuur.ee\/fertilitas\/?employee=RrNyOpOr6o\" target=\"_blank\" rel=\"noopener\"><span style=\"font-weight: 400;\">konsultacijos pri\u0117mimo laikas<\/span><\/a><span style=\"font-weight: 400;\"> arba <a href=\"https:\/\/ninaplastika.eu\/lt\/kontakt\/\">para\u0161ykite lai\u0161k\u0105 ir u\u017esisakykite konsultacij\u0105 el<\/a>. <\/span><\/p>\t\t\t\t\t\t\t\t<\/div>\n\t\t\t\t<\/div>\n\t\t\t\t<div class=\"elementor-element elementor-element-d428673 elementor-widget__width-auto elementor-widget elementor-widget-button\" data-id=\"d428673\" data-element_type=\"widget\" data-widget_type=\"button.default\">\n\t\t\t\t<div class=\"elementor-widget-container\">\n\t\t\t\t\t\t\t\t\t<div class=\"elementor-button-wrapper\">\n\t\t\t\t\t<a class=\"elementor-button elementor-button-link elementor-size-sm\" href=\"https:\/\/ninaplastika.eu\/lt\/kainorastis\/\">\n\t\t\t\t\t\t<span class=\"elementor-button-content-wrapper\">\n\t\t\t\t\t\t\t\t\t<span class=\"elementor-button-text\">Kainora\u0161tis<\/span>\n\t\t\t\t\t<\/span>\n\t\t\t\t\t<\/a>\n\t\t\t\t<\/div>\n\t\t\t\t\t\t\t\t<\/div>\n\t\t\t\t<\/div>\n\t\t\t\t<div class=\"elementor-element elementor-element-fd6db67 elementor-widget__width-auto elementor-widget elementor-widget-button\" data-id=\"fd6db67\" data-element_type=\"widget\" data-widget_type=\"button.default\">\n\t\t\t\t<div class=\"elementor-widget-container\">\n\t\t\t\t\t\t\t\t\t<div class=\"elementor-button-wrapper\">\n\t\t\t\t\t<a class=\"elementor-button elementor-button-link elementor-size-sm\" href=\"https:\/\/www.veebiregistratuur.ee\/fertilitas\/?employee=RrNyOpOr6o\" target=\"_blank\" rel=\"noopener\">\n\t\t\t\t\t\t<span class=\"elementor-button-content-wrapper\">\n\t\t\t\t\t\t\t\t\t<span class=\"elementor-button-text\">U\u017esisakykite pri\u0117mim\u0105<\/span>\n\t\t\t\t\t<\/span>\n\t\t\t\t\t<\/a>\n\t\t\t\t<\/div>\n\t\t\t\t\t\t\t\t<\/div>\n\t\t\t\t<\/div>\n\t\t\t\t\t<\/div>\n\t\t<\/div>\n\t\t\t\t<div class=\"elementor-column elementor-col-50 elementor-top-column elementor-element elementor-element-d6b7008\" data-id=\"d6b7008\" data-element_type=\"column\">\n\t\t\t<div class=\"elementor-widget-wrap elementor-element-populated\">\n\t\t\t\t\t\t<div class=\"elementor-element elementor-element-082f3ae elementor-widget elementor-widget-gallery\" data-id=\"082f3ae\" data-element_type=\"widget\" data-settings=\"{&quot;columns&quot;:1,&quot;aspect_ratio&quot;:&quot;1:1&quot;,&quot;lazyload&quot;:&quot;yes&quot;,&quot;gallery_layout&quot;:&quot;grid&quot;,&quot;columns_tablet&quot;:2,&quot;columns_mobile&quot;:1,&quot;gap&quot;:{&quot;unit&quot;:&quot;px&quot;,&quot;size&quot;:10,&quot;sizes&quot;:[]},&quot;gap_tablet&quot;:{&quot;unit&quot;:&quot;px&quot;,&quot;size&quot;:10,&quot;sizes&quot;:[]},&quot;gap_mobile&quot;:{&quot;unit&quot;:&quot;px&quot;,&quot;size&quot;:10,&quot;sizes&quot;:[]},&quot;link_to&quot;:&quot;file&quot;,&quot;overlay_background&quot;:&quot;yes&quot;,&quot;content_hover_animation&quot;:&quot;fade-in&quot;}\" data-widget_type=\"gallery.default\">\n\t\t\t\t<div class=\"elementor-widget-container\">\n\t\t\t\t\t\t\t<div class=\"elementor-gallery__container\">\n\t\t\t\t\t\t\t<a class=\"e-gallery-item elementor-gallery-item elementor-animated-content\" href=\"https:\/\/ninaplastika.eu\/wp-content\/uploads\/2025\/01\/Erik-Luht-Portfoolio-241_1.webp\" data-elementor-open-lightbox=\"yes\" data-elementor-lightbox-slideshow=\"082f3ae\" data-elementor-lightbox-title=\"Erik-Luht-Portfoolio-241_(1)\" data-e-action-hash=\"#elementor-action%3Aaction%3Dlightbox%26settings%3DeyJpZCI6MTcxNTMsInVybCI6Imh0dHBzOlwvXC9uaW5hcGxhc3Rpa2EuZXVcL3dwLWNvbnRlbnRcL3VwbG9hZHNcLzIwMjVcLzAxXC9FcmlrLUx1aHQtUG9ydGZvb2xpby0yNDFfMS53ZWJwIiwic2xpZGVzaG93IjoiMDgyZjNhZSJ9\">\n\t\t\t\t\t<div class=\"e-gallery-image elementor-gallery-item__image\" data-thumbnail=\"https:\/\/ninaplastika.eu\/wp-content\/uploads\/2025\/01\/Erik-Luht-Portfoolio-241_1.webp\" data-width=\"1200\" data-height=\"1200\" aria-label=\"\" role=\"img\" ><\/div>\n\t\t\t\t\t\t\t\t\t\t\t<div class=\"elementor-gallery-item__overlay\"><\/div>\n\t\t\t\t\t\t\t\t\t\t\t\t\t\t<\/a>\n\t\t\t\t\t\t\t<a class=\"e-gallery-item elementor-gallery-item elementor-animated-content\" href=\"https:\/\/ninaplastika.eu\/wp-content\/uploads\/2025\/01\/rhinoplasty-surgery-preparation-man-ent-is-touching-nose-consulting-man-final-examination-before-septoplasty-surgery_255847-12913.webp\" data-elementor-open-lightbox=\"yes\" data-elementor-lightbox-slideshow=\"082f3ae\" data-elementor-lightbox-title=\"rhinoplasty-surgery-preparation-man-ent-is-touching-nose-consulting-man-final-examination-before-septoplasty-surgery_255847-12913\" data-e-action-hash=\"#elementor-action%3Aaction%3Dlightbox%26settings%3DeyJpZCI6MTcxNjQsInVybCI6Imh0dHBzOlwvXC9uaW5hcGxhc3Rpa2EuZXVcL3dwLWNvbnRlbnRcL3VwbG9hZHNcLzIwMjVcLzAxXC9yaGlub3BsYXN0eS1zdXJnZXJ5LXByZXBhcmF0aW9uLW1hbi1lbnQtaXMtdG91Y2hpbmctbm9zZS1jb25zdWx0aW5nLW1hbi1maW5hbC1leGFtaW5hdGlvbi1iZWZvcmUtc2VwdG9wbGFzdHktc3VyZ2VyeV8yNTU4NDctMTI5MTMud2VicCIsInNsaWRlc2hvdyI6IjA4MmYzYWUifQ%3D%3D\">\n\t\t\t\t\t<div class=\"e-gallery-image elementor-gallery-item__image\" data-thumbnail=\"https:\/\/ninaplastika.eu\/wp-content\/uploads\/2025\/01\/rhinoplasty-surgery-preparation-man-ent-is-touching-nose-consulting-man-final-examination-before-septoplasty-surgery_255847-12913.webp\" data-width=\"417\" data-height=\"626\" aria-label=\"rinoplastika\" role=\"img\" ><\/div>\n\t\t\t\t\t\t\t\t\t\t\t<div class=\"elementor-gallery-item__overlay\"><\/div>\n\t\t\t\t\t\t\t\t\t\t\t\t\t\t<\/a>\n\t\t\t\t\t<\/div>\n\t\t\t\t\t<\/div>\n\t\t\t\t<\/div>\n\t\t\t\t\t<\/div>\n\t\t<\/div>\n\t\t\t\t\t<\/div>\n\t\t<\/section>\n\t\t\t\t<\/div>","protected":false},"excerpt":{"rendered":"<p>Rinoplastika ehk ninaoperatsioon Rinoplastika terminina tuleneb vanakreeka keelsetest s\u00f5nadest nina + vormima.\u00a0Murtud nina plastilise parandamise ravimeetodeid mainitakse esmakordselt pap\u00fc\u00fcruses, mis p\u00e4rineb 3000. aastast kuni 2500. aastani eKr. T\u00e4nap\u00e4eval on rinoplastika \u00fcks levinumaid plastilise kirurgia protseduure, mille eesm\u00e4rk on muuta nina v\u00e4limust. Hinnakiri Broneeri vastuv\u00f5tt Nina iluoperatsiooni k\u00e4igus korrigeeritakse nina kuju, suurust v\u00f5i proportsioone vastavalt patsiendi [&hellip;]<\/p>\n","protected":false},"author":4,"featured_media":0,"parent":0,"menu_order":0,"comment_status":"closed","ping_status":"closed","template":"","meta":{"footnotes":""},"categories":[],"tags":[],"class_list":["post-17150","page","type-page","status-publish","hentry"],"_links":{"self":[{"href":"https:\/\/ninaplastika.eu\/lt\/wp-json\/wp\/v2\/pages\/17150","targetHints":{"allow":["GET"]}}],"collection":[{"href":"https:\/\/ninaplastika.eu\/lt\/wp-json\/wp\/v2\/pages"}],"about":[{"href":"https:\/\/ninaplastika.eu\/lt\/wp-json\/wp\/v2\/types\/page"}],"author":[{"embeddable":true,"href":"https:\/\/ninaplastika.eu\/lt\/wp-json\/wp\/v2\/users\/4"}],"replies":[{"embeddable":true,"href":"https:\/\/ninaplastika.eu\/lt\/wp-json\/wp\/v2\/comments?post=17150"}],"version-history":[{"count":29,"href":"https:\/\/ninaplastika.eu\/lt\/wp-json\/wp\/v2\/pages\/17150\/revisions"}],"predecessor-version":[{"id":17270,"href":"https:\/\/ninaplastika.eu\/lt\/wp-json\/wp\/v2\/pages\/17150\/revisions\/17270"}],"wp:attachment":[{"href":"https:\/\/ninaplastika.eu\/lt\/wp-json\/wp\/v2\/media?parent=17150"}],"wp:term":[{"taxonomy":"category","embeddable":true,"href":"https:\/\/ninaplastika.eu\/lt\/wp-json\/wp\/v2\/categories?post=17150"},{"taxonomy":"post_tag","embeddable":true,"href":"https:\/\/ninaplastika.eu\/lt\/wp-json\/wp\/v2\/tags?post=17150"}],"curies":[{"name":"wp","href":"https:\/\/api.w.org\/{rel}","templated":true}]}}