{"id":17204,"date":"2025-01-14T10:57:43","date_gmt":"2025-01-14T08:57:43","guid":{"rendered":"https:\/\/ninaplastika.eu\/v2\/?page_id=17204"},"modified":"2025-01-15T12:16:36","modified_gmt":"2025-01-15T10:16:36","slug":"otoplastika","status":"publish","type":"page","link":"https:\/\/ninaplastika.eu\/lt\/otoplastika\/","title":{"rendered":"Otoplastika"},"content":{"rendered":"<div data-elementor-type=\"wp-page\" data-elementor-id=\"17204\" class=\"elementor elementor-17204\" data-elementor-post-type=\"page\">\n\t\t\t\t\t\t<section class=\"elementor-section elementor-top-section elementor-element elementor-element-2c21b36 elementor-section-height-min-height elementor-section-boxed elementor-section-height-default elementor-section-items-middle\" data-id=\"2c21b36\" data-element_type=\"section\" data-settings=\"{&quot;background_background&quot;:&quot;gradient&quot;}\">\n\t\t\t\t\t\t\t<div class=\"elementor-background-overlay\"><\/div>\n\t\t\t\t\t\t\t<div class=\"elementor-container elementor-column-gap-default\">\n\t\t\t\t\t<div class=\"elementor-column elementor-col-100 elementor-top-column elementor-element elementor-element-3f70983\" data-id=\"3f70983\" data-element_type=\"column\">\n\t\t\t<div class=\"elementor-widget-wrap elementor-element-populated\">\n\t\t\t\t\t\t<div class=\"elementor-element elementor-element-b1599d4 elementor-widget__width-initial elementor-widget elementor-widget-heading\" data-id=\"b1599d4\" data-element_type=\"widget\" data-widget_type=\"heading.default\">\n\t\t\t\t<div class=\"elementor-widget-container\">\n\t\t\t\t\t<h1 class=\"elementor-heading-title elementor-size-default\">Otoplastika arba aus\u0173 korekcijos operacija<\/h1>\t\t\t\t<\/div>\n\t\t\t\t<\/div>\n\t\t\t\t<div class=\"elementor-element elementor-element-7179fe7 elementor-widget__width-auto elementor-widget elementor-widget-button\" data-id=\"7179fe7\" data-element_type=\"widget\" data-widget_type=\"button.default\">\n\t\t\t\t<div class=\"elementor-widget-container\">\n\t\t\t\t\t\t\t\t\t<div class=\"elementor-button-wrapper\">\n\t\t\t\t\t<a class=\"elementor-button elementor-button-link elementor-size-sm\" href=\"https:\/\/ninaplastika.eu\/lt\/kainorastis\/\">\n\t\t\t\t\t\t<span class=\"elementor-button-content-wrapper\">\n\t\t\t\t\t\t\t\t\t<span class=\"elementor-button-text\">Kainora\u0161tis<\/span>\n\t\t\t\t\t<\/span>\n\t\t\t\t\t<\/a>\n\t\t\t\t<\/div>\n\t\t\t\t\t\t\t\t<\/div>\n\t\t\t\t<\/div>\n\t\t\t\t<div class=\"elementor-element elementor-element-09ff6b2 elementor-widget__width-auto elementor-widget elementor-widget-button\" data-id=\"09ff6b2\" data-element_type=\"widget\" data-widget_type=\"button.default\">\n\t\t\t\t<div class=\"elementor-widget-container\">\n\t\t\t\t\t\t\t\t\t<div class=\"elementor-button-wrapper\">\n\t\t\t\t\t<a class=\"elementor-button elementor-button-link elementor-size-sm\" href=\"https:\/\/www.veebiregistratuur.ee\/fertilitas\/?employee=RrNyOpOr6o\" target=\"_blank\" rel=\"noopener\">\n\t\t\t\t\t\t<span class=\"elementor-button-content-wrapper\">\n\t\t\t\t\t\t\t\t\t<span class=\"elementor-button-text\">U\u017esisakykite pri\u0117mim\u0105<\/span>\n\t\t\t\t\t<\/span>\n\t\t\t\t\t<\/a>\n\t\t\t\t<\/div>\n\t\t\t\t\t\t\t\t<\/div>\n\t\t\t\t<\/div>\n\t\t\t\t\t<\/div>\n\t\t<\/div>\n\t\t\t\t\t<\/div>\n\t\t<\/section>\n\t\t\t\t<section class=\"elementor-section elementor-top-section elementor-element elementor-element-3046cdb elementor-section-boxed elementor-section-height-default elementor-section-height-default\" data-id=\"3046cdb\" data-element_type=\"section\">\n\t\t\t\t\t\t<div class=\"elementor-container elementor-column-gap-default\">\n\t\t\t\t\t<div class=\"elementor-column elementor-col-50 elementor-top-column elementor-element elementor-element-9a84639\" data-id=\"9a84639\" data-element_type=\"column\">\n\t\t\t<div class=\"elementor-widget-wrap elementor-element-populated\">\n\t\t\t\t\t\t<div class=\"elementor-element elementor-element-32f08ce elementor-widget elementor-widget-text-editor\" data-id=\"32f08ce\" data-element_type=\"widget\" data-widget_type=\"text-editor.default\">\n\t\t\t\t<div class=\"elementor-widget-container\">\n\t\t\t\t\t\t\t\t\t<p><a href=\"https:\/\/en.wikipedia.org\/wiki\/Otoplasty\" target=\"_blank\" rel=\"noopener\"><span style=\"font-weight: 400;\">Otoplastika<\/span><\/a><span style=\"font-weight: 400;\">, dar vadinama aus\u0173 korekcijos operacija arba aus\u0173 plastine chirurgija, yra plastin\u0117s chirurgijos proced\u016bra, kuria siekiama pakeisti aus\u0173 form\u0105 ar pad\u0117t\u012f. Tai viena i\u0161 labiausiai paplitusi\u0173 estetin\u0117s chirurgijos proced\u016br\u0173, atliekam\u0173 tiek vaikams, tiek suaugusiems. Aus\u0173 operacija gali labai pagerinti \u017emogaus i\u0161vaizd\u0105 ir pasitik\u0117jim\u0105 savimi, ypa\u010d jei ausys yra ai\u0161kiai nutolusios nuo galvos arba turi ne\u012fprast\u0105 form\u0105.<\/span><\/p>\t\t\t\t\t\t\t\t<\/div>\n\t\t\t\t<\/div>\n\t\t\t\t<div class=\"elementor-element elementor-element-2fecd93 elementor-widget elementor-widget-toggle\" data-id=\"2fecd93\" data-element_type=\"widget\" data-widget_type=\"toggle.default\">\n\t\t\t\t<div class=\"elementor-widget-container\">\n\t\t\t\t\t\t\t<div class=\"elementor-toggle\">\n\t\t\t\t\t\t\t<div class=\"elementor-toggle-item\">\n\t\t\t\t\t<h3 id=\"elementor-tab-title-5021\" class=\"elementor-tab-title\" data-tab=\"1\" role=\"button\" aria-controls=\"elementor-tab-content-5021\" aria-expanded=\"false\">\n\t\t\t\t\t\t\t\t\t\t\t\t<span class=\"elementor-toggle-icon elementor-toggle-icon-left\" aria-hidden=\"true\">\n\t\t\t\t\t\t\t\t\t\t\t\t\t\t\t<span class=\"elementor-toggle-icon-closed\"><i class=\"fas fa-caret-right\"><\/i><\/span>\n\t\t\t\t\t\t\t\t<span class=\"elementor-toggle-icon-opened\"><i class=\"elementor-toggle-icon-opened fas fa-caret-up\"><\/i><\/span>\n\t\t\t\t\t\t\t\t\t\t\t\t\t<\/span>\n\t\t\t\t\t\t\t\t\t\t\t\t<a class=\"elementor-toggle-title\" tabindex=\"0\">Kosmetin\u0117s aus\u0173 operacijos prie\u017eastys<\/a>\n\t\t\t\t\t<\/h3>\n\n\t\t\t\t\t<div id=\"elementor-tab-content-5021\" class=\"elementor-tab-content elementor-clearfix\" data-tab=\"1\" role=\"region\" aria-labelledby=\"elementor-tab-title-5021\"><p><span style=\"font-weight: 400;\">Aus\u0173 korekcijos operacija sprend\u017eiama d\u0117l keli\u0173 prie\u017eas\u010di\u0173. Viena pagrindini\u0173 prie\u017eas\u010di\u0173 \u2013 nuo galvos kabo ausys, d\u0117l kuri\u0173 \u017emogus gali jaustis nesaugus. Kalbant apie vaikus, tai da\u017enai yra paty\u010di\u0173 mokykloje prie\u017eastis, tod\u0117l vaikas ir jo t\u0117vai nori pasitaisyti ausis prie\u0161 eidami \u012f mokykl\u0105. Tokiu b\u016bdu rinoplastika taip pat u\u017eima svarbi\u0105 viet\u0105 psichin\u0117s sveikatos po\u017ei\u016briu. Kitos prie\u017eastys gali b\u016bti:<\/span><\/p><ul><li style=\"font-weight: 400;\" aria-level=\"1\"><span style=\"font-weight: 400;\">i\u0161meskite nenormali\u0105 form\u0105 ar dyd\u012f;<\/span><\/li><li style=\"font-weight: 400;\" aria-level=\"1\"><span style=\"font-weight: 400;\">s\u0117klid\u017ei\u0173 asimetrija;<\/span><\/li><li style=\"font-weight: 400;\" aria-level=\"1\"><span style=\"font-weight: 400;\">traum\u0173 sukeltos deformacijos.<\/span><\/li><\/ul><p><span style=\"font-weight: 400;\">Yra keletas skirting\u0173 otoplastikos atlikimo technik\u0173 Da\u017eniausiai operacijos metu tam tikrose vietose kremzl\u0117 turi b\u016bti susilpninta ir ant kremzl\u0117s \u012frengiami nuolatiniai si\u016blai, kad b\u016bt\u0173 i\u0161laikyta norima ausies forma. Taip pat yra b\u016bd\u0173, kai nuolatiniai si\u016blai nededami ant papildomos kremzl\u0117s, ta\u010diau rezultatas gali \u0161iek tiek skirtis. Chirurgas konsultacijos metu ras Jums tinkam\u0105 sprendim\u0105.\u00a0<\/span><\/p><p><span style=\"font-weight: 400;\">Aus\u0173 plastika da\u017eniausiai yra dienos chirurgijos proced\u016bra, kuri\u0105 galima atlikti tiek taikant vietin\u0119, tiek bendr\u0105j\u0105 nejautr\u0105. Paprastai operacija trunka 1-2 valandas, o pacientas paprastai gali vykti namo t\u0105 pa\u010di\u0105 dien\u0105. Priklausomai nuo pasirinktos technikos, gijimo laikotarpio trukm\u0117 gali skirtis. Pradinis atsigavimas trunka kelias savaites. Kai kuriais atvejais gali prireikti d\u0117v\u0117ti galvos juost\u0105 4 savaites po operacijos. <\/span><\/p><\/div>\n\t\t\t\t<\/div>\n\t\t\t\t\t\t\t\t<\/div>\n\t\t\t\t\t\t<\/div>\n\t\t\t\t<\/div>\n\t\t\t\t<div class=\"elementor-element elementor-element-2a443a6 elementor-widget__width-auto elementor-widget elementor-widget-button\" data-id=\"2a443a6\" data-element_type=\"widget\" data-widget_type=\"button.default\">\n\t\t\t\t<div class=\"elementor-widget-container\">\n\t\t\t\t\t\t\t\t\t<div class=\"elementor-button-wrapper\">\n\t\t\t\t\t<a class=\"elementor-button elementor-button-link elementor-size-sm\" href=\"https:\/\/www.veebiregistratuur.ee\/fertilitas\/?employee=RrNyOpOr6o\" target=\"_blank\" rel=\"noopener\">\n\t\t\t\t\t\t<span class=\"elementor-button-content-wrapper\">\n\t\t\t\t\t\t\t\t\t<span class=\"elementor-button-text\">U\u017esisakykite pri\u0117mim\u0105<\/span>\n\t\t\t\t\t<\/span>\n\t\t\t\t\t<\/a>\n\t\t\t\t<\/div>\n\t\t\t\t\t\t\t\t<\/div>\n\t\t\t\t<\/div>\n\t\t\t\t<div class=\"elementor-element elementor-element-e18ee5b elementor-widget__width-initial elementor-widget elementor-widget-heading\" data-id=\"e18ee5b\" data-element_type=\"widget\" data-widget_type=\"heading.default\">\n\t\t\t\t<div class=\"elementor-widget-container\">\n\t\t\t\t\t<h2 class=\"elementor-heading-title elementor-size-default\">Aus\u0173 plastiko kaina<\/h2>\t\t\t\t<\/div>\n\t\t\t\t<\/div>\n\t\t\t\t<div class=\"elementor-element elementor-element-20a42b1 elementor-widget elementor-widget-text-editor\" data-id=\"20a42b1\" data-element_type=\"widget\" data-widget_type=\"text-editor.default\">\n\t\t\t\t<div class=\"elementor-widget-container\">\n\t\t\t\t\t\t\t\t\t<p><span style=\"font-weight: 400;\">Aus\u0173 korekcijos operacijos kaina gali skirtis priklausomai nuo keli\u0173 veiksni\u0173 \u2013 da\u017eniausiai pasitaikantis operacijos sud\u0117tingumas ir apimtis. Aus\u0173 estetin\u0117s chirurgijos ir aus\u0173 korekcijos kaina yra tame pa\u010diame intervale Tartu, Taline ir kitur Estijoje. Estijoje aus\u0173 plastin\u0117s operacijos kaina gali svyruoti nuo 1500 iki 3000 eur\u0173, ta\u010diau tiksli kaina priklauso nuo konkretaus atvejo ir pasirinkto chirurgo.\u00a0<\/span><\/p><p><span style=\"font-weight: 400;\">Svarbu atsiminti, kad pigiausia kaina ne visada rei\u0161kia geriausi\u0105 kokyb\u0119. Kosmetinei aus\u0173 operacijai svarbu pasirinkti patyrus\u012f ir patikim\u0105 chirurg\u0105, net jei tai reik\u0161t\u0173 kiek didesn\u0119 kain\u0105.<\/span><\/p><p><span style=\"font-weight: 400;\">Prie\u0161 apsisprend\u017eiant d\u0117l operacijos, rekomenduojama pasikonsultuoti su chirurgu, kad b\u016bt\u0173 i\u0161samiai ap\u017evelgta proced\u016bra, galima rizika ir laukiami rezultatai. Taip pat svarbu aptarti kainos detales, \u012fskaitant tai, kas \u012fskai\u010diuota ir kokios gali b\u016bti papildomos i\u0161laidos.<\/span><\/p><p><span style=\"font-weight: 400;\">Pasimatymai gali pad\u0117ti apsispr\u0119sti <\/span><a href=\"https:\/\/ninaplastika.eu\/lt\/portfeli\/\"><span style=\"font-weight: 400;\">su nuotraukomis prie\u0161 ir po operacijos<\/span><\/a><span style=\"font-weight: 400;\">. Jei norite pajud\u0117ti planuodami rinoplastik\u0105, galite rezervuoti<\/span> <a href=\"https:\/\/www.veebiregistratuur.ee\/fertilitas\/?employee=RrNyOpOr6o\" target=\"_blank\" rel=\"noopener\"><span style=\"font-weight: 400;\">konsultacijos pri\u0117mimo laikas<\/span><\/a> <span style=\"font-weight: 400;\">arba para\u0161yti lai\u0161k\u0105 <\/span><a href=\"https:\/\/ninaplastika.eu\/lt\/kontakt\/\"><span style=\"font-weight: 400;\">d\u0117l el. konsultacijos<\/span><\/a><span style=\"font-weight: 400;\">.<\/span> <\/p>\t\t\t\t\t\t\t\t<\/div>\n\t\t\t\t<\/div>\n\t\t\t\t<div class=\"elementor-element elementor-element-d428673 elementor-widget__width-auto elementor-widget elementor-widget-button\" data-id=\"d428673\" data-element_type=\"widget\" data-widget_type=\"button.default\">\n\t\t\t\t<div class=\"elementor-widget-container\">\n\t\t\t\t\t\t\t\t\t<div class=\"elementor-button-wrapper\">\n\t\t\t\t\t<a class=\"elementor-button elementor-button-link elementor-size-sm\" href=\"https:\/\/ninaplastika.eu\/lt\/kainorastis\/\">\n\t\t\t\t\t\t<span class=\"elementor-button-content-wrapper\">\n\t\t\t\t\t\t\t\t\t<span class=\"elementor-button-text\">Kainora\u0161tis<\/span>\n\t\t\t\t\t<\/span>\n\t\t\t\t\t<\/a>\n\t\t\t\t<\/div>\n\t\t\t\t\t\t\t\t<\/div>\n\t\t\t\t<\/div>\n\t\t\t\t<div class=\"elementor-element elementor-element-fd6db67 elementor-widget__width-auto elementor-widget elementor-widget-button\" data-id=\"fd6db67\" data-element_type=\"widget\" data-widget_type=\"button.default\">\n\t\t\t\t<div class=\"elementor-widget-container\">\n\t\t\t\t\t\t\t\t\t<div class=\"elementor-button-wrapper\">\n\t\t\t\t\t<a class=\"elementor-button elementor-button-link elementor-size-sm\" href=\"https:\/\/www.veebiregistratuur.ee\/fertilitas\/?employee=RrNyOpOr6o\" target=\"_blank\" rel=\"noopener\">\n\t\t\t\t\t\t<span class=\"elementor-button-content-wrapper\">\n\t\t\t\t\t\t\t\t\t<span class=\"elementor-button-text\">U\u017esisakykite pri\u0117mim\u0105<\/span>\n\t\t\t\t\t<\/span>\n\t\t\t\t\t<\/a>\n\t\t\t\t<\/div>\n\t\t\t\t\t\t\t\t<\/div>\n\t\t\t\t<\/div>\n\t\t\t\t\t<\/div>\n\t\t<\/div>\n\t\t\t\t<div class=\"elementor-column elementor-col-50 elementor-top-column elementor-element elementor-element-d6b7008\" data-id=\"d6b7008\" data-element_type=\"column\">\n\t\t\t<div class=\"elementor-widget-wrap elementor-element-populated\">\n\t\t\t\t\t\t<div class=\"elementor-element elementor-element-082f3ae elementor-widget elementor-widget-gallery\" data-id=\"082f3ae\" data-element_type=\"widget\" data-settings=\"{&quot;columns&quot;:1,&quot;aspect_ratio&quot;:&quot;4:3&quot;,&quot;lazyload&quot;:&quot;yes&quot;,&quot;gallery_layout&quot;:&quot;grid&quot;,&quot;columns_tablet&quot;:2,&quot;columns_mobile&quot;:1,&quot;gap&quot;:{&quot;unit&quot;:&quot;px&quot;,&quot;size&quot;:10,&quot;sizes&quot;:[]},&quot;gap_tablet&quot;:{&quot;unit&quot;:&quot;px&quot;,&quot;size&quot;:10,&quot;sizes&quot;:[]},&quot;gap_mobile&quot;:{&quot;unit&quot;:&quot;px&quot;,&quot;size&quot;:10,&quot;sizes&quot;:[]},&quot;link_to&quot;:&quot;file&quot;,&quot;overlay_background&quot;:&quot;yes&quot;,&quot;content_hover_animation&quot;:&quot;fade-in&quot;}\" data-widget_type=\"gallery.default\">\n\t\t\t\t<div class=\"elementor-widget-container\">\n\t\t\t\t\t\t\t<div class=\"elementor-gallery__container\">\n\t\t\t\t\t\t\t<a class=\"e-gallery-item elementor-gallery-item elementor-animated-content\" href=\"https:\/\/ninaplastika.eu\/wp-content\/uploads\/2024\/12\/Erik-Luht-Portfoolio-296.webp\" data-elementor-open-lightbox=\"yes\" data-elementor-lightbox-slideshow=\"082f3ae\" data-elementor-lightbox-title=\"2 kuud peale operatsiooni\" data-e-action-hash=\"#elementor-action%3Aaction%3Dlightbox%26settings%3DeyJpZCI6MTY3NTIsInVybCI6Imh0dHBzOlwvXC9uaW5hcGxhc3Rpa2EuZXVcL3dwLWNvbnRlbnRcL3VwbG9hZHNcLzIwMjRcLzEyXC9FcmlrLUx1aHQtUG9ydGZvb2xpby0yOTYud2VicCIsInNsaWRlc2hvdyI6IjA4MmYzYWUifQ%3D%3D\">\n\t\t\t\t\t<div class=\"e-gallery-image elementor-gallery-item__image\" data-thumbnail=\"https:\/\/ninaplastika.eu\/wp-content\/uploads\/2024\/12\/Erik-Luht-Portfoolio-296.webp\" data-width=\"1800\" data-height=\"1800\" aria-label=\"\" role=\"img\" ><\/div>\n\t\t\t\t\t\t\t\t\t\t\t<div class=\"elementor-gallery-item__overlay\"><\/div>\n\t\t\t\t\t\t\t\t\t\t\t\t\t\t<\/a>\n\t\t\t\t\t\t\t<a class=\"e-gallery-item elementor-gallery-item elementor-animated-content\" href=\"https:\/\/ninaplastika.eu\/wp-content\/uploads\/2025\/01\/Erik-Luht-Portfoolio-253.webp\" data-elementor-open-lightbox=\"yes\" data-elementor-lightbox-slideshow=\"082f3ae\" data-elementor-lightbox-title=\"Erik-Luht-Portfoolio-253\" data-e-action-hash=\"#elementor-action%3Aaction%3Dlightbox%26settings%3DeyJpZCI6MTcyMDYsInVybCI6Imh0dHBzOlwvXC9uaW5hcGxhc3Rpa2EuZXVcL3dwLWNvbnRlbnRcL3VwbG9hZHNcLzIwMjVcLzAxXC9FcmlrLUx1aHQtUG9ydGZvb2xpby0yNTMud2VicCIsInNsaWRlc2hvdyI6IjA4MmYzYWUifQ%3D%3D\">\n\t\t\t\t\t<div class=\"e-gallery-image elementor-gallery-item__image\" data-thumbnail=\"https:\/\/ninaplastika.eu\/wp-content\/uploads\/2025\/01\/Erik-Luht-Portfoolio-253.webp\" data-width=\"1200\" data-height=\"1200\" aria-label=\"\" role=\"img\" ><\/div>\n\t\t\t\t\t\t\t\t\t\t\t<div class=\"elementor-gallery-item__overlay\"><\/div>\n\t\t\t\t\t\t\t\t\t\t\t\t\t\t<\/a>\n\t\t\t\t\t<\/div>\n\t\t\t\t\t<\/div>\n\t\t\t\t<\/div>\n\t\t\t\t\t<\/div>\n\t\t<\/div>\n\t\t\t\t\t<\/div>\n\t\t<\/section>\n\t\t\t\t<\/div>","protected":false},"excerpt":{"rendered":"<p>Otoplastika ehk k\u00f5rvade korrigeerimisoperatsioon Hinnakiri Broneeri vastuv\u00f5tt Otoplastika, tuntud ka kui k\u00f5rvade korrigeerimisoperatsioon v\u00f5i k\u00f5rvade plastika, on plastilise kirurgia protseduur, mille eesm\u00e4rk on muuta k\u00f5rvade kuju v\u00f5i asendit. See on \u00fcks levinumaid esteetilise kirurgia protseduure, mida teostatakse nii lastele kui ka t\u00e4iskasvanutele. K\u00f5rvade iluoperatsioon v\u00f5ib oluliselt parandada inimese v\u00e4limust ja enesekindlust, eriti kui k\u00f5rvad on [&hellip;]<\/p>\n","protected":false},"author":4,"featured_media":0,"parent":0,"menu_order":0,"comment_status":"closed","ping_status":"closed","template":"","meta":{"footnotes":""},"categories":[],"tags":[],"class_list":["post-17204","page","type-page","status-publish","hentry"],"_links":{"self":[{"href":"https:\/\/ninaplastika.eu\/lt\/wp-json\/wp\/v2\/pages\/17204","targetHints":{"allow":["GET"]}}],"collection":[{"href":"https:\/\/ninaplastika.eu\/lt\/wp-json\/wp\/v2\/pages"}],"about":[{"href":"https:\/\/ninaplastika.eu\/lt\/wp-json\/wp\/v2\/types\/page"}],"author":[{"embeddable":true,"href":"https:\/\/ninaplastika.eu\/lt\/wp-json\/wp\/v2\/users\/4"}],"replies":[{"embeddable":true,"href":"https:\/\/ninaplastika.eu\/lt\/wp-json\/wp\/v2\/comments?post=17204"}],"version-history":[{"count":14,"href":"https:\/\/ninaplastika.eu\/lt\/wp-json\/wp\/v2\/pages\/17204\/revisions"}],"predecessor-version":[{"id":17269,"href":"https:\/\/ninaplastika.eu\/lt\/wp-json\/wp\/v2\/pages\/17204\/revisions\/17269"}],"wp:attachment":[{"href":"https:\/\/ninaplastika.eu\/lt\/wp-json\/wp\/v2\/media?parent=17204"}],"wp:term":[{"taxonomy":"category","embeddable":true,"href":"https:\/\/ninaplastika.eu\/lt\/wp-json\/wp\/v2\/categories?post=17204"},{"taxonomy":"post_tag","embeddable":true,"href":"https:\/\/ninaplastika.eu\/lt\/wp-json\/wp\/v2\/tags?post=17204"}],"curies":[{"name":"wp","href":"https:\/\/api.w.org\/{rel}","templated":true}]}}