{"id":16477,"date":"2024-10-23T15:31:25","date_gmt":"2024-10-23T12:31:25","guid":{"rendered":"https:\/\/wp.vooluekspert.ee\/?page_id=16477"},"modified":"2026-03-04T13:08:18","modified_gmt":"2026-03-04T11:08:18","slug":"hinnakiri","status":"publish","type":"page","link":"https:\/\/ninaplastika.eu\/lv\/hinnakiri\/","title":{"rendered":"Cenr\u0101dis"},"content":{"rendered":"<div data-elementor-type=\"wp-page\" data-elementor-id=\"16477\" class=\"elementor elementor-16477\" data-elementor-post-type=\"page\">\n\t\t\t\t\t\t<section class=\"elementor-section elementor-top-section elementor-element elementor-element-2c21b36 elementor-section-height-min-height elementor-section-boxed elementor-section-height-default elementor-section-items-middle\" data-id=\"2c21b36\" data-element_type=\"section\" data-settings=\"{&quot;background_background&quot;:&quot;gradient&quot;}\">\n\t\t\t\t\t\t\t<div class=\"elementor-background-overlay\"><\/div>\n\t\t\t\t\t\t\t<div class=\"elementor-container elementor-column-gap-default\">\n\t\t\t\t\t<div class=\"elementor-column elementor-col-100 elementor-top-column elementor-element elementor-element-3f70983\" data-id=\"3f70983\" data-element_type=\"column\">\n\t\t\t<div class=\"elementor-widget-wrap elementor-element-populated\">\n\t\t\t\t\t\t<div class=\"elementor-element elementor-element-b1599d4 elementor-widget__width-initial elementor-widget elementor-widget-heading\" data-id=\"b1599d4\" data-element_type=\"widget\" data-widget_type=\"heading.default\">\n\t\t\t\t<div class=\"elementor-widget-container\">\n\t\t\t\t\t<h1 class=\"elementor-heading-title elementor-size-default\">Rinoplastikas un deguna oper\u0101cijas izmaksas<\/h1>\t\t\t\t<\/div>\n\t\t\t\t<\/div>\n\t\t\t\t<div class=\"elementor-element elementor-element-7179fe7 elementor-widget__width-auto elementor-widget elementor-widget-button\" data-id=\"7179fe7\" data-element_type=\"widget\" data-widget_type=\"button.default\">\n\t\t\t\t<div class=\"elementor-widget-container\">\n\t\t\t\t\t\t\t\t\t<div class=\"elementor-button-wrapper\">\n\t\t\t\t\t<a class=\"elementor-button elementor-button-link elementor-size-sm\" href=\"#kontakt\">\n\t\t\t\t\t\t<span class=\"elementor-button-content-wrapper\">\n\t\t\t\t\t\t\t\t\t<span class=\"elementor-button-text\">Sazinieties<\/span>\n\t\t\t\t\t<\/span>\n\t\t\t\t\t<\/a>\n\t\t\t\t<\/div>\n\t\t\t\t\t\t\t\t<\/div>\n\t\t\t\t<\/div>\n\t\t\t\t<div class=\"elementor-element elementor-element-09ff6b2 elementor-widget__width-auto elementor-widget elementor-widget-button\" data-id=\"09ff6b2\" data-element_type=\"widget\" data-widget_type=\"button.default\">\n\t\t\t\t<div class=\"elementor-widget-container\">\n\t\t\t\t\t\t\t\t\t<div class=\"elementor-button-wrapper\">\n\t\t\t\t\t<a class=\"elementor-button elementor-button-link elementor-size-sm\" href=\"https:\/\/www.veebiregistratuur.ee\/fertilitas\/?employee=RrNyOpOr6o\" target=\"_blank\" rel=\"noopener\">\n\t\t\t\t\t\t<span class=\"elementor-button-content-wrapper\">\n\t\t\t\t\t\t\t\t\t<span class=\"elementor-button-text\">Rezerv\u0113jiet pie\u0146em\u0161anu<\/span>\n\t\t\t\t\t<\/span>\n\t\t\t\t\t<\/a>\n\t\t\t\t<\/div>\n\t\t\t\t\t\t\t\t<\/div>\n\t\t\t\t<\/div>\n\t\t\t\t\t<\/div>\n\t\t<\/div>\n\t\t\t\t\t<\/div>\n\t\t<\/section>\n\t\t\t\t<section class=\"elementor-section elementor-top-section elementor-element elementor-element-3938f38 elementor-section-boxed elementor-section-height-default elementor-section-height-default\" data-id=\"3938f38\" data-element_type=\"section\">\n\t\t\t\t\t\t<div class=\"elementor-container elementor-column-gap-default\">\n\t\t\t\t\t<div class=\"elementor-column elementor-col-100 elementor-top-column elementor-element elementor-element-88d5e85\" data-id=\"88d5e85\" data-element_type=\"column\">\n\t\t\t<div class=\"elementor-widget-wrap elementor-element-populated\">\n\t\t\t\t\t\t<div class=\"elementor-element elementor-element-4c4eca1 elementor-widget__width-initial elementor-widget elementor-widget-text-editor\" data-id=\"4c4eca1\" data-element_type=\"widget\" data-widget_type=\"text-editor.default\">\n\t\t\t\t<div class=\"elementor-widget-container\">\n\t\t\t\t\t\t\t\t\t<p><span style=\"font-weight: 400;\">Rinoplastika ir \u013coti daudzveid\u012bgs oper\u0101cijas veids. rinoplastikas apjoms, <\/span><span style=\"font-weight: 400;\">un l\u012bdz ar to deguna oper\u0101cijas cena<\/span><span style=\"font-weight: 400;\">, ir atkar\u012bgs no daudziem individu\u0101liem faktoriem, k\u0101 ar\u012b no \u0137irurga tehniskaj\u0101m v\u0113lm\u0113m. T\u0101p\u0113c iepriek\u0161 min\u0113tais ir nepiecie\u0161ams cenas veido\u0161anai <\/span><span style=\"font-weight: 400;\">konsult\u0101cija. Gal\u012bg\u0101 rinoplastikas cena tiks noteikta <\/span><span style=\"font-weight: 400;\">s\u0101kotn\u0113j\u0101 viz\u012bte, est\u0113tisk\u0101 anal\u012bze un s\u0101kotn\u0113j\u0101 \u0137irur\u0123isk\u0101 pl\u0101na sast\u0101d\u012b\u0161ana.<\/span><\/p><p><span style=\"font-weight: 400;\">Deguna oper\u0101cijas cenr\u0101dis da\u017e\u0101d\u0101s kl\u012bnik\u0101s var at\u0161\u0137irties un ir atkar\u012bgs no oper\u0101cijas sare\u017e\u0123\u012bt\u012bbas, izmantotajiem materi\u0101liem un metod\u0113m. Rinoplastikas cen\u0101 parasti ietilpst pa\u0161as oper\u0101cijas izmaksas, anest\u0113zija, p\u0113cp\u0101rbaude slimn\u012bc\u0101, m\u0101jas aizsardz\u012bbas l\u012bdzek\u013ci un p\u0113cp\u0101rbaudes. Prec\u012bzas izmaksas uzzin\u0101siet p\u0113c konsult\u0101cijas ar mani k\u0101 \u0137irurgu, kas izv\u0113rt\u0113s J\u016bsu individu\u0101l\u0101s vajadz\u012bbas un v\u0113lmes un sast\u0101d\u012bs oper\u0101cijas pl\u0101nu.<\/span><\/p>\t\t\t\t\t\t\t\t<\/div>\n\t\t\t\t<\/div>\n\t\t\t\t<div class=\"elementor-element elementor-element-0ac4078 elementor-hidden-desktop elementor-hidden-tablet elementor-widget__width-auto elementor-widget elementor-widget-button\" data-id=\"0ac4078\" data-element_type=\"widget\" data-widget_type=\"button.default\">\n\t\t\t\t<div class=\"elementor-widget-container\">\n\t\t\t\t\t\t\t\t\t<div class=\"elementor-button-wrapper\">\n\t\t\t\t\t<a class=\"elementor-button elementor-button-link elementor-size-sm\" href=\"#kontakt\">\n\t\t\t\t\t\t<span class=\"elementor-button-content-wrapper\">\n\t\t\t\t\t\t\t\t\t<span class=\"elementor-button-text\">Sazinieties<\/span>\n\t\t\t\t\t<\/span>\n\t\t\t\t\t<\/a>\n\t\t\t\t<\/div>\n\t\t\t\t\t\t\t\t<\/div>\n\t\t\t\t<\/div>\n\t\t\t\t<div class=\"elementor-element elementor-element-c05f769 elementor-widget__width-initial elementor-widget elementor-widget-text-editor\" data-id=\"c05f769\" data-element_type=\"widget\" data-widget_type=\"text-editor.default\">\n\t\t\t\t<div class=\"elementor-widget-container\">\n\t\t\t\t\t\t\t\t\t<table><tbody><tr><td>Neliela defekta (piem., neliels kupris, \u0101das defekts) labo\u0161ana<\/td><td>3500\u20134500\u00a0eiro<\/td><\/tr><tr><td>Plastmasas deguna gals<\/td><td>4000\u20135000\u00a0eiro<\/td><\/tr><tr><td>Greiz\u0101 deguna iztaisno\u0161ana<\/td><td>3000\u20137000\u00a0eiro<\/td><\/tr><tr><td>Deguna gals + deguna tilts<\/td><td>5000 - 6000 \u20ac<\/td><\/tr><tr><td>Kompleksa defektu korekcija<\/td><td>6000\u20137000\u00a0eiro<\/td><\/tr><\/tbody><\/table>\t\t\t\t\t\t\t\t<\/div>\n\t\t\t\t<\/div>\n\t\t\t\t<div class=\"elementor-element elementor-element-478ca89 elementor-widget elementor-widget-text-editor\" data-id=\"478ca89\" data-element_type=\"widget\" data-widget_type=\"text-editor.default\">\n\t\t\t\t<div class=\"elementor-widget-container\">\n\t\t\t\t\t\t\t\t\t<p><span style=\"font-weight: 400;\">Ja j\u016bs dom\u0101jat <\/span><a href=\"https:\/\/ninaplastika.eu\/lv\"><span style=\"font-weight: 400;\">rinoplastikai<\/span><\/a><span style=\"font-weight: 400;\"> i., deguna oper\u0101cija, ir r\u016bp\u012bgi ieteicama <\/span><span style=\"font-weight: 400;\">apsveriet visus svar\u012bgos rinoplastikas aspektus<\/span><span style=\"font-weight: 400;\">. Iepaz\u012b\u0161an\u0101s var pal\u012bdz\u0113t pie\u0146emt l\u0113mumu <\/span><a href=\"https:\/\/ninaplastika.eu\/lv\/portfoolio\/\"><span style=\"font-weight: 400;\">ar fotogr\u0101fij\u0101m pirms un p\u0113c oper\u0101cijas<\/span><\/a><span style=\"font-weight: 400;\"> un <\/span><a href=\"https:\/\/ninaplastika.eu\/lv\/hinnakiri\/\"><span style=\"font-weight: 400;\">ar cenr\u0101di deguna oper\u0101cij\u0101m<\/span><\/a><span style=\"font-weight: 400;\">. Ja v\u0113laties virz\u012bties uz priek\u0161u ar rinoplastikas pl\u0101no\u0161anu, ir iesp\u0113ja veikt rezerv\u0101ciju <\/span><a href=\"https:\/\/www.veebiregistratuur.ee\/fertilitas\/?employee=RrNyOpOr6o\" target=\"_blank\" rel=\"noopener\"><span style=\"font-weight: 400;\">konsult\u0101cijas laiks pie\u0146em\u0161anai<\/span><\/a><span style=\"font-weight: 400;\"> vai raksti v\u0113stuli un <a href=\"https:\/\/ninaplastika.eu\/lv\/kontakt\/\">gr\u0101matu <\/a><\/span><a href=\"https:\/\/ninaplastika.eu\/lv\/kontakt\/\"><span style=\"font-weight: 400;\">e-konsult\u0101cija<\/span><span style=\"font-weight: 400;\">. <\/span><\/a><\/p>\t\t\t\t\t\t\t\t<\/div>\n\t\t\t\t<\/div>\n\t\t\t\t<div class=\"elementor-element elementor-element-267a747 elementor-widget__width-auto elementor-widget elementor-widget-button\" data-id=\"267a747\" data-element_type=\"widget\" data-widget_type=\"button.default\">\n\t\t\t\t<div class=\"elementor-widget-container\">\n\t\t\t\t\t\t\t\t\t<div class=\"elementor-button-wrapper\">\n\t\t\t\t\t<a class=\"elementor-button elementor-button-link elementor-size-sm\" href=\"#kontakt\">\n\t\t\t\t\t\t<span class=\"elementor-button-content-wrapper\">\n\t\t\t\t\t\t\t\t\t<span class=\"elementor-button-text\">Sazinieties<\/span>\n\t\t\t\t\t<\/span>\n\t\t\t\t\t<\/a>\n\t\t\t\t<\/div>\n\t\t\t\t\t\t\t\t<\/div>\n\t\t\t\t<\/div>\n\t\t\t\t<div class=\"elementor-element elementor-element-5f6e762 elementor-widget__width-auto elementor-widget elementor-widget-button\" data-id=\"5f6e762\" data-element_type=\"widget\" data-widget_type=\"button.default\">\n\t\t\t\t<div class=\"elementor-widget-container\">\n\t\t\t\t\t\t\t\t\t<div class=\"elementor-button-wrapper\">\n\t\t\t\t\t<a class=\"elementor-button elementor-button-link elementor-size-sm\" href=\"https:\/\/www.veebiregistratuur.ee\/fertilitas\/?employee=RrNyOpOr6o\" target=\"_blank\" rel=\"noopener\">\n\t\t\t\t\t\t<span class=\"elementor-button-content-wrapper\">\n\t\t\t\t\t\t\t\t\t<span class=\"elementor-button-text\">Rezerv\u0113jiet pie\u0146em\u0161anu<\/span>\n\t\t\t\t\t<\/span>\n\t\t\t\t\t<\/a>\n\t\t\t\t<\/div>\n\t\t\t\t\t\t\t\t<\/div>\n\t\t\t\t<\/div>\n\t\t\t\t\t<\/div>\n\t\t<\/div>\n\t\t\t\t\t<\/div>\n\t\t<\/section>\n\t\t\t\t<\/div>","protected":false},"excerpt":{"rendered":"<p>Rinoplastika ja ninaoperatsiooni hind V\u00f5ta \u00fchendust Broneeri vastuv\u00f5tt Ninaplastika on v\u00e4ga variatsioonirikas kirurgia liik. Ninaoperatsiooni maht, ja seel\u00e4bi ninaoperatsiooni hind, s\u00f5ltub paljudest individuaalsetest faktoritest, aga ka kirurgi tehnilistest eelistustest. Seet\u00f5ttu on hinna kujundamiseks vajalik eelnev konsultatsioon. L\u00f5plik rinoplastika hind kujuneb peale esmast visiiti, esteetilist anal\u00fc\u00fcsi ja algse operatsiooniplaani koostamist. Ninaoperatsiooni hinnakiri v\u00f5ib erineda kliinikuti ning [&hellip;]<\/p>\n","protected":false},"author":4,"featured_media":0,"parent":0,"menu_order":0,"comment_status":"closed","ping_status":"closed","template":"elementor_header_footer","meta":{"footnotes":""},"categories":[],"tags":[],"class_list":["post-16477","page","type-page","status-publish","hentry"],"_links":{"self":[{"href":"https:\/\/ninaplastika.eu\/lv\/wp-json\/wp\/v2\/pages\/16477","targetHints":{"allow":["GET"]}}],"collection":[{"href":"https:\/\/ninaplastika.eu\/lv\/wp-json\/wp\/v2\/pages"}],"about":[{"href":"https:\/\/ninaplastika.eu\/lv\/wp-json\/wp\/v2\/types\/page"}],"author":[{"embeddable":true,"href":"https:\/\/ninaplastika.eu\/lv\/wp-json\/wp\/v2\/users\/4"}],"replies":[{"embeddable":true,"href":"https:\/\/ninaplastika.eu\/lv\/wp-json\/wp\/v2\/comments?post=16477"}],"version-history":[{"count":29,"href":"https:\/\/ninaplastika.eu\/lv\/wp-json\/wp\/v2\/pages\/16477\/revisions"}],"predecessor-version":[{"id":17830,"href":"https:\/\/ninaplastika.eu\/lv\/wp-json\/wp\/v2\/pages\/16477\/revisions\/17830"}],"wp:attachment":[{"href":"https:\/\/ninaplastika.eu\/lv\/wp-json\/wp\/v2\/media?parent=16477"}],"wp:term":[{"taxonomy":"category","embeddable":true,"href":"https:\/\/ninaplastika.eu\/lv\/wp-json\/wp\/v2\/categories?post=16477"},{"taxonomy":"post_tag","embeddable":true,"href":"https:\/\/ninaplastika.eu\/lv\/wp-json\/wp\/v2\/tags?post=16477"}],"curies":[{"name":"wp","href":"https:\/\/api.w.org\/{rel}","templated":true}]}}