{"id":17037,"date":"2025-01-13T14:30:56","date_gmt":"2025-01-13T12:30:56","guid":{"rendered":"https:\/\/ninaplastika.eu\/v2\/?page_id=17037"},"modified":"2025-01-15T12:14:54","modified_gmt":"2025-01-15T10:14:54","slug":"operatsioon","status":"publish","type":"page","link":"https:\/\/ninaplastika.eu\/lv\/operatsioon\/","title":{"rendered":"Darb\u012bba"},"content":{"rendered":"<div data-elementor-type=\"wp-page\" data-elementor-id=\"17037\" class=\"elementor elementor-17037\" data-elementor-post-type=\"page\">\n\t\t\t\t\t\t<section class=\"elementor-section elementor-top-section elementor-element elementor-element-2c21b36 elementor-section-height-min-height elementor-section-boxed elementor-section-height-default elementor-section-items-middle\" data-id=\"2c21b36\" data-element_type=\"section\" data-settings=\"{&quot;background_background&quot;:&quot;gradient&quot;}\">\n\t\t\t\t\t\t\t<div class=\"elementor-background-overlay\"><\/div>\n\t\t\t\t\t\t\t<div class=\"elementor-container elementor-column-gap-default\">\n\t\t\t\t\t<div class=\"elementor-column elementor-col-100 elementor-top-column elementor-element elementor-element-3f70983\" data-id=\"3f70983\" data-element_type=\"column\">\n\t\t\t<div class=\"elementor-widget-wrap elementor-element-populated\">\n\t\t\t\t\t\t<div class=\"elementor-element elementor-element-b1599d4 elementor-widget__width-initial elementor-widget elementor-widget-heading\" data-id=\"b1599d4\" data-element_type=\"widget\" data-widget_type=\"heading.default\">\n\t\t\t\t<div class=\"elementor-widget-container\">\n\t\t\t\t\t<h1 class=\"elementor-heading-title elementor-size-default\">Padomi oper\u0101cijai<\/h1>\t\t\t\t<\/div>\n\t\t\t\t<\/div>\n\t\t\t\t<div class=\"elementor-element elementor-element-a8c07a0 elementor-position-inline-start elementor-mobile-position-inline-start elementor-view-default elementor-widget elementor-widget-icon-box\" data-id=\"a8c07a0\" data-element_type=\"widget\" data-widget_type=\"icon-box.default\">\n\t\t\t\t<div class=\"elementor-widget-container\">\n\t\t\t\t\t\t\t<div class=\"elementor-icon-box-wrapper\">\n\n\t\t\t\t\t\t<div class=\"elementor-icon-box-icon\">\n\t\t\t\t<span  class=\"elementor-icon\">\n\t\t\t\t<i aria-hidden=\"true\" class=\"fas fa-check\"><\/i>\t\t\t\t<\/span>\n\t\t\t<\/div>\n\t\t\t\n\t\t\t\t\t\t<div class=\"elementor-icon-box-content\">\n\n\t\t\t\t\t\t\t\t\t<div class=\"elementor-icon-box-title\">\n\t\t\t\t\t\t<span  >\n\t\t\t\t\t\t\tDeguna un s\u0101nu degu est\u0113tisk\u0101s oper\u0101cijas\t\t\t\t\t\t<\/span>\n\t\t\t\t\t<\/div>\n\t\t\t\t\n\t\t\t\t\n\t\t\t<\/div>\n\t\t\t\n\t\t<\/div>\n\t\t\t\t\t\t<\/div>\n\t\t\t\t<\/div>\n\t\t\t\t<div class=\"elementor-element elementor-element-d85bcb2 elementor-position-inline-start elementor-mobile-position-inline-start elementor-view-default elementor-widget elementor-widget-icon-box\" data-id=\"d85bcb2\" data-element_type=\"widget\" data-widget_type=\"icon-box.default\">\n\t\t\t\t<div class=\"elementor-widget-container\">\n\t\t\t\t\t\t\t<div class=\"elementor-icon-box-wrapper\">\n\n\t\t\t\t\t\t<div class=\"elementor-icon-box-icon\">\n\t\t\t\t<span  class=\"elementor-icon\">\n\t\t\t\t<i aria-hidden=\"true\" class=\"fas fa-check\"><\/i>\t\t\t\t<\/span>\n\t\t\t<\/div>\n\t\t\t\n\t\t\t\t\t\t<div class=\"elementor-icon-box-content\">\n\n\t\t\t\t\t\t\t\t\t<div class=\"elementor-icon-box-title\">\n\t\t\t\t\t\t<span  >\n\t\t\t\t\t\t\t9 gadu pieredze\t\t\t\t\t\t<\/span>\n\t\t\t\t\t<\/div>\n\t\t\t\t\n\t\t\t\t\n\t\t\t<\/div>\n\t\t\t\n\t\t<\/div>\n\t\t\t\t\t\t<\/div>\n\t\t\t\t<\/div>\n\t\t\t\t<div class=\"elementor-element elementor-element-7179fe7 elementor-widget__width-auto elementor-widget elementor-widget-button\" data-id=\"7179fe7\" data-element_type=\"widget\" data-widget_type=\"button.default\">\n\t\t\t\t<div class=\"elementor-widget-container\">\n\t\t\t\t\t\t\t\t\t<div class=\"elementor-button-wrapper\">\n\t\t\t\t\t<a class=\"elementor-button elementor-button-link elementor-size-sm\" href=\"https:\/\/ninaplastika.eu\/lv\/hinnakiri\/\">\n\t\t\t\t\t\t<span class=\"elementor-button-content-wrapper\">\n\t\t\t\t\t\t\t\t\t<span class=\"elementor-button-text\">Cenr\u0101dis<\/span>\n\t\t\t\t\t<\/span>\n\t\t\t\t\t<\/a>\n\t\t\t\t<\/div>\n\t\t\t\t\t\t\t\t<\/div>\n\t\t\t\t<\/div>\n\t\t\t\t<div class=\"elementor-element elementor-element-09ff6b2 elementor-widget__width-auto elementor-widget elementor-widget-button\" data-id=\"09ff6b2\" data-element_type=\"widget\" data-widget_type=\"button.default\">\n\t\t\t\t<div class=\"elementor-widget-container\">\n\t\t\t\t\t\t\t\t\t<div class=\"elementor-button-wrapper\">\n\t\t\t\t\t<a class=\"elementor-button elementor-button-link elementor-size-sm\" href=\"https:\/\/www.veebiregistratuur.ee\/fertilitas\/?service=23_139&#038;employee=RrNyOpOr6o\" target=\"_blank\" rel=\"noopener\">\n\t\t\t\t\t\t<span class=\"elementor-button-content-wrapper\">\n\t\t\t\t\t\t\t\t\t<span class=\"elementor-button-text\">Rezerv\u0113jiet pie\u0146em\u0161anu<\/span>\n\t\t\t\t\t<\/span>\n\t\t\t\t\t<\/a>\n\t\t\t\t<\/div>\n\t\t\t\t\t\t\t\t<\/div>\n\t\t\t\t<\/div>\n\t\t\t\t\t<\/div>\n\t\t<\/div>\n\t\t\t\t\t<\/div>\n\t\t<\/section>\n\t\t\t\t<section class=\"elementor-section elementor-top-section elementor-element elementor-element-3938f38 elementor-section-boxed elementor-section-height-default elementor-section-height-default\" data-id=\"3938f38\" data-element_type=\"section\">\n\t\t\t\t\t\t<div class=\"elementor-container elementor-column-gap-default\">\n\t\t\t\t\t<div class=\"elementor-column elementor-col-100 elementor-top-column elementor-element elementor-element-88d5e85\" data-id=\"88d5e85\" data-element_type=\"column\">\n\t\t\t<div class=\"elementor-widget-wrap elementor-element-populated\">\n\t\t\t\t\t\t<div class=\"elementor-element elementor-element-0c03088 elementor-widget elementor-widget-text-editor\" data-id=\"0c03088\" data-element_type=\"widget\" data-widget_type=\"text-editor.default\">\n\t\t\t\t<div class=\"elementor-widget-container\">\n\t\t\t\t\t\t\t\t\t<h4 class=\"has-text-align-center wp-block-heading\">Uzved\u012bbas vadl\u012bnijas pirms oper\u0101cijas<\/h4><ul><li style=\"font-weight: 400;\" aria-level=\"1\"><span style=\"font-weight: 400;\">Oper\u0101cijai ir j\u0101sagatavojas gan gar\u012bgi, gan fiziski. \u0112d vesel\u012bgi, sporto m\u0113reni. Oper\u0101cijas dien\u0101 nedr\u012bkst b\u016bt saaukst\u0113\u0161an\u0101s, drud\u017ea vai menstru\u0101ciju simptomi.<\/span><\/li><\/ul><ul><li style=\"font-weight: 400;\" aria-level=\"1\"><span style=\"font-weight: 400;\">Sm\u0113\u0137\u0113\u0161ana papildus cit\u0101m nelabv\u0113l\u012bg\u0101m sek\u0101m izraisa br\u016b\u010du dz\u012b\u0161anas trauc\u0113jumus. Jo \u012bpa\u0161i sm\u0113\u0137\u0113\u0161ana samazina deguna, r\u012bkles un plau\u0161u iztur\u012bbu pret bakteri\u0101l\u0101m infekcij\u0101m un palielina oper\u0101cijas risku. No tabakas izstr\u0101d\u0101jumiem ieteicams atteikties vismaz divus m\u0113ne\u0161us pirms pl\u0101not\u0101s oper\u0101cijas.<\/span><\/li><\/ul><ul><li style=\"font-weight: 400;\" aria-level=\"1\"><span style=\"font-weight: 400;\">L\u012bdz oper\u0101cijas r\u012btam ir j\u0101paiet vismaz 24 stund\u0101m kop\u0161 p\u0113d\u0113j\u0101s alkohola lieto\u0161anas reizes. Alkohols var b\u016bt b\u012bstams mijiedarb\u012bb\u0101 ar ievad\u012btaj\u0101m z\u0101l\u0113m.<\/span><\/li><\/ul><ul><li style=\"font-weight: 400;\" aria-level=\"1\"><span style=\"font-weight: 400;\">Narkozes (visp\u0101r\u0113j\u0101s anest\u0113zijas) laik\u0101 ku\u0146\u0123im j\u0101b\u016bt tuk\u0161am. Aizliegts \u0113st vismaz se\u0161as stundas un dzert vismaz \u010detras stundas pirms oper\u0101cijas. Ko\u0161\u013c\u0101jam\u0101 gumija liek ku\u0146\u0123im piepild\u012bties ar izdal\u012bjumiem, t\u0101p\u0113c to ir aizliegts lietot vismaz divas stundas pirms oper\u0101cijas s\u0101kuma.<\/span><\/li><\/ul><ul><li style=\"font-weight: 400;\" aria-level=\"1\"><span style=\"font-weight: 400;\">Nomazg\u0101jiet galvu vakar\u0101 pirms oper\u0101cijas. P\u0113c mazg\u0101\u0161anas neizmantojiet matu kr\u0101su, laku utt. Oper\u0101cijas dien\u0101 nelietojiet dekorat\u012bvo kosm\u0113tiku, smar\u017eas vai sejas kr\u0113mus. Kop\u0161 kosmetologa veikt\u0101s sejas \u0101das t\u012br\u012b\u0161anas noteikti ir pag\u0101ju\u0161as 2-3 ned\u0113\u013cas.<\/span><\/li><\/ul><ul><li style=\"font-weight: 400;\" aria-level=\"1\"><span style=\"font-weight: 400;\">Lai p\u0113c oper\u0101cijas b\u016btu viegl\u0101k \u0123\u0113rbties, dr\u0113b\u0113m, kur\u0101s ierodaties iest\u0101d\u0113, j\u0101b\u016bt aizpog\u0101t\u0101m priek\u0161\u0101, nevis velkam\u0101m virs galvas. Atbilsto\u0161s ap\u0123\u0113rbs (kapuce, cepure, \u0161alle) un saulesbrilles pal\u012bdz\u0113s nosl\u0113pt aptinumus, iesp\u0113jamos sasitumus un sejas zonas piet\u016bkumus, dodoties m\u0101j\u0101s.<\/span><\/li><\/ul><ul><li style=\"font-weight: 400;\" aria-level=\"1\"><span style=\"font-weight: 400;\">L\u012bdzi j\u0101\u0146em person\u012bg\u0101s higi\u0113nas preces, pie\u0146emot, ka slimn\u012bc\u0101 b\u016bs j\u0101pavada viena nakts.<\/span><\/li><\/ul><ul><li style=\"font-weight: 400;\" aria-level=\"1\"><span style=\"font-weight: 400;\">Pirms oper\u0101cijas no\u0146emiet pulksteni, gredzenus, rokasspr\u0101dzes, auskarus un kaklarotas. Ielieciet tos sav\u0101 som\u0101, lai tie nepazustu.<\/span><\/li><\/ul><ul><li style=\"font-weight: 400;\" aria-level=\"1\"><span style=\"font-weight: 400;\">Lai nok\u013c\u016btu m\u0101j\u0101s, lab\u0101k izmantojiet uzticamu automa\u0161\u012bnas \u012bpa\u0161nieku, radinieku vai draugu, nevis brauciet ar taksometru. Gad\u012bjum\u0101, ja p\u0113c oper\u0101cijas nav iesp\u0113jas p\u0101rnak\u0161\u0146ot Tallin\u0101, par to ir j\u0101inform\u0113 \u0101rst\u0113jo\u0161ais \u0101rsts, lai varam organiz\u0113t J\u016bsu p\u0113coper\u0101cijas nov\u0113ro\u0161anu sav\u0101d\u0101k nek\u0101 parasti.<\/span><\/li><\/ul><ul><li style=\"font-weight: 400;\" aria-level=\"1\"><span style=\"font-weight: 400;\">Nekav\u0113joties inform\u0113jiet \u0101rst\u0113jo\u0161o \u0101rstu, ja vesel\u012bbas vai citu iemeslu d\u0113\u013c nevarat ierasties uz oper\u0101ciju.<\/span><\/li><\/ul>\t\t\t\t\t\t\t\t<\/div>\n\t\t\t\t<\/div>\n\t\t\t\t<div class=\"elementor-element elementor-element-d324e94 elementor-widget-divider--view-line elementor-widget elementor-widget-divider\" data-id=\"d324e94\" data-element_type=\"widget\" data-widget_type=\"divider.default\">\n\t\t\t\t<div class=\"elementor-widget-container\">\n\t\t\t\t\t\t\t<div class=\"elementor-divider\">\n\t\t\t<span class=\"elementor-divider-separator\">\n\t\t\t\t\t\t<\/span>\n\t\t<\/div>\n\t\t\t\t\t\t<\/div>\n\t\t\t\t<\/div>\n\t\t\t\t<div class=\"elementor-element elementor-element-0743674 elementor-widget elementor-widget-text-editor\" data-id=\"0743674\" data-element_type=\"widget\" data-widget_type=\"text-editor.default\">\n\t\t\t\t<div class=\"elementor-widget-container\">\n\t\t\t\t\t\t\t\t\t<h4 class=\"has-text-align-center wp-block-heading\">Uzved\u012bbas vadl\u012bnijas p\u0113c oper\u0101cijas<\/h4><ul><li style=\"font-weight: 400;\" aria-level=\"1\"><span style=\"font-weight: 400;\">Oper\u0101cijas dien\u0101 tiek piem\u0113rots gultas re\u017e\u012bms, s\u0113d\u0113\u0161ana un \u0101rk\u0101rtas izbraukumi uz tualeti, virtuvi vai vannas istabu nav aizliegti.<\/span><\/li><\/ul><ul><li style=\"font-weight: 400;\" aria-level=\"1\"><span style=\"font-weight: 400;\">Uzturs p\u0113c oper\u0101cijas ir da\u013ca no atvese\u013co\u0161an\u0101s procesa.<\/span><span style=\"font-weight: 400;\"> Pirmaj\u0101s 12 stund\u0101s \u0113\u0161ana j\u0101ierobe\u017eo, dodot priek\u0161roku viegl\u0101kam \u0113dienam. <\/span><span style=\"font-weight: 400;\">P\u0101rm\u0113r\u012bgs p\u0113coper\u0101cijas uzturs var rad\u012bt spriedzi \u0137irur\u0123isk\u0101s br\u016bces zon\u0101, palielin\u0101t asi\u0146o\u0161anas risku un t\u0101d\u0113j\u0101di pal\u0113nin\u0101t dz\u012b\u0161anas procesu.<\/span><span style=\"font-weight: 400;\"> Jums vajadz\u0113tu dzert daudz \u016bdens, 1,5-2 litri dien\u0101.<\/span><\/li><\/ul><ul><li style=\"font-weight: 400;\" aria-level=\"1\"><span style=\"font-weight: 400;\">Atkar\u012bb\u0101 no oper\u0101cijas rakstura, deguna fiks\u0113\u0161anai p\u0113c oper\u0101cijas var b\u016bt nepiecie\u0161ama \u0161ina. Tas ir piel\u012bm\u0113ts pie sejas. Parasti \u0161inu j\u0101n\u0113s\u0101 10 dienas. Pa\u0161iniciat\u012bva \u0161inas no\u0146em\u0161ana ir aizliegta. Ja lente, kas nostiprina \u0161inu, atdal\u0101s, ir nepiecie\u0161ams m\u0101j\u0101s nogriezt va\u013c\u0113ju lenti un aizst\u0101t to ar jaunu.<\/span><\/li><li style=\"font-weight: 400;\" aria-level=\"1\"><span style=\"font-weight: 400;\">Diegu no\u0146em\u0161ana p\u0113c deguna oper\u0101cijas tiek veikta atbilsto\u0161i oper\u0101cijas veidam un individu\u0101lajam dziedin\u0101\u0161anas procesam. Parastais \u0101r\u0113j\u0101s \u0161uvju no\u0146em\u0161anas laiks ir 7-10 dienas p\u0113c proced\u016bras. Iek\u0161\u0113j\u0101m \u0161uv\u0113m tiek izmantots \u012bpa\u0161s \u0161\u0137\u012bsto\u0161s pavediens, kas 2-3 ned\u0113\u013cu laik\u0101 uzs\u016bcas organism\u0101 pats par sevi.<\/span><\/li><\/ul><ul><li style=\"font-weight: 400;\" aria-level=\"1\"><span style=\"font-weight: 400;\">Degunu nedr\u012bkst \u0161\u0146aukt 7 dienas p\u0113c oper\u0101cijas.<\/span><\/li><\/ul><ul><li style=\"font-weight: 400;\" aria-level=\"1\"><span style=\"font-weight: 400;\">Garozas un biezu izdal\u012b\u0161anos nedr\u012bkst no\u0146emt ar pirkstu vai \u0161\u0146auk\u0161anu. Tas var izrais\u012bt komplik\u0101cijas. Lai no\u0146emtu garozas, deguns ir j\u0101noskalo ar fiziolo\u0123isko \u0161\u0137\u012bdumu vai \u0161im nol\u016bkam paredz\u0113tu s\u0101ls \u0161\u0137\u012bdumu. Piem\u0113roti ir ar\u012b s\u0101ls\u016bdens aerosoli no aptiekas, piem\u0113ram, Quixx.<\/span><\/li><\/ul><ul><li style=\"font-weight: 400;\" aria-level=\"1\"><span style=\"font-weight: 400;\">Ja valk\u0101 brilles, da\u017eas ned\u0113\u013cas t\u0101s nedr\u012bkst likt uz deguna. P\u0113c deguna maskas no\u0146em\u0161anas piestipriniet brilles pie pieres ar pl\u0101ksteri. Kontaktl\u0113cas var s\u0101kt lietot no 10. p\u0113coper\u0101cijas dienas.<\/span><\/li><\/ul><ul><li style=\"font-weight: 400;\" aria-level=\"1\"><span style=\"font-weight: 400;\">Alkohols un tabakas izstr\u0101d\u0101jumi ir aizliegti 14 dienas, jo tie kav\u0113 br\u016b\u010du dz\u012b\u0161anu.<\/span><span style=\"font-weight: 400;\">\u00a0<\/span><\/li><li style=\"font-weight: 400;\" aria-level=\"1\"><span style=\"font-weight: 400;\">Alkohols ir aizliegts vismaz 2 ned\u0113\u013cas p\u0113c oper\u0101cijas, jo tas var izrais\u012bt asi\u0146o\u0161anu, pal\u0113nin\u0101t br\u016b\u010du dz\u012b\u0161anu un palielin\u0101t komplik\u0101ciju risku. Turkl\u0101t alkohols var ietekm\u0113t p\u0113coper\u0101cijas medikamentu iedarb\u012bbu.<\/span><\/li><li style=\"font-weight: 400;\" aria-level=\"1\"><span style=\"font-weight: 400;\">Sm\u0113\u0137\u0113\u0161ana p\u0113c oper\u0101cijas ir aizliegta vismaz 2-3 ned\u0113\u013cas. Sm\u0113\u0137\u0113\u0161ana iev\u0113rojami pal\u0113nina dz\u012b\u0161anas procesu, pasliktina asins pieg\u0101di un palielina infekcijas risku. <\/span><span style=\"font-weight: 400;\">Sejas sau\u013co\u0161an\u0101s, pirts un deguna apsald\u0113\u0161ana var rad\u012bt sare\u017e\u0123\u012bjumus un t\u0101p\u0113c nav ieteicama. Riska periods ilgst aptuveni pusgadu. Pirmais m\u0113nesis ir \u012bpa\u0161i iz\u0161\u0137iro\u0161s.<\/span><\/li><\/ul><ul><li style=\"font-weight: 400;\" aria-level=\"1\"><span style=\"font-weight: 400;\">Divus m\u0113ne\u0161us j\u0101atturas no kontaktsporta, bumbu sp\u0113l\u0113m un citiem va\u013caspriekiem, kuru laik\u0101 past\u0101v risks traum\u0113t degunu.<\/span><\/li><\/ul>\t\t\t\t\t\t\t\t<\/div>\n\t\t\t\t<\/div>\n\t\t\t\t<div class=\"elementor-element elementor-element-cc18dfa elementor-widget-divider--view-line elementor-widget elementor-widget-divider\" data-id=\"cc18dfa\" data-element_type=\"widget\" data-widget_type=\"divider.default\">\n\t\t\t\t<div class=\"elementor-widget-container\">\n\t\t\t\t\t\t\t<div class=\"elementor-divider\">\n\t\t\t<span class=\"elementor-divider-separator\">\n\t\t\t\t\t\t<\/span>\n\t\t<\/div>\n\t\t\t\t\t\t<\/div>\n\t\t\t\t<\/div>\n\t\t\t\t<div class=\"elementor-element elementor-element-7d6971c elementor-widget elementor-widget-text-editor\" data-id=\"7d6971c\" data-element_type=\"widget\" id=\"kordus\" data-widget_type=\"text-editor.default\">\n\t\t\t\t<div class=\"elementor-widget-container\">\n\t\t\t\t\t\t\t\t\t<h4 class=\"has-text-align-center wp-block-heading\">Atk\u0101rtojiet darb\u012bbas<\/h4><p><a title=\"http:\/\/ninaplastika.eu\/mis-on-ninaplastika\/(atveras jaun\u0101 ciln\u0113)\" href=\"https:\/\/ninaplastika.eu\/lv\/mis-on-ninaplastika\/\" target=\"_blank\" rel=\"noreferrer noopener\">Rinoplastika<\/a> gala rezult\u0101ts ir atkar\u012bgs ne tikai no oper\u0101cijas tehnikas, bet ar\u012b no dziedin\u0101\u0161anas procesa. Gal\u012bg\u0101 r\u0113tas veido\u0161an\u0101s var ilgt vair\u0101k nek\u0101 gadu, un \u0161aj\u0101 laik\u0101 var rasties est\u0113tiski defekti, kuru d\u0113\u013c p\u0113c \u0101rsta un pacienta kop\u012bga l\u0113muma nepiecie\u0161ama atk\u0101rtota oper\u0101cija. Nepiecie\u0161am\u012bba p\u0113c atk\u0101rtot\u0101m oper\u0101cij\u0101m zin\u0101m\u0101 m\u0113r\u0101 ir aptuveni 10-15% pacientiem ar rinoplastikas oper\u0101ciju.<\/p><p class=\"wp-block-heading\"><strong>Iemesli:<\/strong><\/p><ul><li>Atliku\u0161ie defekti<\/li><li>Nev\u0113lamas formas izmai\u0146as, piem\u0113ram, p\u0101r\u0101k st\u0101vs deguna gals, nel\u012bdzenumi uz deguna tilta<\/li><li>Izmai\u0146as r\u0113tu veido\u0161an\u0101s procesa d\u0113\u013c<\/li><li>Izliekumi, asimetrija<\/li><li>Deguna elpo\u0161anas \u0161\u0137\u0113r\u0161\u013ci<\/li><li>Iepriek\u0161 pl\u0101nota z\u0101\u0123\u0113\u0161ana divos posmos<\/li><\/ul><p>Vairum\u0101 gad\u012bjumu atk\u0101rtoto oper\u0101ciju apjoms ir neliels un aprobe\u017eojas ar atsevi\u0161\u0137u defektu nov\u0113r\u0161anu. Tom\u0113r smag\u0101kos gad\u012bjumos atk\u0101rtota rinoplastika var b\u016bt iev\u0113rojami apjom\u012bg\u0101ka nek\u0101 iepriek\u0161\u0113j\u0101 oper\u0101cija. Veiksm\u012bgai atk\u0101rtotai oper\u0101cijai var b\u016bt nepiecie\u0161ama skrim\u0161\u013ca materi\u0101la p\u0101rst\u0101d\u012b\u0161ana degun\u0101. \u0160aj\u0101 gad\u012bjum\u0101 donora vieta ir vai nu s\u0101nu skrimslis, vai piekrastes skrimslis.<\/p><p>Ja J\u016bs neapmierina iepriek\u0161 veiktas rinoplastikas rezult\u0101ts, l\u016bdzu <a title=\"https:\/\/www.veebiregistratuur.ee\/fertilitas\/?employee=RrNyOpOr6o\" href=\"https:\/\/www.veebiregistratuur.ee\/fertilitas\/?employee=RrNyOpOr6o\" target=\"_blank\" rel=\"noreferrer noopener\">rezerv\u0113t tik\u0161anos<\/a>, lai m\u0113s kop\u012bgi rastu risin\u0101jumu j\u016bsu r\u016bp\u0113m.<\/p>\t\t\t\t\t\t\t\t<\/div>\n\t\t\t\t<\/div>\n\t\t\t\t<div class=\"elementor-element elementor-element-d19ce7e elementor-widget__width-auto elementor-widget elementor-widget-button\" data-id=\"d19ce7e\" data-element_type=\"widget\" data-widget_type=\"button.default\">\n\t\t\t\t<div class=\"elementor-widget-container\">\n\t\t\t\t\t\t\t\t\t<div class=\"elementor-button-wrapper\">\n\t\t\t\t\t<a class=\"elementor-button elementor-button-link elementor-size-sm\" href=\"#kontakt\">\n\t\t\t\t\t\t<span class=\"elementor-button-content-wrapper\">\n\t\t\t\t\t\t\t\t\t<span class=\"elementor-button-text\">Sazinieties<\/span>\n\t\t\t\t\t<\/span>\n\t\t\t\t\t<\/a>\n\t\t\t\t<\/div>\n\t\t\t\t\t\t\t\t<\/div>\n\t\t\t\t<\/div>\n\t\t\t\t\t<\/div>\n\t\t<\/div>\n\t\t\t\t\t<\/div>\n\t\t<\/section>\n\t\t\t\t<\/div>","protected":false},"excerpt":{"rendered":"<p>N\u00f5uanded operatsiooniks Nina ja k\u00f5rvalestade esteetilised operatsioonid 9 aastat kogemust Hinnakiri Broneeri vastuv\u00f5tt K\u00e4itumisjuhised enne operatsiooni Operatsiooniks peab valmistuma nii vaimselt kui ka f\u00fc\u00fcsiliselt. Toituge tervislikult, sportige m\u00f5\u00f5dukalt. Operatsioonip\u00e4eval ei tohi esineda k\u00fclmetushaiguse tunnuseid, palavikku ega menstruatsiooni. Suitsetamine p\u00f5hjustab lisaks muudele kahjulikele toimetele haavaparanemise h\u00e4lbeid. Eriliselt alandab suitsetamine nina, kurgu ja kopsude vastupanuv\u00f5imet bakteriaalsetele infektsioonidele [&hellip;]<\/p>\n","protected":false},"author":4,"featured_media":0,"parent":0,"menu_order":0,"comment_status":"closed","ping_status":"closed","template":"elementor_header_footer","meta":{"footnotes":""},"categories":[],"tags":[],"class_list":["post-17037","page","type-page","status-publish","hentry"],"_links":{"self":[{"href":"https:\/\/ninaplastika.eu\/lv\/wp-json\/wp\/v2\/pages\/17037","targetHints":{"allow":["GET"]}}],"collection":[{"href":"https:\/\/ninaplastika.eu\/lv\/wp-json\/wp\/v2\/pages"}],"about":[{"href":"https:\/\/ninaplastika.eu\/lv\/wp-json\/wp\/v2\/types\/page"}],"author":[{"embeddable":true,"href":"https:\/\/ninaplastika.eu\/lv\/wp-json\/wp\/v2\/users\/4"}],"replies":[{"embeddable":true,"href":"https:\/\/ninaplastika.eu\/lv\/wp-json\/wp\/v2\/comments?post=17037"}],"version-history":[{"count":11,"href":"https:\/\/ninaplastika.eu\/lv\/wp-json\/wp\/v2\/pages\/17037\/revisions"}],"predecessor-version":[{"id":17268,"href":"https:\/\/ninaplastika.eu\/lv\/wp-json\/wp\/v2\/pages\/17037\/revisions\/17268"}],"wp:attachment":[{"href":"https:\/\/ninaplastika.eu\/lv\/wp-json\/wp\/v2\/media?parent=17037"}],"wp:term":[{"taxonomy":"category","embeddable":true,"href":"https:\/\/ninaplastika.eu\/lv\/wp-json\/wp\/v2\/categories?post=17037"},{"taxonomy":"post_tag","embeddable":true,"href":"https:\/\/ninaplastika.eu\/lv\/wp-json\/wp\/v2\/tags?post=17037"}],"curies":[{"name":"wp","href":"https:\/\/api.w.org\/{rel}","templated":true}]}}