{"id":17042,"date":"2025-01-13T14:34:46","date_gmt":"2025-01-13T12:34:46","guid":{"rendered":"https:\/\/ninaplastika.eu\/v2\/?page_id=17042"},"modified":"2025-01-15T12:21:48","modified_gmt":"2025-01-15T10:21:48","slug":"teipimine-peale-ninaplastikat","status":"publish","type":"page","link":"https:\/\/ninaplastika.eu\/lv\/teipimine-peale-ninaplastikat\/","title":{"rendered":"Teipo\u0161ana p\u0113c rinoplastikas"},"content":{"rendered":"<div data-elementor-type=\"wp-page\" data-elementor-id=\"17042\" class=\"elementor elementor-17042\" data-elementor-post-type=\"page\">\n\t\t\t\t\t\t<section class=\"elementor-section elementor-top-section elementor-element elementor-element-2c21b36 elementor-section-height-min-height elementor-section-boxed elementor-section-height-default elementor-section-items-middle\" data-id=\"2c21b36\" data-element_type=\"section\" data-settings=\"{&quot;background_background&quot;:&quot;gradient&quot;}\">\n\t\t\t\t\t\t\t<div class=\"elementor-background-overlay\"><\/div>\n\t\t\t\t\t\t\t<div class=\"elementor-container elementor-column-gap-default\">\n\t\t\t\t\t<div class=\"elementor-column elementor-col-100 elementor-top-column elementor-element elementor-element-3f70983\" data-id=\"3f70983\" data-element_type=\"column\">\n\t\t\t<div class=\"elementor-widget-wrap elementor-element-populated\">\n\t\t\t\t\t\t<div class=\"elementor-element elementor-element-b1599d4 elementor-widget__width-initial elementor-widget elementor-widget-heading\" data-id=\"b1599d4\" data-element_type=\"widget\" data-widget_type=\"heading.default\">\n\t\t\t\t<div class=\"elementor-widget-container\">\n\t\t\t\t\t<h1 class=\"elementor-heading-title elementor-size-default\">Teipo\u0161ana p\u0113c rinoplastikas<\/h1>\t\t\t\t<\/div>\n\t\t\t\t<\/div>\n\t\t\t\t<div class=\"elementor-element elementor-element-7179fe7 elementor-widget__width-auto elementor-widget elementor-widget-button\" data-id=\"7179fe7\" data-element_type=\"widget\" data-widget_type=\"button.default\">\n\t\t\t\t<div class=\"elementor-widget-container\">\n\t\t\t\t\t\t\t\t\t<div class=\"elementor-button-wrapper\">\n\t\t\t\t\t<a class=\"elementor-button elementor-button-link elementor-size-sm\" href=\"https:\/\/ninaplastika.eu\/lv\/portfoolio\/\">\n\t\t\t\t\t\t<span class=\"elementor-button-content-wrapper\">\n\t\t\t\t\t\t\t\t\t<span class=\"elementor-button-text\">Portfelis<\/span>\n\t\t\t\t\t<\/span>\n\t\t\t\t\t<\/a>\n\t\t\t\t<\/div>\n\t\t\t\t\t\t\t\t<\/div>\n\t\t\t\t<\/div>\n\t\t\t\t<div class=\"elementor-element elementor-element-09ff6b2 elementor-widget__width-auto elementor-widget elementor-widget-button\" data-id=\"09ff6b2\" data-element_type=\"widget\" data-widget_type=\"button.default\">\n\t\t\t\t<div class=\"elementor-widget-container\">\n\t\t\t\t\t\t\t\t\t<div class=\"elementor-button-wrapper\">\n\t\t\t\t\t<a class=\"elementor-button elementor-button-link elementor-size-sm\" href=\"https:\/\/www.veebiregistratuur.ee\/fertilitas\/?service=23_139&#038;employee=RrNyOpOr6o\" target=\"_blank\" rel=\"noopener\">\n\t\t\t\t\t\t<span class=\"elementor-button-content-wrapper\">\n\t\t\t\t\t\t\t\t\t<span class=\"elementor-button-text\">Rezerv\u0113jiet pie\u0146em\u0161anu<\/span>\n\t\t\t\t\t<\/span>\n\t\t\t\t\t<\/a>\n\t\t\t\t<\/div>\n\t\t\t\t\t\t\t\t<\/div>\n\t\t\t\t<\/div>\n\t\t\t\t\t<\/div>\n\t\t<\/div>\n\t\t\t\t\t<\/div>\n\t\t<\/section>\n\t\t\t\t<section class=\"elementor-section elementor-top-section elementor-element elementor-element-3938f38 elementor-section-boxed elementor-section-height-default elementor-section-height-default\" data-id=\"3938f38\" data-element_type=\"section\">\n\t\t\t\t\t\t<div class=\"elementor-container elementor-column-gap-default\">\n\t\t\t\t\t<div class=\"elementor-column elementor-col-100 elementor-top-column elementor-element elementor-element-88d5e85\" data-id=\"88d5e85\" data-element_type=\"column\">\n\t\t\t<div class=\"elementor-widget-wrap elementor-element-populated\">\n\t\t\t\t\t\t<div class=\"elementor-element elementor-element-0c03088 elementor-widget elementor-widget-text-editor\" data-id=\"0c03088\" data-element_type=\"widget\" data-widget_type=\"text-editor.default\">\n\t\t\t\t<div class=\"elementor-widget-container\">\n\t\t\t\t\t\t\t\t\t<p>Teipo\u0161ana p\u0113c deguna oper\u0101cijas ir nepiecie\u0161ama t\u016bskas mazin\u0101\u0161anai. Agr\u012bn\u0101 atvese\u013co\u0161an\u0101s period\u0101 deguna m\u012bkstie audi var uzbriest, \u012bpa\u0161i deguna gal\u0101. Piet\u016bkums parasti palielin\u0101s vakar\u0101 un nakt\u012b gu\u013cus st\u0101vokl\u012b. Teipa nodro\u0161ina papildu atbalstu un sasprindzin\u0101jumu \u0101dai, lai mazin\u0101tu piet\u016bkumu. Deguna oper\u0101cija maina zem\u0101das skrim\u0161\u013ca formu, un teipo\u0161ana pal\u012bdz m\u012bkstajiem audiem lab\u0101k augt kop\u0101 ar jaunaj\u0101m pamatstrukt\u016br\u0101m.\u00a0<\/p><p>Lentes j\u0101novieto uz deguna ar nelielu sasprindzin\u0101jumu saska\u0146\u0101 ar zem\u0101k redzamo sh\u0113mu. S\u0101ciet ar lent\u0113m, kas ir perpendikul\u0101ri deguna tiltam, p\u0113c tam vienu izliektu lentes sloksni ap deguna galu un visbeidzot ar vienu papildu lentes sloksni, kas ir perpendikul\u0101ra deguna galam.\u00a0<\/p><p>L\u012bm\u0113\u0161anai vislab\u0101k piem\u0113rota Micropore 12mm plata \u0101das kr\u0101sas pap\u012bra lente, ta\u010du der ar\u012b citas l\u012bdz\u012bgas lentes.<\/p><p>P\u0113c rinoplastikas deguns parasti ir j\u0101piel\u012bm\u0113 nakt\u012b 2 ned\u0113\u013cas p\u0113c \u0161inas no\u0146em\u0161anas.<\/p>\t\t\t\t\t\t\t\t<\/div>\n\t\t\t\t<\/div>\n\t\t\t\t<div class=\"elementor-element elementor-element-18bc135 elementor-widget elementor-widget-image\" data-id=\"18bc135\" data-element_type=\"widget\" data-widget_type=\"image.default\">\n\t\t\t\t<div class=\"elementor-widget-container\">\n\t\t\t\t\t\t\t\t\t\t\t\t\t\t\t<img fetchpriority=\"high\" decoding=\"async\" width=\"495\" height=\"1024\" src=\"https:\/\/ninaplastika.eu\/wp-content\/uploads\/2025\/01\/teipimine-1-scaled-1-495x1024.webp\" class=\"attachment-large size-large wp-image-17044\" alt=\"\" srcset=\"https:\/\/ninaplastika.eu\/wp-content\/uploads\/2025\/01\/teipimine-1-scaled-1-495x1024.webp 495w, https:\/\/ninaplastika.eu\/wp-content\/uploads\/2025\/01\/teipimine-1-scaled-1-145x300.webp 145w, https:\/\/ninaplastika.eu\/wp-content\/uploads\/2025\/01\/teipimine-1-scaled-1-768x1587.webp 768w, https:\/\/ninaplastika.eu\/wp-content\/uploads\/2025\/01\/teipimine-1-scaled-1-743x1536.webp 743w, https:\/\/ninaplastika.eu\/wp-content\/uploads\/2025\/01\/teipimine-1-scaled-1.webp 929w\" sizes=\"(max-width: 495px) 100vw, 495px\" \/>\t\t\t\t\t\t\t\t\t\t\t\t\t\t\t<\/div>\n\t\t\t\t<\/div>\n\t\t\t\t\t<\/div>\n\t\t<\/div>\n\t\t\t\t\t<\/div>\n\t\t<\/section>\n\t\t\t\t<\/div>","protected":false},"excerpt":{"rendered":"<p>Teipimine peale ninaplastikat Tehtud t\u00f6\u00f6d Broneeri vastuv\u00f5tt Teipimine peale ninaoperatsiooni on vajalik tursete v\u00e4hendamiseks. Varajases taastumisperioodis v\u00f5ivad nina pehmed koed tursuda, eriti ninatipu piirkonnas. Paistetus suureneb tavaliselt \u00f5htul ja \u00f6\u00f6sel pikali asendis. Teip annab nahale t\u00e4iendavat tuge ja pinget, et tursumist toimuks v\u00e4hem. Ninaoperatsioon muudab nahaaluste k\u00f5hrede kuju ning teipimine aitab pehmel koel paremini uute [&hellip;]<\/p>\n","protected":false},"author":4,"featured_media":0,"parent":0,"menu_order":0,"comment_status":"closed","ping_status":"closed","template":"elementor_header_footer","meta":{"footnotes":""},"categories":[],"tags":[],"class_list":["post-17042","page","type-page","status-publish","hentry"],"_links":{"self":[{"href":"https:\/\/ninaplastika.eu\/lv\/wp-json\/wp\/v2\/pages\/17042","targetHints":{"allow":["GET"]}}],"collection":[{"href":"https:\/\/ninaplastika.eu\/lv\/wp-json\/wp\/v2\/pages"}],"about":[{"href":"https:\/\/ninaplastika.eu\/lv\/wp-json\/wp\/v2\/types\/page"}],"author":[{"embeddable":true,"href":"https:\/\/ninaplastika.eu\/lv\/wp-json\/wp\/v2\/users\/4"}],"replies":[{"embeddable":true,"href":"https:\/\/ninaplastika.eu\/lv\/wp-json\/wp\/v2\/comments?post=17042"}],"version-history":[{"count":14,"href":"https:\/\/ninaplastika.eu\/lv\/wp-json\/wp\/v2\/pages\/17042\/revisions"}],"predecessor-version":[{"id":17272,"href":"https:\/\/ninaplastika.eu\/lv\/wp-json\/wp\/v2\/pages\/17042\/revisions\/17272"}],"wp:attachment":[{"href":"https:\/\/ninaplastika.eu\/lv\/wp-json\/wp\/v2\/media?parent=17042"}],"wp:term":[{"taxonomy":"category","embeddable":true,"href":"https:\/\/ninaplastika.eu\/lv\/wp-json\/wp\/v2\/categories?post=17042"},{"taxonomy":"post_tag","embeddable":true,"href":"https:\/\/ninaplastika.eu\/lv\/wp-json\/wp\/v2\/tags?post=17042"}],"curies":[{"name":"wp","href":"https:\/\/api.w.org\/{rel}","templated":true}]}}