{"id":17051,"date":"2025-01-13T14:38:09","date_gmt":"2025-01-13T12:38:09","guid":{"rendered":"https:\/\/ninaplastika.eu\/v2\/?page_id=17051"},"modified":"2025-01-22T13:01:51","modified_gmt":"2025-01-22T11:01:51","slug":"ninaplastika-kkk","status":"publish","type":"page","link":"https:\/\/ninaplastika.eu\/lv\/ninaplastika-kkk\/","title":{"rendered":"FAQ"},"content":{"rendered":"<div data-elementor-type=\"wp-page\" data-elementor-id=\"17051\" class=\"elementor elementor-17051\" data-elementor-post-type=\"page\">\n\t\t\t\t\t\t<section class=\"elementor-section elementor-top-section elementor-element elementor-element-2c21b36 elementor-section-height-min-height elementor-section-boxed elementor-section-height-default elementor-section-items-middle\" data-id=\"2c21b36\" data-element_type=\"section\" data-settings=\"{&quot;background_background&quot;:&quot;gradient&quot;}\">\n\t\t\t\t\t\t\t<div class=\"elementor-background-overlay\"><\/div>\n\t\t\t\t\t\t\t<div class=\"elementor-container elementor-column-gap-default\">\n\t\t\t\t\t<div class=\"elementor-column elementor-col-100 elementor-top-column elementor-element elementor-element-3f70983\" data-id=\"3f70983\" data-element_type=\"column\">\n\t\t\t<div class=\"elementor-widget-wrap elementor-element-populated\">\n\t\t\t\t\t\t<div class=\"elementor-element elementor-element-b1599d4 elementor-widget__width-initial elementor-widget elementor-widget-heading\" data-id=\"b1599d4\" data-element_type=\"widget\" data-widget_type=\"heading.default\">\n\t\t\t\t<div class=\"elementor-widget-container\">\n\t\t\t\t\t<h1 class=\"elementor-heading-title elementor-size-default\">Bie\u017ei uzdotie jaut\u0101jumi par rinoplastiku<\/h1>\t\t\t\t<\/div>\n\t\t\t\t<\/div>\n\t\t\t\t<div class=\"elementor-element elementor-element-7179fe7 elementor-widget__width-auto elementor-widget elementor-widget-button\" data-id=\"7179fe7\" data-element_type=\"widget\" data-widget_type=\"button.default\">\n\t\t\t\t<div class=\"elementor-widget-container\">\n\t\t\t\t\t\t\t\t\t<div class=\"elementor-button-wrapper\">\n\t\t\t\t\t<a class=\"elementor-button elementor-button-link elementor-size-sm\" href=\"https:\/\/ninaplastika.eu\/lv\/portfoolio\/\">\n\t\t\t\t\t\t<span class=\"elementor-button-content-wrapper\">\n\t\t\t\t\t\t\t\t\t<span class=\"elementor-button-text\">Portfelis<\/span>\n\t\t\t\t\t<\/span>\n\t\t\t\t\t<\/a>\n\t\t\t\t<\/div>\n\t\t\t\t\t\t\t\t<\/div>\n\t\t\t\t<\/div>\n\t\t\t\t<div class=\"elementor-element elementor-element-09ff6b2 elementor-widget__width-auto elementor-widget elementor-widget-button\" data-id=\"09ff6b2\" data-element_type=\"widget\" data-widget_type=\"button.default\">\n\t\t\t\t<div class=\"elementor-widget-container\">\n\t\t\t\t\t\t\t\t\t<div class=\"elementor-button-wrapper\">\n\t\t\t\t\t<a class=\"elementor-button elementor-button-link elementor-size-sm\" href=\"https:\/\/www.veebiregistratuur.ee\/fertilitas\/?service=23_139&#038;employee=RrNyOpOr6o\" target=\"_blank\" rel=\"noopener\">\n\t\t\t\t\t\t<span class=\"elementor-button-content-wrapper\">\n\t\t\t\t\t\t\t\t\t<span class=\"elementor-button-text\">Rezerv\u0113jiet pie\u0146em\u0161anu<\/span>\n\t\t\t\t\t<\/span>\n\t\t\t\t\t<\/a>\n\t\t\t\t<\/div>\n\t\t\t\t\t\t\t\t<\/div>\n\t\t\t\t<\/div>\n\t\t\t\t\t<\/div>\n\t\t<\/div>\n\t\t\t\t\t<\/div>\n\t\t<\/section>\n\t\t\t\t<section class=\"elementor-section elementor-top-section elementor-element elementor-element-168a3e4 elementor-section-boxed elementor-section-height-default elementor-section-height-default\" data-id=\"168a3e4\" data-element_type=\"section\">\n\t\t\t\t\t\t<div class=\"elementor-container elementor-column-gap-default\">\n\t\t\t\t\t<div class=\"elementor-column elementor-col-66 elementor-top-column elementor-element elementor-element-24d22f4\" data-id=\"24d22f4\" data-element_type=\"column\">\n\t\t\t<div class=\"elementor-widget-wrap elementor-element-populated\">\n\t\t\t\t\t\t<div class=\"elementor-element elementor-element-5fddbd1 elementor-widget elementor-widget-accordion\" data-id=\"5fddbd1\" data-element_type=\"widget\" data-widget_type=\"accordion.default\">\n\t\t\t\t<div class=\"elementor-widget-container\">\n\t\t\t\t\t\t\t<div class=\"elementor-accordion\">\n\t\t\t\t\t\t\t<div class=\"elementor-accordion-item\">\n\t\t\t\t\t<div id=\"elementor-tab-title-1001\" class=\"elementor-tab-title\" data-tab=\"1\" role=\"button\" aria-controls=\"elementor-tab-content-1001\" aria-expanded=\"false\">\n\t\t\t\t\t\t\t\t\t\t\t\t<a class=\"elementor-accordion-title\" tabindex=\"0\">Cik ilgs laiks nepiecie\u0161ams, lai iz\u0101rst\u0113tos no rinoplastikas?<\/a>\n\t\t\t\t\t<\/div>\n\t\t\t\t\t<div id=\"elementor-tab-content-1001\" class=\"elementor-tab-content elementor-clearfix\" data-tab=\"1\" role=\"region\" aria-labelledby=\"elementor-tab-title-1001\"><p>Dziedin\u0101\u0161anas procesa \u0101trums ir atkar\u012bgs no konkr\u0113tajam griezumam izmantot\u0101s tehnikas, ta\u010du parasti lentes un plastmasas \u0161ina uz deguna tilta un gala kalpos 10 dienas. \u0160aj\u0101 laik\u0101 deguns var neelpot norm\u0101li. Ap ac\u012bm var rasties piet\u016bkums un zilumi. T\u0101s parasti izz\u016bd 14 dienas p\u0113c oper\u0101cijas. Neliels piet\u016bkums uz deguna gala un deguna tilta var saglab\u0101ties pat vair\u0101kus m\u0113ne\u0161us p\u0113c rinoplastikas. R\u0113tu veido\u0161an\u0101s process kopum\u0101 aiz\u0146em apm\u0113ram 12 m\u0113ne\u0161us.<\/p><\/div>\n\t\t\t\t<\/div>\n\t\t\t\t\t\t\t<div class=\"elementor-accordion-item\">\n\t\t\t\t\t<div id=\"elementor-tab-title-1002\" class=\"elementor-tab-title\" data-tab=\"2\" role=\"button\" aria-controls=\"elementor-tab-content-1002\" aria-expanded=\"false\">\n\t\t\t\t\t\t\t\t\t\t\t\t<a class=\"elementor-accordion-title\" tabindex=\"0\">Ko nevajadz\u0113tu dar\u012bt uzreiz p\u0113c deguna oper\u0101cijas?<\/a>\n\t\t\t\t\t<\/div>\n\t\t\t\t\t<div id=\"elementor-tab-content-1002\" class=\"elementor-tab-content elementor-clearfix\" data-tab=\"2\" role=\"region\" aria-labelledby=\"elementor-tab-title-1002\"><p>7 dienas nedr\u012bkst \u0161\u0146aukt degunu. 14 dienas p\u0113c deguna oper\u0101cijas nedr\u012bkst uz\u0146emties smagu fizisko slodzi, aizliegts lietot alkoholu un tabakas izstr\u0101d\u0101jumus. Nevalk\u0101jiet brilles uz deguna tilta 4 ned\u0113\u013cas. Pirt\u012b iet nav ieteicams 1-6 m\u0113ne\u0161us. Kopum\u0101 s\u0101kotn\u0113jam atvese\u013co\u0161an\u0101s laikam m\u0101j\u0101s vajadz\u0113tu b\u016bt 14 dien\u0101m. P\u0113c tam ar da\u017eiem nelieliem ierobe\u017eojumiem ir iesp\u0113jams atgriezties norm\u0101l\u0101 dz\u012bv\u0113.<\/p><\/div>\n\t\t\t\t<\/div>\n\t\t\t\t\t\t\t<div class=\"elementor-accordion-item\">\n\t\t\t\t\t<div id=\"elementor-tab-title-1003\" class=\"elementor-tab-title\" data-tab=\"3\" role=\"button\" aria-controls=\"elementor-tab-content-1003\" aria-expanded=\"false\">\n\t\t\t\t\t\t\t\t\t\t\t\t<a class=\"elementor-accordion-title\" tabindex=\"0\">Cik s\u0101p deguns p\u0113c oper\u0101cijas?<\/a>\n\t\t\t\t\t<\/div>\n\t\t\t\t\t<div id=\"elementor-tab-content-1003\" class=\"elementor-tab-content elementor-clearfix\" data-tab=\"3\" role=\"region\" aria-labelledby=\"elementor-tab-title-1003\"><p>Vairum\u0101 gad\u012bjumu p\u0113c oper\u0101cijas deguns nes\u0101p \u012bpa\u0161i, un nepiecie\u0161am\u012bbas gad\u012bjum\u0101 pietiek ar bezrecep\u0161u prets\u0101pju l\u012bdzek\u013cu lieto\u0161anu, piem\u0113ram, paracetamolu un ibuprof\u0113nu. Atk\u0101rtotu oper\u0101ciju gad\u012bjum\u0101 un p\u0113c liel\u0101m deguna traum\u0101m oper\u0101cijas laik\u0101 var b\u016bt nepiecie\u0161ams izmantot ribu skrim\u0161\u013ca transplant\u0101tu \u2013 tad var s\u0101p\u0113t kr\u016b\u0161kurvja apvidus un b\u016bs nepiecie\u0161ami sp\u0113c\u012bg\u0101ki prets\u0101pju l\u012bdzek\u013ci.<\/p><p>Visp\u0101r maniem pacientiem nav probl\u0113mu ar s\u0101p\u0113m, vair\u0101k ir niezo\u0161a saj\u016bta zem deguna \u0161inas un diskomforta saj\u016bta no deguna elpo\u0161anas un laist\u012b\u0161anas obstrukcijas, kas var rasties pirmaj\u0101s ned\u0113\u013c\u0101s.<\/p><\/div>\n\t\t\t\t<\/div>\n\t\t\t\t\t\t\t<div class=\"elementor-accordion-item\">\n\t\t\t\t\t<div id=\"elementor-tab-title-1004\" class=\"elementor-tab-title\" data-tab=\"4\" role=\"button\" aria-controls=\"elementor-tab-content-1004\" aria-expanded=\"false\">\n\t\t\t\t\t\t\t\t\t\t\t\t<a class=\"elementor-accordion-title\" tabindex=\"0\">Ja es neesmu apmierin\u0101ts ar rinoplastikas rezult\u0101tu, kas notiek t\u0101l\u0101k?<\/a>\n\t\t\t\t\t<\/div>\n\t\t\t\t\t<div id=\"elementor-tab-content-1004\" class=\"elementor-tab-content elementor-clearfix\" data-tab=\"4\" role=\"region\" aria-labelledby=\"elementor-tab-title-1004\"><p>Rinoplastikas rezult\u0101tu v\u0113rt\u0113jam re\u0123istrat\u016br\u0101 10 dienas, 1 m\u0113nesis, 6 m\u0113ne\u0161i un 12 m\u0113ne\u0161i p\u0113c oper\u0101cijas. Maz\u0101kus kosm\u0113tiskos defektus var labot ar papildu proced\u016bru, kas tiek veikta viet\u0113j\u0101 anest\u0113zij\u0101, bet aptuveni 15-20% pacientiem var b\u016bt nepiecie\u0161ama atk\u0101rtota oper\u0101cija, lai kori\u0123\u0113tu rinoplastikas rezult\u0101tu. Atk\u0101rtota izgrie\u0161ana parasti nenotiek \u0101tr\u0101k k\u0101 gadu p\u0113c s\u0101kotn\u0113j\u0101s izgrie\u0161anas, jo r\u0113tu veido\u0161an\u0101s procesiem ir j\u0101notiek l\u012bdz galam. Lasiet par atk\u0101rtotu oper\u0101ciju <a href=\"https:\/\/ninaplastika.eu\/lv\/operatsioon\/#kordus\" target=\"_blank\" rel=\"noreferrer noopener\">no \u0161ejienes<\/a>.<\/p><\/div>\n\t\t\t\t<\/div>\n\t\t\t\t\t\t\t<div class=\"elementor-accordion-item\">\n\t\t\t\t\t<div id=\"elementor-tab-title-1005\" class=\"elementor-tab-title\" data-tab=\"5\" role=\"button\" aria-controls=\"elementor-tab-content-1005\" aria-expanded=\"false\">\n\t\t\t\t\t\t\t\t\t\t\t\t<a class=\"elementor-accordion-title\" tabindex=\"0\">Kad es redz\u0113\u0161u gala rezult\u0101tu?<\/a>\n\t\t\t\t\t<\/div>\n\t\t\t\t\t<div id=\"elementor-tab-content-1005\" class=\"elementor-tab-content elementor-clearfix\" data-tab=\"5\" role=\"region\" aria-labelledby=\"elementor-tab-title-1005\"><p>12 m\u0113ne\u0161us p\u0113c griezuma m\u0113s varam nov\u0113rt\u0113t gala rezult\u0101tu. Jo maz\u0101k laika pag\u0101jis kop\u0161 deguna oper\u0101cijas, jo vair\u0101k m\u012bksto audu piet\u016bkums sl\u0113pj gala rezult\u0101tu un ar r\u0113tu veido\u0161anos saist\u012bt\u0101s izmai\u0146as v\u0113l nav notiku\u0161as. Neliels piet\u016bkums var rasties ar\u012b vair\u0101k nek\u0101 1 m\u0113nesi p\u0113c oper\u0101cijas.<\/p><\/div>\n\t\t\t\t<\/div>\n\t\t\t\t\t\t\t<div class=\"elementor-accordion-item\">\n\t\t\t\t\t<div id=\"elementor-tab-title-1006\" class=\"elementor-tab-title\" data-tab=\"6\" role=\"button\" aria-controls=\"elementor-tab-content-1006\" aria-expanded=\"false\">\n\t\t\t\t\t\t\t\t\t\t\t\t<a class=\"elementor-accordion-title\" tabindex=\"0\">Vai skaistumu un funkcion\u0101lo rinoplastiku var apvienot?<\/a>\n\t\t\t\t\t<\/div>\n\t\t\t\t\t<div id=\"elementor-tab-content-1006\" class=\"elementor-tab-content elementor-clearfix\" data-tab=\"6\" role=\"region\" aria-labelledby=\"elementor-tab-title-1006\"><p>J\u0101, \u0161\u012bs darb\u012bbas var un pat vajadz\u0113tu b\u016bt saist\u012btas viena ar otru. Piem\u0113ram, izplat\u012bta funkcion\u0101la probl\u0113ma ir deguna starpsienas izliekums. Taj\u0101 pa\u0161\u0101 laik\u0101 starpsienas seja ir noz\u012bm\u012bgs atbalsta elements deguna galam un donora skrim\u0161\u013ca avots cit\u0101m deguna zon\u0101m plastisk\u0101s oper\u0101cijas laik\u0101. Ja starpsiena iepriek\u0161 ir oper\u0113ta atsevi\u0161\u0137i, t\u0101 var nodar\u012bt \u013caunumu v\u0113l\u0101kai est\u0113tiskajai rinoplastikai. T\u0101p\u0113c skaistuma un funkciju probl\u0113mas ir j\u0101atrisina ar vienu rinoplastikas oper\u0101ciju.<\/p><\/div>\n\t\t\t\t<\/div>\n\t\t\t\t\t\t\t<div class=\"elementor-accordion-item\">\n\t\t\t\t\t<div id=\"elementor-tab-title-1007\" class=\"elementor-tab-title\" data-tab=\"7\" role=\"button\" aria-controls=\"elementor-tab-content-1007\" aria-expanded=\"false\">\n\t\t\t\t\t\t\t\t\t\t\t\t<a class=\"elementor-accordion-title\" tabindex=\"0\">Cik ilgi man b\u016bs j\u0101paliek slimn\u012bc\u0101?<\/a>\n\t\t\t\t\t<\/div>\n\t\t\t\t\t<div id=\"elementor-tab-content-1007\" class=\"elementor-tab-content elementor-clearfix\" data-tab=\"7\" role=\"region\" aria-labelledby=\"elementor-tab-title-1007\"><p>Maz\u0101ka izm\u0113ra rinoplastikas gad\u012bjum\u0101 ir iesp\u0113ja doties m\u0101j\u0101s oper\u0101cijas dienas vakar\u0101, ta\u010du vairum\u0101 gad\u012bjumu p\u0113c oper\u0101cijas slimn\u012bc\u0101 j\u0101pavada viena nakts.<\/p><\/div>\n\t\t\t\t<\/div>\n\t\t\t\t\t\t\t<div class=\"elementor-accordion-item\">\n\t\t\t\t\t<div id=\"elementor-tab-title-1008\" class=\"elementor-tab-title\" data-tab=\"8\" role=\"button\" aria-controls=\"elementor-tab-content-1008\" aria-expanded=\"false\">\n\t\t\t\t\t\t\t\t\t\t\t\t<a class=\"elementor-accordion-title\" tabindex=\"0\">Es neesmu apmierin\u0101ts ar savu degunu. K\u0101das iesp\u0113jas pied\u0101v\u0101 rinoplastika un k\u0101 t\u0101 man var pal\u012bdz\u0113t?<\/a>\n\t\t\t\t\t<\/div>\n\t\t\t\t\t<div id=\"elementor-tab-content-1008\" class=\"elementor-tab-content elementor-clearfix\" data-tab=\"8\" role=\"region\" aria-labelledby=\"elementor-tab-title-1008\"><p>Cilv\u0113ku degunu forma ir \u013coti at\u0161\u0137ir\u012bga, t\u0101pat k\u0101 rinoplastikas \u0137irur\u0123isk\u0101s metodes. Par \u0161o t\u0113mu tiek rakst\u012bts desmitiem t\u016bksto\u0161u lappu\u0161u zin\u0101tnisk\u0101s literat\u016bras, tiek r\u012bkotas neskait\u0101mas profesion\u0101las konferences - uz \u0161o jaut\u0101jumu nav iesp\u0113jams atbild\u0113t vien\u0101 teikum\u0101. Izpal\u012bdz\u012bba s\u0101kas ar konsult\u0101ciju, kuras laik\u0101 m\u0113s uz\u0146emam pareizu deguna fotoatt\u0113lu s\u0113riju, un es varu sniegt s\u0101kotn\u0113jo p\u0101rskatu par deguna oper\u0101cijas apjomu. P\u0113c tam seko neliels m\u0101jasdarbs pacientam sava deguna anal\u012bz\u0113 un t\u0101l\u0101ka oper\u0101cijas deta\u013cu p\u0101rrun\u0101\u0161ana pa e-pastu, telefonu vai papildus viz\u012bt\u0113.<\/p><\/div>\n\t\t\t\t<\/div>\n\t\t\t\t\t\t\t<div class=\"elementor-accordion-item\">\n\t\t\t\t\t<div id=\"elementor-tab-title-1009\" class=\"elementor-tab-title\" data-tab=\"9\" role=\"button\" aria-controls=\"elementor-tab-content-1009\" aria-expanded=\"false\">\n\t\t\t\t\t\t\t\t\t\t\t\t<a class=\"elementor-accordion-title\" tabindex=\"0\">K\u0101di ir rinoplastikas riski un briesmas?<\/a>\n\t\t\t\t\t<\/div>\n\t\t\t\t\t<div id=\"elementor-tab-content-1009\" class=\"elementor-tab-content elementor-clearfix\" data-tab=\"9\" role=\"region\" aria-labelledby=\"elementor-tab-title-1009\"><p>T\u0101pat k\u0101 jebkura oper\u0101cija, rinoplastika rada noteiktu komplik\u0101ciju risku. Da\u017e\u0101s dien\u0101s p\u0113c oper\u0101cijas ir neliela asi\u0146o\u0161ana. Var b\u016bt funkcion\u0101las probl\u0113mas \u2013 p\u0113c oper\u0101cijas deguns neelpo, k\u0101 vajadz\u0113tu. Un var b\u016bt kosm\u0113tiski defekti, kas da\u017ereiz prasa atk\u0101rtotu oper\u0101ciju. Pirmsoper\u0101cijas konsult\u0101cijas laik\u0101 s\u012bk\u0101k inform\u0113ju pacientus par \u0161iem riskiem. Kopum\u0101 esmu pieejama pacientiem p\u0113coper\u0101cijas period\u0101 un nepiecie\u0161am\u012bbas gad\u012bjum\u0101 probl\u0113mas risin\u0101m kop\u0101.<\/p><\/div>\n\t\t\t\t<\/div>\n\t\t\t\t\t\t\t<div class=\"elementor-accordion-item\">\n\t\t\t\t\t<div id=\"elementor-tab-title-10010\" class=\"elementor-tab-title\" data-tab=\"10\" role=\"button\" aria-controls=\"elementor-tab-content-10010\" aria-expanded=\"false\">\n\t\t\t\t\t\t\t\t\t\t\t\t<a class=\"elementor-accordion-title\" tabindex=\"0\">Kas j\u0101zina pirms iera\u0161an\u0101s uz pie\u0146em\u0161anu?<\/a>\n\t\t\t\t\t<\/div>\n\t\t\t\t\t<div id=\"elementor-tab-content-10010\" class=\"elementor-tab-content elementor-clearfix\" data-tab=\"10\" role=\"region\" aria-labelledby=\"elementor-tab-title-10010\"><p>Ir v\u0113rts pa\u0161am apsv\u0113rt, k\u0101das deta\u013cas j\u0101maina uz deguna. J\u0101atceras, ka katra deguna un deguna oper\u0101cija ir unik\u0101la un individu\u0101la \u2013 ar oper\u0101ciju parasti nav iesp\u0113jams atdarin\u0101t k\u0101da cita degunu. M\u0113s varam padar\u012bt deguna formu lab\u0101ku, bet ne perfektu. V\u0113lmei p\u0113c rinoplastikas ir j\u0101b\u016bt pa\u0161ai, un to nedr\u012bkst dar\u012bt p\u0113c k\u0101da cita ierosin\u0101juma vai piekri\u0161anas. Lab\u0101ka izskats var nedaudz palielin\u0101t j\u016bsu pa\u0161apzi\u0146u, ta\u010du tas neatrisina liel\u0101ko da\u013cu citu dz\u012bves probl\u0113mu. \u00a0<\/p><\/div>\n\t\t\t\t<\/div>\n\t\t\t\t\t\t\t<div class=\"elementor-accordion-item\">\n\t\t\t\t\t<div id=\"elementor-tab-title-10011\" class=\"elementor-tab-title\" data-tab=\"11\" role=\"button\" aria-controls=\"elementor-tab-content-10011\" aria-expanded=\"false\">\n\t\t\t\t\t\t\t\t\t\t\t\t<a class=\"elementor-accordion-title\" tabindex=\"0\">K\u0101das izmaksas b\u016btu j\u0101\u0146em v\u0113r\u0101, veicot rinoplastiku?<\/a>\n\t\t\t\t\t<\/div>\n\t\t\t\t\t<div id=\"elementor-tab-content-10011\" class=\"elementor-tab-content elementor-clearfix\" data-tab=\"11\" role=\"region\" aria-labelledby=\"elementor-tab-title-10011\"><p>Katra deguna oper\u0101cija ir individu\u0101la un katram pacientam p\u0113c s\u0101kotn\u0113j\u0101s viz\u012btes un foto anal\u012bzes sast\u0101du individu\u0101lu cenas pied\u0101v\u0101jumu. Skat\u012bt aptuven\u0101s cenas <a href=\"https:\/\/ninaplastika.eu\/lv\/hinnakiri\/\" target=\"_blank\" rel=\"noreferrer noopener\">no \u0161ejienes<\/a>. Oper\u0101cijai var tikt pievienota papildu maksa par slimn\u012bcas gultas dien\u0101m un papildu pakalpojumiem <a href=\"https:\/\/www.fertilitas.ee\/hinnad\/haiglaravi-hinnad\/voodipaeva-maksumus\/\" target=\"_blank\" rel=\"noreferrer noopener\">Priv\u0101t\u0101s slimn\u012bcas Fertilitas cenr\u0101dis<\/a> pamatojoties uz<\/p><\/div>\n\t\t\t\t<\/div>\n\t\t\t\t\t\t\t<div class=\"elementor-accordion-item\">\n\t\t\t\t\t<div id=\"elementor-tab-title-10012\" class=\"elementor-tab-title\" data-tab=\"12\" role=\"button\" aria-controls=\"elementor-tab-content-10012\" aria-expanded=\"false\">\n\t\t\t\t\t\t\t\t\t\t\t\t<a class=\"elementor-accordion-title\" tabindex=\"0\">Vai manas bildes tiks ievietotas p\u0113c griezuma bez manas piekri\u0161anas?<\/a>\n\t\t\t\t\t<\/div>\n\t\t\t\t\t<div id=\"elementor-tab-content-10012\" class=\"elementor-tab-content elementor-clearfix\" data-tab=\"12\" role=\"region\" aria-labelledby=\"elementor-tab-title-10012\"><p>N\u0113, neviens att\u0113ls netiks public\u0113ts bez pacienta iepriek\u0161\u0113jas piekri\u0161anas.<\/p><\/div>\n\t\t\t\t<\/div>\n\t\t\t\t\t\t\t<div class=\"elementor-accordion-item\">\n\t\t\t\t\t<div id=\"elementor-tab-title-10013\" class=\"elementor-tab-title\" data-tab=\"13\" role=\"button\" aria-controls=\"elementor-tab-content-10013\" aria-expanded=\"false\">\n\t\t\t\t\t\t\t\t\t\t\t\t<a class=\"elementor-accordion-title\" tabindex=\"0\">Kur var iepaz\u012bties ar paveiktajiem darbiem (\u201cpirms\u201d un \u201cp\u0113c\u201d bildes)?<\/a>\n\t\t\t\t\t<\/div>\n\t\t\t\t\t<div id=\"elementor-tab-content-10013\" class=\"elementor-tab-content elementor-clearfix\" data-tab=\"13\" role=\"region\" aria-labelledby=\"elementor-tab-title-10013\"><p>L\u016bdzu, skatiet rinoplastiku <a href=\"https:\/\/ninaplastika.eu\/lv\/portfoolio\/\">galerijas<\/a> vai bildes <a href=\"https:\/\/www.instagram.com\/dr_erik_luht_ninaplastika\/\" target=\"_blank\" rel=\"noreferrer noopener\">instagram\u0101<\/a><\/p><\/div>\n\t\t\t\t<\/div>\n\t\t\t\t\t\t\t\t<\/div>\n\t\t\t\t\t\t<\/div>\n\t\t\t\t<\/div>\n\t\t\t\t<div class=\"elementor-element elementor-element-d19ce7e elementor-widget__width-auto elementor-widget elementor-widget-button\" data-id=\"d19ce7e\" data-element_type=\"widget\" data-widget_type=\"button.default\">\n\t\t\t\t<div class=\"elementor-widget-container\">\n\t\t\t\t\t\t\t\t\t<div class=\"elementor-button-wrapper\">\n\t\t\t\t\t<a class=\"elementor-button elementor-button-link elementor-size-sm\" href=\"#kontakt\">\n\t\t\t\t\t\t<span class=\"elementor-button-content-wrapper\">\n\t\t\t\t\t\t\t\t\t<span class=\"elementor-button-text\">Sazinieties<\/span>\n\t\t\t\t\t<\/span>\n\t\t\t\t\t<\/a>\n\t\t\t\t<\/div>\n\t\t\t\t\t\t\t\t<\/div>\n\t\t\t\t<\/div>\n\t\t\t\t\t<\/div>\n\t\t<\/div>\n\t\t\t\t<div class=\"elementor-column elementor-col-33 elementor-top-column elementor-element elementor-element-60bd37f\" data-id=\"60bd37f\" data-element_type=\"column\">\n\t\t\t<div class=\"elementor-widget-wrap elementor-element-populated\">\n\t\t\t\t\t\t<div class=\"elementor-element elementor-element-f19acc4 elementor-widget elementor-widget-image\" data-id=\"f19acc4\" data-element_type=\"widget\" data-widget_type=\"image.default\">\n\t\t\t\t<div class=\"elementor-widget-container\">\n\t\t\t\t\t\t\t\t\t\t\t\t\t\t\t<img fetchpriority=\"high\" decoding=\"async\" width=\"800\" height=\"600\" src=\"https:\/\/ninaplastika.eu\/wp-content\/uploads\/2025\/01\/IMG_7088-1030x773-1-1024x768.webp\" class=\"attachment-large size-large wp-image-17057\" alt=\"\" srcset=\"https:\/\/ninaplastika.eu\/wp-content\/uploads\/2025\/01\/IMG_7088-1030x773-1-1024x768.webp 1024w, https:\/\/ninaplastika.eu\/wp-content\/uploads\/2025\/01\/IMG_7088-1030x773-1-300x225.webp 300w, https:\/\/ninaplastika.eu\/wp-content\/uploads\/2025\/01\/IMG_7088-1030x773-1-768x576.webp 768w, https:\/\/ninaplastika.eu\/wp-content\/uploads\/2025\/01\/IMG_7088-1030x773-1.webp 1030w\" sizes=\"(max-width: 800px) 100vw, 800px\" \/>\t\t\t\t\t\t\t\t\t\t\t\t\t\t\t<\/div>\n\t\t\t\t<\/div>\n\t\t\t\t<div class=\"elementor-element elementor-element-abd1180 elementor-widget elementor-widget-image\" data-id=\"abd1180\" data-element_type=\"widget\" data-widget_type=\"image.default\">\n\t\t\t\t<div class=\"elementor-widget-container\">\n\t\t\t\t\t\t\t\t\t\t\t\t\t\t\t<img decoding=\"async\" width=\"626\" height=\"417\" src=\"https:\/\/ninaplastika.eu\/wp-content\/uploads\/2024\/12\/doctor-protective-suit-taking-throat-nasal-swab-from-patient-test-possible_130111-5803.webp\" class=\"attachment-large size-large wp-image-16725\" alt=\"\" srcset=\"https:\/\/ninaplastika.eu\/wp-content\/uploads\/2024\/12\/doctor-protective-suit-taking-throat-nasal-swab-from-patient-test-possible_130111-5803.webp 626w, https:\/\/ninaplastika.eu\/wp-content\/uploads\/2024\/12\/doctor-protective-suit-taking-throat-nasal-swab-from-patient-test-possible_130111-5803-300x200.webp 300w\" sizes=\"(max-width: 626px) 100vw, 626px\" \/>\t\t\t\t\t\t\t\t\t\t\t\t\t\t\t<\/div>\n\t\t\t\t<\/div>\n\t\t\t\t\t<\/div>\n\t\t<\/div>\n\t\t\t\t\t<\/div>\n\t\t<\/section>\n\t\t\t\t<\/div>","protected":false},"excerpt":{"rendered":"<p>Ninaplastika KKK Tehtud t\u00f6\u00f6d Broneeri vastuv\u00f5tt Kui pikalt v\u00f5tab aega ninaplastikast paranemine? Paranemisprotsessi kiirus s\u00f5ltub konkreetsel l\u00f5ikusel kasutatud tehnikast, kuid \u00fcldjuhul on ninaseljal ja -tipul teibid ja plastiklahas 10 p\u00e4eva. Selle aja jooksul ei pruugi nina normaalselt hingata. Silmade \u00fcmbruses v\u00f5ivad tekkida turse ja verevalumid. Tavaliselt on need 14 p\u00e4eva peale operatsiooni suures osas taandunud. [&hellip;]<\/p>\n","protected":false},"author":4,"featured_media":0,"parent":0,"menu_order":0,"comment_status":"closed","ping_status":"closed","template":"elementor_header_footer","meta":{"footnotes":""},"categories":[],"tags":[],"class_list":["post-17051","page","type-page","status-publish","hentry"],"_links":{"self":[{"href":"https:\/\/ninaplastika.eu\/lv\/wp-json\/wp\/v2\/pages\/17051","targetHints":{"allow":["GET"]}}],"collection":[{"href":"https:\/\/ninaplastika.eu\/lv\/wp-json\/wp\/v2\/pages"}],"about":[{"href":"https:\/\/ninaplastika.eu\/lv\/wp-json\/wp\/v2\/types\/page"}],"author":[{"embeddable":true,"href":"https:\/\/ninaplastika.eu\/lv\/wp-json\/wp\/v2\/users\/4"}],"replies":[{"embeddable":true,"href":"https:\/\/ninaplastika.eu\/lv\/wp-json\/wp\/v2\/comments?post=17051"}],"version-history":[{"count":13,"href":"https:\/\/ninaplastika.eu\/lv\/wp-json\/wp\/v2\/pages\/17051\/revisions"}],"predecessor-version":[{"id":17088,"href":"https:\/\/ninaplastika.eu\/lv\/wp-json\/wp\/v2\/pages\/17051\/revisions\/17088"}],"wp:attachment":[{"href":"https:\/\/ninaplastika.eu\/lv\/wp-json\/wp\/v2\/media?parent=17051"}],"wp:term":[{"taxonomy":"category","embeddable":true,"href":"https:\/\/ninaplastika.eu\/lv\/wp-json\/wp\/v2\/categories?post=17051"},{"taxonomy":"post_tag","embeddable":true,"href":"https:\/\/ninaplastika.eu\/lv\/wp-json\/wp\/v2\/tags?post=17051"}],"curies":[{"name":"wp","href":"https:\/\/api.w.org\/{rel}","templated":true}]}}