{"id":17150,"date":"2025-01-13T16:56:09","date_gmt":"2025-01-13T14:56:09","guid":{"rendered":"https:\/\/ninaplastika.eu\/v2\/?page_id=17150"},"modified":"2025-01-15T12:22:03","modified_gmt":"2025-01-15T10:22:03","slug":"rinoplastika","status":"publish","type":"page","link":"https:\/\/ninaplastika.eu\/lv\/rinoplastika\/","title":{"rendered":"Rinoplastika"},"content":{"rendered":"<div data-elementor-type=\"wp-page\" data-elementor-id=\"17150\" class=\"elementor elementor-17150\" data-elementor-post-type=\"page\">\n\t\t\t\t\t\t<section class=\"elementor-section elementor-top-section elementor-element elementor-element-2c21b36 elementor-section-height-min-height elementor-section-boxed elementor-section-height-default elementor-section-items-middle\" data-id=\"2c21b36\" data-element_type=\"section\" data-settings=\"{&quot;background_background&quot;:&quot;gradient&quot;}\">\n\t\t\t\t\t\t\t<div class=\"elementor-background-overlay\"><\/div>\n\t\t\t\t\t\t\t<div class=\"elementor-container elementor-column-gap-default\">\n\t\t\t\t\t<div class=\"elementor-column elementor-col-100 elementor-top-column elementor-element elementor-element-3f70983\" data-id=\"3f70983\" data-element_type=\"column\">\n\t\t\t<div class=\"elementor-widget-wrap elementor-element-populated\">\n\t\t\t\t\t\t<div class=\"elementor-element elementor-element-b1599d4 elementor-widget__width-initial elementor-widget elementor-widget-heading\" data-id=\"b1599d4\" data-element_type=\"widget\" data-widget_type=\"heading.default\">\n\t\t\t\t<div class=\"elementor-widget-container\">\n\t\t\t\t\t<h1 class=\"elementor-heading-title elementor-size-default\">Rinoplastika vai deguna oper\u0101cija <\/h1>\t\t\t\t<\/div>\n\t\t\t\t<\/div>\n\t\t\t\t<div class=\"elementor-element elementor-element-52d1287 elementor-widget elementor-widget-text-editor\" data-id=\"52d1287\" data-element_type=\"widget\" data-widget_type=\"text-editor.default\">\n\t\t\t\t<div class=\"elementor-widget-container\">\n\t\t\t\t\t\t\t\t\t<p><a href=\"https:\/\/en.wikipedia.org\/wiki\/Rhinoplasty\" target=\"_blank\" rel=\"noopener\"><span style=\"font-weight: 400;\">Rinoplastika<\/span><\/a><span style=\"font-weight: 400;\"> k\u0101 termins c\u0113lies no sengrie\u0137u v\u0101rdiem <\/span><i><span style=\"font-weight: 400;\">deguns + forma.\u00a0<\/span><\/i><span style=\"font-weight: 400;\">\u0100rst\u0113\u0161anas metodes lauzta deguna plastiskai remontam pirmo reizi min\u0113tas papirus\u0101, kas dat\u0113ts ar 3000. l\u012bdz 2500. gadu pirms m\u016bsu \u0113ras. M\u016bsdien\u0101s rinoplastika ir viena no visizplat\u012bt\u0101kaj\u0101m plastisk\u0101s \u0137irur\u0123ijas proced\u016br\u0101m, lai main\u012btu deguna izskatu.\u00a0<\/span><\/p>\t\t\t\t\t\t\t\t<\/div>\n\t\t\t\t<\/div>\n\t\t\t\t<div class=\"elementor-element elementor-element-7179fe7 elementor-widget__width-auto elementor-widget elementor-widget-button\" data-id=\"7179fe7\" data-element_type=\"widget\" data-widget_type=\"button.default\">\n\t\t\t\t<div class=\"elementor-widget-container\">\n\t\t\t\t\t\t\t\t\t<div class=\"elementor-button-wrapper\">\n\t\t\t\t\t<a class=\"elementor-button elementor-button-link elementor-size-sm\" href=\"https:\/\/ninaplastika.eu\/lv\/hinnakiri\/\">\n\t\t\t\t\t\t<span class=\"elementor-button-content-wrapper\">\n\t\t\t\t\t\t\t\t\t<span class=\"elementor-button-text\">Cenr\u0101dis<\/span>\n\t\t\t\t\t<\/span>\n\t\t\t\t\t<\/a>\n\t\t\t\t<\/div>\n\t\t\t\t\t\t\t\t<\/div>\n\t\t\t\t<\/div>\n\t\t\t\t<div class=\"elementor-element elementor-element-09ff6b2 elementor-widget__width-auto elementor-widget elementor-widget-button\" data-id=\"09ff6b2\" data-element_type=\"widget\" data-widget_type=\"button.default\">\n\t\t\t\t<div class=\"elementor-widget-container\">\n\t\t\t\t\t\t\t\t\t<div class=\"elementor-button-wrapper\">\n\t\t\t\t\t<a class=\"elementor-button elementor-button-link elementor-size-sm\" href=\"https:\/\/www.veebiregistratuur.ee\/fertilitas\/?employee=RrNyOpOr6o\" target=\"_blank\" rel=\"noopener\">\n\t\t\t\t\t\t<span class=\"elementor-button-content-wrapper\">\n\t\t\t\t\t\t\t\t\t<span class=\"elementor-button-text\">Rezerv\u0113jiet pie\u0146em\u0161anu<\/span>\n\t\t\t\t\t<\/span>\n\t\t\t\t\t<\/a>\n\t\t\t\t<\/div>\n\t\t\t\t\t\t\t\t<\/div>\n\t\t\t\t<\/div>\n\t\t\t\t\t<\/div>\n\t\t<\/div>\n\t\t\t\t\t<\/div>\n\t\t<\/section>\n\t\t\t\t<section class=\"elementor-section elementor-top-section elementor-element elementor-element-3046cdb elementor-section-boxed elementor-section-height-default elementor-section-height-default\" data-id=\"3046cdb\" data-element_type=\"section\">\n\t\t\t\t\t\t<div class=\"elementor-container elementor-column-gap-default\">\n\t\t\t\t\t<div class=\"elementor-column elementor-col-50 elementor-top-column elementor-element elementor-element-9a84639\" data-id=\"9a84639\" data-element_type=\"column\">\n\t\t\t<div class=\"elementor-widget-wrap elementor-element-populated\">\n\t\t\t\t\t\t<div class=\"elementor-element elementor-element-32f08ce elementor-widget elementor-widget-text-editor\" data-id=\"32f08ce\" data-element_type=\"widget\" data-widget_type=\"text-editor.default\">\n\t\t\t\t<div class=\"elementor-widget-container\">\n\t\t\t\t\t\t\t\t\t<p><span style=\"font-weight: 400;\">Deguna oper\u0101cijas laik\u0101 tiek kori\u0123\u0113ta deguna forma, izm\u0113rs vai proporcijas atbilsto\u0161i pacienta v\u0113lm\u0113m un sejas vaibstiem. S\u0101kotn\u0113j\u0101 atvese\u013co\u0161an\u0101s p\u0113c rinoplastikas parasti ilgst 2-3 ned\u0113\u013cas, bet gala rezult\u0101ts ir redzams tikai p\u0113c 12 m\u0113ne\u0161iem. Aptuveni 15-20% pacientiem var b\u016bt nepiecie\u0161ama atk\u0101rtota oper\u0101cija, lai kori\u0123\u0113tu rinoplastikas rezult\u0101tu.\u00a0<\/span><\/p><p><span style=\"font-weight: 400;\">Pirms rinoplastikas veik\u0161anas \u0137irurgs veic r\u016bp\u012bgu konsult\u0101ciju ar pacientu. Sarunas laik\u0101 tiks noskaidrota gan fizisk\u0101, gan gar\u012bg\u0101 gatav\u012bba oper\u0101cijai. Ir svar\u012bgi saprast pacienta psiholo\u0123iskos iemeslus oper\u0101cijai. \u0136irurgs izv\u0113rt\u0113, vai pacienta cer\u012bbas ir re\u0101las un vai oper\u0101cija tie\u0161\u0101m var\u0113tu uzlabot vi\u0146a dz\u012bves kvalit\u0101ti. Tas pal\u012bdz izvair\u012bties no v\u0113l\u0101k\u0101m vil\u0161an\u0101s un nodro\u0161ina lab\u0101ku apmierin\u0101t\u012bbu ar oper\u0101cijas rezult\u0101tiem.<\/span><\/p>\t\t\t\t\t\t\t\t<\/div>\n\t\t\t\t<\/div>\n\t\t\t\t<div class=\"elementor-element elementor-element-2fecd93 elementor-widget elementor-widget-toggle\" data-id=\"2fecd93\" data-element_type=\"widget\" data-widget_type=\"toggle.default\">\n\t\t\t\t<div class=\"elementor-widget-container\">\n\t\t\t\t\t\t\t<div class=\"elementor-toggle\">\n\t\t\t\t\t\t\t<div class=\"elementor-toggle-item\">\n\t\t\t\t\t<h3 id=\"elementor-tab-title-5021\" class=\"elementor-tab-title\" data-tab=\"1\" role=\"button\" aria-controls=\"elementor-tab-content-5021\" aria-expanded=\"false\">\n\t\t\t\t\t\t\t\t\t\t\t\t<span class=\"elementor-toggle-icon elementor-toggle-icon-left\" aria-hidden=\"true\">\n\t\t\t\t\t\t\t\t\t\t\t\t\t\t\t<span class=\"elementor-toggle-icon-closed\"><i class=\"fas fa-caret-right\"><\/i><\/span>\n\t\t\t\t\t\t\t\t<span class=\"elementor-toggle-icon-opened\"><i class=\"elementor-toggle-icon-opened fas fa-caret-up\"><\/i><\/span>\n\t\t\t\t\t\t\t\t\t\t\t\t\t<\/span>\n\t\t\t\t\t\t\t\t\t\t\t\t<a class=\"elementor-toggle-title\" tabindex=\"0\">At\u0161\u0137ir\u012bba starp rinoplastiku, septoplastiku un rinoseptoplastiku<\/a>\n\t\t\t\t\t<\/h3>\n\n\t\t\t\t\t<div id=\"elementor-tab-content-5021\" class=\"elementor-tab-content elementor-clearfix\" data-tab=\"1\" role=\"region\" aria-labelledby=\"elementor-tab-title-5021\"><p><span style=\"font-weight: 400;\">Rinoplastikas m\u0113r\u0137is ir deguna korekcija. Korekcija var b\u016bt kosm\u0113tiska vai funkcion\u0101la.\u00a0<\/span><\/p><p><span style=\"font-weight: 400;\">Rinoplastika ir v\u0113rsta uz deguna izskata mai\u0146u, t\u0101p\u0113c t\u0101 ir kosm\u0113tisk\u0101 \u0137irur\u0123ija. Savuk\u0101rt septoplastika ir funkcion\u0101la oper\u0101cija, kuras laik\u0101 tiek kori\u0123\u0113ta deguna starpsienas novirze jeb deguna starpsienas izliekums. Rinoseptoplastika apvieno abas proced\u016bras \u2013 gan deguna est\u0113tisko korekciju, gan funkcion\u0101lo probl\u0113mu risin\u0101\u0161anu. Bie\u017ei vien p\u0101reja starp abiem ir gluda, un deguna elpo\u0161anas funkcijas uzlabo\u0161anos papildina est\u0113tiskas izmai\u0146as.\u00a0<\/span><\/p><p><span style=\"font-weight: 400;\">Deguna sinusa oper\u0101cija ir patst\u0101v\u012bga proced\u016bra ar funkcion\u0101lu m\u0113r\u0137i \u2013 t\u0101 ir v\u0113rsta uz deguna g\u013cot\u0101das piet\u016bkuma mazin\u0101\u0161anu un elpo\u0161anas uzlabo\u0161anu.<\/span><\/p><p><span style=\"font-weight: 400;\">Deguna rekonstrukcija ir \u0137irur\u0123iska proced\u016bra, kuras m\u0113r\u0137is ir atjaunot norm\u0101lu deguna izskatu un darb\u012bbu, nov\u0113r\u0161ot b\u016btisku iedzimtu defektu vai labojot ieg\u016bto defektu, piem\u0113ram, p\u0113c traumas vai p\u0113c audz\u0113ja no\u0146em\u0161anas.<\/span><\/p><\/div>\n\t\t\t\t<\/div>\n\t\t\t\t\t\t\t\t<\/div>\n\t\t\t\t\t\t<\/div>\n\t\t\t\t<\/div>\n\t\t\t\t<div class=\"elementor-element elementor-element-2a443a6 elementor-widget__width-auto elementor-widget elementor-widget-button\" data-id=\"2a443a6\" data-element_type=\"widget\" data-widget_type=\"button.default\">\n\t\t\t\t<div class=\"elementor-widget-container\">\n\t\t\t\t\t\t\t\t\t<div class=\"elementor-button-wrapper\">\n\t\t\t\t\t<a class=\"elementor-button elementor-button-link elementor-size-sm\" href=\"https:\/\/www.veebiregistratuur.ee\/fertilitas\/?employee=RrNyOpOr6o\" target=\"_blank\" rel=\"noopener\">\n\t\t\t\t\t\t<span class=\"elementor-button-content-wrapper\">\n\t\t\t\t\t\t\t\t\t<span class=\"elementor-button-text\">Rezerv\u0113jiet pie\u0146em\u0161anu<\/span>\n\t\t\t\t\t<\/span>\n\t\t\t\t\t<\/a>\n\t\t\t\t<\/div>\n\t\t\t\t\t\t\t\t<\/div>\n\t\t\t\t<\/div>\n\t\t\t\t<div class=\"elementor-element elementor-element-e18ee5b elementor-widget__width-initial elementor-widget elementor-widget-heading\" data-id=\"e18ee5b\" data-element_type=\"widget\" data-widget_type=\"heading.default\">\n\t\t\t\t<div class=\"elementor-widget-container\">\n\t\t\t\t\t<h2 class=\"elementor-heading-title elementor-size-default\">Rinoplastika Tallin\u0101<\/h2>\t\t\t\t<\/div>\n\t\t\t\t<\/div>\n\t\t\t\t<div class=\"elementor-element elementor-element-20a42b1 elementor-widget elementor-widget-text-editor\" data-id=\"20a42b1\" data-element_type=\"widget\" data-widget_type=\"text-editor.default\">\n\t\t\t\t<div class=\"elementor-widget-container\">\n\t\t\t\t\t\t\t\t\t<p><span style=\"font-weight: 400;\">Vair\u0101ki plastikas \u0137irurgi un kl\u012bnikas veic deguna oper\u0101cijas Tallin\u0101. Pl\u0101nojot deguna rekonstrukciju vai kosm\u0113tisko oper\u0101ciju, ir v\u0113rts r\u016bp\u012bgi izp\u0113t\u012bt da\u017e\u0101du \u0137irurgu pieredzi un iepriek\u0161\u0113jos darbus. Daudzas kl\u012bnikas pied\u0101v\u0101 iesp\u0113ju iepaz\u012bties ar rinoplastikas video materi\u0101liem un redz\u0113t <\/span><a href=\"https:\/\/ninaplastika.eu\/lv\/portfoolio\/\"><span style=\"font-weight: 400;\">&quot;pirms un p\u0113c&quot; bildes<\/span><\/a><span style=\"font-weight: 400;\">.\u00a0<\/span><\/p><p><span style=\"font-weight: 400;\">Oper\u0101cijas cena ir atkar\u012bga no proced\u016bras sare\u017e\u0123\u012bt\u012bbas un apjoma, bet vid\u0113j\u0101s izmaksas ir no 3000-6000 eiro. Pirms oper\u0101cijas notiek visaptvero\u0161a konsult\u0101cija, kur\u0101 tiek p\u0101rrun\u0101tas pacienta v\u0113lmes, sast\u0101d\u012bts oper\u0101cijas pl\u0101ns, izskaidrota oper\u0101cijas gaita un atvese\u013co\u0161an\u0101s process. <\/span><\/p><p><span style=\"font-weight: 400;\">Pied\u0101v\u0101ju plastisk\u0101 \u0137irurga pakalpojumus Tallin\u0101, veicot gan deguna, gan \u0161\u0137aut\u0146u est\u0113tisk\u0101s oper\u0101cijas. Ja j\u016bs dom\u0101jat <\/span><a href=\"https:\/\/ninaplastika.eu\/lv\"><span style=\"font-weight: 400;\">rinoplastikai<\/span><\/a><span style=\"font-weight: 400;\"> i., deguna oper\u0101cija, ir r\u016bp\u012bgi ieteicama <\/span><span style=\"font-weight: 400;\">apsveriet visus svar\u012bgos rinoplastikas aspektus<\/span><span style=\"font-weight: 400;\">. Iepaz\u012b\u0161an\u0101s var pal\u012bdz\u0113t pie\u0146emt l\u0113mumu <\/span><a href=\"https:\/\/ninaplastika.eu\/lv\/portfoolio\/\"><span style=\"font-weight: 400;\">ar fotogr\u0101fij\u0101m pirms un p\u0113c oper\u0101cijas<\/span><\/a><span style=\"font-weight: 400;\"> un <\/span><a href=\"https:\/\/ninaplastika.eu\/lv\/hinnakiri\/\"><span style=\"font-weight: 400;\">ar cenr\u0101di deguna oper\u0101cij\u0101m<\/span><\/a><span style=\"font-weight: 400;\">. Ja v\u0113laties virz\u012bties uz priek\u0161u ar rinoplastikas pl\u0101no\u0161anu, ir iesp\u0113ja veikt rezerv\u0101ciju <\/span><a href=\"https:\/\/www.veebiregistratuur.ee\/fertilitas\/?employee=RrNyOpOr6o\" target=\"_blank\" rel=\"noopener\"><span style=\"font-weight: 400;\">konsult\u0101cijas laiks pie\u0146em\u0161anai<\/span><\/a><span style=\"font-weight: 400;\"> vai <a href=\"https:\/\/ninaplastika.eu\/lv\/kontakt\/\">uzraksti v\u0113stuli un piesaki e-konsult\u0101ciju<\/a>. <\/span><\/p>\t\t\t\t\t\t\t\t<\/div>\n\t\t\t\t<\/div>\n\t\t\t\t<div class=\"elementor-element elementor-element-d428673 elementor-widget__width-auto elementor-widget elementor-widget-button\" data-id=\"d428673\" data-element_type=\"widget\" data-widget_type=\"button.default\">\n\t\t\t\t<div class=\"elementor-widget-container\">\n\t\t\t\t\t\t\t\t\t<div class=\"elementor-button-wrapper\">\n\t\t\t\t\t<a class=\"elementor-button elementor-button-link elementor-size-sm\" href=\"https:\/\/ninaplastika.eu\/lv\/hinnakiri\/\">\n\t\t\t\t\t\t<span class=\"elementor-button-content-wrapper\">\n\t\t\t\t\t\t\t\t\t<span class=\"elementor-button-text\">Cenr\u0101dis<\/span>\n\t\t\t\t\t<\/span>\n\t\t\t\t\t<\/a>\n\t\t\t\t<\/div>\n\t\t\t\t\t\t\t\t<\/div>\n\t\t\t\t<\/div>\n\t\t\t\t<div class=\"elementor-element elementor-element-fd6db67 elementor-widget__width-auto elementor-widget elementor-widget-button\" data-id=\"fd6db67\" data-element_type=\"widget\" data-widget_type=\"button.default\">\n\t\t\t\t<div class=\"elementor-widget-container\">\n\t\t\t\t\t\t\t\t\t<div class=\"elementor-button-wrapper\">\n\t\t\t\t\t<a class=\"elementor-button elementor-button-link elementor-size-sm\" href=\"https:\/\/www.veebiregistratuur.ee\/fertilitas\/?employee=RrNyOpOr6o\" target=\"_blank\" rel=\"noopener\">\n\t\t\t\t\t\t<span class=\"elementor-button-content-wrapper\">\n\t\t\t\t\t\t\t\t\t<span class=\"elementor-button-text\">Rezerv\u0113jiet pie\u0146em\u0161anu<\/span>\n\t\t\t\t\t<\/span>\n\t\t\t\t\t<\/a>\n\t\t\t\t<\/div>\n\t\t\t\t\t\t\t\t<\/div>\n\t\t\t\t<\/div>\n\t\t\t\t\t<\/div>\n\t\t<\/div>\n\t\t\t\t<div class=\"elementor-column elementor-col-50 elementor-top-column elementor-element elementor-element-d6b7008\" data-id=\"d6b7008\" data-element_type=\"column\">\n\t\t\t<div class=\"elementor-widget-wrap elementor-element-populated\">\n\t\t\t\t\t\t<div class=\"elementor-element elementor-element-082f3ae elementor-widget elementor-widget-gallery\" data-id=\"082f3ae\" data-element_type=\"widget\" data-settings=\"{&quot;columns&quot;:1,&quot;aspect_ratio&quot;:&quot;1:1&quot;,&quot;lazyload&quot;:&quot;yes&quot;,&quot;gallery_layout&quot;:&quot;grid&quot;,&quot;columns_tablet&quot;:2,&quot;columns_mobile&quot;:1,&quot;gap&quot;:{&quot;unit&quot;:&quot;px&quot;,&quot;size&quot;:10,&quot;sizes&quot;:[]},&quot;gap_tablet&quot;:{&quot;unit&quot;:&quot;px&quot;,&quot;size&quot;:10,&quot;sizes&quot;:[]},&quot;gap_mobile&quot;:{&quot;unit&quot;:&quot;px&quot;,&quot;size&quot;:10,&quot;sizes&quot;:[]},&quot;link_to&quot;:&quot;file&quot;,&quot;overlay_background&quot;:&quot;yes&quot;,&quot;content_hover_animation&quot;:&quot;fade-in&quot;}\" data-widget_type=\"gallery.default\">\n\t\t\t\t<div class=\"elementor-widget-container\">\n\t\t\t\t\t\t\t<div class=\"elementor-gallery__container\">\n\t\t\t\t\t\t\t<a class=\"e-gallery-item elementor-gallery-item elementor-animated-content\" href=\"https:\/\/ninaplastika.eu\/wp-content\/uploads\/2025\/01\/Erik-Luht-Portfoolio-241_1.webp\" data-elementor-open-lightbox=\"yes\" data-elementor-lightbox-slideshow=\"082f3ae\" data-elementor-lightbox-title=\"Erik-Luht-Portfoolio-241_(1)\" data-e-action-hash=\"#elementor-action%3Aaction%3Dlightbox%26settings%3DeyJpZCI6MTcxNTMsInVybCI6Imh0dHBzOlwvXC9uaW5hcGxhc3Rpa2EuZXVcL3dwLWNvbnRlbnRcL3VwbG9hZHNcLzIwMjVcLzAxXC9FcmlrLUx1aHQtUG9ydGZvb2xpby0yNDFfMS53ZWJwIiwic2xpZGVzaG93IjoiMDgyZjNhZSJ9\">\n\t\t\t\t\t<div class=\"e-gallery-image elementor-gallery-item__image\" data-thumbnail=\"https:\/\/ninaplastika.eu\/wp-content\/uploads\/2025\/01\/Erik-Luht-Portfoolio-241_1.webp\" data-width=\"1200\" data-height=\"1200\" aria-label=\"\" role=\"img\" ><\/div>\n\t\t\t\t\t\t\t\t\t\t\t<div class=\"elementor-gallery-item__overlay\"><\/div>\n\t\t\t\t\t\t\t\t\t\t\t\t\t\t<\/a>\n\t\t\t\t\t\t\t<a class=\"e-gallery-item elementor-gallery-item elementor-animated-content\" href=\"https:\/\/ninaplastika.eu\/wp-content\/uploads\/2025\/01\/rhinoplasty-surgery-preparation-man-ent-is-touching-nose-consulting-man-final-examination-before-septoplasty-surgery_255847-12913.webp\" data-elementor-open-lightbox=\"yes\" data-elementor-lightbox-slideshow=\"082f3ae\" data-elementor-lightbox-title=\"rhinoplasty-surgery-preparation-man-ent-is-touching-nose-consulting-man-final-examination-before-septoplasty-surgery_255847-12913\" data-e-action-hash=\"#elementor-action%3Aaction%3Dlightbox%26settings%3DeyJpZCI6MTcxNjQsInVybCI6Imh0dHBzOlwvXC9uaW5hcGxhc3Rpa2EuZXVcL3dwLWNvbnRlbnRcL3VwbG9hZHNcLzIwMjVcLzAxXC9yaGlub3BsYXN0eS1zdXJnZXJ5LXByZXBhcmF0aW9uLW1hbi1lbnQtaXMtdG91Y2hpbmctbm9zZS1jb25zdWx0aW5nLW1hbi1maW5hbC1leGFtaW5hdGlvbi1iZWZvcmUtc2VwdG9wbGFzdHktc3VyZ2VyeV8yNTU4NDctMTI5MTMud2VicCIsInNsaWRlc2hvdyI6IjA4MmYzYWUifQ%3D%3D\">\n\t\t\t\t\t<div class=\"e-gallery-image elementor-gallery-item__image\" data-thumbnail=\"https:\/\/ninaplastika.eu\/wp-content\/uploads\/2025\/01\/rhinoplasty-surgery-preparation-man-ent-is-touching-nose-consulting-man-final-examination-before-septoplasty-surgery_255847-12913.webp\" data-width=\"417\" data-height=\"626\" aria-label=\"rinoplastika\" role=\"img\" ><\/div>\n\t\t\t\t\t\t\t\t\t\t\t<div class=\"elementor-gallery-item__overlay\"><\/div>\n\t\t\t\t\t\t\t\t\t\t\t\t\t\t<\/a>\n\t\t\t\t\t<\/div>\n\t\t\t\t\t<\/div>\n\t\t\t\t<\/div>\n\t\t\t\t\t<\/div>\n\t\t<\/div>\n\t\t\t\t\t<\/div>\n\t\t<\/section>\n\t\t\t\t<\/div>","protected":false},"excerpt":{"rendered":"<p>Rinoplastika ehk ninaoperatsioon Rinoplastika terminina tuleneb vanakreeka keelsetest s\u00f5nadest nina + vormima.\u00a0Murtud nina plastilise parandamise ravimeetodeid mainitakse esmakordselt pap\u00fc\u00fcruses, mis p\u00e4rineb 3000. aastast kuni 2500. aastani eKr. T\u00e4nap\u00e4eval on rinoplastika \u00fcks levinumaid plastilise kirurgia protseduure, mille eesm\u00e4rk on muuta nina v\u00e4limust. Hinnakiri Broneeri vastuv\u00f5tt Nina iluoperatsiooni k\u00e4igus korrigeeritakse nina kuju, suurust v\u00f5i proportsioone vastavalt patsiendi [&hellip;]<\/p>\n","protected":false},"author":4,"featured_media":0,"parent":0,"menu_order":0,"comment_status":"closed","ping_status":"closed","template":"","meta":{"footnotes":""},"categories":[],"tags":[],"class_list":["post-17150","page","type-page","status-publish","hentry"],"_links":{"self":[{"href":"https:\/\/ninaplastika.eu\/lv\/wp-json\/wp\/v2\/pages\/17150","targetHints":{"allow":["GET"]}}],"collection":[{"href":"https:\/\/ninaplastika.eu\/lv\/wp-json\/wp\/v2\/pages"}],"about":[{"href":"https:\/\/ninaplastika.eu\/lv\/wp-json\/wp\/v2\/types\/page"}],"author":[{"embeddable":true,"href":"https:\/\/ninaplastika.eu\/lv\/wp-json\/wp\/v2\/users\/4"}],"replies":[{"embeddable":true,"href":"https:\/\/ninaplastika.eu\/lv\/wp-json\/wp\/v2\/comments?post=17150"}],"version-history":[{"count":29,"href":"https:\/\/ninaplastika.eu\/lv\/wp-json\/wp\/v2\/pages\/17150\/revisions"}],"predecessor-version":[{"id":17270,"href":"https:\/\/ninaplastika.eu\/lv\/wp-json\/wp\/v2\/pages\/17150\/revisions\/17270"}],"wp:attachment":[{"href":"https:\/\/ninaplastika.eu\/lv\/wp-json\/wp\/v2\/media?parent=17150"}],"wp:term":[{"taxonomy":"category","embeddable":true,"href":"https:\/\/ninaplastika.eu\/lv\/wp-json\/wp\/v2\/categories?post=17150"},{"taxonomy":"post_tag","embeddable":true,"href":"https:\/\/ninaplastika.eu\/lv\/wp-json\/wp\/v2\/tags?post=17150"}],"curies":[{"name":"wp","href":"https:\/\/api.w.org\/{rel}","templated":true}]}}