{"id":17175,"date":"2025-01-13T17:42:14","date_gmt":"2025-01-13T15:42:14","guid":{"rendered":"https:\/\/ninaplastika.eu\/v2\/?page_id=17175"},"modified":"2025-01-15T12:22:18","modified_gmt":"2025-01-15T10:22:18","slug":"septoplastika","status":"publish","type":"page","link":"https:\/\/ninaplastika.eu\/lv\/septoplastika\/","title":{"rendered":"Septoplastika"},"content":{"rendered":"<div data-elementor-type=\"wp-page\" data-elementor-id=\"17175\" class=\"elementor elementor-17175\" data-elementor-post-type=\"page\">\n\t\t\t\t\t\t<section class=\"elementor-section elementor-top-section elementor-element elementor-element-2c21b36 elementor-section-height-min-height elementor-section-boxed elementor-section-height-default elementor-section-items-middle\" data-id=\"2c21b36\" data-element_type=\"section\" data-settings=\"{&quot;background_background&quot;:&quot;gradient&quot;}\">\n\t\t\t\t\t\t\t<div class=\"elementor-background-overlay\"><\/div>\n\t\t\t\t\t\t\t<div class=\"elementor-container elementor-column-gap-default\">\n\t\t\t\t\t<div class=\"elementor-column elementor-col-100 elementor-top-column elementor-element elementor-element-3f70983\" data-id=\"3f70983\" data-element_type=\"column\">\n\t\t\t<div class=\"elementor-widget-wrap elementor-element-populated\">\n\t\t\t\t\t\t<div class=\"elementor-element elementor-element-b1599d4 elementor-widget__width-initial elementor-widget elementor-widget-heading\" data-id=\"b1599d4\" data-element_type=\"widget\" data-widget_type=\"heading.default\">\n\t\t\t\t<div class=\"elementor-widget-container\">\n\t\t\t\t\t<h1 class=\"elementor-heading-title elementor-size-default\">Deguna starpsienas oper\u0101cija<\/h1>\t\t\t\t<\/div>\n\t\t\t\t<\/div>\n\t\t\t\t<div class=\"elementor-element elementor-element-52d1287 elementor-widget elementor-widget-text-editor\" data-id=\"52d1287\" data-element_type=\"widget\" data-widget_type=\"text-editor.default\">\n\t\t\t\t<div class=\"elementor-widget-container\">\n\t\t\t\t\t\t\t\t\t<p><a href=\"https:\/\/www.healthline.com\/health\/septoplasty\" target=\"_blank\" rel=\"noopener\"><span style=\"font-weight: 400;\">Septoplastika<\/span><\/a><span style=\"font-weight: 400;\">, kas paz\u012bstama ar\u012b k\u0101 starpsienas \u0137irur\u0123ija, ir \u0137irur\u0123iska proced\u016bra, kas paredz\u0113ta, lai kori\u0123\u0113tu novirz\u012btu starpsienu.<\/span><\/p>\t\t\t\t\t\t\t\t<\/div>\n\t\t\t\t<\/div>\n\t\t\t\t<div class=\"elementor-element elementor-element-7179fe7 elementor-widget__width-auto elementor-widget elementor-widget-button\" data-id=\"7179fe7\" data-element_type=\"widget\" data-widget_type=\"button.default\">\n\t\t\t\t<div class=\"elementor-widget-container\">\n\t\t\t\t\t\t\t\t\t<div class=\"elementor-button-wrapper\">\n\t\t\t\t\t<a class=\"elementor-button elementor-button-link elementor-size-sm\" href=\"https:\/\/ninaplastika.eu\/lv\/hinnakiri\/\">\n\t\t\t\t\t\t<span class=\"elementor-button-content-wrapper\">\n\t\t\t\t\t\t\t\t\t<span class=\"elementor-button-text\">Cenr\u0101dis<\/span>\n\t\t\t\t\t<\/span>\n\t\t\t\t\t<\/a>\n\t\t\t\t<\/div>\n\t\t\t\t\t\t\t\t<\/div>\n\t\t\t\t<\/div>\n\t\t\t\t<div class=\"elementor-element elementor-element-09ff6b2 elementor-widget__width-auto elementor-widget elementor-widget-button\" data-id=\"09ff6b2\" data-element_type=\"widget\" data-widget_type=\"button.default\">\n\t\t\t\t<div class=\"elementor-widget-container\">\n\t\t\t\t\t\t\t\t\t<div class=\"elementor-button-wrapper\">\n\t\t\t\t\t<a class=\"elementor-button elementor-button-link elementor-size-sm\" href=\"https:\/\/www.veebiregistratuur.ee\/fertilitas\/?employee=RrNyOpOr6o\" target=\"_blank\" rel=\"noopener\">\n\t\t\t\t\t\t<span class=\"elementor-button-content-wrapper\">\n\t\t\t\t\t\t\t\t\t<span class=\"elementor-button-text\">Rezerv\u0113jiet pie\u0146em\u0161anu<\/span>\n\t\t\t\t\t<\/span>\n\t\t\t\t\t<\/a>\n\t\t\t\t<\/div>\n\t\t\t\t\t\t\t\t<\/div>\n\t\t\t\t<\/div>\n\t\t\t\t\t<\/div>\n\t\t<\/div>\n\t\t\t\t\t<\/div>\n\t\t<\/section>\n\t\t\t\t<section class=\"elementor-section elementor-top-section elementor-element elementor-element-3046cdb elementor-section-boxed elementor-section-height-default elementor-section-height-default\" data-id=\"3046cdb\" data-element_type=\"section\">\n\t\t\t\t\t\t<div class=\"elementor-container elementor-column-gap-default\">\n\t\t\t\t\t<div class=\"elementor-column elementor-col-50 elementor-top-column elementor-element elementor-element-9a84639\" data-id=\"9a84639\" data-element_type=\"column\">\n\t\t\t<div class=\"elementor-widget-wrap elementor-element-populated\">\n\t\t\t\t\t\t<div class=\"elementor-element elementor-element-32f08ce elementor-widget elementor-widget-text-editor\" data-id=\"32f08ce\" data-element_type=\"widget\" data-widget_type=\"text-editor.default\">\n\t\t\t\t<div class=\"elementor-widget-container\">\n\t\t\t\t\t\t\t\t\t<p><span style=\"font-weight: 400;\">Deguna starpsiena ir pl\u0101na kaula un skrim\u0161\u013ca strukt\u016bra, kas atdala degunu div\u0101s ej\u0101s. Ja tas ir saliekts vai izme\u017e\u0123\u012bjis, tas var rad\u012bt apgr\u016btin\u0101tu elpo\u0161anu un citas ne\u0113rt\u012bbas. Septoplastika ir izplat\u012bta oper\u0101cija, lai uzlabotu deguna darb\u012bbu un l\u012bdz ar to ar\u012b pacienta dz\u012bves kvalit\u0101ti.<\/span><\/p>\t\t\t\t\t\t\t\t<\/div>\n\t\t\t\t<\/div>\n\t\t\t\t<div class=\"elementor-element elementor-element-2fecd93 elementor-widget elementor-widget-toggle\" data-id=\"2fecd93\" data-element_type=\"widget\" data-widget_type=\"toggle.default\">\n\t\t\t\t<div class=\"elementor-widget-container\">\n\t\t\t\t\t\t\t<div class=\"elementor-toggle\">\n\t\t\t\t\t\t\t<div class=\"elementor-toggle-item\">\n\t\t\t\t\t<h3 id=\"elementor-tab-title-5021\" class=\"elementor-tab-title\" data-tab=\"1\" role=\"button\" aria-controls=\"elementor-tab-content-5021\" aria-expanded=\"false\">\n\t\t\t\t\t\t\t\t\t\t\t\t<span class=\"elementor-toggle-icon elementor-toggle-icon-left\" aria-hidden=\"true\">\n\t\t\t\t\t\t\t\t\t\t\t\t\t\t\t<span class=\"elementor-toggle-icon-closed\"><i class=\"fas fa-caret-right\"><\/i><\/span>\n\t\t\t\t\t\t\t\t<span class=\"elementor-toggle-icon-opened\"><i class=\"elementor-toggle-icon-opened fas fa-caret-up\"><\/i><\/span>\n\t\t\t\t\t\t\t\t\t\t\t\t\t<\/span>\n\t\t\t\t\t\t\t\t\t\t\t\t<a class=\"elementor-toggle-title\" tabindex=\"0\">Novirz\u012btas starpsienas simptomi<\/a>\n\t\t\t\t\t<\/h3>\n\n\t\t\t\t\t<div id=\"elementor-tab-content-5021\" class=\"elementor-tab-content elementor-clearfix\" data-tab=\"1\" role=\"region\" aria-labelledby=\"elementor-tab-title-5021\"><p><span style=\"font-weight: 400;\">Novirz\u012bta deguna starpsiena var izrais\u012bt vair\u0101kus nepat\u012bkamus simptomus, kas var b\u016btiski ietekm\u0113t cilv\u0113ka ikdienu. Galvenie simptomi ir:<\/span><\/p><ul><li style=\"font-weight: 400;\" aria-level=\"1\"><span style=\"font-weight: 400;\">Hronisks deguna nosprostojums \u2013 viena vai abas n\u0101sis var justies past\u0101v\u012bgi aizsprostotas;<\/span><\/li><li style=\"font-weight: 400;\" aria-level=\"1\"><span style=\"font-weight: 400;\">Mutes elpo\u0161ana \u2013 ir apgr\u016btin\u0101ta gaisa kust\u012bba caur degunu, t\u0101p\u0113c past\u0101v\u012bgi ir nepiecie\u0161ams elpot caur muti;<\/span><\/li><li style=\"font-weight: 400;\" aria-level=\"1\"><span style=\"font-weight: 400;\">Bie\u017ea deguna asi\u0146o\u0161ana \u2013 novirz\u012bta deguna starpsiena var izrais\u012bt deguna g\u013cot\u0101das sausumu un trauslumu;<\/span><\/li><li style=\"font-weight: 400;\" aria-level=\"1\"><span style=\"font-weight: 400;\">Galvass\u0101pes \u2013 ja deguna starpsiena ir \u013coti izliekta, t\u0101 var saskarties ar deguna s\u0101nu sienas strukt\u016br\u0101m un izrais\u012bt bie\u017eas galvass\u0101pes.<\/span><\/li><li style=\"font-weight: 400;\" aria-level=\"1\"><span style=\"font-weight: 400;\">Kr\u0101k\u0161ana un miega apnoja \u2013 trauc\u0113ta gaisa pl\u016bsma var izrais\u012bt kr\u0101k\u0161anu un da\u017eos gad\u012bjumos pat miega apnoja.<\/span><\/li><\/ul><p><span style=\"font-weight: 400;\">Ja ir iepriek\u0161 aprakst\u012bt\u0101s s\u016bdz\u012bbas un \u0101rsts apstiprina starpsienas izliekumu, var b\u016bt nepiecie\u0161ama deguna starpsienas oper\u0101cija.<\/span><\/p><\/div>\n\t\t\t\t<\/div>\n\t\t\t\t\t\t\t<div class=\"elementor-toggle-item\">\n\t\t\t\t\t<h3 id=\"elementor-tab-title-5022\" class=\"elementor-tab-title\" data-tab=\"2\" role=\"button\" aria-controls=\"elementor-tab-content-5022\" aria-expanded=\"false\">\n\t\t\t\t\t\t\t\t\t\t\t\t<span class=\"elementor-toggle-icon elementor-toggle-icon-left\" aria-hidden=\"true\">\n\t\t\t\t\t\t\t\t\t\t\t\t\t\t\t<span class=\"elementor-toggle-icon-closed\"><i class=\"fas fa-caret-right\"><\/i><\/span>\n\t\t\t\t\t\t\t\t<span class=\"elementor-toggle-icon-opened\"><i class=\"elementor-toggle-icon-opened fas fa-caret-up\"><\/i><\/span>\n\t\t\t\t\t\t\t\t\t\t\t\t\t<\/span>\n\t\t\t\t\t\t\t\t\t\t\t\t<a class=\"elementor-toggle-title\" tabindex=\"0\">Septoplastika ar rinoplastiku<\/a>\n\t\t\t\t\t<\/h3>\n\n\t\t\t\t\t<div id=\"elementor-tab-content-5022\" class=\"elementor-tab-content elementor-clearfix\" data-tab=\"2\" role=\"region\" aria-labelledby=\"elementor-tab-title-5022\"><p><span style=\"font-weight: 400;\">Ja pacients v\u0113las main\u012bt deguna izskatu, bet ir ar\u012b deguna elpo\u0161anas probl\u0113mas, ko izraisa deguna starpsienas izliekums, nav ieteicams veikt deguna starpsienas oper\u0101ciju iepriek\u0161 ar slimokases finans\u0113jumu. Proti, starpsienas skrim\u0161\u013ca da\u013ca ir ar\u012b noz\u012bm\u012bgs balsta materi\u0101ls \u0101r\u0113j\u0101 deguna strukt\u016br\u0101m, un iepriek\u0161 veikt\u0101 septoplastika var boj\u0101t skrim\u0161\u013cus. Tas savuk\u0101rt var iev\u0113rojami sare\u017e\u0123\u012bt\u0101ku un d\u0101rg\u0101ku n\u0101kotn\u0113 veikto est\u0113tisko rinoplastiku.<\/span><\/p><p><span style=\"font-weight: 400;\">Ja dom\u0101 par rinoplastikas proced\u016bru kosm\u0113tisk\u0101 nol\u016bk\u0101, bet ir ar\u012b elpo\u0161anas probl\u0113mas, pirms funkcion\u0101l\u0101s oper\u0101cijas veik\u0161anas ir sapr\u0101t\u012bgi konsult\u0113ties ar kosm\u0113tisko \u0137irurgu un nepiecie\u0161am\u012bbas gad\u012bjum\u0101 \u0161\u012bs oper\u0101cijas veikt kop\u0101. Parasti tas jums nepadara apmaks\u0101to samazin\u0101jumu d\u0101rg\u0101ku, tie\u0161i otr\u0101di. <\/span><\/p><\/div>\n\t\t\t\t<\/div>\n\t\t\t\t\t\t\t<div class=\"elementor-toggle-item\">\n\t\t\t\t\t<h3 id=\"elementor-tab-title-5023\" class=\"elementor-tab-title\" data-tab=\"3\" role=\"button\" aria-controls=\"elementor-tab-content-5023\" aria-expanded=\"false\">\n\t\t\t\t\t\t\t\t\t\t\t\t<span class=\"elementor-toggle-icon elementor-toggle-icon-left\" aria-hidden=\"true\">\n\t\t\t\t\t\t\t\t\t\t\t\t\t\t\t<span class=\"elementor-toggle-icon-closed\"><i class=\"fas fa-caret-right\"><\/i><\/span>\n\t\t\t\t\t\t\t\t<span class=\"elementor-toggle-icon-opened\"><i class=\"elementor-toggle-icon-opened fas fa-caret-up\"><\/i><\/span>\n\t\t\t\t\t\t\t\t\t\t\t\t\t<\/span>\n\t\t\t\t\t\t\t\t\t\t\t\t<a class=\"elementor-toggle-title\" tabindex=\"0\">Sagatavo\u0161an\u0101s un atvese\u013co\u0161an\u0101s septoplastikai<\/a>\n\t\t\t\t\t<\/h3>\n\n\t\t\t\t\t<div id=\"elementor-tab-content-5023\" class=\"elementor-tab-content elementor-clearfix\" data-tab=\"3\" role=\"region\" aria-labelledby=\"elementor-tab-title-5023\"><p><span style=\"font-weight: 400;\">Pirms oper\u0101cijas j\u0101veic r\u016bp\u012bga medic\u012bnisk\u0101 p\u0101rbaude un nepiecie\u0161amie testi. \u0100rsts izv\u0113rt\u0113 deguna anatomiju un nepiecie\u0161am\u012bbas gad\u012bjum\u0101 var veikt deguna endoskopiju un datortomogr\u0101fiju. Laika posm\u0101 pirms un p\u0113c oper\u0101cijas ir j\u0101iev\u0113ro \u0101rsta dotie nor\u0101d\u012bjumi, lai oper\u0101cija un atvese\u013co\u0161an\u0101s no t\u0101s norit\u0113tu p\u0113c iesp\u0113jas raiti. Piem\u0113ram, ir ieteicams atmest sm\u0113\u0137\u0113\u0161anu vismaz divas ned\u0113\u013cas pirms oper\u0101cijas.<\/span><\/p><p><span style=\"font-weight: 400;\">S\u0101kotn\u0113j\u0101 atvese\u013co\u0161an\u0101s p\u0113c septoplastikas parasti ilgst 1-2 ned\u0113\u013cas. \u0160aj\u0101 laik\u0101 j\u0101izvair\u0101s no fiziskas slodzes un neiet uz pirti. Pirmaj\u0101s dien\u0101s p\u0113c oper\u0101cijas var rasties aizlikts deguns, s\u0101pes un diskomforts. Atkar\u012bb\u0101 no izv\u0113l\u0113t\u0101s \u0137irur\u0123isk\u0101s tehnikas deguna kan\u0101los starpsienas atbalstam var palikt plastmasas vai silikona pl\u0101ksnes, kuras tiek iz\u0146emtas 4-7 dienas p\u0113c oper\u0101cijas. Piln\u012bga deguna funkciju stabiliz\u0101cija un atjauno\u0161ana var ilgt 3-6 m\u0113ne\u0161us.<\/span><\/p><\/div>\n\t\t\t\t<\/div>\n\t\t\t\t\t\t\t\t<\/div>\n\t\t\t\t\t\t<\/div>\n\t\t\t\t<\/div>\n\t\t\t\t<div class=\"elementor-element elementor-element-2a443a6 elementor-widget__width-auto elementor-widget elementor-widget-button\" data-id=\"2a443a6\" data-element_type=\"widget\" data-widget_type=\"button.default\">\n\t\t\t\t<div class=\"elementor-widget-container\">\n\t\t\t\t\t\t\t\t\t<div class=\"elementor-button-wrapper\">\n\t\t\t\t\t<a class=\"elementor-button elementor-button-link elementor-size-sm\" href=\"https:\/\/www.veebiregistratuur.ee\/fertilitas\/?employee=RrNyOpOr6o\" target=\"_blank\" rel=\"noopener\">\n\t\t\t\t\t\t<span class=\"elementor-button-content-wrapper\">\n\t\t\t\t\t\t\t\t\t<span class=\"elementor-button-text\">Rezerv\u0113jiet pie\u0146em\u0161anu<\/span>\n\t\t\t\t\t<\/span>\n\t\t\t\t\t<\/a>\n\t\t\t\t<\/div>\n\t\t\t\t\t\t\t\t<\/div>\n\t\t\t\t<\/div>\n\t\t\t\t<div class=\"elementor-element elementor-element-e18ee5b elementor-widget__width-initial elementor-widget elementor-widget-heading\" data-id=\"e18ee5b\" data-element_type=\"widget\" data-widget_type=\"heading.default\">\n\t\t\t\t<div class=\"elementor-widget-container\">\n\t\t\t\t\t<h2 class=\"elementor-heading-title elementor-size-default\">Septoplastikas cena<\/h2>\t\t\t\t<\/div>\n\t\t\t\t<\/div>\n\t\t\t\t<div class=\"elementor-element elementor-element-20a42b1 elementor-widget elementor-widget-text-editor\" data-id=\"20a42b1\" data-element_type=\"widget\" data-widget_type=\"text-editor.default\">\n\t\t\t\t<div class=\"elementor-widget-container\">\n\t\t\t\t\t\t\t\t\t<p><span style=\"font-weight: 400;\">Deguna starpsienas oper\u0101cijas izmaksas var at\u0161\u0137irties atkar\u012bb\u0101 no vair\u0101kiem faktoriem. Igaunij\u0101 deguna starpsienas oper\u0101ciju vai septoplastiku parasti sedz slimokase, ja tas ir medic\u012bniski nor\u0101d\u012bts. Tas noz\u012bm\u0113, ka pacientam, kuram konstat\u0113ta deguna starpsienas novirze un no t\u0101 izrieto\u0161\u0101s vesel\u012bbas probl\u0113mas, par oper\u0101ciju nav j\u0101maks\u0101 pa\u0161am. Priv\u0101taj\u0101s kl\u012bnik\u0101s septoplastika var b\u016bt maksas proced\u016bra.<\/span><\/p><p><span style=\"font-weight: 400;\">Ja oper\u0101cija tiek veikta priv\u0101t\u0101 kl\u012bnik\u0101 bez Slimokases finans\u0113juma, deguna starpsienas oper\u0101cijas cena var b\u016bt no 1500 l\u012bdz 3000 eiro. Prec\u012bza cena ir atkar\u012bga no konkr\u0113t\u0101 gad\u012bjuma un izv\u0113l\u0113t\u0101 \u0137irurga.<\/span><\/p><p><span style=\"font-weight: 400;\">Ir svar\u012bgi atcer\u0113ties, ka septoplastika ir medic\u012bniska proced\u016bra, nevis kosm\u0113tisk\u0101 \u0137irur\u0123ija. T\u0101s m\u0113r\u0137is ir uzlabot deguna darb\u012bbu, nevis main\u012bt deguna izskatu.<\/span><\/p>\t\t\t\t\t\t\t\t<\/div>\n\t\t\t\t<\/div>\n\t\t\t\t<div class=\"elementor-element elementor-element-d428673 elementor-widget__width-auto elementor-widget elementor-widget-button\" data-id=\"d428673\" data-element_type=\"widget\" data-widget_type=\"button.default\">\n\t\t\t\t<div class=\"elementor-widget-container\">\n\t\t\t\t\t\t\t\t\t<div class=\"elementor-button-wrapper\">\n\t\t\t\t\t<a class=\"elementor-button elementor-button-link elementor-size-sm\" href=\"https:\/\/ninaplastika.eu\/lv\/hinnakiri\/\">\n\t\t\t\t\t\t<span class=\"elementor-button-content-wrapper\">\n\t\t\t\t\t\t\t\t\t<span class=\"elementor-button-text\">Cenr\u0101dis<\/span>\n\t\t\t\t\t<\/span>\n\t\t\t\t\t<\/a>\n\t\t\t\t<\/div>\n\t\t\t\t\t\t\t\t<\/div>\n\t\t\t\t<\/div>\n\t\t\t\t<div class=\"elementor-element elementor-element-fd6db67 elementor-widget__width-auto elementor-widget elementor-widget-button\" data-id=\"fd6db67\" data-element_type=\"widget\" data-widget_type=\"button.default\">\n\t\t\t\t<div class=\"elementor-widget-container\">\n\t\t\t\t\t\t\t\t\t<div class=\"elementor-button-wrapper\">\n\t\t\t\t\t<a class=\"elementor-button elementor-button-link elementor-size-sm\" href=\"https:\/\/www.veebiregistratuur.ee\/fertilitas\/?employee=RrNyOpOr6o\" target=\"_blank\" rel=\"noopener\">\n\t\t\t\t\t\t<span class=\"elementor-button-content-wrapper\">\n\t\t\t\t\t\t\t\t\t<span class=\"elementor-button-text\">Rezerv\u0113jiet pie\u0146em\u0161anu<\/span>\n\t\t\t\t\t<\/span>\n\t\t\t\t\t<\/a>\n\t\t\t\t<\/div>\n\t\t\t\t\t\t\t\t<\/div>\n\t\t\t\t<\/div>\n\t\t\t\t\t<\/div>\n\t\t<\/div>\n\t\t\t\t<div class=\"elementor-column elementor-col-50 elementor-top-column elementor-element elementor-element-d6b7008\" data-id=\"d6b7008\" data-element_type=\"column\">\n\t\t\t<div class=\"elementor-widget-wrap elementor-element-populated\">\n\t\t\t\t\t\t<div class=\"elementor-element elementor-element-082f3ae elementor-widget elementor-widget-gallery\" data-id=\"082f3ae\" data-element_type=\"widget\" data-settings=\"{&quot;columns&quot;:1,&quot;aspect_ratio&quot;:&quot;4:3&quot;,&quot;lazyload&quot;:&quot;yes&quot;,&quot;gallery_layout&quot;:&quot;grid&quot;,&quot;columns_tablet&quot;:2,&quot;columns_mobile&quot;:1,&quot;gap&quot;:{&quot;unit&quot;:&quot;px&quot;,&quot;size&quot;:10,&quot;sizes&quot;:[]},&quot;gap_tablet&quot;:{&quot;unit&quot;:&quot;px&quot;,&quot;size&quot;:10,&quot;sizes&quot;:[]},&quot;gap_mobile&quot;:{&quot;unit&quot;:&quot;px&quot;,&quot;size&quot;:10,&quot;sizes&quot;:[]},&quot;link_to&quot;:&quot;file&quot;,&quot;overlay_background&quot;:&quot;yes&quot;,&quot;content_hover_animation&quot;:&quot;fade-in&quot;}\" data-widget_type=\"gallery.default\">\n\t\t\t\t<div class=\"elementor-widget-container\">\n\t\t\t\t\t\t\t<div class=\"elementor-gallery__container\">\n\t\t\t\t\t\t\t<a class=\"e-gallery-item elementor-gallery-item elementor-animated-content\" href=\"https:\/\/ninaplastika.eu\/wp-content\/uploads\/2024\/12\/Erik-Luht-Portfoolio-301.webp\" data-elementor-open-lightbox=\"yes\" data-elementor-lightbox-slideshow=\"082f3ae\" data-elementor-lightbox-title=\"1 aasta peale operatsiooni\" data-e-action-hash=\"#elementor-action%3Aaction%3Dlightbox%26settings%3DeyJpZCI6MTY3NTcsInVybCI6Imh0dHBzOlwvXC9uaW5hcGxhc3Rpa2EuZXVcL3dwLWNvbnRlbnRcL3VwbG9hZHNcLzIwMjRcLzEyXC9FcmlrLUx1aHQtUG9ydGZvb2xpby0zMDEud2VicCIsInNsaWRlc2hvdyI6IjA4MmYzYWUifQ%3D%3D\">\n\t\t\t\t\t<div class=\"e-gallery-image elementor-gallery-item__image\" data-thumbnail=\"https:\/\/ninaplastika.eu\/wp-content\/uploads\/2024\/12\/Erik-Luht-Portfoolio-301.webp\" data-width=\"1800\" data-height=\"1800\" aria-label=\"\" role=\"img\" ><\/div>\n\t\t\t\t\t\t\t\t\t\t\t<div class=\"elementor-gallery-item__overlay\"><\/div>\n\t\t\t\t\t\t\t\t\t\t\t\t\t\t<\/a>\n\t\t\t\t\t\t\t<a class=\"e-gallery-item elementor-gallery-item elementor-animated-content\" href=\"https:\/\/ninaplastika.eu\/wp-content\/uploads\/2024\/12\/Erik-Luht-Portfoolio-334.webp\" data-elementor-open-lightbox=\"yes\" data-elementor-lightbox-slideshow=\"082f3ae\" data-elementor-lightbox-title=\"3 kuud peale operatsiooni\" data-e-action-hash=\"#elementor-action%3Aaction%3Dlightbox%26settings%3DeyJpZCI6MTY3NzgsInVybCI6Imh0dHBzOlwvXC9uaW5hcGxhc3Rpa2EuZXVcL3dwLWNvbnRlbnRcL3VwbG9hZHNcLzIwMjRcLzEyXC9FcmlrLUx1aHQtUG9ydGZvb2xpby0zMzQud2VicCIsInNsaWRlc2hvdyI6IjA4MmYzYWUifQ%3D%3D\">\n\t\t\t\t\t<div class=\"e-gallery-image elementor-gallery-item__image\" data-thumbnail=\"https:\/\/ninaplastika.eu\/wp-content\/uploads\/2024\/12\/Erik-Luht-Portfoolio-334.webp\" data-width=\"1800\" data-height=\"1800\" aria-label=\"\" role=\"img\" ><\/div>\n\t\t\t\t\t\t\t\t\t\t\t<div class=\"elementor-gallery-item__overlay\"><\/div>\n\t\t\t\t\t\t\t\t\t\t\t\t\t\t<\/a>\n\t\t\t\t\t<\/div>\n\t\t\t\t\t<\/div>\n\t\t\t\t<\/div>\n\t\t\t\t\t<\/div>\n\t\t<\/div>\n\t\t\t\t\t<\/div>\n\t\t<\/section>\n\t\t\t\t<\/div>","protected":false},"excerpt":{"rendered":"<p>Ninavaheseina operatsioon Septoplastika, teise nimega ninavaheseina operatsioon, on kirurgiline protseduur, mille eesm\u00e4rk on korrigeerida k\u00f5rvalekaldunud ninavaheseina. Hinnakiri Broneeri vastuv\u00f5tt Ninavahesein on \u00f5huke luust ja k\u00f5hrest koosnev struktuur, mis eraldab nina kaheks k\u00e4iguks. Kui see on k\u00f5verdunud v\u00f5i nihkunud, v\u00f5ib see p\u00f5hjustada hingamisraskusi ja muid ebamugavusi. Septoplastika on levinud operatsioon, et parandada nina funktsiooni ja seel\u00e4bi [&hellip;]<\/p>\n","protected":false},"author":4,"featured_media":0,"parent":0,"menu_order":0,"comment_status":"closed","ping_status":"closed","template":"","meta":{"footnotes":""},"categories":[],"tags":[],"class_list":["post-17175","page","type-page","status-publish","hentry"],"_links":{"self":[{"href":"https:\/\/ninaplastika.eu\/lv\/wp-json\/wp\/v2\/pages\/17175","targetHints":{"allow":["GET"]}}],"collection":[{"href":"https:\/\/ninaplastika.eu\/lv\/wp-json\/wp\/v2\/pages"}],"about":[{"href":"https:\/\/ninaplastika.eu\/lv\/wp-json\/wp\/v2\/types\/page"}],"author":[{"embeddable":true,"href":"https:\/\/ninaplastika.eu\/lv\/wp-json\/wp\/v2\/users\/4"}],"replies":[{"embeddable":true,"href":"https:\/\/ninaplastika.eu\/lv\/wp-json\/wp\/v2\/comments?post=17175"}],"version-history":[{"count":17,"href":"https:\/\/ninaplastika.eu\/lv\/wp-json\/wp\/v2\/pages\/17175\/revisions"}],"predecessor-version":[{"id":17271,"href":"https:\/\/ninaplastika.eu\/lv\/wp-json\/wp\/v2\/pages\/17175\/revisions\/17271"}],"wp:attachment":[{"href":"https:\/\/ninaplastika.eu\/lv\/wp-json\/wp\/v2\/media?parent=17175"}],"wp:term":[{"taxonomy":"category","embeddable":true,"href":"https:\/\/ninaplastika.eu\/lv\/wp-json\/wp\/v2\/categories?post=17175"},{"taxonomy":"post_tag","embeddable":true,"href":"https:\/\/ninaplastika.eu\/lv\/wp-json\/wp\/v2\/tags?post=17175"}],"curies":[{"name":"wp","href":"https:\/\/api.w.org\/{rel}","templated":true}]}}