{"id":17204,"date":"2025-01-14T10:57:43","date_gmt":"2025-01-14T08:57:43","guid":{"rendered":"https:\/\/ninaplastika.eu\/v2\/?page_id=17204"},"modified":"2025-01-15T12:16:36","modified_gmt":"2025-01-15T10:16:36","slug":"otoplastika","status":"publish","type":"page","link":"https:\/\/ninaplastika.eu\/lv\/otoplastika\/","title":{"rendered":"Otoplastika"},"content":{"rendered":"<div data-elementor-type=\"wp-page\" data-elementor-id=\"17204\" class=\"elementor elementor-17204\" data-elementor-post-type=\"page\">\n\t\t\t\t\t\t<section class=\"elementor-section elementor-top-section elementor-element elementor-element-2c21b36 elementor-section-height-min-height elementor-section-boxed elementor-section-height-default elementor-section-items-middle\" data-id=\"2c21b36\" data-element_type=\"section\" data-settings=\"{&quot;background_background&quot;:&quot;gradient&quot;}\">\n\t\t\t\t\t\t\t<div class=\"elementor-background-overlay\"><\/div>\n\t\t\t\t\t\t\t<div class=\"elementor-container elementor-column-gap-default\">\n\t\t\t\t\t<div class=\"elementor-column elementor-col-100 elementor-top-column elementor-element elementor-element-3f70983\" data-id=\"3f70983\" data-element_type=\"column\">\n\t\t\t<div class=\"elementor-widget-wrap elementor-element-populated\">\n\t\t\t\t\t\t<div class=\"elementor-element elementor-element-b1599d4 elementor-widget__width-initial elementor-widget elementor-widget-heading\" data-id=\"b1599d4\" data-element_type=\"widget\" data-widget_type=\"heading.default\">\n\t\t\t\t<div class=\"elementor-widget-container\">\n\t\t\t\t\t<h1 class=\"elementor-heading-title elementor-size-default\">Otoplastika jeb ausu korekcijas oper\u0101cija<\/h1>\t\t\t\t<\/div>\n\t\t\t\t<\/div>\n\t\t\t\t<div class=\"elementor-element elementor-element-7179fe7 elementor-widget__width-auto elementor-widget elementor-widget-button\" data-id=\"7179fe7\" data-element_type=\"widget\" data-widget_type=\"button.default\">\n\t\t\t\t<div class=\"elementor-widget-container\">\n\t\t\t\t\t\t\t\t\t<div class=\"elementor-button-wrapper\">\n\t\t\t\t\t<a class=\"elementor-button elementor-button-link elementor-size-sm\" href=\"https:\/\/ninaplastika.eu\/lv\/hinnakiri\/\">\n\t\t\t\t\t\t<span class=\"elementor-button-content-wrapper\">\n\t\t\t\t\t\t\t\t\t<span class=\"elementor-button-text\">Cenr\u0101dis<\/span>\n\t\t\t\t\t<\/span>\n\t\t\t\t\t<\/a>\n\t\t\t\t<\/div>\n\t\t\t\t\t\t\t\t<\/div>\n\t\t\t\t<\/div>\n\t\t\t\t<div class=\"elementor-element elementor-element-09ff6b2 elementor-widget__width-auto elementor-widget elementor-widget-button\" data-id=\"09ff6b2\" data-element_type=\"widget\" data-widget_type=\"button.default\">\n\t\t\t\t<div class=\"elementor-widget-container\">\n\t\t\t\t\t\t\t\t\t<div class=\"elementor-button-wrapper\">\n\t\t\t\t\t<a class=\"elementor-button elementor-button-link elementor-size-sm\" href=\"https:\/\/www.veebiregistratuur.ee\/fertilitas\/?employee=RrNyOpOr6o\" target=\"_blank\" rel=\"noopener\">\n\t\t\t\t\t\t<span class=\"elementor-button-content-wrapper\">\n\t\t\t\t\t\t\t\t\t<span class=\"elementor-button-text\">Rezerv\u0113jiet pie\u0146em\u0161anu<\/span>\n\t\t\t\t\t<\/span>\n\t\t\t\t\t<\/a>\n\t\t\t\t<\/div>\n\t\t\t\t\t\t\t\t<\/div>\n\t\t\t\t<\/div>\n\t\t\t\t\t<\/div>\n\t\t<\/div>\n\t\t\t\t\t<\/div>\n\t\t<\/section>\n\t\t\t\t<section class=\"elementor-section elementor-top-section elementor-element elementor-element-3046cdb elementor-section-boxed elementor-section-height-default elementor-section-height-default\" data-id=\"3046cdb\" data-element_type=\"section\">\n\t\t\t\t\t\t<div class=\"elementor-container elementor-column-gap-default\">\n\t\t\t\t\t<div class=\"elementor-column elementor-col-50 elementor-top-column elementor-element elementor-element-9a84639\" data-id=\"9a84639\" data-element_type=\"column\">\n\t\t\t<div class=\"elementor-widget-wrap elementor-element-populated\">\n\t\t\t\t\t\t<div class=\"elementor-element elementor-element-32f08ce elementor-widget elementor-widget-text-editor\" data-id=\"32f08ce\" data-element_type=\"widget\" data-widget_type=\"text-editor.default\">\n\t\t\t\t<div class=\"elementor-widget-container\">\n\t\t\t\t\t\t\t\t\t<p><a href=\"https:\/\/en.wikipedia.org\/wiki\/Otoplasty\" target=\"_blank\" rel=\"noopener\"><span style=\"font-weight: 400;\">Otoplastika<\/span><\/a><span style=\"font-weight: 400;\">, kas paz\u012bstama ar\u012b k\u0101 ausu korekcijas oper\u0101cija vai ausu plastisk\u0101 \u0137irur\u0123ija, ir plastisk\u0101s \u0137irur\u0123ijas proced\u016bra, kuras m\u0113r\u0137is ir main\u012bt ausu formu vai st\u0101vokli. T\u0101 ir viena no visizplat\u012bt\u0101kaj\u0101m kosm\u0113tisk\u0101s \u0137irur\u0123ijas proced\u016br\u0101m, ko veic gan b\u0113rniem, gan pieaugu\u0161ajiem. Ausu \u0137irur\u0123ija var iev\u0113rojami uzlabot cilv\u0113ka izskatu un pa\u0161apzi\u0146u, \u012bpa\u0161i, ja ausis ir skaidri novietotas no galvas vai t\u0101m ir neparasta forma.<\/span><\/p>\t\t\t\t\t\t\t\t<\/div>\n\t\t\t\t<\/div>\n\t\t\t\t<div class=\"elementor-element elementor-element-2fecd93 elementor-widget elementor-widget-toggle\" data-id=\"2fecd93\" data-element_type=\"widget\" data-widget_type=\"toggle.default\">\n\t\t\t\t<div class=\"elementor-widget-container\">\n\t\t\t\t\t\t\t<div class=\"elementor-toggle\">\n\t\t\t\t\t\t\t<div class=\"elementor-toggle-item\">\n\t\t\t\t\t<h3 id=\"elementor-tab-title-5021\" class=\"elementor-tab-title\" data-tab=\"1\" role=\"button\" aria-controls=\"elementor-tab-content-5021\" aria-expanded=\"false\">\n\t\t\t\t\t\t\t\t\t\t\t\t<span class=\"elementor-toggle-icon elementor-toggle-icon-left\" aria-hidden=\"true\">\n\t\t\t\t\t\t\t\t\t\t\t\t\t\t\t<span class=\"elementor-toggle-icon-closed\"><i class=\"fas fa-caret-right\"><\/i><\/span>\n\t\t\t\t\t\t\t\t<span class=\"elementor-toggle-icon-opened\"><i class=\"elementor-toggle-icon-opened fas fa-caret-up\"><\/i><\/span>\n\t\t\t\t\t\t\t\t\t\t\t\t\t<\/span>\n\t\t\t\t\t\t\t\t\t\t\t\t<a class=\"elementor-toggle-title\" tabindex=\"0\">Kosm\u0113tisk\u0101s ausu oper\u0101cijas iemesli<\/a>\n\t\t\t\t\t<\/h3>\n\n\t\t\t\t\t<div id=\"elementor-tab-content-5021\" class=\"elementor-tab-content elementor-clearfix\" data-tab=\"1\" role=\"region\" aria-labelledby=\"elementor-tab-title-5021\"><p><span style=\"font-weight: 400;\">Ausu korekcijas oper\u0101cija tiek izlemta vair\u0101ku iemeslu d\u0113\u013c. Viens no galvenajiem iemesliem ir ausis, kas kar\u0101jas prom no galvas, kas var likt cilv\u0113kam justies nedro\u0161i. B\u0113rniem tas nereti ir c\u0113lonis iebied\u0113\u0161anai skol\u0101, t\u0101p\u0113c b\u0113rns un vi\u0146a vec\u0101ki v\u0113las izlabot ausis pirms do\u0161an\u0101s uz skolu. T\u0101d\u0101 veid\u0101 rinoplastika ie\u0146em noz\u012bm\u012bgu vietu ar\u012b gar\u012bg\u0101s vesel\u012bbas zi\u0146\u0101. Citi iemesli var b\u016bt:<\/span><\/p><ul><li style=\"font-weight: 400;\" aria-level=\"1\"><span style=\"font-weight: 400;\">izmest neparastu formu vai izm\u0113ru;<\/span><\/li><li style=\"font-weight: 400;\" aria-level=\"1\"><span style=\"font-weight: 400;\">s\u0113klinieku asimetrija;<\/span><\/li><li style=\"font-weight: 400;\" aria-level=\"1\"><span style=\"font-weight: 400;\">traumu izrais\u012btas deform\u0101cijas.<\/span><\/li><\/ul><p><span style=\"font-weight: 400;\">Ir vair\u0101ki da\u017e\u0101di pa\u0146\u0113mieni otoplastikas veik\u0161anai Vairum\u0101 gad\u012bjumu oper\u0101cijas laik\u0101 noteikt\u0101s viet\u0101s skrimslis ir j\u0101nov\u0101jina un uz skrim\u0161\u013ca j\u0101uzst\u0101da past\u0101v\u012bgi pavedieni, lai saglab\u0101tu v\u0113lamo auss formu. Ir ar\u012b pa\u0146\u0113mieni, kuros past\u0101v\u012bgie pavedieni netiek novietoti uz papildu skrim\u0161\u013ca, bet rezult\u0101ts var nedaudz at\u0161\u0137irties. Konsult\u0101cijas laik\u0101 \u0137irurgs atrad\u012bs Jums piem\u0113rot\u0101ko risin\u0101jumu.\u00a0<\/span><\/p><p><span style=\"font-weight: 400;\">Ausu plastisk\u0101 \u0137irur\u0123ija parasti ir dienas \u0137irur\u0123ijas proced\u016bra, ko var veikt gan viet\u0113j\u0101 anest\u0113zij\u0101, gan visp\u0101r\u0113j\u0101 anest\u0113zij\u0101. Oper\u0101cija parasti ilgst 1-2 stundas, un pacients parasti var doties m\u0101j\u0101s taj\u0101 pa\u0161\u0101 dien\u0101. Atkar\u012bb\u0101 no izv\u0113l\u0113t\u0101s tehnikas dz\u012b\u0161anas perioda ilgums var at\u0161\u0137irties. S\u0101kotn\u0113j\u0101 atvese\u013co\u0161an\u0101s ilgst da\u017eas ned\u0113\u013cas. Da\u017eos gad\u012bjumos var b\u016bt nepiecie\u0161ams valk\u0101t galvas saiti 4 ned\u0113\u013cas p\u0113c oper\u0101cijas. <\/span><\/p><\/div>\n\t\t\t\t<\/div>\n\t\t\t\t\t\t\t\t<\/div>\n\t\t\t\t\t\t<\/div>\n\t\t\t\t<\/div>\n\t\t\t\t<div class=\"elementor-element elementor-element-2a443a6 elementor-widget__width-auto elementor-widget elementor-widget-button\" data-id=\"2a443a6\" data-element_type=\"widget\" data-widget_type=\"button.default\">\n\t\t\t\t<div class=\"elementor-widget-container\">\n\t\t\t\t\t\t\t\t\t<div class=\"elementor-button-wrapper\">\n\t\t\t\t\t<a class=\"elementor-button elementor-button-link elementor-size-sm\" href=\"https:\/\/www.veebiregistratuur.ee\/fertilitas\/?employee=RrNyOpOr6o\" target=\"_blank\" rel=\"noopener\">\n\t\t\t\t\t\t<span class=\"elementor-button-content-wrapper\">\n\t\t\t\t\t\t\t\t\t<span class=\"elementor-button-text\">Rezerv\u0113jiet pie\u0146em\u0161anu<\/span>\n\t\t\t\t\t<\/span>\n\t\t\t\t\t<\/a>\n\t\t\t\t<\/div>\n\t\t\t\t\t\t\t\t<\/div>\n\t\t\t\t<\/div>\n\t\t\t\t<div class=\"elementor-element elementor-element-e18ee5b elementor-widget__width-initial elementor-widget elementor-widget-heading\" data-id=\"e18ee5b\" data-element_type=\"widget\" data-widget_type=\"heading.default\">\n\t\t\t\t<div class=\"elementor-widget-container\">\n\t\t\t\t\t<h2 class=\"elementor-heading-title elementor-size-default\">Ausu plastmasas cena<\/h2>\t\t\t\t<\/div>\n\t\t\t\t<\/div>\n\t\t\t\t<div class=\"elementor-element elementor-element-20a42b1 elementor-widget elementor-widget-text-editor\" data-id=\"20a42b1\" data-element_type=\"widget\" data-widget_type=\"text-editor.default\">\n\t\t\t\t<div class=\"elementor-widget-container\">\n\t\t\t\t\t\t\t\t\t<p><span style=\"font-weight: 400;\">Ausu korekcijas oper\u0101cijas cena var at\u0161\u0137irties atkar\u012bb\u0101 no vair\u0101kiem faktoriem \u2013 visizplat\u012bt\u0101kais ir oper\u0101cijas sare\u017e\u0123\u012bt\u012bba un apjoms. Ausu est\u0113tisk\u0101s \u0137irur\u0123ijas cena un ausu korekcijas cena ir vien\u0101d\u0101s robe\u017e\u0101s Tartu, Tallin\u0101 un citviet Igaunij\u0101. Igaunij\u0101 ausu plastisk\u0101s oper\u0101cijas cena var sv\u0101rst\u012bties no 1500 l\u012bdz 3000 eiro, ta\u010du prec\u012bza cena ir atkar\u012bga no konkr\u0113t\u0101 gad\u012bjuma un izv\u0113l\u0113t\u0101 \u0137irurga.\u00a0<\/span><\/p><p><span style=\"font-weight: 400;\">Ir svar\u012bgi atcer\u0113ties, ka l\u0113t\u0101k\u0101 cena ne vienm\u0113r noz\u012bm\u0113 lab\u0101ko kvalit\u0101ti. Ausu kosm\u0113tiskaj\u0101m oper\u0101cij\u0101m svar\u012bgi izv\u0113l\u0113ties pieredz\u0113ju\u0161u un uzticamu \u0137irurgu, pat ja tas noz\u012bm\u0113 nedaudz augst\u0101ku cenu.<\/span><\/p><p><span style=\"font-weight: 400;\">Pirms l\u0113muma pie\u0146em\u0161anas par oper\u0101ciju ieteicams konsult\u0113ties ar \u0137irurgu, lai g\u016btu r\u016bp\u012bgu p\u0101rskatu par proced\u016bru, iesp\u0113jamiem riskiem un gaid\u0101majiem rezult\u0101tiem. Ir svar\u012bgi ar\u012b apspriest cenas deta\u013cas, tostarp to, kas ir iek\u013cauts un k\u0101das var b\u016bt papildu izmaksas.<\/span><\/p><p><span style=\"font-weight: 400;\">Iepaz\u012b\u0161an\u0101s var pal\u012bdz\u0113t pie\u0146emt l\u0113mumu <\/span><a href=\"https:\/\/ninaplastika.eu\/lv\/portfoolio\/\"><span style=\"font-weight: 400;\">ar fotogr\u0101fij\u0101m pirms un p\u0113c oper\u0101cijas<\/span><\/a><span style=\"font-weight: 400;\">. Ja v\u0113laties virz\u012bties uz priek\u0161u ar rinoplastikas pl\u0101no\u0161anu, ir iesp\u0113ja veikt rezerv\u0101ciju<\/span> <a href=\"https:\/\/www.veebiregistratuur.ee\/fertilitas\/?employee=RrNyOpOr6o\" target=\"_blank\" rel=\"noopener\"><span style=\"font-weight: 400;\">konsult\u0101cijas laiks pie\u0146em\u0161anai<\/span><\/a> <span style=\"font-weight: 400;\">vai rakstiet v\u0113stuli <\/span><a href=\"https:\/\/ninaplastika.eu\/lv\/kontakt\/\"><span style=\"font-weight: 400;\">e-konsult\u0101cijai<\/span><\/a><span style=\"font-weight: 400;\">.<\/span> <\/p>\t\t\t\t\t\t\t\t<\/div>\n\t\t\t\t<\/div>\n\t\t\t\t<div class=\"elementor-element elementor-element-d428673 elementor-widget__width-auto elementor-widget elementor-widget-button\" data-id=\"d428673\" data-element_type=\"widget\" data-widget_type=\"button.default\">\n\t\t\t\t<div class=\"elementor-widget-container\">\n\t\t\t\t\t\t\t\t\t<div class=\"elementor-button-wrapper\">\n\t\t\t\t\t<a class=\"elementor-button elementor-button-link elementor-size-sm\" href=\"https:\/\/ninaplastika.eu\/lv\/hinnakiri\/\">\n\t\t\t\t\t\t<span class=\"elementor-button-content-wrapper\">\n\t\t\t\t\t\t\t\t\t<span class=\"elementor-button-text\">Cenr\u0101dis<\/span>\n\t\t\t\t\t<\/span>\n\t\t\t\t\t<\/a>\n\t\t\t\t<\/div>\n\t\t\t\t\t\t\t\t<\/div>\n\t\t\t\t<\/div>\n\t\t\t\t<div class=\"elementor-element elementor-element-fd6db67 elementor-widget__width-auto elementor-widget elementor-widget-button\" data-id=\"fd6db67\" data-element_type=\"widget\" data-widget_type=\"button.default\">\n\t\t\t\t<div class=\"elementor-widget-container\">\n\t\t\t\t\t\t\t\t\t<div class=\"elementor-button-wrapper\">\n\t\t\t\t\t<a class=\"elementor-button elementor-button-link elementor-size-sm\" href=\"https:\/\/www.veebiregistratuur.ee\/fertilitas\/?employee=RrNyOpOr6o\" target=\"_blank\" rel=\"noopener\">\n\t\t\t\t\t\t<span class=\"elementor-button-content-wrapper\">\n\t\t\t\t\t\t\t\t\t<span class=\"elementor-button-text\">Rezerv\u0113jiet pie\u0146em\u0161anu<\/span>\n\t\t\t\t\t<\/span>\n\t\t\t\t\t<\/a>\n\t\t\t\t<\/div>\n\t\t\t\t\t\t\t\t<\/div>\n\t\t\t\t<\/div>\n\t\t\t\t\t<\/div>\n\t\t<\/div>\n\t\t\t\t<div class=\"elementor-column elementor-col-50 elementor-top-column elementor-element elementor-element-d6b7008\" data-id=\"d6b7008\" data-element_type=\"column\">\n\t\t\t<div class=\"elementor-widget-wrap elementor-element-populated\">\n\t\t\t\t\t\t<div class=\"elementor-element elementor-element-082f3ae elementor-widget elementor-widget-gallery\" data-id=\"082f3ae\" data-element_type=\"widget\" data-settings=\"{&quot;columns&quot;:1,&quot;aspect_ratio&quot;:&quot;4:3&quot;,&quot;lazyload&quot;:&quot;yes&quot;,&quot;gallery_layout&quot;:&quot;grid&quot;,&quot;columns_tablet&quot;:2,&quot;columns_mobile&quot;:1,&quot;gap&quot;:{&quot;unit&quot;:&quot;px&quot;,&quot;size&quot;:10,&quot;sizes&quot;:[]},&quot;gap_tablet&quot;:{&quot;unit&quot;:&quot;px&quot;,&quot;size&quot;:10,&quot;sizes&quot;:[]},&quot;gap_mobile&quot;:{&quot;unit&quot;:&quot;px&quot;,&quot;size&quot;:10,&quot;sizes&quot;:[]},&quot;link_to&quot;:&quot;file&quot;,&quot;overlay_background&quot;:&quot;yes&quot;,&quot;content_hover_animation&quot;:&quot;fade-in&quot;}\" data-widget_type=\"gallery.default\">\n\t\t\t\t<div class=\"elementor-widget-container\">\n\t\t\t\t\t\t\t<div class=\"elementor-gallery__container\">\n\t\t\t\t\t\t\t<a class=\"e-gallery-item elementor-gallery-item elementor-animated-content\" href=\"https:\/\/ninaplastika.eu\/wp-content\/uploads\/2024\/12\/Erik-Luht-Portfoolio-296.webp\" data-elementor-open-lightbox=\"yes\" data-elementor-lightbox-slideshow=\"082f3ae\" data-elementor-lightbox-title=\"2 kuud peale operatsiooni\" data-e-action-hash=\"#elementor-action%3Aaction%3Dlightbox%26settings%3DeyJpZCI6MTY3NTIsInVybCI6Imh0dHBzOlwvXC9uaW5hcGxhc3Rpa2EuZXVcL3dwLWNvbnRlbnRcL3VwbG9hZHNcLzIwMjRcLzEyXC9FcmlrLUx1aHQtUG9ydGZvb2xpby0yOTYud2VicCIsInNsaWRlc2hvdyI6IjA4MmYzYWUifQ%3D%3D\">\n\t\t\t\t\t<div class=\"e-gallery-image elementor-gallery-item__image\" data-thumbnail=\"https:\/\/ninaplastika.eu\/wp-content\/uploads\/2024\/12\/Erik-Luht-Portfoolio-296.webp\" data-width=\"1800\" data-height=\"1800\" aria-label=\"\" role=\"img\" ><\/div>\n\t\t\t\t\t\t\t\t\t\t\t<div class=\"elementor-gallery-item__overlay\"><\/div>\n\t\t\t\t\t\t\t\t\t\t\t\t\t\t<\/a>\n\t\t\t\t\t\t\t<a class=\"e-gallery-item elementor-gallery-item elementor-animated-content\" href=\"https:\/\/ninaplastika.eu\/wp-content\/uploads\/2025\/01\/Erik-Luht-Portfoolio-253.webp\" data-elementor-open-lightbox=\"yes\" data-elementor-lightbox-slideshow=\"082f3ae\" data-elementor-lightbox-title=\"Erik-Luht-Portfoolio-253\" data-e-action-hash=\"#elementor-action%3Aaction%3Dlightbox%26settings%3DeyJpZCI6MTcyMDYsInVybCI6Imh0dHBzOlwvXC9uaW5hcGxhc3Rpa2EuZXVcL3dwLWNvbnRlbnRcL3VwbG9hZHNcLzIwMjVcLzAxXC9FcmlrLUx1aHQtUG9ydGZvb2xpby0yNTMud2VicCIsInNsaWRlc2hvdyI6IjA4MmYzYWUifQ%3D%3D\">\n\t\t\t\t\t<div class=\"e-gallery-image elementor-gallery-item__image\" data-thumbnail=\"https:\/\/ninaplastika.eu\/wp-content\/uploads\/2025\/01\/Erik-Luht-Portfoolio-253.webp\" data-width=\"1200\" data-height=\"1200\" aria-label=\"\" role=\"img\" ><\/div>\n\t\t\t\t\t\t\t\t\t\t\t<div class=\"elementor-gallery-item__overlay\"><\/div>\n\t\t\t\t\t\t\t\t\t\t\t\t\t\t<\/a>\n\t\t\t\t\t<\/div>\n\t\t\t\t\t<\/div>\n\t\t\t\t<\/div>\n\t\t\t\t\t<\/div>\n\t\t<\/div>\n\t\t\t\t\t<\/div>\n\t\t<\/section>\n\t\t\t\t<\/div>","protected":false},"excerpt":{"rendered":"<p>Otoplastika ehk k\u00f5rvade korrigeerimisoperatsioon Hinnakiri Broneeri vastuv\u00f5tt Otoplastika, tuntud ka kui k\u00f5rvade korrigeerimisoperatsioon v\u00f5i k\u00f5rvade plastika, on plastilise kirurgia protseduur, mille eesm\u00e4rk on muuta k\u00f5rvade kuju v\u00f5i asendit. See on \u00fcks levinumaid esteetilise kirurgia protseduure, mida teostatakse nii lastele kui ka t\u00e4iskasvanutele. K\u00f5rvade iluoperatsioon v\u00f5ib oluliselt parandada inimese v\u00e4limust ja enesekindlust, eriti kui k\u00f5rvad on [&hellip;]<\/p>\n","protected":false},"author":4,"featured_media":0,"parent":0,"menu_order":0,"comment_status":"closed","ping_status":"closed","template":"","meta":{"footnotes":""},"categories":[],"tags":[],"class_list":["post-17204","page","type-page","status-publish","hentry"],"_links":{"self":[{"href":"https:\/\/ninaplastika.eu\/lv\/wp-json\/wp\/v2\/pages\/17204","targetHints":{"allow":["GET"]}}],"collection":[{"href":"https:\/\/ninaplastika.eu\/lv\/wp-json\/wp\/v2\/pages"}],"about":[{"href":"https:\/\/ninaplastika.eu\/lv\/wp-json\/wp\/v2\/types\/page"}],"author":[{"embeddable":true,"href":"https:\/\/ninaplastika.eu\/lv\/wp-json\/wp\/v2\/users\/4"}],"replies":[{"embeddable":true,"href":"https:\/\/ninaplastika.eu\/lv\/wp-json\/wp\/v2\/comments?post=17204"}],"version-history":[{"count":14,"href":"https:\/\/ninaplastika.eu\/lv\/wp-json\/wp\/v2\/pages\/17204\/revisions"}],"predecessor-version":[{"id":17269,"href":"https:\/\/ninaplastika.eu\/lv\/wp-json\/wp\/v2\/pages\/17204\/revisions\/17269"}],"wp:attachment":[{"href":"https:\/\/ninaplastika.eu\/lv\/wp-json\/wp\/v2\/media?parent=17204"}],"wp:term":[{"taxonomy":"category","embeddable":true,"href":"https:\/\/ninaplastika.eu\/lv\/wp-json\/wp\/v2\/categories?post=17204"},{"taxonomy":"post_tag","embeddable":true,"href":"https:\/\/ninaplastika.eu\/lv\/wp-json\/wp\/v2\/tags?post=17204"}],"curies":[{"name":"wp","href":"https:\/\/api.w.org\/{rel}","templated":true}]}}