{"id":16477,"date":"2024-10-23T15:31:25","date_gmt":"2024-10-23T12:31:25","guid":{"rendered":"https:\/\/wp.vooluekspert.ee\/?page_id=16477"},"modified":"2026-04-17T07:21:19","modified_gmt":"2026-04-17T04:21:19","slug":"hinnakiri","status":"publish","type":"page","link":"https:\/\/ninaplastika.eu\/ru\/hinnakiri\/","title":{"rendered":"\u041f\u0440\u0435\u0439\u0441\u043a\u0443\u0440\u0430\u043d\u0442"},"content":{"rendered":"<div data-elementor-type=\"wp-page\" data-elementor-id=\"16477\" class=\"elementor elementor-16477\" data-elementor-post-type=\"page\">\n\t\t\t\t\t\t<section class=\"elementor-section elementor-top-section elementor-element elementor-element-2c21b36 elementor-section-height-min-height elementor-section-boxed elementor-section-height-default elementor-section-items-middle\" data-id=\"2c21b36\" data-element_type=\"section\" data-settings=\"{&quot;background_background&quot;:&quot;gradient&quot;}\">\n\t\t\t\t\t\t\t<div class=\"elementor-background-overlay\"><\/div>\n\t\t\t\t\t\t\t<div class=\"elementor-container elementor-column-gap-default\">\n\t\t\t\t\t<div class=\"elementor-column elementor-col-100 elementor-top-column elementor-element elementor-element-3f70983\" data-id=\"3f70983\" data-element_type=\"column\">\n\t\t\t<div class=\"elementor-widget-wrap elementor-element-populated\">\n\t\t\t\t\t\t<div class=\"elementor-element elementor-element-b1599d4 elementor-widget__width-initial elementor-widget elementor-widget-heading\" data-id=\"b1599d4\" data-element_type=\"widget\" data-widget_type=\"heading.default\">\n\t\t\t\t<div class=\"elementor-widget-container\">\n\t\t\t\t\t<h1 class=\"elementor-heading-title elementor-size-default\">\u0421\u0442\u043e\u0438\u043c\u043e\u0441\u0442\u044c \u0440\u0438\u043d\u043e\u043f\u043b\u0430\u0441\u0442\u0438\u043a\u0438 \u0438 \u043e\u043f\u0435\u0440\u0430\u0446\u0438\u0438 \u043d\u0430 \u043d\u043e\u0441\u0443<\/h1>\t\t\t\t<\/div>\n\t\t\t\t<\/div>\n\t\t\t\t<div class=\"elementor-element elementor-element-7179fe7 elementor-widget__width-auto elementor-widget elementor-widget-button\" data-id=\"7179fe7\" data-element_type=\"widget\" data-widget_type=\"button.default\">\n\t\t\t\t<div class=\"elementor-widget-container\">\n\t\t\t\t\t\t\t\t\t<div class=\"elementor-button-wrapper\">\n\t\t\t\t\t<a class=\"elementor-button elementor-button-link elementor-size-sm\" href=\"#kontakt\">\n\t\t\t\t\t\t<span class=\"elementor-button-content-wrapper\">\n\t\t\t\t\t\t\t\t\t<span class=\"elementor-button-text\">\u0421\u0432\u044f\u0436\u0438\u0442\u0435\u0441\u044c \u0441 \u043d\u0430\u043c\u0438<\/span>\n\t\t\t\t\t<\/span>\n\t\t\t\t\t<\/a>\n\t\t\t\t<\/div>\n\t\t\t\t\t\t\t\t<\/div>\n\t\t\t\t<\/div>\n\t\t\t\t<div class=\"elementor-element elementor-element-09ff6b2 elementor-widget__width-auto elementor-widget elementor-widget-button\" data-id=\"09ff6b2\" data-element_type=\"widget\" data-widget_type=\"button.default\">\n\t\t\t\t<div class=\"elementor-widget-container\">\n\t\t\t\t\t\t\t\t\t<div class=\"elementor-button-wrapper\">\n\t\t\t\t\t<a class=\"elementor-button elementor-button-link elementor-size-sm\" href=\"https:\/\/www.veebiregistratuur.ee\/fertilitas\/?employee=RrNyOpOr6o\" target=\"_blank\" rel=\"noopener\">\n\t\t\t\t\t\t<span class=\"elementor-button-content-wrapper\">\n\t\t\t\t\t\t\t\t\t<span class=\"elementor-button-text\">\u0417\u0430\u0431\u0440\u043e\u043d\u0438\u0440\u043e\u0432\u0430\u0442\u044c \u043f\u0440\u0438\u0435\u043c<\/span>\n\t\t\t\t\t<\/span>\n\t\t\t\t\t<\/a>\n\t\t\t\t<\/div>\n\t\t\t\t\t\t\t\t<\/div>\n\t\t\t\t<\/div>\n\t\t\t\t\t<\/div>\n\t\t<\/div>\n\t\t\t\t\t<\/div>\n\t\t<\/section>\n\t\t\t\t<section class=\"elementor-section elementor-top-section elementor-element elementor-element-3938f38 elementor-section-boxed elementor-section-height-default elementor-section-height-default\" data-id=\"3938f38\" data-element_type=\"section\">\n\t\t\t\t\t\t<div class=\"elementor-container elementor-column-gap-default\">\n\t\t\t\t\t<div class=\"elementor-column elementor-col-100 elementor-top-column elementor-element elementor-element-88d5e85\" data-id=\"88d5e85\" data-element_type=\"column\">\n\t\t\t<div class=\"elementor-widget-wrap elementor-element-populated\">\n\t\t\t\t\t\t<div class=\"elementor-element elementor-element-4c4eca1 elementor-widget__width-initial elementor-widget elementor-widget-text-editor\" data-id=\"4c4eca1\" data-element_type=\"widget\" data-widget_type=\"text-editor.default\">\n\t\t\t\t<div class=\"elementor-widget-container\">\n\t\t\t\t\t\t\t\t\t<p><span style=\"font-weight: 400;\">\u0420\u0438\u043d\u043e\u043f\u043b\u0430\u0441\u0442\u0438\u043a\u0430 \u2013 \u043e\u0447\u0435\u043d\u044c \u0440\u0430\u0437\u043d\u043e\u043e\u0431\u0440\u0430\u0437\u043d\u0430\u044f \u043e\u043f\u0435\u0440\u0430\u0446\u0438\u044f. \u041e\u0431\u044a\u0435\u043c \u0440\u0438\u043d\u043e\u043f\u043b\u0430\u0441\u0442\u0438\u043a\u0438, <\/span><span style=\"font-weight: 400;\">\u0438, \u0441\u043b\u0435\u0434\u043e\u0432\u0430\u0442\u0435\u043b\u044c\u043d\u043e, \u0446\u0435\u043d\u0430 \u043f\u043b\u0430\u0441\u0442\u0438\u043a\u0438 \u043d\u043e\u0441\u0430<\/span><span style=\"font-weight: 400;\">, \u0437\u0430\u0432\u0438\u0441\u0438\u0442 \u043e\u0442 \u043c\u043d\u043e\u0433\u0438\u0445 \u0438\u043d\u0434\u0438\u0432\u0438\u0434\u0443\u0430\u043b\u044c\u043d\u044b\u0445 \u0444\u0430\u043a\u0442\u043e\u0440\u043e\u0432, \u0430 \u0442\u0430\u043a\u0436\u0435 \u0442\u0435\u0445\u043d\u0438\u0447\u0435\u0441\u043a\u0438\u0445 \u043f\u0440\u0435\u0434\u043f\u043e\u0447\u0442\u0435\u043d\u0438\u0439 \u0445\u0438\u0440\u0443\u0440\u0433\u0430. \u041f\u043e\u044d\u0442\u043e\u043c\u0443 \u0432\u044b\u0448\u0435\u0438\u0437\u043b\u043e\u0436\u0435\u043d\u043d\u043e\u0435 \u043d\u0435\u043e\u0431\u0445\u043e\u0434\u0438\u043c\u043e \u0434\u043b\u044f \u0444\u043e\u0440\u043c\u0438\u0440\u043e\u0432\u0430\u043d\u0438\u044f \u0446\u0435\u043d\u044b <\/span><span style=\"font-weight: 400;\">\u043a\u043e\u043d\u0441\u0443\u043b\u044c\u0442\u0430\u0446\u0438\u044f. \u041e\u043a\u043e\u043d\u0447\u0430\u0442\u0435\u043b\u044c\u043d\u0430\u044f \u0446\u0435\u043d\u0430 \u0440\u0438\u043d\u043e\u043f\u043b\u0430\u0441\u0442\u0438\u043a\u0438 \u0431\u0443\u0434\u0435\u0442 \u043e\u043f\u0440\u0435\u0434\u0435\u043b\u0435\u043d\u0430 <\/span><span style=\"font-weight: 400;\">\u043f\u0435\u0440\u0432\u0438\u0447\u043d\u044b\u0439 \u0432\u0438\u0437\u0438\u0442, \u044d\u0441\u0442\u0435\u0442\u0438\u0447\u0435\u0441\u043a\u0438\u0439 \u0430\u043d\u0430\u043b\u0438\u0437 \u0438 \u0441\u043e\u0441\u0442\u0430\u0432\u043b\u0435\u043d\u0438\u0435 \u043f\u0435\u0440\u0432\u043e\u043d\u0430\u0447\u0430\u043b\u044c\u043d\u043e\u0433\u043e \u0445\u0438\u0440\u0443\u0440\u0433\u0438\u0447\u0435\u0441\u043a\u043e\u0433\u043e \u043f\u043b\u0430\u043d\u0430.<\/span><\/p><p><span style=\"font-weight: 400;\">\u041f\u0440\u0435\u0439\u0441\u043a\u0443\u0440\u0430\u043d\u0442 \u043d\u0430 \u043e\u043f\u0435\u0440\u0430\u0446\u0438\u044e \u043d\u0430 \u043d\u043e\u0441\u0443 \u043c\u043e\u0436\u0435\u0442 \u0432\u0430\u0440\u044c\u0438\u0440\u043e\u0432\u0430\u0442\u044c\u0441\u044f \u043e\u0442 \u043a\u043b\u0438\u043d\u0438\u043a\u0438 \u043a \u043a\u043b\u0438\u043d\u0438\u043a\u0435 \u0438 \u0437\u0430\u0432\u0438\u0441\u0438\u0442 \u043e\u0442 \u0441\u043b\u043e\u0436\u043d\u043e\u0441\u0442\u0438 \u043e\u043f\u0435\u0440\u0430\u0446\u0438\u0438, \u0438\u0441\u043f\u043e\u043b\u044c\u0437\u0443\u0435\u043c\u044b\u0445 \u043c\u0430\u0442\u0435\u0440\u0438\u0430\u043b\u043e\u0432 \u0438 \u043c\u0435\u0442\u043e\u0434\u0438\u043a. \u0412 \u0446\u0435\u043d\u0443 \u0440\u0438\u043d\u043e\u043f\u043b\u0430\u0441\u0442\u0438\u043a\u0438 \u043e\u0431\u044b\u0447\u043d\u043e \u0432\u0445\u043e\u0434\u0438\u0442 \u0441\u0442\u043e\u0438\u043c\u043e\u0441\u0442\u044c \u0441\u0430\u043c\u043e\u0439 \u043e\u043f\u0435\u0440\u0430\u0446\u0438\u0438, \u0430\u043d\u0435\u0441\u0442\u0435\u0437\u0438\u0438, \u043f\u043e\u0441\u043b\u0435\u0434\u0443\u044e\u0449\u0435\u0433\u043e \u043b\u0435\u0447\u0435\u043d\u0438\u044f \u0432 \u0441\u0442\u0430\u0446\u0438\u043e\u043d\u0430\u0440\u0435, \u0434\u043e\u043c\u0430\u0448\u043d\u0438\u0445 \u0441\u0440\u0435\u0434\u0441\u0442\u0432 \u0438 \u043f\u043e\u0441\u043b\u0435\u0434\u0443\u044e\u0449\u0438\u0445 \u043e\u0431\u0441\u043b\u0435\u0434\u043e\u0432\u0430\u043d\u0438\u0439. \u0422\u043e\u0447\u043d\u0443\u044e \u0441\u0442\u043e\u0438\u043c\u043e\u0441\u0442\u044c \u0432\u044b \u0443\u0437\u043d\u0430\u0435\u0442\u0435 \u043f\u043e\u0441\u043b\u0435 \u043a\u043e\u043d\u0441\u0443\u043b\u044c\u0442\u0430\u0446\u0438\u0438 \u0441\u043e \u043c\u043d\u043e\u0439 \u043a\u0430\u043a \u0445\u0438\u0440\u0443\u0440\u0433\u043e\u043c, \u043a\u043e\u0442\u043e\u0440\u044b\u0439 \u043e\u0446\u0435\u043d\u0438\u0442 \u0432\u0430\u0448\u0438 \u0438\u043d\u0434\u0438\u0432\u0438\u0434\u0443\u0430\u043b\u044c\u043d\u044b\u0435 \u043f\u043e\u0442\u0440\u0435\u0431\u043d\u043e\u0441\u0442\u0438 \u0438 \u043f\u043e\u0436\u0435\u043b\u0430\u043d\u0438\u044f \u0438 \u0441\u043e\u0441\u0442\u0430\u0432\u0438\u0442 \u043f\u043b\u0430\u043d \u043e\u043f\u0435\u0440\u0430\u0446\u0438\u0438.<\/span><\/p>\t\t\t\t\t\t\t\t<\/div>\n\t\t\t\t<\/div>\n\t\t\t\t<div class=\"elementor-element elementor-element-0ac4078 elementor-hidden-desktop elementor-hidden-tablet elementor-widget__width-auto elementor-widget elementor-widget-button\" data-id=\"0ac4078\" data-element_type=\"widget\" data-widget_type=\"button.default\">\n\t\t\t\t<div class=\"elementor-widget-container\">\n\t\t\t\t\t\t\t\t\t<div class=\"elementor-button-wrapper\">\n\t\t\t\t\t<a class=\"elementor-button elementor-button-link elementor-size-sm\" href=\"#kontakt\">\n\t\t\t\t\t\t<span class=\"elementor-button-content-wrapper\">\n\t\t\t\t\t\t\t\t\t<span class=\"elementor-button-text\">\u0421\u0432\u044f\u0436\u0438\u0442\u0435\u0441\u044c \u0441 \u043d\u0430\u043c\u0438<\/span>\n\t\t\t\t\t<\/span>\n\t\t\t\t\t<\/a>\n\t\t\t\t<\/div>\n\t\t\t\t\t\t\t\t<\/div>\n\t\t\t\t<\/div>\n\t\t\t\t<div class=\"elementor-element elementor-element-c05f769 elementor-widget__width-initial elementor-widget elementor-widget-text-editor\" data-id=\"c05f769\" data-element_type=\"widget\" data-widget_type=\"text-editor.default\">\n\t\t\t\t<div class=\"elementor-widget-container\">\n\t\t\t\t\t\t\t\t\t<table>\n<tbody>\n<tr>\n<td>\u041a\u043e\u0440\u0440\u0435\u043a\u0446\u0438\u044f \u043d\u0435\u0431\u043e\u043b\u044c\u0448\u043e\u0433\u043e \u0434\u0435\u0444\u0435\u043a\u0442\u0430 (\u043d\u0430\u043f\u0440\u0438\u043c\u0435\u0440, \u043d\u0435\u0431\u043e\u043b\u044c\u0448\u043e\u0439 \u0433\u043e\u0440\u0431\u0438\u043d\u043a\u0438, \u0434\u0435\u0444\u0435\u043a\u0442\u0430 \u043a\u043e\u0436\u0438)<\/td>\n<td>3500 \u2013 4500\u20ac<\/td>\n<\/tr>\n<tr>\n<td>\u041f\u043b\u0430\u0441\u0442\u0438\u043a \u043a\u043e\u043d\u0447\u0438\u043a\u0430 \u043d\u043e\u0441\u0430<\/td>\n<td>4000 \u2013 5000\u20ac<\/td>\n<\/tr>\n<tr>\n<td>\u0412\u044b\u043f\u0440\u044f\u043c\u043b\u0435\u043d\u0438\u0435 \u043a\u0440\u0438\u0432\u043e\u0433\u043e \u043d\u043e\u0441\u0430<\/td>\n<td>3000 \u2013 7000\u20ac<\/td>\n<\/tr>\n<tr>\n<td>\u041a\u043e\u043d\u0447\u0438\u043a \u043d\u043e\u0441\u0430 + \u043f\u0435\u0440\u0435\u043d\u043e\u0441\u0438\u0446\u0430<\/td>\n<td>5000 - 6000\u20ac<\/td>\n<\/tr>\n<tr>\n<td>\u041a\u043e\u043c\u043f\u043b\u0435\u043a\u0441\u043d\u043e\u0435 \u0438\u0441\u043f\u0440\u0430\u0432\u043b\u0435\u043d\u0438\u0435 \u0434\u0435\u0444\u0435\u043a\u0442\u043e\u0432<\/td>\n<td>6500\u20ac \u2013&nbsp;<\/td>\n<\/tr>\n<\/tbody>\n<\/table>\t\t\t\t\t\t\t\t<\/div>\n\t\t\t\t<\/div>\n\t\t\t\t<div class=\"elementor-element elementor-element-478ca89 elementor-widget elementor-widget-text-editor\" data-id=\"478ca89\" data-element_type=\"widget\" data-widget_type=\"text-editor.default\">\n\t\t\t\t<div class=\"elementor-widget-container\">\n\t\t\t\t\t\t\t\t\t<p><span style=\"font-weight: 400;\">\u0415\u0441\u043b\u0438 \u0442\u044b \u0434\u0443\u043c\u0430\u0435\u0448\u044c <\/span><a href=\"https:\/\/ninaplastika.eu\/ru\"><span style=\"font-weight: 400;\">\u0434\u043b\u044f \u0440\u0438\u043d\u043e\u043f\u043b\u0430\u0441\u0442\u0438\u043a\u0438<\/span><\/a><span style=\"font-weight: 400;\"> \u0442\u043e \u0435\u0441\u0442\u044c \u043e\u043f\u0435\u0440\u0430\u0446\u0438\u044f \u043d\u0430 \u043d\u043e\u0441\u0443, \u043d\u0430\u0441\u0442\u043e\u044f\u0442\u0435\u043b\u044c\u043d\u043e \u0440\u0435\u043a\u043e\u043c\u0435\u043d\u0434\u0443\u0435\u0442\u0441\u044f <\/span><span style=\"font-weight: 400;\">\u0440\u0430\u0441\u0441\u043c\u043e\u0442\u0440\u0438\u043c \u0432\u0441\u0435 \u0432\u0430\u0436\u043d\u044b\u0435 \u0430\u0441\u043f\u0435\u043a\u0442\u044b \u0440\u0438\u043d\u043e\u043f\u043b\u0430\u0441\u0442\u0438\u043a\u0438<\/span><span style=\"font-weight: 400;\">. \u0417\u043d\u0430\u043a\u043e\u043c\u0441\u0442\u0432\u0430 \u043c\u043e\u0433\u0443\u0442 \u043f\u043e\u043c\u043e\u0447\u044c \u0432\u0430\u043c \u043f\u0440\u0438\u043d\u044f\u0442\u044c \u0440\u0435\u0448\u0435\u043d\u0438\u0435 <\/span><a href=\"https:\/\/ninaplastika.eu\/ru\/portfoolio\/\"><span style=\"font-weight: 400;\">\u0441 \u0444\u043e\u0442\u043e\u0433\u0440\u0430\u0444\u0438\u044f\u043c\u0438 \u0434\u043e \u0438 \u043f\u043e\u0441\u043b\u0435 \u043e\u043f\u0435\u0440\u0430\u0446\u0438\u0438<\/span><\/a><span style=\"font-weight: 400;\"> \u0438 <\/span><a href=\"https:\/\/ninaplastika.eu\/ru\/hinnakiri\/\"><span style=\"font-weight: 400;\">\u0441 \u043f\u0440\u0435\u0439\u0441\u043a\u0443\u0440\u0430\u043d\u0442\u043e\u043c \u043d\u0430 \u043e\u043f\u0435\u0440\u0430\u0446\u0438\u044e \u043d\u0430 \u043d\u043e\u0441\u0443<\/span><\/a><span style=\"font-weight: 400;\">. \u0415\u0441\u043b\u0438 \u0432\u044b \u0445\u043e\u0442\u0438\u0442\u0435 \u043f\u0440\u043e\u0434\u043e\u043b\u0436\u0438\u0442\u044c \u043f\u043b\u0430\u043d\u0438\u0440\u043e\u0432\u0430\u043d\u0438\u0435 \u0440\u0438\u043d\u043e\u043f\u043b\u0430\u0441\u0442\u0438\u043a\u0438, \u043c\u043e\u0436\u043d\u043e \u0441\u0434\u0435\u043b\u0430\u0442\u044c \u043f\u0440\u0435\u0434\u0432\u0430\u0440\u0438\u0442\u0435\u043b\u044c\u043d\u044b\u0439 \u0437\u0430\u043a\u0430\u0437. <\/span><a href=\"https:\/\/www.veebiregistratuur.ee\/fertilitas\/?employee=RrNyOpOr6o\" target=\"_blank\" rel=\"noopener\"><span style=\"font-weight: 400;\">\u0432\u0440\u0435\u043c\u044f \u043a\u043e\u043d\u0441\u0443\u043b\u044c\u0442\u0430\u0446\u0438\u0438 \u0434\u043b\u044f \u043f\u0440\u0438\u0435\u043c\u0430<\/span><\/a><span style=\"font-weight: 400;\"> \u0438\u043b\u0438 \u043d\u0430\u043f\u0438\u0448\u0438\u0442\u0435 \u043f\u0438\u0441\u044c\u043c\u043e \u0438 <a href=\"https:\/\/ninaplastika.eu\/ru\/kontakt\/\">\u043a\u043d\u0438\u0433\u0430 <\/a><\/span><a href=\"https:\/\/ninaplastika.eu\/ru\/kontakt\/\"><span style=\"font-weight: 400;\">\u044d\u043b\u0435\u043a\u0442\u0440\u043e\u043d\u043d\u0430\u044f \u043a\u043e\u043d\u0441\u0443\u043b\u044c\u0442\u0430\u0446\u0438\u044f<\/span><span style=\"font-weight: 400;\">. <\/span><\/a><\/p>\t\t\t\t\t\t\t\t<\/div>\n\t\t\t\t<\/div>\n\t\t\t\t<div class=\"elementor-element elementor-element-267a747 elementor-widget__width-auto elementor-widget elementor-widget-button\" data-id=\"267a747\" data-element_type=\"widget\" data-widget_type=\"button.default\">\n\t\t\t\t<div class=\"elementor-widget-container\">\n\t\t\t\t\t\t\t\t\t<div class=\"elementor-button-wrapper\">\n\t\t\t\t\t<a class=\"elementor-button elementor-button-link elementor-size-sm\" href=\"#kontakt\">\n\t\t\t\t\t\t<span class=\"elementor-button-content-wrapper\">\n\t\t\t\t\t\t\t\t\t<span class=\"elementor-button-text\">\u0421\u0432\u044f\u0436\u0438\u0442\u0435\u0441\u044c \u0441 \u043d\u0430\u043c\u0438<\/span>\n\t\t\t\t\t<\/span>\n\t\t\t\t\t<\/a>\n\t\t\t\t<\/div>\n\t\t\t\t\t\t\t\t<\/div>\n\t\t\t\t<\/div>\n\t\t\t\t<div class=\"elementor-element elementor-element-5f6e762 elementor-widget__width-auto elementor-widget elementor-widget-button\" data-id=\"5f6e762\" data-element_type=\"widget\" data-widget_type=\"button.default\">\n\t\t\t\t<div class=\"elementor-widget-container\">\n\t\t\t\t\t\t\t\t\t<div class=\"elementor-button-wrapper\">\n\t\t\t\t\t<a class=\"elementor-button elementor-button-link elementor-size-sm\" href=\"https:\/\/www.veebiregistratuur.ee\/fertilitas\/?employee=RrNyOpOr6o\" target=\"_blank\" rel=\"noopener\">\n\t\t\t\t\t\t<span class=\"elementor-button-content-wrapper\">\n\t\t\t\t\t\t\t\t\t<span class=\"elementor-button-text\">\u0417\u0430\u0431\u0440\u043e\u043d\u0438\u0440\u043e\u0432\u0430\u0442\u044c \u043f\u0440\u0438\u0435\u043c<\/span>\n\t\t\t\t\t<\/span>\n\t\t\t\t\t<\/a>\n\t\t\t\t<\/div>\n\t\t\t\t\t\t\t\t<\/div>\n\t\t\t\t<\/div>\n\t\t\t\t\t<\/div>\n\t\t<\/div>\n\t\t\t\t\t<\/div>\n\t\t<\/section>\n\t\t\t\t<\/div>","protected":false},"excerpt":{"rendered":"<p>Rinoplastika ja ninaoperatsiooni hind V\u00f5ta \u00fchendust Broneeri vastuv\u00f5tt Ninaplastika on v\u00e4ga variatsioonirikas kirurgia liik. Ninaoperatsiooni maht, ja seel\u00e4bi ninaoperatsiooni hind, s\u00f5ltub paljudest individuaalsetest faktoritest, aga ka kirurgi tehnilistest eelistustest. Seet\u00f5ttu on hinna kujundamiseks vajalik eelnev konsultatsioon. L\u00f5plik rinoplastika hind kujuneb peale esmast visiiti, esteetilist anal\u00fc\u00fcsi ja algse operatsiooniplaani koostamist. Ninaoperatsiooni hinnakiri v\u00f5ib erineda kliinikuti ning [&hellip;]<\/p>\n","protected":false},"author":4,"featured_media":0,"parent":0,"menu_order":0,"comment_status":"closed","ping_status":"closed","template":"elementor_header_footer","meta":{"footnotes":""},"categories":[],"tags":[],"class_list":["post-16477","page","type-page","status-publish","hentry"],"_links":{"self":[{"href":"https:\/\/ninaplastika.eu\/ru\/wp-json\/wp\/v2\/pages\/16477","targetHints":{"allow":["GET"]}}],"collection":[{"href":"https:\/\/ninaplastika.eu\/ru\/wp-json\/wp\/v2\/pages"}],"about":[{"href":"https:\/\/ninaplastika.eu\/ru\/wp-json\/wp\/v2\/types\/page"}],"author":[{"embeddable":true,"href":"https:\/\/ninaplastika.eu\/ru\/wp-json\/wp\/v2\/users\/4"}],"replies":[{"embeddable":true,"href":"https:\/\/ninaplastika.eu\/ru\/wp-json\/wp\/v2\/comments?post=16477"}],"version-history":[{"count":32,"href":"https:\/\/ninaplastika.eu\/ru\/wp-json\/wp\/v2\/pages\/16477\/revisions"}],"predecessor-version":[{"id":17858,"href":"https:\/\/ninaplastika.eu\/ru\/wp-json\/wp\/v2\/pages\/16477\/revisions\/17858"}],"wp:attachment":[{"href":"https:\/\/ninaplastika.eu\/ru\/wp-json\/wp\/v2\/media?parent=16477"}],"wp:term":[{"taxonomy":"category","embeddable":true,"href":"https:\/\/ninaplastika.eu\/ru\/wp-json\/wp\/v2\/categories?post=16477"},{"taxonomy":"post_tag","embeddable":true,"href":"https:\/\/ninaplastika.eu\/ru\/wp-json\/wp\/v2\/tags?post=16477"}],"curies":[{"name":"wp","href":"https:\/\/api.w.org\/{rel}","templated":true}]}}