{"id":17042,"date":"2025-01-13T14:34:46","date_gmt":"2025-01-13T12:34:46","guid":{"rendered":"https:\/\/ninaplastika.eu\/v2\/?page_id=17042"},"modified":"2025-01-15T12:21:48","modified_gmt":"2025-01-15T10:21:48","slug":"teipimine-peale-ninaplastikat","status":"publish","type":"page","link":"https:\/\/ninaplastika.eu\/ru\/teipimine-peale-ninaplastikat\/","title":{"rendered":"\u0422\u0435\u0439\u043f\u0438\u0440\u043e\u0432\u0430\u043d\u0438\u0435 \u043f\u043e\u0441\u043b\u0435 \u0440\u0438\u043d\u043e\u043f\u043b\u0430\u0441\u0442\u0438\u043a\u0438"},"content":{"rendered":"<div data-elementor-type=\"wp-page\" data-elementor-id=\"17042\" class=\"elementor elementor-17042\" data-elementor-post-type=\"page\">\n\t\t\t\t\t\t<section class=\"elementor-section elementor-top-section elementor-element elementor-element-2c21b36 elementor-section-height-min-height elementor-section-boxed elementor-section-height-default elementor-section-items-middle\" data-id=\"2c21b36\" data-element_type=\"section\" data-settings=\"{&quot;background_background&quot;:&quot;gradient&quot;}\">\n\t\t\t\t\t\t\t<div class=\"elementor-background-overlay\"><\/div>\n\t\t\t\t\t\t\t<div class=\"elementor-container elementor-column-gap-default\">\n\t\t\t\t\t<div class=\"elementor-column elementor-col-100 elementor-top-column elementor-element elementor-element-3f70983\" data-id=\"3f70983\" data-element_type=\"column\">\n\t\t\t<div class=\"elementor-widget-wrap elementor-element-populated\">\n\t\t\t\t\t\t<div class=\"elementor-element elementor-element-b1599d4 elementor-widget__width-initial elementor-widget elementor-widget-heading\" data-id=\"b1599d4\" data-element_type=\"widget\" data-widget_type=\"heading.default\">\n\t\t\t\t<div class=\"elementor-widget-container\">\n\t\t\t\t\t<h1 class=\"elementor-heading-title elementor-size-default\">\u0422\u0435\u0439\u043f\u0438\u0440\u043e\u0432\u0430\u043d\u0438\u0435 \u043f\u043e\u0441\u043b\u0435 \u0440\u0438\u043d\u043e\u043f\u043b\u0430\u0441\u0442\u0438\u043a\u0438<\/h1>\t\t\t\t<\/div>\n\t\t\t\t<\/div>\n\t\t\t\t<div class=\"elementor-element elementor-element-7179fe7 elementor-widget__width-auto elementor-widget elementor-widget-button\" data-id=\"7179fe7\" data-element_type=\"widget\" data-widget_type=\"button.default\">\n\t\t\t\t<div class=\"elementor-widget-container\">\n\t\t\t\t\t\t\t\t\t<div class=\"elementor-button-wrapper\">\n\t\t\t\t\t<a class=\"elementor-button elementor-button-link elementor-size-sm\" href=\"https:\/\/ninaplastika.eu\/ru\/portfoolio\/\">\n\t\t\t\t\t\t<span class=\"elementor-button-content-wrapper\">\n\t\t\t\t\t\t\t\t\t<span class=\"elementor-button-text\">\u041f\u043e\u0440\u0442\u0444\u043e\u043b\u0438\u043e<\/span>\n\t\t\t\t\t<\/span>\n\t\t\t\t\t<\/a>\n\t\t\t\t<\/div>\n\t\t\t\t\t\t\t\t<\/div>\n\t\t\t\t<\/div>\n\t\t\t\t<div class=\"elementor-element elementor-element-09ff6b2 elementor-widget__width-auto elementor-widget elementor-widget-button\" data-id=\"09ff6b2\" data-element_type=\"widget\" data-widget_type=\"button.default\">\n\t\t\t\t<div class=\"elementor-widget-container\">\n\t\t\t\t\t\t\t\t\t<div class=\"elementor-button-wrapper\">\n\t\t\t\t\t<a class=\"elementor-button elementor-button-link elementor-size-sm\" href=\"https:\/\/www.veebiregistratuur.ee\/fertilitas\/?service=23_139&#038;employee=RrNyOpOr6o\" target=\"_blank\" rel=\"noopener\">\n\t\t\t\t\t\t<span class=\"elementor-button-content-wrapper\">\n\t\t\t\t\t\t\t\t\t<span class=\"elementor-button-text\">\u0417\u0430\u0431\u0440\u043e\u043d\u0438\u0440\u043e\u0432\u0430\u0442\u044c \u043f\u0440\u0438\u0435\u043c<\/span>\n\t\t\t\t\t<\/span>\n\t\t\t\t\t<\/a>\n\t\t\t\t<\/div>\n\t\t\t\t\t\t\t\t<\/div>\n\t\t\t\t<\/div>\n\t\t\t\t\t<\/div>\n\t\t<\/div>\n\t\t\t\t\t<\/div>\n\t\t<\/section>\n\t\t\t\t<section class=\"elementor-section elementor-top-section elementor-element elementor-element-3938f38 elementor-section-boxed elementor-section-height-default elementor-section-height-default\" data-id=\"3938f38\" data-element_type=\"section\">\n\t\t\t\t\t\t<div class=\"elementor-container elementor-column-gap-default\">\n\t\t\t\t\t<div class=\"elementor-column elementor-col-100 elementor-top-column elementor-element elementor-element-88d5e85\" data-id=\"88d5e85\" data-element_type=\"column\">\n\t\t\t<div class=\"elementor-widget-wrap elementor-element-populated\">\n\t\t\t\t\t\t<div class=\"elementor-element elementor-element-0c03088 elementor-widget elementor-widget-text-editor\" data-id=\"0c03088\" data-element_type=\"widget\" data-widget_type=\"text-editor.default\">\n\t\t\t\t<div class=\"elementor-widget-container\">\n\t\t\t\t\t\t\t\t\t<p>\u0422\u0435\u0439\u043f\u0438\u0440\u043e\u0432\u0430\u043d\u0438\u0435 \u043f\u043e\u0441\u043b\u0435 \u043e\u043f\u0435\u0440\u0430\u0446\u0438\u0438 \u043d\u0430 \u043d\u043e\u0441\u0443 \u043d\u0435\u043e\u0431\u0445\u043e\u0434\u0438\u043c\u043e \u0434\u043b\u044f \u0443\u043c\u0435\u043d\u044c\u0448\u0435\u043d\u0438\u044f \u043e\u0442\u0435\u043a\u0430. \u0412 \u0440\u0430\u043d\u043d\u0435\u043c \u0432\u043e\u0441\u0441\u0442\u0430\u043d\u043e\u0432\u0438\u0442\u0435\u043b\u044c\u043d\u043e\u043c \u043f\u0435\u0440\u0438\u043e\u0434\u0435 \u043c\u044f\u0433\u043a\u0438\u0435 \u0442\u043a\u0430\u043d\u0438 \u043d\u043e\u0441\u0430 \u043c\u043e\u0433\u0443\u0442 \u043e\u043f\u0443\u0445\u043d\u0443\u0442\u044c, \u043e\u0441\u043e\u0431\u0435\u043d\u043d\u043e \u0432 \u043e\u0431\u043b\u0430\u0441\u0442\u0438 \u043a\u043e\u043d\u0447\u0438\u043a\u0430 \u043d\u043e\u0441\u0430. \u041e\u0442\u0435\u043a \u043e\u0431\u044b\u0447\u043d\u043e \u0443\u0432\u0435\u043b\u0438\u0447\u0438\u0432\u0430\u0435\u0442\u0441\u044f \u0432\u0435\u0447\u0435\u0440\u043e\u043c \u0438 \u043d\u043e\u0447\u044c\u044e \u0432 \u043f\u043e\u043b\u043e\u0436\u0435\u043d\u0438\u0438 \u043b\u0435\u0436\u0430. \u041b\u0435\u043d\u0442\u0430 \u043e\u0431\u0435\u0441\u043f\u0435\u0447\u0438\u0432\u0430\u0435\u0442 \u0434\u043e\u043f\u043e\u043b\u043d\u0438\u0442\u0435\u043b\u044c\u043d\u0443\u044e \u043f\u043e\u0434\u0434\u0435\u0440\u0436\u043a\u0443 \u0438 \u043d\u0430\u0442\u044f\u0436\u0435\u043d\u0438\u0435 \u043a\u043e\u0436\u0438, \u0443\u043c\u0435\u043d\u044c\u0448\u0430\u044f \u043e\u0442\u0435\u043a. \u041e\u043f\u0435\u0440\u0430\u0446\u0438\u044f \u043d\u0430 \u043d\u043e\u0441\u0443 \u043c\u0435\u043d\u044f\u0435\u0442 \u0444\u043e\u0440\u043c\u0443 \u0445\u0440\u044f\u0449\u0435\u0439 \u043f\u043e\u0434 \u043a\u043e\u0436\u0435\u0439, \u0430 \u0442\u0435\u0439\u043f\u0438\u0440\u043e\u0432\u0430\u043d\u0438\u0435 \u043f\u043e\u043c\u043e\u0433\u0430\u0435\u0442 \u043c\u044f\u0433\u043a\u0438\u043c \u0442\u043a\u0430\u043d\u044f\u043c \u043b\u0443\u0447\u0448\u0435 \u0440\u0430\u0441\u0442\u0438 \u0441 \u043d\u043e\u0432\u044b\u043c\u0438 \u043f\u043e\u0434\u043b\u0435\u0436\u0430\u0449\u0438\u043c\u0438 \u0441\u0442\u0440\u0443\u043a\u0442\u0443\u0440\u0430\u043c\u0438.\u00a0<\/p><p>\u0422\u0435\u0439\u043f\u044b \u0441\u043b\u0435\u0434\u0443\u0435\u0442 \u0440\u0430\u0441\u043f\u043e\u043b\u043e\u0436\u0438\u0442\u044c \u043d\u0430 \u043d\u043e\u0441\u0443 \u0441 \u043d\u0435\u0431\u043e\u043b\u044c\u0448\u0438\u043c \u043d\u0430\u0442\u044f\u0436\u0435\u043d\u0438\u0435\u043c \u043f\u043e \u0441\u0445\u0435\u043c\u0435, \u043f\u0440\u0435\u0434\u0441\u0442\u0430\u0432\u043b\u0435\u043d\u043d\u043e\u0439 \u043d\u0438\u0436\u0435. \u041d\u0430\u0447\u043d\u0438\u0442\u0435 \u0441 \u0442\u0435\u0439\u043f\u043e\u0432 \u043f\u0435\u0440\u043f\u0435\u043d\u0434\u0438\u043a\u0443\u043b\u044f\u0440\u043d\u043e \u043f\u0435\u0440\u0435\u043d\u043e\u0441\u0438\u0446\u0435, \u0437\u0430\u0442\u0435\u043c \u043e\u0434\u043d\u0443 \u0438\u0437\u043e\u0433\u043d\u0443\u0442\u0443\u044e \u043f\u043e\u043b\u043e\u0441\u043a\u0443 \u0442\u0435\u0439\u043f\u0430 \u0432\u043e\u043a\u0440\u0443\u0433 \u043a\u043e\u043d\u0447\u0438\u043a\u0430 \u043d\u043e\u0441\u0430 \u0438, \u043d\u0430\u043a\u043e\u043d\u0435\u0446, \u0435\u0449\u0435 \u043e\u0434\u043d\u0443 \u043f\u043e\u043b\u043e\u0441\u043a\u0443 \u0442\u0435\u0439\u043f\u0430 \u043f\u0435\u0440\u043f\u0435\u043d\u0434\u0438\u043a\u0443\u043b\u044f\u0440\u043d\u043e \u043a\u043e\u043d\u0447\u0438\u043a\u0443 \u043d\u043e\u0441\u0430.\u00a0<\/p><p>\u041b\u0443\u0447\u0448\u0435 \u0432\u0441\u0435\u0433\u043e \u0434\u043b\u044f \u0442\u0435\u0439\u043f\u0438\u0440\u043e\u0432\u0430\u043d\u0438\u044f \u043f\u043e\u0434\u043e\u0439\u0434\u0435\u0442 \u0431\u0443\u043c\u0430\u0436\u043d\u0430\u044f \u043b\u0435\u043d\u0442\u0430 \u0442\u0435\u043b\u0435\u0441\u043d\u043e\u0433\u043e \u0446\u0432\u0435\u0442\u0430 \u0441 \u043c\u0438\u043a\u0440\u043e\u043f\u043e\u0440\u0430\u043c\u0438 \u0448\u0438\u0440\u0438\u043d\u043e\u0439 12 \u043c\u043c, \u043d\u043e \u043f\u043e\u0434\u043e\u0439\u0434\u0443\u0442 \u0438 \u0434\u0440\u0443\u0433\u0438\u0435 \u043f\u043e\u0434\u043e\u0431\u043d\u044b\u0435 \u043b\u0435\u043d\u0442\u044b.<\/p><p>\u041f\u043e\u0441\u043b\u0435 \u0440\u0438\u043d\u043e\u043f\u043b\u0430\u0441\u0442\u0438\u043a\u0438 \u043d\u043e\u0441 \u043e\u0431\u044b\u0447\u043d\u043e \u043d\u0435\u043e\u0431\u0445\u043e\u0434\u0438\u043c\u043e \u0437\u0430\u043a\u043b\u0435\u0438\u0432\u0430\u0442\u044c \u043d\u0430 \u043d\u043e\u0447\u044c \u0432 \u0442\u0435\u0447\u0435\u043d\u0438\u0435 2 \u043d\u0435\u0434\u0435\u043b\u044c \u043f\u043e\u0441\u043b\u0435 \u0441\u043d\u044f\u0442\u0438\u044f \u0448\u0438\u043d\u044b.<\/p>\t\t\t\t\t\t\t\t<\/div>\n\t\t\t\t<\/div>\n\t\t\t\t<div class=\"elementor-element elementor-element-18bc135 elementor-widget elementor-widget-image\" data-id=\"18bc135\" data-element_type=\"widget\" data-widget_type=\"image.default\">\n\t\t\t\t<div class=\"elementor-widget-container\">\n\t\t\t\t\t\t\t\t\t\t\t\t\t\t\t<img fetchpriority=\"high\" decoding=\"async\" width=\"495\" height=\"1024\" src=\"https:\/\/ninaplastika.eu\/wp-content\/uploads\/2025\/01\/teipimine-1-scaled-1-495x1024.webp\" class=\"attachment-large size-large wp-image-17044\" alt=\"\" srcset=\"https:\/\/ninaplastika.eu\/wp-content\/uploads\/2025\/01\/teipimine-1-scaled-1-495x1024.webp 495w, https:\/\/ninaplastika.eu\/wp-content\/uploads\/2025\/01\/teipimine-1-scaled-1-145x300.webp 145w, https:\/\/ninaplastika.eu\/wp-content\/uploads\/2025\/01\/teipimine-1-scaled-1-768x1587.webp 768w, https:\/\/ninaplastika.eu\/wp-content\/uploads\/2025\/01\/teipimine-1-scaled-1-743x1536.webp 743w, https:\/\/ninaplastika.eu\/wp-content\/uploads\/2025\/01\/teipimine-1-scaled-1.webp 929w\" sizes=\"(max-width: 495px) 100vw, 495px\" \/>\t\t\t\t\t\t\t\t\t\t\t\t\t\t\t<\/div>\n\t\t\t\t<\/div>\n\t\t\t\t\t<\/div>\n\t\t<\/div>\n\t\t\t\t\t<\/div>\n\t\t<\/section>\n\t\t\t\t<\/div>","protected":false},"excerpt":{"rendered":"<p>Teipimine peale ninaplastikat Tehtud t\u00f6\u00f6d Broneeri vastuv\u00f5tt Teipimine peale ninaoperatsiooni on vajalik tursete v\u00e4hendamiseks. Varajases taastumisperioodis v\u00f5ivad nina pehmed koed tursuda, eriti ninatipu piirkonnas. Paistetus suureneb tavaliselt \u00f5htul ja \u00f6\u00f6sel pikali asendis. Teip annab nahale t\u00e4iendavat tuge ja pinget, et tursumist toimuks v\u00e4hem. Ninaoperatsioon muudab nahaaluste k\u00f5hrede kuju ning teipimine aitab pehmel koel paremini uute [&hellip;]<\/p>\n","protected":false},"author":4,"featured_media":0,"parent":0,"menu_order":0,"comment_status":"closed","ping_status":"closed","template":"elementor_header_footer","meta":{"footnotes":""},"categories":[],"tags":[],"class_list":["post-17042","page","type-page","status-publish","hentry"],"_links":{"self":[{"href":"https:\/\/ninaplastika.eu\/ru\/wp-json\/wp\/v2\/pages\/17042","targetHints":{"allow":["GET"]}}],"collection":[{"href":"https:\/\/ninaplastika.eu\/ru\/wp-json\/wp\/v2\/pages"}],"about":[{"href":"https:\/\/ninaplastika.eu\/ru\/wp-json\/wp\/v2\/types\/page"}],"author":[{"embeddable":true,"href":"https:\/\/ninaplastika.eu\/ru\/wp-json\/wp\/v2\/users\/4"}],"replies":[{"embeddable":true,"href":"https:\/\/ninaplastika.eu\/ru\/wp-json\/wp\/v2\/comments?post=17042"}],"version-history":[{"count":14,"href":"https:\/\/ninaplastika.eu\/ru\/wp-json\/wp\/v2\/pages\/17042\/revisions"}],"predecessor-version":[{"id":17272,"href":"https:\/\/ninaplastika.eu\/ru\/wp-json\/wp\/v2\/pages\/17042\/revisions\/17272"}],"wp:attachment":[{"href":"https:\/\/ninaplastika.eu\/ru\/wp-json\/wp\/v2\/media?parent=17042"}],"wp:term":[{"taxonomy":"category","embeddable":true,"href":"https:\/\/ninaplastika.eu\/ru\/wp-json\/wp\/v2\/categories?post=17042"},{"taxonomy":"post_tag","embeddable":true,"href":"https:\/\/ninaplastika.eu\/ru\/wp-json\/wp\/v2\/tags?post=17042"}],"curies":[{"name":"wp","href":"https:\/\/api.w.org\/{rel}","templated":true}]}}