{"id":17094,"date":"2025-01-13T15:38:12","date_gmt":"2025-01-13T13:38:12","guid":{"rendered":"https:\/\/ninaplastika.eu\/v2\/?page_id=17094"},"modified":"2025-01-22T10:23:39","modified_gmt":"2025-01-22T08:23:39","slug":"tagasiside","status":"publish","type":"page","link":"https:\/\/ninaplastika.eu\/ru\/tagasiside\/","title":{"rendered":"\u041e\u0431\u0440\u0430\u0442\u043d\u0430\u044f \u0441\u0432\u044f\u0437\u044c"},"content":{"rendered":"\t\t<div data-elementor-type=\"wp-page\" data-elementor-id=\"17094\" class=\"elementor elementor-17094\" data-elementor-post-type=\"page\">\n\t\t\t\t\t\t<section class=\"elementor-section elementor-top-section elementor-element elementor-element-523d72e elementor-section-boxed elementor-section-height-default elementor-section-height-default\" data-id=\"523d72e\" data-element_type=\"section\">\n\t\t\t\t\t\t<div class=\"elementor-container elementor-column-gap-default\">\n\t\t\t\t\t<div class=\"elementor-column elementor-col-100 elementor-top-column elementor-element elementor-element-c9bb9dd\" data-id=\"c9bb9dd\" data-element_type=\"column\">\n\t\t\t<div class=\"elementor-widget-wrap elementor-element-populated\">\n\t\t\t\t\t\t<div class=\"elementor-element elementor-element-788b9be elementor-widget elementor-widget-heading\" data-id=\"788b9be\" data-element_type=\"widget\" data-widget_type=\"heading.default\">\n\t\t\t\t<div class=\"elementor-widget-container\">\n\t\t\t\t\t<h1 class=\"elementor-heading-title elementor-size-default\">Tagasiside<\/h1>\t\t\t\t<\/div>\n\t\t\t\t<\/div>\n\t\t\t\t\t<\/div>\n\t\t<\/div>\n\t\t\t\t\t<\/div>\n\t\t<\/section>\n\t\t\t\t<section class=\"elementor-section elementor-top-section elementor-element elementor-element-4879fca elementor-section-boxed elementor-section-height-default elementor-section-height-default\" data-id=\"4879fca\" data-element_type=\"section\">\n\t\t\t\t\t\t<div class=\"elementor-container elementor-column-gap-default\">\n\t\t\t\t\t<div class=\"elementor-column elementor-col-100 elementor-top-column elementor-element elementor-element-d9b23c5\" data-id=\"d9b23c5\" data-element_type=\"column\" id=\"kontakt\">\n\t\t\t<div class=\"elementor-widget-wrap elementor-element-populated\">\n\t\t\t\t\t\t<div class=\"elementor-element elementor-element-169b0d6 elementor-widget elementor-widget-text-editor\" data-id=\"169b0d6\" data-element_type=\"widget\" data-widget_type=\"text-editor.default\">\n\t\t\t\t<div class=\"elementor-widget-container\">\n\t\t\t\t\t\t\t\t\t<p>T\u00e4name, et valisite meie kliiniku oma operatsiooni jaoks. P\u00fc\u00fcame pakkuda k\u00f5ige k\u00f5rgema kvaliteediga teenust ja tagada, et meie patsiendid oleksid oma kogemusega rahul. Selleks, et saaksime muutuda veel paremaks, palume Teil v\u00f5tta m\u00f5ni hetk aega ja t\u00e4ita see tagasiside vorm.<\/p>\t\t\t\t\t\t\t\t<\/div>\n\t\t\t\t<\/div>\n\t\t\t\t<div class=\"elementor-element elementor-element-a5c7117 elementor-widget elementor-widget-shortcode\" data-id=\"a5c7117\" data-element_type=\"widget\" data-widget_type=\"shortcode.default\">\n\t\t\t\t<div class=\"elementor-widget-container\">\n\t\t\t\t\t\t\t<div class=\"elementor-shortcode\"><noscript class=\"ninja-forms-noscript-message\">\n\t\u041f\u043e\u043c\u043d\u0438\u0442\u0435: \u0434\u043b\u044f \u044d\u0442\u043e\u0433\u043e \u043a\u043e\u043d\u0442\u0435\u043d\u0442\u0430 \u0442\u0440\u0435\u0431\u0443\u0435\u0442\u0441\u044f JavaScript.<\/noscript>\n<div id=\"nf-form-3-cont\" class=\"nf-form-cont\" aria-live=\"polite\" aria-labelledby=\"nf-form-title-3\" aria-describedby=\"nf-form-errors-3\" role=\"form\">\n\n    <div class=\"nf-loading-spinner\"><\/div>\n\n<\/div>\n        <!-- That data is being printed as a workaround to page builders reordering the order of the scripts loaded-->\n        <script>var formDisplay=1;var nfForms=nfForms||[];var form=[];form.id='3';form.settings={\"objectType\":\"Form Setting\",\"editActive\":true,\"title\":\"Tagasiside\",\"created_at\":\"2024-12-16 16:34:59\",\"form_title\":\"Feedback\",\"default_label_pos\":\"above\",\"show_title\":\"0\",\"clear_complete\":\"1\",\"hide_complete\":\"1\",\"logged_in\":\"0\",\"wrapper_class\":\"\",\"element_class\":\"\",\"key\":\"\",\"add_submit\":\"1\",\"currency\":\"\",\"unique_field_error\":\"A form with this value has already been submitted.\",\"not_logged_in_msg\":\"\",\"sub_limit_msg\":\"The form has reached its submission limit.\",\"calculations\":[],\"formContentData\":[\"palun_jagage_oma_kogemust_kuidas_jaeite_operatsiooniga_rahule_1734359736224\",\"lisage_kommentaar_valikuline_1734359816037\",\"nimi_valikuline_1734360101166\",\"kinnita_1734359962132\"],\"drawerDisabled\":false,\"allow_public_link\":0,\"embed_form\":\"\",\"form_title_heading_level\":\"3\",\"changeEmailErrorMsg\":\"\\u0423\\u043a\\u0430\\u0436\\u0438\\u0442\\u0435 \\u0434\\u0435\\u0439\\u0441\\u0442\\u0432\\u0438\\u0442\\u0435\\u043b\\u044c\\u043d\\u044b\\u0439 \\u0430\\u0434\\u0440\\u0435\\u0441 \\u044d\\u043b\\u0435\\u043a\\u0442\\u0440\\u043e\\u043d\\u043d\\u043e\\u0439 \\u043f\\u043e\\u0447\\u0442\\u044b!\",\"changeDateErrorMsg\":\"\\u0412\\u0432\\u0435\\u0434\\u0438\\u0442\\u0435 \\u0434\\u0435\\u0439\\u0441\\u0442\\u0432\\u0438\\u0442\\u0435\\u043b\\u044c\\u043d\\u0443\\u044e \\u0434\\u0430\\u0442\\u0443!\",\"confirmFieldErrorMsg\":\"\\u0421\\u043e\\u0434\\u0435\\u0440\\u0436\\u0430\\u043d\\u0438\\u0435 \\u044d\\u0442\\u0438\\u0445 \\u043f\\u043e\\u043b\\u0435\\u0439 \\u0434\\u043e\\u043b\\u0436\\u043d\\u043e \\u0441\\u043e\\u0432\\u043f\\u0430\\u0434\\u0430\\u0442\\u044c!\",\"fieldNumberNumMinError\":\"\\u041c\\u0438\\u043d. \\u043d\\u043e\\u043c\\u0435\\u0440 \\u043e\\u0448\\u0438\\u0431\\u043a\\u0438\",\"fieldNumberNumMaxError\":\"\\u041c\\u0430\\u043a\\u0441. \\u043d\\u043e\\u043c\\u0435\\u0440 \\u043e\\u0448\\u0438\\u0431\\u043a\\u0438\",\"fieldNumberIncrementBy\":\"\\u0423\\u0432\\u0435\\u043b\\u0438\\u0447\\u0438\\u0432\\u0430\\u0439\\u0442\\u0435 \\u0441 \\u0448\\u0430\\u0433\\u043e\\u043c \",\"formErrorsCorrectErrors\":\"\\u0418\\u0441\\u043f\\u0440\\u0430\\u0432\\u044c\\u0442\\u0435 \\u043e\\u0448\\u0438\\u0431\\u043a\\u0438 \\u043f\\u0435\\u0440\\u0435\\u0434 \\u043e\\u0442\\u043f\\u0440\\u0430\\u0432\\u043a\\u043e\\u0439 \\u044d\\u0442\\u043e\\u0439 \\u0444\\u043e\\u0440\\u043c\\u044b.\",\"validateRequiredField\":\"\\u042d\\u0442\\u043e \\u043e\\u0431\\u044f\\u0437\\u0430\\u0442\\u0435\\u043b\\u044c\\u043d\\u043e\\u0435 \\u043f\\u043e\\u043b\\u0435.\",\"honeypotHoneypotError\":\"\\u041e\\u0448\\u0438\\u0431\\u043a\\u0430 Honeypot\",\"fieldsMarkedRequired\":\"\\u041f\\u043e\\u043b\\u044f, \\u043f\\u043e\\u043c\\u0435\\u0447\\u0435\\u043d\\u043d\\u044b\\u0435 \\u0441\\u0438\\u043c\\u0432\\u043e\\u043b\\u043e\\u043c <span class=\\\"ninja-forms-req-symbol\\\">*<\\\/span>, \\u043e\\u0431\\u044f\\u0437\\u0430\\u0442\\u0435\\u043b\\u044c\\u043d\\u044b \\u043a \\u0437\\u0430\\u043f\\u043e\\u043b\\u043d\\u0435\\u043d\\u0438\\u044e\",\"ninjaForms\":\"Ninja Forms\",\"fieldTextareaRTEInsertLink\":\"\\u0412\\u0441\\u0442\\u0430\\u0432\\u0438\\u0442\\u044c \\u0441\\u0441\\u044b\\u043b\\u043a\\u0443\",\"fieldTextareaRTEInsertMedia\":\"\\u0412\\u0441\\u0442\\u0430\\u0432\\u0438\\u0442\\u044c \\u043c\\u0435\\u0434\\u0438\\u0430\\u0444\\u0430\\u0439\\u043b\",\"fieldTextareaRTESelectAFile\":\"\\u0412\\u044b\\u0431\\u0435\\u0440\\u0438\\u0442\\u0435 \\u0444\\u0430\\u0439\\u043b\",\"formHoneypot\":\"\\u0415\\u0441\\u043b\\u0438 \\u0432\\u044b \\u0447\\u0435\\u043b\\u043e\\u0432\\u0435\\u043a, \\u043d\\u0435 \\u0432\\u0432\\u043e\\u0434\\u0438\\u0442\\u0435 \\u0434\\u0430\\u043d\\u043d\\u044b\\u0435 \\u0432 \\u044d\\u0442\\u043e \\u043f\\u043e\\u043b\\u0435.\",\"fileUploadOldCodeFileUploadInProgress\":\"\\u041f\\u0440\\u043e\\u0434\\u043e\\u043b\\u0436\\u0430\\u0435\\u0442\\u0441\\u044f \\u043f\\u0435\\u0440\\u0435\\u0434\\u0430\\u0447\\u0430 \\u0444\\u0430\\u0439\\u043b\\u0430.\",\"fileUploadOldCodeFileUpload\":\"\\u041f\\u0435\\u0440\\u0435\\u0434\\u0430\\u0447\\u0430 \\u0444\\u0430\\u0439\\u043b\\u0430\",\"currencySymbol\":\"&#36;\",\"thousands_sep\":\"&nbsp;\",\"decimal_point\":\",\",\"siteLocale\":\"ru_RU\",\"dateFormat\":\"m\\\/d\\\/Y\",\"startOfWeek\":\"1\",\"of\":\"\\u0438\\u0437\",\"previousMonth\":\"\\u041f\\u0440\\u0435\\u0434\\u044b\\u0434\\u0443\\u0449\\u0438\\u0439 \\u043c\\u0435\\u0441\\u044f\\u0446\",\"nextMonth\":\"\\u0421\\u043b\\u0435\\u0434\\u0443\\u044e\\u0449\\u0438\\u0439 \\u043c\\u0435\\u0441\\u044f\\u0446\",\"months\":[\"\\u042f\\u043d\\u0432\\u0430\\u0440\\u044c\",\"\\u0424\\u0435\\u0432\\u0440\\u0430\\u043b\\u044c\",\"\\u041c\\u0430\\u0440\\u0442\",\"\\u0410\\u043f\\u0440\\u0435\\u043b\\u044c\",\"\\u041c\\u0430\\u0439\",\"\\u0418\\u044e\\u043d\\u044c\",\"\\u0418\\u044e\\u043b\\u044c\",\"\\u0410\\u0432\\u0433\\u0443\\u0441\\u0442\",\"\\u0421\\u0435\\u043d\\u0442\\u044f\\u0431\\u0440\\u044c\",\"\\u041e\\u043a\\u0442\\u044f\\u0431\\u0440\\u044c\",\"\\u041d\\u043e\\u044f\\u0431\\u0440\\u044c\",\"\\u0414\\u0435\\u043a\\u0430\\u0431\\u0440\\u044c\"],\"monthsShort\":[\"\\u042f\\u043d\\u0432\",\"\\u0424\\u0435\\u0432\",\"\\u041c\\u0430\\u0440\",\"\\u0410\\u043f\\u0440\",\"\\u041c\\u0430\\u0439\",\"\\u0418\\u044e\\u043d\",\"\\u0418\\u044e\\u043b\",\"\\u0410\\u0432\\u0433\",\"\\u0421\\u0435\\u043d\",\"\\u041e\\u043a\\u0442\",\"\\u041d\\u043e\\u044f\",\"\\u0414\\u0435\\u043a\"],\"weekdays\":[\"\\u0412\\u043e\\u0441\\u043a\\u0440\\u0435\\u0441\\u0435\\u043d\\u044c\\u0435\",\"\\u041f\\u043e\\u043d\\u0435\\u0434\\u0435\\u043b\\u044c\\u043d\\u0438\\u043a\",\"\\u0412\\u0442\\u043e\\u0440\\u043d\\u0438\\u043a\",\"\\u0421\\u0440\\u0435\\u0434\\u0430\",\"\\u0427\\u0435\\u0442\\u0432\\u0435\\u0440\\u0433\",\"\\u041f\\u044f\\u0442\\u043d\\u0438\\u0446\\u0430\",\"\\u0421\\u0443\\u0431\\u0431\\u043e\\u0442\\u0430\"],\"weekdaysShort\":[\"\\u0412\\u0441\",\"\\u041f\\u043d\",\"\\u0412\\u0442\",\"\\u0421\\u0440\",\"\\u0427\\u0442\",\"\\u041f\\u0442\",\"\\u0421\\u0431\"],\"weekdaysMin\":[\"\\u0412\\u0441\",\"\\u041f\\u043d\",\"\\u0412\\u0442\",\"\\u0421\\u0440\",\"\\u0427\\u0442\",\"\\u041f\\u0442\",\"\\u0421\\u0431\"],\"recaptchaConsentMissing\":\"reCaptcha validation couldn&#039;t load.\",\"recaptchaMissingCookie\":\"reCaptcha v3 validation couldn&#039;t load the cookie needed to submit the form.\",\"recaptchaConsentEvent\":\"Accept reCaptcha cookies before sending the form.\",\"currency_symbol\":\"\",\"beforeForm\":\"\",\"beforeFields\":\"\",\"afterFields\":\"\",\"afterForm\":\"\"};form.fields=[{\"objectType\":\"Field\",\"objectDomain\":\"fields\",\"editActive\":false,\"order\":1,\"idAttribute\":\"id\",\"type\":\"listradio\",\"label\":\"Palun jagage oma kogemust kuidas j\\u00e4ite operatsiooniga rahule\",\"key\":\"palun_jagage_oma_kogemust_kuidas_jaeite_operatsiooniga_rahule_1734359736224\",\"label_pos\":\"above\",\"required\":1,\"options\":[{\"errors\":[],\"max_options\":0,\"label\":\"Olen rahul\",\"value\":\"very satisfied\",\"calc\":\"\",\"selected\":0,\"order\":0,\"settingModel\":{\"settings\":false,\"hide_merge_tags\":false,\"error\":false,\"name\":\"options\",\"type\":\"option-repeater\",\"label\":\"Options <a href=\\\"#\\\" class=\\\"nf-add-new\\\">Add New<\\\/a> <a href=\\\"#\\\" class=\\\"extra nf-open-import-tooltip\\\"><i class=\\\"fa fa-sign-in\\\" aria-hidden=\\\"true\\\"><\\\/i> Import<\\\/a>\",\"width\":\"full\",\"group\":\"\",\"value\":[{\"label\":\"One\",\"value\":\"one\",\"calc\":\"\",\"selected\":0,\"order\":0},{\"label\":\"Two\",\"value\":\"two\",\"calc\":\"\",\"selected\":0,\"order\":1},{\"label\":\"Three\",\"value\":\"three\",\"calc\":\"\",\"selected\":0,\"order\":2}],\"columns\":{\"label\":{\"header\":\"Label\",\"default\":\"\"},\"value\":{\"header\":\"Value\",\"default\":\"\"},\"calc\":{\"header\":\"Calc Value\",\"default\":\"\"},\"selected\":{\"header\":\"<span class=\\\"dashicons dashicons-yes\\\"><\\\/span>\",\"default\":0}}},\"manual_value\":true},{\"errors\":[],\"max_options\":0,\"label\":\"Ei ole rahul\",\"value\":\"unsatisfied\",\"calc\":\"\",\"selected\":0,\"order\":1,\"settingModel\":{\"settings\":false,\"hide_merge_tags\":false,\"error\":false,\"name\":\"options\",\"type\":\"option-repeater\",\"label\":\"Options <a href=\\\"#\\\" class=\\\"nf-add-new\\\">Add New<\\\/a> <a href=\\\"#\\\" class=\\\"extra nf-open-import-tooltip\\\"><i class=\\\"fa fa-sign-in\\\" aria-hidden=\\\"true\\\"><\\\/i> Import<\\\/a>\",\"width\":\"full\",\"group\":\"\",\"value\":[{\"label\":\"One\",\"value\":\"one\",\"calc\":\"\",\"selected\":0,\"order\":0},{\"label\":\"Two\",\"value\":\"two\",\"calc\":\"\",\"selected\":0,\"order\":1},{\"label\":\"Three\",\"value\":\"three\",\"calc\":\"\",\"selected\":0,\"order\":2}],\"columns\":{\"label\":{\"header\":\"Label\",\"default\":\"\"},\"value\":{\"header\":\"Value\",\"default\":\"\"},\"calc\":{\"header\":\"Calc Value\",\"default\":\"\"},\"selected\":{\"header\":\"<span class=\\\"dashicons dashicons-yes\\\"><\\\/span>\",\"default\":0}}},\"manual_value\":true}],\"container_class\":\"four-col-list\",\"element_class\":\"\",\"admin_label\":\"\",\"help_text\":\"\",\"drawerDisabled\":\"\",\"field_label\":\"How would you rate our last newsletter?\",\"field_key\":\"how_would_you_rate_our_last_newsletter_1523909731318\",\"id\":25,\"beforeField\":\"\",\"afterField\":\"\",\"value\":\"\",\"parentType\":\"list\",\"element_templates\":[\"listradio\",\"input\"],\"old_classname\":\"list-radio\",\"wrap_template\":\"wrap\"},{\"objectType\":\"Field\",\"objectDomain\":\"fields\",\"editActive\":false,\"order\":2,\"idAttribute\":\"id\",\"type\":\"textarea\",\"label\":\"Lisage kommentaar (valikuline)\",\"key\":\"lisage_kommentaar_valikuline_1734359816037\",\"label_pos\":\"above\",\"required\":\"\",\"default\":\"\",\"placeholder\":\"Soovi korral kirjutage siia t\\u00e4psustus\",\"container_class\":\"\",\"element_class\":\"\",\"input_limit\":\"\",\"input_limit_type\":\"characters\",\"input_limit_msg\":\"Character(s) left\",\"manual_key\":\"\",\"admin_label\":\"\",\"help_text\":\"<p><br><\\\/p>\",\"textarea_rte\":0,\"disable_rte_mobile\":\"\",\"textarea_media\":\"\",\"drawerDisabled\":false,\"field_label\":\"Any additional feedback?\",\"field_key\":\"any_additional_feedback_1523909589340\",\"desc_text\":\"<p><br><\\\/p>\",\"value\":\"\",\"id\":27,\"beforeField\":\"\",\"afterField\":\"\",\"parentType\":\"textarea\",\"element_templates\":[\"textarea\",\"input\"],\"old_classname\":\"\",\"wrap_template\":\"wrap\"},{\"objectType\":\"Field\",\"objectDomain\":\"fields\",\"editActive\":false,\"order\":3,\"idAttribute\":\"id\",\"label\":\"Nimi (valikuline)\",\"type\":\"firstname\",\"key\":\"nimi_valikuline_1734360101166\",\"label_pos\":\"above\",\"required\":false,\"default\":\"\",\"placeholder\":\"\",\"container_class\":\"\",\"element_class\":\"\",\"admin_label\":\"\",\"help_text\":\"\",\"custom_name_attribute\":\"fname\",\"personally_identifiable\":1,\"value\":\"\",\"drawerDisabled\":false,\"id\":29,\"beforeField\":\"\",\"afterField\":\"\",\"parentType\":\"firstname\",\"element_templates\":[\"firstname\",\"input\"],\"old_classname\":\"\",\"wrap_template\":\"wrap\"},{\"objectType\":\"Field\",\"objectDomain\":\"fields\",\"editActive\":false,\"order\":5,\"idAttribute\":\"id\",\"type\":\"submit\",\"label\":\"Kinnita\",\"processing_label\":\"Processing\",\"container_class\":\"\",\"element_class\":\"\",\"key\":\"kinnita_1734359962132\",\"field_label\":\"Submit\",\"field_key\":\"submit_1523909373360\",\"drawerDisabled\":false,\"admin_label\":\"\",\"id\":28,\"beforeField\":\"\",\"afterField\":\"\",\"value\":\"\",\"label_pos\":\"above\",\"parentType\":\"textbox\",\"element_templates\":[\"submit\",\"button\",\"input\"],\"old_classname\":\"\",\"wrap_template\":\"wrap-no-label\"}];nfForms.push(form);<\/script>\n        <\/div>\n\t\t\t\t\t\t<\/div>\n\t\t\t\t<\/div>\n\t\t\t\t\t<\/div>\n\t\t<\/div>\n\t\t\t\t\t<\/div>\n\t\t<\/section>\n\t\t\t\t<\/div>\n\t\t","protected":false},"excerpt":{"rendered":"<p>\u041e\u0431\u0440\u0430\u0442\u043d\u0430\u044f \u0441\u0432\u044f\u0437\u044c \u0411\u043b\u0430\u0433\u043e\u0434\u0430\u0440\u0438\u043c \u0412\u0430\u0441 \u0437\u0430 \u0432\u044b\u0431\u043e\u0440 \u043d\u0430\u0448\u0435\u0439 \u043a\u043b\u0438\u043d\u0438\u043a\u0438 \u0434\u043b\u044f \u043f\u0440\u043e\u0432\u0435\u0434\u0435\u043d\u0438\u044f \u043e\u043f\u0435\u0440\u0430\u0446\u0438\u0438. \u041c\u044b \u0441\u0442\u0440\u0435\u043c\u0438\u043c\u0441\u044f \u043f\u0440\u0435\u0434\u043e\u0441\u0442\u0430\u0432\u0438\u0442\u044c \u0443\u0441\u043b\u0443\u0433\u0438 \u0432\u044b\u0441\u043e\u0447\u0430\u0439\u0448\u0435\u0433\u043e \u043a\u0430\u0447\u0435\u0441\u0442\u0432\u0430 \u0438 \u0441\u0434\u0435\u043b\u0430\u0442\u044c \u0442\u0430\u043a, \u0447\u0442\u043e\u0431\u044b \u043d\u0430\u0448\u0438 \u043f\u0430\u0446\u0438\u0435\u043d\u0442\u044b \u0431\u044b\u043b\u0438 \u0434\u043e\u0432\u043e\u043b\u044c\u043d\u044b \u0441\u0432\u043e\u0438\u043c \u043e\u043f\u044b\u0442\u043e\u043c. \u0414\u043b\u044f \u0442\u043e\u0433\u043e, \u0447\u0442\u043e\u0431\u044b \u043c\u044b \u043c\u043e\u0433\u043b\u0438 \u0441\u0442\u0430\u0442\u044c \u0435\u0449\u0435 \u043b\u0443\u0447\u0448\u0435, \u043f\u043e\u0436\u0430\u043b\u0443\u0439\u0441\u0442\u0430, \u0443\u0434\u0435\u043b\u0438\u0442\u0435 \u043d\u0435\u0441\u043a\u043e\u043b\u044c\u043a\u043e \u043c\u0438\u043d\u0443\u0442 \u0438 \u0437\u0430\u043f\u043e\u043b\u043d\u0438\u0442\u0435 \u044d\u0442\u0443 \u0444\u043e\u0440\u043c\u0443 \u043e\u0431\u0440\u0430\u0442\u043d\u043e\u0439 \u0441\u0432\u044f\u0437\u0438.<\/p>","protected":false},"author":4,"featured_media":0,"parent":0,"menu_order":0,"comment_status":"closed","ping_status":"closed","template":"","meta":{"footnotes":""},"categories":[],"tags":[],"class_list":["post-17094","page","type-page","status-publish","hentry"],"_links":{"self":[{"href":"https:\/\/ninaplastika.eu\/ru\/wp-json\/wp\/v2\/pages\/17094","targetHints":{"allow":["GET"]}}],"collection":[{"href":"https:\/\/ninaplastika.eu\/ru\/wp-json\/wp\/v2\/pages"}],"about":[{"href":"https:\/\/ninaplastika.eu\/ru\/wp-json\/wp\/v2\/types\/page"}],"author":[{"embeddable":true,"href":"https:\/\/ninaplastika.eu\/ru\/wp-json\/wp\/v2\/users\/4"}],"replies":[{"embeddable":true,"href":"https:\/\/ninaplastika.eu\/ru\/wp-json\/wp\/v2\/comments?post=17094"}],"version-history":[{"count":4,"href":"https:\/\/ninaplastika.eu\/ru\/wp-json\/wp\/v2\/pages\/17094\/revisions"}],"predecessor-version":[{"id":17098,"href":"https:\/\/ninaplastika.eu\/ru\/wp-json\/wp\/v2\/pages\/17094\/revisions\/17098"}],"wp:attachment":[{"href":"https:\/\/ninaplastika.eu\/ru\/wp-json\/wp\/v2\/media?parent=17094"}],"wp:term":[{"taxonomy":"category","embeddable":true,"href":"https:\/\/ninaplastika.eu\/ru\/wp-json\/wp\/v2\/categories?post=17094"},{"taxonomy":"post_tag","embeddable":true,"href":"https:\/\/ninaplastika.eu\/ru\/wp-json\/wp\/v2\/tags?post=17094"}],"curies":[{"name":"wp","href":"https:\/\/api.w.org\/{rel}","templated":true}]}}